{"id":299,"date":"2023-05-22T15:30:09","date_gmt":"2023-05-22T13:30:09","guid":{"rendered":"https:\/\/blogs.uni-bremen.de\/lehren2023kopie\/?page_id=299"},"modified":"2023-05-30T17:33:21","modified_gmt":"2023-05-30T15:33:21","slug":"sitzungsentwurf-bildungstheoretische-didaktik","status":"publish","type":"page","link":"https:\/\/blogs.uni-bremen.de\/lehren2023kopie\/sitzungsentwurf-bildungstheoretische-didaktik\/","title":{"rendered":"Sitzungsentwurf &#8211; Bildungstheoretische Didaktik"},"content":{"rendered":"<p><div class=\"et_d4_element et_pb_section et_pb_section_0 et_pb_with_background  et_pb_css_mix_blend_mode et_section_regular et_block_section\" >\n\t\t\t\t\n\t\t\t\t\n\t\t\t\t\n\t\t\t\t\n\t\t\t\t\n\t\t\t\t\n\t\t\t\t<div class=\"et_d4_element et_pb_row et_pb_row_0  et_pb_css_mix_blend_mode et_block_row\">\n\t\t\t\t<div class=\"et_d4_element et_pb_column_4_4 et_pb_column et_pb_column_0  et_pb_css_mix_blend_mode et-last-child et_block_column\">\n\t\t\t\t\n\t\t\t\t\n\t\t\t\t\n\t\t\t\t\n\t\t\t\t<div class=\"et_pb_module et_d4_element et_pb_text et_pb_text_0  et_pb_text_align_left et_pb_bg_layout_light\">\n\t\t\t\t\n\t\t\t\t\n\t\t\t\t\n\t\t\t\t\n\t\t\t\t<div class=\"et_pb_text_inner\"><h1>Sitzungsentwurf<\/h1><\/div>\n\t\t\t<\/div>\n\t\t\t<\/div>\n\t\t\t\t\n\t\t\t\t\n\t\t\t\t\n\t\t\t\t\n\t\t\t<\/div>\n\t\t\t\t\n\t\t\t\t\n\t\t\t<\/div><div class=\"et_d4_element et_pb_section et_pb_section_1 et_pb_with_background  et_pb_css_mix_blend_mode et_section_regular et_block_section\" >\n\t\t\t\t\n\t\t\t\t\n\t\t\t\t\n\t\t\t\t\n\t\t\t\t\n\t\t\t\t\n\t\t\t\t<div class=\"et_d4_element et_pb_row et_pb_row_1  et_pb_css_mix_blend_mode et_block_row\">\n\t\t\t\t<div class=\"et_d4_element et_pb_column_4_4 et_pb_column et_pb_column_1  et_pb_css_mix_blend_mode et-last-child et_block_column\">\n\t\t\t\t\n\t\t\t\t\n\t\t\t\t\n\t\t\t\t\n\t\t\t\t<div class=\"et_pb_module et_d4_element et_pb_text et_pb_text_1  et_pb_text_align_left et_pb_bg_layout_light\">\n\t\t\t\t\n\t\t\t\t\n\t\t\t\t\n\t\t\t\t\n\t\t\t\t<div class=\"et_pb_text_inner\"><p style=\"text-align: left\">Tabellarischer Verlaufsplan:<\/p><\/div>\n\t\t\t<\/div><div class=\"et_pb_module et_d4_element et_pb_text et_pb_text_2  et_pb_text_align_left et_pb_bg_layout_light\">\n\t\t\t\t\n\t\t\t\t\n\t\t\t\t\n\t\t\t\t\n\t\t\t\t<div class=\"et_pb_text_inner\"><p>&nbsp;<\/p>\n<table width=\"843\">\n<tbody>\n<tr>\n<td style=\"width: 110.042px\">\n<p>Phase<\/p>\n<\/td>\n<td style=\"width: 73.8854px\">\n<p>Zeit<\/p>\n<\/td>\n<td style=\"width: 211.344px\">\n<p>Lehr-\/Lernaktivit\u00e4t<\/p>\n<\/td>\n<td style=\"width: 180.521px\">\n<p>Didaktischer Kommentar<\/p>\n<\/td>\n<td style=\"width: 127.438px\">\n<p>Sozial-\/ Arbeitsform<\/p>\n<\/td>\n<td style=\"width: 126.771px\">\n<p>Medien\/ Material<\/p>\n<\/td>\n<\/tr>\n<tr>\n<td style=\"width: 110.042px\">\n<p>Einstieg<\/p>\n<\/td>\n<td style=\"width: 73.8854px\">\n<p>5-10 min<\/p>\n<\/td>\n<td style=\"width: 211.344px\">\n<p>Begr\u00fc\u00dfung, Thema und Gliederung der Sitzung vorstellen, eine Frage \u00fcber Mentimeter beantworten<\/p>\n<\/td>\n<td style=\"width: 180.521px\">\n<p>Durch Brainstorming sollen die Lernenden Begriffe mit dem vorgestellten Thema assoziieren<\/p>\n<\/td>\n<td style=\"width: 127.438px\">\n<p>Einzelarbeit<\/p>\n<\/td>\n<td style=\"width: 126.771px\">\n<p>Laptop, Blog, Handy, Mentimeter Link\/ QR Code<\/p>\n<\/td>\n<\/tr>\n<tr>\n<td style=\"width: 110.042px\">\n<p>Heran-f\u00fchrung<\/p>\n<\/td>\n<td style=\"width: 73.8854px\">\n<p>10 min<\/p>\n<\/td>\n<td style=\"width: 211.344px\">\n<p>Lehrende vermitteln Basis Wissen \u00fcber die Bildungstheorie nach Klafki<\/p>\n<\/td>\n<td style=\"width: 180.521px\">\n<p>Aktivierung der Lernenden: aktives Zuh\u00f6ren, erfassen der Informationen, Mitdenken f\u00fcr den sp\u00e4teren Verlaufs der Sitzung<\/p>\n<\/td>\n<td style=\"width: 127.438px\">\n<p>Plenum<\/p>\n<\/td>\n<td style=\"width: 126.771px\">\n<p>Blog<\/p>\n<\/td>\n<\/tr>\n<tr>\n<td style=\"width: 110.042px\">\n<p>Arbeits-phase<\/p>\n<\/td>\n<td style=\"width: 73.8854px\">\n<p>10 min<\/p>\n<\/td>\n<td style=\"width: 211.344px\">\n<p>Lernende sollen nun die im Blog angezeigte Aufgabenstellung als Gruppenarbeit l\u00f6sen.<\/p>\n<p>Es sollen f\u00fcnf Gruppen gebildet werden (f\u00fcr die f\u00fcnf Fragen nach Klafki)<\/p>\n<p>1.Exemplarische Bedeutung<\/p>\n<p>2.Gegenwartsbedeutung<\/p>\n<p>3.Zukunftsbedeutung<\/p>\n<p>4.Thematische Struktur<\/p>\n<p>5.Zug\u00e4nglichkeit<\/p>\n<\/td>\n<td style=\"width: 180.521px\">\n<p>Als Gruppe sollen die Lernenden sich die Arbeit teilen,<\/p>\n<p>zusammenarbeiten, kommunizieren und ihre Ideen ausdr\u00fccken k\u00f6nnen. Bei Fragen helfen die Lehrenden, ansonsten selbstst\u00e4ndig theoretisches Wissen Beispielhaft anwenden<\/p>\n<\/td>\n<td style=\"width: 127.438px\">\n<p>Gruppen-arbeit<\/p>\n<\/td>\n<td style=\"width: 126.771px\">\n<p>Laptop\/ iPad, Papier, Stifte<\/p>\n<\/td>\n<\/tr>\n<tr>\n<td style=\"width: 110.042px\">\n<p>Reflexion und Feed-back<\/p>\n<\/td>\n<td style=\"width: 73.8854px\">\n<p>5 min<\/p>\n<\/td>\n<td style=\"width: 211.344px\">\n<p>Die Gruppenarbeit soll gemeinsam mit den Lehrenden verglichen werden<\/p>\n<\/td>\n<td style=\"width: 180.521px\">\n<p>Lernende k\u00f6nnen ihre Ergebnisse vorstellen<\/p>\n<\/td>\n<td style=\"width: 127.438px\">\n<p>Plenum, Alle<\/p>\n<\/td>\n<td style=\"width: 126.771px\">\n<p>Die gel\u00f6sten Aufgaben<\/p>\n<\/td>\n<\/tr>\n<tr>\n<td style=\"width: 110.042px\">\n<p>Quiz<\/p>\n<\/td>\n<td style=\"width: 73.8854px\">\n<p>5-10 min<\/p>\n<\/td>\n<td style=\"width: 211.344px\">\n<p>\u00dcber Kahoot sollen die Lernenden einige Fragen beantworten<\/p>\n<\/td>\n<td style=\"width: 180.521px\">\n<p>Das neuerlangte Wissen soll gefestigt werden<\/p>\n<\/td>\n<td style=\"width: 127.438px\">\n<p>Einzel-\/ Partner-arbeit<\/p>\n<\/td>\n<td style=\"width: 126.771px\">\n<p>Handy, Kahoot, Blog<\/p>\n<\/td>\n<\/tr>\n<\/tbody>\n<\/table><\/div>\n\t\t\t<\/div>\n\t\t\t<\/div>\n\t\t\t\t\n\t\t\t\t\n\t\t\t\t\n\t\t\t\t\n\t\t\t<\/div>\n\t\t\t\t\n\t\t\t\t\n\t\t\t<\/div><div class=\"et_d4_element et_pb_section et_pb_section_2 et_pb_with_background  et_pb_css_mix_blend_mode et_section_regular et_block_section\" >\n\t\t\t\t\n\t\t\t\t\n\t\t\t\t\n\t\t\t\t\n\t\t\t\t\n\t\t\t\t\n\t\t\t\t<div class=\"et_d4_element et_pb_row et_pb_row_2  et_pb_css_mix_blend_mode et_block_row\">\n\t\t\t\t<div class=\"et_d4_element et_pb_column_1_3 et_pb_column et_pb_column_2  et_pb_css_mix_blend_mode et_block_column et_pb_column_empty\">\n\t\t\t\t\n\t\t\t\t\n\t\t\t\t\n\t\t\t\t\n\t\t\t\t\n\t\t\t<\/div><div class=\"et_d4_element et_pb_column_1_3 et_pb_column et_pb_column_3  et_pb_css_mix_blend_mode et_block_column et_pb_column_empty\">\n\t\t\t\t\n\t\t\t\t\n\t\t\t\t\n\t\t\t\t\n\t\t\t\t\n\t\t\t<\/div><div class=\"et_d4_element et_pb_column_1_3 et_pb_column et_pb_column_4  et_pb_css_mix_blend_mode et-last-child et_block_column\">\n\t\t\t\t\n\t\t\t\t\n\t\t\t\t\n\t\t\t\t\n\t\t\t\t<div class=\"et_pb_button_module_wrapper et_pb_button_0_wrapper  et_pb_module \">\n\t\t\t\t<a class=\"et_pb_button et_d4_element et_pb_button_0 et_pb_bg_layout_light et_block_module\" href=\"https:\/\/blogs.uni-bremen.de\/lehren2023kopie\/ergaenzendes-lehr-lernmaterial-bildungstheoretische-didaktik\/\">weiter zum Erg\u00e4nzendes Lehr-\/Lernmaterial<\/a>\n\t\t\t<\/div>\n\t\t\t<\/div>\n\t\t\t\t\n\t\t\t\t\n\t\t\t\t\n\t\t\t\t\n\t\t\t<\/div>\n\t\t\t\t\n\t\t\t\t\n\t\t\t<\/div><\/p>\n","protected":false},"excerpt":{"rendered":"","protected":false},"author":11778,"featured_media":0,"parent":0,"menu_order":0,"comment_status":"closed","ping_status":"closed","template":"","meta":{"_bbp_topic_count":0,"_bbp_reply_count":0,"_bbp_total_topic_count":0,"_bbp_total_reply_count":0,"_bbp_voice_count":0,"_bbp_anonymous_reply_count":0,"_bbp_topic_count_hidden":0,"_bbp_reply_count_hidden":0,"_bbp_forum_subforum_count":0,"_et_pb_use_builder":"on","_et_pb_old_content":"","_et_gb_content_width":"","footnotes":""},"class_list":["post-299","page","type-page","status-publish","hentry"],"_links":{"self":[{"href":"https:\/\/blogs.uni-bremen.de\/lehren2023kopie\/wp-json\/wp\/v2\/pages\/299","targetHints":{"allow":["GET"]}}],"collection":[{"href":"https:\/\/blogs.uni-bremen.de\/lehren2023kopie\/wp-json\/wp\/v2\/pages"}],"about":[{"href":"https:\/\/blogs.uni-bremen.de\/lehren2023kopie\/wp-json\/wp\/v2\/types\/page"}],"author":[{"embeddable":true,"href":"https:\/\/blogs.uni-bremen.de\/lehren2023kopie\/wp-json\/wp\/v2\/users\/11778"}],"replies":[{"embeddable":true,"href":"https:\/\/blogs.uni-bremen.de\/lehren2023kopie\/wp-json\/wp\/v2\/comments?post=299"}],"version-history":[{"count":10,"href":"https:\/\/blogs.uni-bremen.de\/lehren2023kopie\/wp-json\/wp\/v2\/pages\/299\/revisions"}],"predecessor-version":[{"id":1388,"href":"https:\/\/blogs.uni-bremen.de\/lehren2023kopie\/wp-json\/wp\/v2\/pages\/299\/revisions\/1388"}],"wp:attachment":[{"href":"https:\/\/blogs.uni-bremen.de\/lehren2023kopie\/wp-json\/wp\/v2\/media?parent=299"}],"curies":[{"name":"wp","href":"https:\/\/api.w.org\/{rel}","templated":true}]}}