{"id":290,"date":"2023-05-22T15:28:39","date_gmt":"2023-05-22T13:28:39","guid":{"rendered":"https:\/\/blogs.uni-bremen.de\/lehren2023kopie\/?page_id=290"},"modified":"2023-05-30T19:04:45","modified_gmt":"2023-05-30T17:04:45","slug":"ergaenzendes-lehr-lernmaterial-bildungstheoretische-didaktik","status":"publish","type":"page","link":"https:\/\/blogs.uni-bremen.de\/lehren2023kopie\/ergaenzendes-lehr-lernmaterial-bildungstheoretische-didaktik\/","title":{"rendered":"Erg\u00e4nzendes Lehr-\/Lernmaterial &#8211; Bildungstheoretische Didaktik"},"content":{"rendered":"<div class=\"et_d4_element et_pb_section et_pb_section_0 et_pb_with_background  et_pb_css_mix_blend_mode et_section_regular et_block_section\" >\n\t\t\t\t\n\t\t\t\t\n\t\t\t\t\n\t\t\t\t\n\t\t\t\t\n\t\t\t\t\n\t\t\t\t<div class=\"et_d4_element et_pb_row et_pb_row_0  et_pb_css_mix_blend_mode et_block_row\">\n\t\t\t\t<div class=\"et_d4_element et_pb_column_4_4 et_pb_column et_pb_column_0  et_pb_css_mix_blend_mode et-last-child et_block_column\">\n\t\t\t\t\n\t\t\t\t\n\t\t\t\t\n\t\t\t\t\n\t\t\t\t<div class=\"et_pb_module et_d4_element et_pb_text et_pb_text_0  et_pb_text_align_left et_pb_bg_layout_light\">\n\t\t\t\t\n\t\t\t\t\n\t\t\t\t\n\t\t\t\t\n\t\t\t\t<div class=\"et_pb_text_inner\"><p><span style=\"color: #000000\"><strong>Willkommen auf der Seite des erg\u00e4nzenden Lehr-\/ Lernmaterials!<\/strong><\/span><\/p>\n<p>Um die didaktische Analyse zu schreiben, erkl\u00e4rt man, welcher <span class=\"highlight-orange\">Bildungsgehalt<\/span> (= das, was die Lernenden aus der Sitzung mitnehmen) in dem <span class=\"highlight-purple\">Bildungsinhalt<\/span> (= Sitzungsthema) steckt. Dazu beantwortet ihr nun nacheinander die 7 Fragen nach Klafki:<\/p>\n<p>&nbsp;<\/p><\/div>\n\t\t\t<\/div>\n\t\t\t<\/div>\n\t\t\t\t\n\t\t\t\t\n\t\t\t\t\n\t\t\t\t\n\t\t\t<\/div><div class=\"et_d4_element et_pb_row et_pb_row_1  et_pb_css_mix_blend_mode et_block_row\">\n\t\t\t\t<div class=\"et_d4_element et_pb_column_4_4 et_pb_column et_pb_column_1  et_pb_css_mix_blend_mode et-last-child et_block_column\">\n\t\t\t\t\n\t\t\t\t\n\t\t\t\t\n\t\t\t\t\n\t\t\t\t<div class=\"et_pb_module et_d4_element et_pb_text et_pb_text_1  et_pb_text_align_left et_pb_bg_layout_light\">\n\t\t\t\t\n\t\t\t\t\n\t\t\t\t\n\t\t\t\t\n\t\t\t\t<div class=\"et_pb_text_inner\"><p>1. Exemplarische Bedeutung<\/p>\n<p>2. Gegenwartsbedeutung<\/p>\n<p>3. Zukunftsbedeutung<\/p>\n<p>4. Thematische Struktur<\/p>\n<p>5. Zug\u00e4nglichkeit<\/p>\n<p>6. \u00dcberpr\u00fcfbarkeit<\/p>\n<p>7. Methodische Strukturierung<\/p>\n<p>&nbsp;<\/p>\n<p>Dies soll eure Gruppenarbeit werden. Eure Aufgabenstellung lautet:<\/p>\n<p>Findet euch in Gruppen zusammen. Es sollten sich sieben Gruppen bilden. Jede Gruppe behandelt je eine Frage der didaktischen Analyse. Ihr bekommt von uns verschiedene Themen und sollt als Gruppe herausfinden, inwiefern die Themen passend f\u00fcr eine Sitzung w\u00e4ren und somit erschlie\u00dfen, ob die didaktische Analyse erfolgreich war!<\/p>\n<p>&nbsp;<\/p><\/div>\n\t\t\t<\/div>\n\t\t\t<\/div>\n\t\t\t\t\n\t\t\t\t\n\t\t\t\t\n\t\t\t\t\n\t\t\t<\/div><div class=\"et_d4_element et_pb_row et_pb_row_2  et_pb_css_mix_blend_mode et_block_row\">\n\t\t\t\t<div class=\"et_d4_element et_pb_column_4_4 et_pb_column et_pb_column_2  et_pb_css_mix_blend_mode et-last-child et_block_column\">\n\t\t\t\t\n\t\t\t\t\n\t\t\t\t\n\t\t\t\t\n\t\t\t\t<div class=\"et_pb_module et_d4_element et_pb_text et_pb_text_2  et_pb_text_align_left et_pb_bg_layout_light\">\n\t\t\t\t\n\t\t\t\t\n\t\t\t\t\n\t\t\t\t\n\t\t\t\t<div class=\"et_pb_text_inner\"><h3 id=\"exemplarisch\">1. Exemplarische Bedeutung<\/h3>\n<p>Frage: Welche allgemeinen Zusammenh\u00e4nge k\u00f6nnen die Lernende durch das Sitzungssthema exemplarisch vermittelt werden?<\/p>\n<p>&nbsp;<\/p>\n<table style=\"border-collapse: collapse;width: 100%\" border=\"1\">\n<tbody>\n<tr>\n<td style=\"width: 50%\">Sitzungsthema<\/td>\n<td style=\"width: 50%\">Thema steht exemplarisch f\u00fcr...<\/td>\n<\/tr>\n<tr>\n<td style=\"width: 50%\">Ein Werbespot mit Drake<\/td>\n<td style=\"width: 50%\">die Beeinflussung der Gesellschaft durch Werbung...<\/td>\n<\/tr>\n<tr>\n<td style=\"width: 50%\">Das Lied \"Alle meine Entchen\"<\/td>\n<td style=\"width: 50%\"><\/td>\n<\/tr>\n<tr>\n<td style=\"width: 50%\">Ludwig XIV<\/td>\n<td style=\"width: 50%\"><\/td>\n<\/tr>\n<tr>\n<td style=\"width: 50%\">Klafki<\/td>\n<td style=\"width: 50%\"><\/td>\n<\/tr>\n<\/tbody>\n<\/table><\/div>\n\t\t\t<\/div>\n\t\t\t<\/div>\n\t\t\t\t\n\t\t\t\t\n\t\t\t\t\n\t\t\t\t\n\t\t\t<\/div><div class=\"et_d4_element et_pb_row et_pb_row_3  et_pb_css_mix_blend_mode et_block_row\">\n\t\t\t\t<div class=\"et_d4_element et_pb_column_4_4 et_pb_column et_pb_column_3  et_pb_css_mix_blend_mode et-last-child et_block_column\">\n\t\t\t\t\n\t\t\t\t\n\t\t\t\t\n\t\t\t\t\n\t\t\t\t<div class=\"et_pb_module et_d4_element et_pb_text et_pb_text_3  et_pb_text_align_left et_pb_bg_layout_light\">\n\t\t\t\t\n\t\t\t\t\n\t\t\t\t\n\t\t\t\t\n\t\t\t\t<div class=\"et_pb_text_inner\"><h3 id=\"gegenwart\">2. Gegenwartsbedeutung<\/h3>\n<p>Fragen:<\/p>\n<ul>\n<li>Welche Bedeutung hat das Unterrichtsthema schon f\u00fcr die Sch\u00fclerinnen und Sch\u00fcler schon?<\/li>\n<li>Welche p\u00e4dagogische Bedeutung sollte das Unterrichtsthema f\u00fcr die Sch\u00fclerinnen und Sch\u00fcler haben?<\/li>\n<\/ul>\n<p>&nbsp;<\/p><\/div>\n\t\t\t<\/div><div class=\"et_pb_module et_d4_element et_pb_text et_pb_text_4  et_pb_text_align_left et_pb_bg_layout_light\">\n\t\t\t\t\n\t\t\t\t\n\t\t\t\t\n\t\t\t\t\n\t\t\t\t<div class=\"et_pb_text_inner\"><table border=\"1\" style=\"border-collapse: collapse;width: 100%\">\n<tbody>\n<tr>\n<td style=\"width: 50%\">Sitzungethema<\/td>\n<td style=\"width: 50%\">(Gew\u00fcnschte) Gegenwartsbedeutung<\/td>\n<\/tr>\n<tr>\n<td style=\"width: 50%\">Ein Apple Werbespot mit Drake<\/td>\n<td style=\"width: 50%\">\n<p>hat:<\/p>\n<p>sollte:<\/p>\n<\/td>\n<\/tr>\n<tr>\n<td style=\"width: 50%\">Das Lied \"Alle meine Entchen\"<\/td>\n<td style=\"width: 50%\">\n<p>hat:<\/p>\n<p>sollte:<\/p>\n<\/td>\n<\/tr>\n<\/tbody>\n<\/table><\/div>\n\t\t\t<\/div>\n\t\t\t<\/div>\n\t\t\t\t\n\t\t\t\t\n\t\t\t\t\n\t\t\t\t\n\t\t\t<\/div><div class=\"et_d4_element et_pb_row et_pb_row_4  et_pb_css_mix_blend_mode et_block_row\">\n\t\t\t\t<div class=\"et_d4_element et_pb_column_4_4 et_pb_column et_pb_column_4  et_pb_css_mix_blend_mode et-last-child et_block_column\">\n\t\t\t\t\n\t\t\t\t\n\t\t\t\t\n\t\t\t\t\n\t\t\t\t<div class=\"et_pb_module et_d4_element et_pb_text et_pb_text_5  et_pb_text_align_left et_pb_bg_layout_light\">\n\t\t\t\t\n\t\t\t\t\n\t\t\t\t\n\t\t\t\t\n\t\t\t\t<div class=\"et_pb_text_inner\"><h3 id=\"zukunft\">3. Zukunftsbedeutung<\/h3>\n<p>Fragen: Welche Bedeutung wird das Unterrichtsthema in Zukunft f\u00fcr die Sch\u00fclerinnen und Sch\u00fcler haben? Welche Bedeutung soll es in Zukunft haben?<\/p><\/div>\n\t\t\t<\/div><div class=\"et_pb_module et_d4_element et_pb_text et_pb_text_6  et_pb_text_align_left et_pb_bg_layout_light\">\n\t\t\t\t\n\t\t\t\t\n\t\t\t\t\n\t\t\t\t\n\t\t\t\t<div class=\"et_pb_text_inner\"><table border=\"1\" style=\"border-collapse: collapse;width: 100%\">\n<tbody>\n<tr>\n<td style=\"width: 50%\">Sitzungsthema<\/td>\n<td style=\"width: 50%\">(gew\u00fcnschte) Zukunftsbedeutung<\/td>\n<\/tr>\n<tr>\n<td style=\"width: 50%\">Ein Apple Werbespot mit Drake<\/td>\n<td style=\"width: 50%\"><\/td>\n<\/tr>\n<tr>\n<td style=\"width: 50%\">Das Lied \"Alle meine Entchen\"<\/td>\n<td style=\"width: 50%\"><\/td>\n<\/tr>\n<\/tbody>\n<\/table><\/div>\n\t\t\t<\/div>\n\t\t\t<\/div>\n\t\t\t\t\n\t\t\t\t\n\t\t\t\t\n\t\t\t\t\n\t\t\t<\/div><div class=\"et_d4_element et_pb_row et_pb_row_5  et_pb_css_mix_blend_mode et_block_row\">\n\t\t\t\t<div class=\"et_d4_element et_pb_column_4_4 et_pb_column et_pb_column_5  et_pb_css_mix_blend_mode et-last-child et_block_column\">\n\t\t\t\t\n\t\t\t\t\n\t\t\t\t\n\t\t\t\t\n\t\t\t\t<div class=\"et_pb_module et_d4_element et_pb_text et_pb_text_7  et_pb_text_align_left et_pb_bg_layout_light\">\n\t\t\t\t\n\t\t\t\t\n\t\t\t\t\n\t\t\t\t\n\t\t\t\t<div class=\"et_pb_text_inner\"><h3 id=\"thema\">4. Thematische Struktur<\/h3>\n<p>Fragen:<\/p>\n<ul>\n<li>Welche besondere Struktur hat mein Unterrichtsthema?<\/li>\n<li>Was sind meine Lernziele? (Rahmenlehrplan ber\u00fccksichtigen)<\/li>\n<li>Wie kann ich \u00fcberpr\u00fcfen, ob die Sch\u00fclerinnen und Sch\u00fcler das aus meinem Unterricht mitnehmen, was sie mitnehmen sollen?<\/li>\n<\/ul><\/div>\n\t\t\t<\/div><div class=\"et_pb_module et_d4_element et_pb_text et_pb_text_8  et_pb_text_align_left et_pb_bg_layout_light\">\n\t\t\t\t\n\t\t\t\t\n\t\t\t\t\n\t\t\t\t\n\t\t\t\t<div class=\"et_pb_text_inner\"><p>Beispiel:<\/p>\n<p>Ein Apple Werbespot mit Drake <span style=\"text-decoration: underline\">oder<\/span> Klafki<\/p><\/div>\n\t\t\t<\/div>\n\t\t\t<\/div>\n\t\t\t\t\n\t\t\t\t\n\t\t\t\t\n\t\t\t\t\n\t\t\t<\/div><div class=\"et_d4_element et_pb_row et_pb_row_6  et_pb_css_mix_blend_mode et_block_row\">\n\t\t\t\t<div class=\"et_d4_element et_pb_column_4_4 et_pb_column et_pb_column_6  et_pb_css_mix_blend_mode et-last-child et_block_column\">\n\t\t\t\t\n\t\t\t\t\n\t\t\t\t\n\t\t\t\t\n\t\t\t\t<div class=\"et_pb_module et_d4_element et_pb_text et_pb_text_9  et_pb_text_align_left et_pb_bg_layout_light\">\n\t\t\t\t\n\t\t\t\t\n\t\t\t\t\n\t\t\t\t\n\t\t\t\t<div class=\"et_pb_text_inner\"><h3 id=\"zugaenglichkeit\">5. Zug\u00e4nglichkeit<\/h3>\n<p>Fragen:<\/p>\n<ul>\n<li>Welche M\u00f6glichkeiten gibt es, um den Sch\u00fclerinnen und Sch\u00fclern den Unterrichtsinhalt zug\u00e4nglich zu machen?<\/li>\n<li>Welche Schwierigkeiten gibt es?<\/li>\n<\/ul><\/div>\n\t\t\t<\/div><div class=\"et_pb_module et_d4_element et_pb_text et_pb_text_10  et_pb_text_align_left et_pb_bg_layout_light\">\n\t\t\t\t\n\t\t\t\t\n\t\t\t\t\n\t\t\t\t\n\t\t\t\t<div class=\"et_pb_text_inner\"><table border=\"1\" style=\"border-collapse: collapse;width: 100%\">\n<tbody>\n<tr>\n<td style=\"width: 50%\">Sitzungsthema<\/td>\n<td style=\"width: 50%\">Zug\u00e4nglichkeit<\/td>\n<\/tr>\n<tr>\n<td style=\"width: 50%\">Ein Apple Werbespot mit Drake<\/td>\n<td style=\"width: 50%\">\n<p>M\u00f6glichkeiten:<\/p>\n<p>Schwierigkeiten:<\/p>\n<\/td>\n<\/tr>\n<\/tbody>\n<\/table><\/div>\n\t\t\t<\/div>\n\t\t\t<\/div>\n\t\t\t\t\n\t\t\t\t\n\t\t\t\t\n\t\t\t\t\n\t\t\t<\/div><div class=\"et_d4_element et_pb_row et_pb_row_7  et_pb_css_mix_blend_mode et_block_row\">\n\t\t\t\t<div class=\"et_d4_element et_pb_column_4_4 et_pb_column et_pb_column_7  et_pb_css_mix_blend_mode et-last-child et_block_column\">\n\t\t\t\t\n\t\t\t\t\n\t\t\t\t\n\t\t\t\t\n\t\t\t\t<div class=\"et_pb_module et_d4_element et_pb_text et_pb_text_11  et_pb_text_align_left et_pb_bg_layout_light\">\n\t\t\t\t\n\t\t\t\t\n\t\t\t\t\n\t\t\t\t\n\t\t\t\t<div class=\"et_pb_text_inner\"><p><span><strong>6. \u00dcberpr\u00fcfbarkeit<\/strong><\/span><\/p>\n<p><span><strong>Fragen<\/strong><\/span><\/p>\n<ol>\n<li><span>An welchen Anhaltspunkten kann man erkennen, ob der Lernprozess bei den Sch\u00fcler*innen positiv war? <\/span><\/li>\n<li><span>Gibt es neue F\u00e4higkeiten oder neue Erkenntnisse bei den Sch\u00fcler*innen?\u00a0<\/span><span><\/span><\/li>\n<\/ol><\/div>\n\t\t\t<\/div><div class=\"et_pb_module et_d4_element et_pb_text et_pb_text_12  et_pb_text_align_left et_pb_bg_layout_light\">\n\t\t\t\t\n\t\t\t\t\n\t\t\t\t\n\t\t\t\t\n\t\t\t\t<div class=\"et_pb_text_inner\"><p>Beispiel: Klafki<\/p><\/div>\n\t\t\t<\/div>\n\t\t\t<\/div>\n\t\t\t\t\n\t\t\t\t\n\t\t\t\t\n\t\t\t\t\n\t\t\t<\/div><div class=\"et_d4_element et_pb_row et_pb_row_8  et_pb_css_mix_blend_mode et_block_row\">\n\t\t\t\t<div class=\"et_d4_element et_pb_column_4_4 et_pb_column et_pb_column_8  et_pb_css_mix_blend_mode et-last-child et_block_column\">\n\t\t\t\t\n\t\t\t\t\n\t\t\t\t\n\t\t\t\t\n\t\t\t\t<div class=\"et_pb_module et_d4_element et_pb_text et_pb_text_13  et_pb_text_align_left et_pb_bg_layout_light\">\n\t\t\t\t\n\t\t\t\t\n\t\t\t\t\n\t\t\t\t\n\t\t\t\t<div class=\"et_pb_text_inner\"><p><span><strong>7. Methodische Strukturierung <\/strong><\/span><\/p>\n<p><span>Fragen:<\/span><\/p>\n<ul>\n<li><span>Welchen progressiven Ablauf kann der aktuelle Lehrprozess haben? <\/span><\/li>\n<li><span>Welche Lernhilfen k\u00f6nnen\/m\u00fcssen bereitgestellt werden (Duden, B\u00fccher, Internet)? <\/span><\/li>\n<li><span>Wie soll der Unterricht stattfinden in Hinblick auf die Interaktion mit den Sch\u00fcler*innen?<\/span><\/li>\n<\/ul><\/div>\n\t\t\t<\/div><div class=\"et_pb_module et_d4_element et_pb_text et_pb_text_14  et_pb_text_align_left et_pb_bg_layout_light\">\n\t\t\t\t\n\t\t\t\t\n\t\t\t\t\n\t\t\t\t\n\t\t\t\t<div class=\"et_pb_text_inner\"><p>Beispiel: Klafki<\/p><\/div>\n\t\t\t<\/div>\n\t\t\t<\/div>\n\t\t\t\t\n\t\t\t\t\n\t\t\t\t\n\t\t\t\t\n\t\t\t<\/div>\n\t\t\t\t\n\t\t\t\t\n\t\t\t<\/div>\n","protected":false},"excerpt":{"rendered":"","protected":false},"author":11778,"featured_media":0,"parent":0,"menu_order":0,"comment_status":"closed","ping_status":"closed","template":"","meta":{"_bbp_topic_count":0,"_bbp_reply_count":0,"_bbp_total_topic_count":0,"_bbp_total_reply_count":0,"_bbp_voice_count":0,"_bbp_anonymous_reply_count":0,"_bbp_topic_count_hidden":0,"_bbp_reply_count_hidden":0,"_bbp_forum_subforum_count":0,"_et_pb_use_builder":"on","_et_pb_old_content":"","_et_gb_content_width":"","footnotes":""},"class_list":["post-290","page","type-page","status-publish","hentry"],"_links":{"self":[{"href":"https:\/\/blogs.uni-bremen.de\/lehren2023kopie\/wp-json\/wp\/v2\/pages\/290","targetHints":{"allow":["GET"]}}],"collection":[{"href":"https:\/\/blogs.uni-bremen.de\/lehren2023kopie\/wp-json\/wp\/v2\/pages"}],"about":[{"href":"https:\/\/blogs.uni-bremen.de\/lehren2023kopie\/wp-json\/wp\/v2\/types\/page"}],"author":[{"embeddable":true,"href":"https:\/\/blogs.uni-bremen.de\/lehren2023kopie\/wp-json\/wp\/v2\/users\/11778"}],"replies":[{"embeddable":true,"href":"https:\/\/blogs.uni-bremen.de\/lehren2023kopie\/wp-json\/wp\/v2\/comments?post=290"}],"version-history":[{"count":9,"href":"https:\/\/blogs.uni-bremen.de\/lehren2023kopie\/wp-json\/wp\/v2\/pages\/290\/revisions"}],"predecessor-version":[{"id":1403,"href":"https:\/\/blogs.uni-bremen.de\/lehren2023kopie\/wp-json\/wp\/v2\/pages\/290\/revisions\/1403"}],"wp:attachment":[{"href":"https:\/\/blogs.uni-bremen.de\/lehren2023kopie\/wp-json\/wp\/v2\/media?parent=290"}],"curies":[{"name":"wp","href":"https:\/\/api.w.org\/{rel}","templated":true}]}}