{"id":1386,"date":"2024-03-16T11:24:06","date_gmt":"2024-03-16T10:24:06","guid":{"rendered":"https:\/\/blogs.uni-bremen.de\/leaonline\/?page_id=1386"},"modified":"2024-03-28T14:13:14","modified_gmt":"2024-03-28T13:13:14","slug":"w3-07","status":"publish","type":"page","link":"https:\/\/blogs.uni-bremen.de\/leaonline\/w3-07\/","title":{"rendered":"W3.07 &#8211; Kann geschlossene Silben erkennen"},"content":{"rendered":"<div class=\"et_d4_element et_pb_section et_pb_section_0  et_pb_css_mix_blend_mode et_section_regular et_block_section\" >\n\t\t\t\t\n\t\t\t\t\n\t\t\t\t\n\t\t\t\t\n\t\t\t\t\n\t\t\t\t\n\t\t\t\t<div class=\"et_d4_element et_pb_row et_pb_row_0  et_pb_css_mix_blend_mode et_block_row\">\n\t\t\t\t<div class=\"et_d4_element et_pb_column_4_4 et_pb_column et_pb_column_0  et_pb_css_mix_blend_mode et-last-child et_block_column\">\n\t\t\t\t\n\t\t\t\t\n\t\t\t\t\n\t\t\t\t\n\t\t\t\t<div class=\"et_pb_module et_d4_element et_pb_text et_pb_text_0  et_pb_text_align_left et_pb_bg_layout_light\">\n\t\t\t\t\n\t\t\t\t\n\t\t\t\t\n\t\t\t\t\n\t\t\t\t<div class=\"et_pb_text_inner\"><h1 style=\"text-align: center\">W3.07 - Kann geschlossene Silben erkennen<\/h1><\/div>\n\t\t\t<\/div><div class=\"et_pb_with_border et_pb_module et_d4_element et_pb_text et_pb_text_1  et_pb_text_align_left et_pb_bg_layout_light\">\n\t\t\t\t\n\t\t\t\t\n\t\t\t\t\n\t\t\t\t\n\t\t\t\t<div class=\"et_pb_text_inner\"><p>Bei den folgenden Inhalten handelt es sich um F\u00f6rdermaterial, welches<strong> nicht<\/strong> ausschlie\u00dflich f\u00fcr die Erwachsenenbildung konzipiert wurde. Grunds\u00e4tzlich dienen vorhandene Materialien nur als Inspiration f\u00fcr eigene F\u00f6rdermittel, die auf Ihre Zielgruppe zugeschnitten werden m\u00fcssen. Diese Sammlung ist <em>work in progress<\/em> und wird daher stetig erg\u00e4nzt. Helfen Sie mit, indem Sie weiterf\u00fchrendes Material zu dieser Kann-Beschreibung unter <a href=\"&#109;&#x61;i&#x6c;t&#111;&#x3a;&#115;&#x75;p&#112;&#x6f;&#114;&#x74;&#64;&#x6c;&#x65;&#97;&#x6c;e&#x72;n&#101;&#x6e;&#46;&#x64;e\">&#115;u&#x70;p&#x6f;r&#x74;&#64;&#x6c;e&#x61;l&#x65;&#114;&#x6e;&#101;&#x6e;&#46;&#x64;&#101;<\/a> einsenden.<\/p>\n<\/div>\n\t\t\t<\/div>\n\t\t\t<\/div>\n\t\t\t\t\n\t\t\t\t\n\t\t\t\t\n\t\t\t\t\n\t\t\t<\/div><div class=\"et_d4_element et_pb_row et_pb_row_1  et_pb_css_mix_blend_mode et_block_row\">\n\t\t\t\t<div class=\"et_d4_element et_pb_column_4_4 et_pb_column et_pb_column_1  et_pb_css_mix_blend_mode et-last-child et_block_column\">\n\t\t\t\t\n\t\t\t\t\n\t\t\t\t\n\t\t\t\t\n\t\t\t\t<div class=\"et_pb_module et_d4_element et_pb_text et_pb_text_2  et_pb_text_align_left et_pb_bg_layout_light\">\n\t\t\t\t\n\t\t\t\t\n\t\t\t\t\n\t\t\t\t\n\t\t\t\t<div class=\"et_pb_text_inner\"><table width=\"611\">\n<tbody>\n<tr>\n<td width=\"74\">3.07<\/td>\n<td width=\"537\">\n<p><strong>Kann geschlossene Silben erkennen <\/strong><\/p>\n<p>Jede Silbe enth\u00e4lt einen Vokal. Geschlossene Silben enden nicht wie offene Silben auf einen Vokal, sondern auf einen oder mehrere Konsonanten.<\/p>\n<p>Beispiel: der Schrei<strong>b<\/strong>-ti<strong>sch<\/strong><\/p>\n<\/td>\n<\/tr>\n<\/tbody>\n<\/table>\n<p><strong>F\u00f6rderung 3.07:<\/strong><\/p>\n<p>Flex und Flora bietet ein \u00fcbersichtliches Arbeitsblatt zur Einf\u00fchrung in offene und geschlossene Silben an. Hierbei werden Silbenb\u00f6gen unter den W\u00f6rtern gezeichnet und der Vokal in der ersten Silbe markiert, um offene und geschlossene Silben sowie die lange oder kurze Aussprache der Vokale zu verdeutlichen. Im Anschluss daran finden sich weitere \u00dcbungen, die darauf abzielen, mit offenen und geschlossenen Silben zu arbeiten [1].<\/p>\n<p>&nbsp;<\/p><\/div>\n\t\t\t<\/div>\n\t\t\t<\/div>\n\t\t\t\t\n\t\t\t\t\n\t\t\t\t\n\t\t\t\t\n\t\t\t<\/div><div class=\"et_pb_with_border et_d4_element et_pb_row et_pb_row_3  et_pb_css_mix_blend_mode et_block_row\">\n\t\t\t\t<div class=\"et_d4_element et_pb_column_2_3 et_pb_column et_pb_column_2  et_pb_css_mix_blend_mode et_block_column\">\n\t\t\t\t\n\t\t\t\t\n\t\t\t\t\n\t\t\t\t\n\t\t\t\t<div class=\"et_pb_module et_d4_element et_pb_text et_pb_text_3  et_pb_text_align_left et_pb_bg_layout_light\">\n\t\t\t\t\n\t\t\t\t\n\t\t\t\t\n\t\t\t\t\n\t\t\t\t<div class=\"et_pb_text_inner\"><p><strong>Zuk\u00fcnftig werden weitere F\u00f6rdermaterialien auch in der lea.App umgesetzt. Derzeit kann hier ein breites Spektrum an \u00dcbungsaufgaben auf verschiedenen Alpha-Levels bearbeitet werden.<\/strong><\/p>\n<p><strong>Die lea.App finden Sie im <a href=\"https:\/\/play.google.com\/store\/apps\/details?id=com.testCompany.leaonline&amp;hl=de&amp;gl=US\" target=\"_blank\" rel=\"noopener\">Google Play Store<\/a>. Eine iOS App ist in Entwicklung.<\/strong><\/p>\n<p>&nbsp;<\/p><\/div>\n\t\t\t<\/div>\n\t\t\t<\/div><div class=\"et_d4_element et_pb_column_1_3 et_pb_column et_pb_column_3  et_pb_css_mix_blend_mode et-last-child et_block_column\">\n\t\t\t\t\n\t\t\t\t\n\t\t\t\t\n\t\t\t\t\n\t\t\t\t<div class=\"et_pb_module et_d4_element et_pb_image et_pb_image_0\">\n\t\t\t\t\n\t\t\t\t\n\t\t\t\t\n\t\t\t\t\n\t\t\t\t<a href=\"https:\/\/play.google.com\/store\/apps\/details?id=com.testCompany.leaonline&#038;hl=de&#038;gl=US\" target=\"_blank\"><span class=\"et_pb_image_wrap \"><img loading=\"lazy\" decoding=\"async\" width=\"531\" height=\"1088\" src=\"https:\/\/blogs.uni-bremen.de\/leaonline\/files\/App-QR-COde-1.png\" alt=\"\" title=\"App QR COde\" srcset=\"https:\/\/blogs.uni-bremen.de\/leaonline\/files\/App-QR-COde-1.png 531w, https:\/\/blogs.uni-bremen.de\/leaonline\/files\/App-QR-COde-1-480x984.png 480w\" sizes=\"(min-width: 0px) and (max-width: 480px) 480px, (min-width: 481px) 531px, 100vw\" class=\"wp-image-1030\" \/><\/span><\/a>\n\t\t\t<\/div>\n\t\t\t<\/div>\n\t\t\t\t\n\t\t\t\t\n\t\t\t\t\n\t\t\t\t\n\t\t\t<\/div><div class=\"et_d4_element et_pb_row et_pb_row_4  et_pb_css_mix_blend_mode et_block_row\">\n\t\t\t\t<div class=\"et_d4_element et_pb_column_4_4 et_pb_column et_pb_column_4  et_pb_css_mix_blend_mode et-last-child et_block_column\">\n\t\t\t\t\n\t\t\t\t\n\t\t\t\t\n\t\t\t\t\n\t\t\t\t<div class=\"et_pb_module et_d4_element et_pb_text et_pb_text_4  et_pb_text_align_left et_pb_bg_layout_light\">\n\t\t\t\t\n\t\t\t\t\n\t\t\t\t\n\t\t\t\t\n\t\t\t\t<div class=\"et_pb_text_inner\"><h6>[1] [Online]. Available: <a href=\"https:\/\/c.wgr.de\/d\/89cb75e5ea19ab0200ea0637058808d01050842dbbd4a71fb4cb5182b3fb2214.pdf\/d14548_heft_richtig_schreiben_verleih_einheit_offene_und_geschlossene_silben_erkennen.pdf\" target=\"_blank\" rel=\"noopener\">https:\/\/\u200bc.wgr.de\u200b\/\u200bd\/\u200b89cb75e5ea19ab0200ea0637058808d01050842dbbd4a71fb4cb5182b3fb2214.pdf\/\u200bd14548_\u200bheft_\u200brichtig_\u200bschreiben_\u200bverleih_\u200beinheit_\u200boffene_\u200bund_\u200bgeschlossene_\u200bsilben_\u200berkennen.pdf<\/a> (accessed: 22.01.24).<\/h6><\/div>\n\t\t\t<\/div>\n\t\t\t<\/div>\n\t\t\t\t\n\t\t\t\t\n\t\t\t\t\n\t\t\t\t\n\t\t\t<\/div><div class=\"et_d4_element et_pb_row et_pb_row_5  et_pb_css_mix_blend_mode et_block_row\">\n\t\t\t\t<div class=\"et_d4_element et_pb_column_4_4 et_pb_column et_pb_column_5  et_pb_css_mix_blend_mode et-last-child et_block_column\">\n\t\t\t\t\n\t\t\t\t\n\t\t\t\t\n\t\t\t\t\n\t\t\t\t<div class=\"et_pb_module et_d4_element et_pb_post_nav_0 et_pb_posts_nav nav-single et_block_module\">\n\t\t\t\t\n\t\t\t<\/div>\n\t\t\t<\/div>\n\t\t\t\t\n\t\t\t\t\n\t\t\t\t\n\t\t\t\t\n\t\t\t<\/div>\n\t\t\t\t\n\t\t\t\t\n\t\t\t<\/div>\n","protected":false},"excerpt":{"rendered":"","protected":false},"author":11939,"featured_media":0,"parent":0,"menu_order":0,"comment_status":"closed","ping_status":"closed","template":"","meta":{"_bbp_topic_count":0,"_bbp_reply_count":0,"_bbp_total_topic_count":0,"_bbp_total_reply_count":0,"_bbp_voice_count":0,"_bbp_anonymous_reply_count":0,"_bbp_topic_count_hidden":0,"_bbp_reply_count_hidden":0,"_bbp_forum_subforum_count":0,"_et_pb_use_builder":"on","_et_pb_old_content":"<table width=\"611\">\r\n<tbody>\r\n<tr>\r\n<td width=\"74\">3.07<\/td>\r\n<td width=\"537\"><strong>Kann geschlossene Silben erkennen <\/strong>\r\n\r\nJede Silbe enth\u00e4lt einen Vokal. Geschlossene Silben enden nicht wie offene Silben auf einen Vokal, sondern auf einen oder mehrere Konsonanten.\r\n\r\nBeispiel: der Schrei<strong>b<\/strong>-ti<strong>sch<\/strong><\/td>\r\n<\/tr>\r\n<\/tbody>\r\n<\/table>\r\n<strong>F\u00f6rderung 3.07:<\/strong>\r\n\r\nFlex und Flora bietet ein \u00fcbersichtliches Arbeitsblatt zur Einf\u00fchrung in offene und geschlossene Silben an. Hierbei werden Silbenb\u00f6gen unter den W\u00f6rtern gezeichnet und der Vokal in der ersten Silbe markiert, um offene und geschlossene Silben sowie die lange oder kurze Aussprache der Vokale zu verdeutlichen. Im Anschluss daran finden sich weitere \u00dcbungen, die darauf abzielen, mit offenen und geschlossenen Silben zu arbeiten [11].\r\n\r\nLink Flex und Flora: <a href=\"https:\/\/c.wgr.de\/d\/89cb75e5ea19ab0200ea0637058808d01050842dbbd4a71fb4cb5182b3fb2214.pdf\/d14548_heft_richtig_schreiben_verleih_einheit_offene_und_geschlossene_silben_erkennen.pdf\">https:\/\/c.wgr.de\/d\/89cb75e5ea19ab0200ea0637058808d01050842dbbd4a71fb4cb5182b3fb2214.pdf\/d14548_heft_richtig_schreiben_verleih_einheit_offene_und_geschlossene_silben_erkennen.pdf<\/a>","_et_gb_content_width":"","footnotes":""},"class_list":["post-1386","page","type-page","status-publish","hentry"],"_links":{"self":[{"href":"https:\/\/blogs.uni-bremen.de\/leaonline\/wp-json\/wp\/v2\/pages\/1386","targetHints":{"allow":["GET"]}}],"collection":[{"href":"https:\/\/blogs.uni-bremen.de\/leaonline\/wp-json\/wp\/v2\/pages"}],"about":[{"href":"https:\/\/blogs.uni-bremen.de\/leaonline\/wp-json\/wp\/v2\/types\/page"}],"author":[{"embeddable":true,"href":"https:\/\/blogs.uni-bremen.de\/leaonline\/wp-json\/wp\/v2\/users\/11939"}],"replies":[{"embeddable":true,"href":"https:\/\/blogs.uni-bremen.de\/leaonline\/wp-json\/wp\/v2\/comments?post=1386"}],"version-history":[{"count":6,"href":"https:\/\/blogs.uni-bremen.de\/leaonline\/wp-json\/wp\/v2\/pages\/1386\/revisions"}],"predecessor-version":[{"id":1623,"href":"https:\/\/blogs.uni-bremen.de\/leaonline\/wp-json\/wp\/v2\/pages\/1386\/revisions\/1623"}],"wp:attachment":[{"href":"https:\/\/blogs.uni-bremen.de\/leaonline\/wp-json\/wp\/v2\/media?parent=1386"}],"curies":[{"name":"wp","href":"https:\/\/api.w.org\/{rel}","templated":true}]}}