{"id":35,"date":"2021-12-13T17:25:27","date_gmt":"2021-12-13T16:25:27","guid":{"rendered":"https:\/\/blogs.uni-bremen.de\/lampenfieber\/?page_id=35"},"modified":"2021-12-13T17:25:27","modified_gmt":"2021-12-13T16:25:27","slug":"zeitplan","status":"publish","type":"page","link":"https:\/\/blogs.uni-bremen.de\/lampenfieber\/zeitplan\/","title":{"rendered":"Zeitplan"},"content":{"rendered":"<p><span style=\"font-family: helvetica, arial, sans-serif;font-size: 12pt\"><strong>Zeitrahmen:<\/strong><\/span><\/p>\n<p><span style=\"font-family: helvetica, arial, sans-serif;font-size: 12pt\">Vor Beginn der vorlesungsfreien Zeit und dar\u00fcber hinaus (14.12.21 &#8211; 23.12.21)<\/span><\/p>\n<p><span style=\"font-family: helvetica, arial, sans-serif;font-size: 12pt\"><strong>Ziel:<\/strong><\/span><\/p>\n<p><span style=\"font-family: helvetica, arial, sans-serif;font-size: 12pt\">Zugang durch Sophia<\/span><\/p>\n<p><span style=\"font-family: helvetica, arial, sans-serif;font-size: 12pt\"><strong>T\u00e4tigkeit:<\/strong><\/span><\/p>\n<ul>\n<li><span style=\"font-family: helvetica, arial, sans-serif;font-size: 12pt\">Als Abendpersonal am Theater Bremen t\u00e4tig<\/span><\/li>\n<li><span style=\"font-family: helvetica, arial, sans-serif;font-size: 12pt\"> Versuch Kontakte durch Kolleg*innen herzustellen<\/span><\/li>\n<li><span style=\"font-family: helvetica, arial, sans-serif;font-size: 12pt\"> Gibt es vielleicht unter Kolleg*innen bekannte Stammg\u00e4st*innen?<\/span><\/li>\n<\/ul>\n<p>&nbsp;<\/p>\n<p>&nbsp;<\/p>\n<p>&nbsp;<\/p>\n<p><span style=\"font-family: helvetica, arial, sans-serif;font-size: 12pt\"><strong>Zeitrahmen:<\/strong><\/span><\/p>\n<p><span style=\"font-family: helvetica, arial, sans-serif;font-size: 12pt\">Vor Beginn der vorlesungsfreien Zeit und dar\u00fcber hinaus (14.12.21 &#8211; 23.12.21)<\/span><\/p>\n<p><span style=\"font-family: helvetica, arial, sans-serif;font-size: 12pt\"><strong>Ziel:<\/strong><\/span><\/p>\n<p><span style=\"font-family: helvetica, arial, sans-serif;font-size: 12pt\">Zugang durch Annika<\/span><\/p>\n<p><span style=\"font-family: helvetica, arial, sans-serif;font-size: 12pt\"><strong>T\u00e4tigkeit:<\/strong><\/span><\/p>\n<ul>\n<li><span style=\"font-family: helvetica, arial, sans-serif;font-size: 12pt\">Interviewanfrage bei Lehrender \u2013 Sabine Th\u00f6le<\/span><\/li>\n<li><span style=\"font-family: helvetica, arial, sans-serif;font-size: 12pt\"> War lange als Regisseurin am Theater in Hamburg t\u00e4tig<\/span><\/li>\n<li><span style=\"font-family: helvetica, arial, sans-serif;font-size: 12pt\"> Hat vielleicht Kontakte in Bremen\/Oldenburg<\/span><\/li>\n<\/ul>\n<p>&nbsp;<\/p>\n<p>&nbsp;<\/p>\n<p>&nbsp;<\/p>\n<p><span style=\"font-family: helvetica, arial, sans-serif;font-size: 12pt\"><strong>Zeitrahmen:<\/strong><\/span><\/p>\n<p><span style=\"font-family: helvetica, arial, sans-serif;font-size: 12pt\">Vor Beginn der vorlesungsfreien Zeit und dar\u00fcber hinaus (14.12.21 &#8211; 23.12.21)<\/span><\/p>\n<p><span style=\"font-family: helvetica, arial, sans-serif;font-size: 12pt\"><strong>Ziel:<\/strong><\/span><\/p>\n<p lang=\"de-DE\" align=\"LEFT\"><span style=\"font-family: helvetica, arial, sans-serif;font-size: 12pt\">Interviewanfragen \u00fcber Kontakte, die die Website hergibt<\/span><\/p>\n<p><span style=\"font-family: helvetica, arial, sans-serif;font-size: 12pt\"><strong>T\u00e4tigkeit:<\/strong><\/span><\/p>\n<ul>\n<li><span style=\"font-family: helvetica, arial, sans-serif;font-size: 12pt\">Durch allgemeine Kontaktaufnahme zu im Folgenden genannten Abteilungen des Theaters hoffen wir auf Zugang zu Berufsschauspieler*innen und Mitgliedern des Ensembles, sowie Regisseur*innen <\/span><\/li>\n<li><span style=\"font-family: helvetica, arial, sans-serif;font-size: 12pt\">Die Zentrale kontaktieren (Einzige auf Website angegebene Telefonnummer) in der Hoffnung an andere Abteilungen weitergeleitet zu werden<\/span><\/li>\n<li><span style=\"font-family: helvetica, arial, sans-serif;font-size: 12pt\">Leiterin, Dramaturg und Theaterp\u00e4dagog*innen von \u201eJunges Theater\u201c \u00fcber angegebene Kontaktdaten auf der Website kontaktieren<\/span><\/li>\n<li><span style=\"font-family: helvetica, arial, sans-serif;font-size: 12pt\">Leitenden Dramaturg Schauspiel kontaktieren &#8211; Stefan Bl\u00e4ske<\/span><\/li>\n<li><span style=\"font-family: helvetica, arial, sans-serif;font-size: 12pt\"><span lang=\"de-DE\">Allgemeine Dramaturgie Abteilung kontaktieren<\/span> <\/span><\/li>\n<li><span style=\"font-family: helvetica, arial, sans-serif;font-size: 12pt\"><span lang=\"de-DE\">Leitung der Presse und Presseabteilung kontaktieren <\/span><span lang=\"de-DE\">(Presse- und \u00d6ffentlichkeitsarbeit)<\/span><\/span><\/li>\n<\/ul>\n<p>&nbsp;<\/p>\n<p>&nbsp;<\/p>\n<p>&nbsp;<\/p>\n<p><span style=\"font-size: 12pt;font-family: helvetica, arial, sans-serif\"><strong>Zeitrahmen:<\/strong><\/span><\/p>\n<p><span style=\"font-size: 12pt;font-family: helvetica, arial, sans-serif\">Nach Ende der vorlesungsfreien Zeit, je nach Ergebnis der Interviewanfragen<\/span><\/p>\n<p><span style=\"font-size: 12pt;font-family: helvetica, arial, sans-serif\"><strong>Ziel:<\/strong><\/span><\/p>\n<p><span style=\"font-size: 12pt;font-family: helvetica, arial, sans-serif\">Blick auf unterschiedliche und pers\u00f6nliche Perspektiven bekommen<\/span><\/p>\n<p><span style=\"font-size: 12pt;font-family: helvetica, arial, sans-serif\"><strong>T\u00e4tigkeit:<\/strong><\/span><\/p>\n<p><span style=\"font-size: 12pt;font-family: helvetica, arial, sans-serif\">Interviews und Gespr\u00e4che f\u00fchren<\/span><\/p>\n<p>&nbsp;<\/p>\n<p>&nbsp;<\/p>\n<p>&nbsp;<\/p>\n<p><span style=\"font-size: 12pt;font-family: helvetica, arial, sans-serif\"><strong>Zeitrahmen:<\/strong><\/span><\/p>\n<p><span style=\"font-size: 12pt;font-family: helvetica, arial, sans-serif\">Sukzessiv und begleitend w\u00e4hrend der gesamten Arbeitszeit, beginnend erstem Treffen\/Gespr\u00e4ch\/&#8230;<\/span><\/p>\n<p><span style=\"font-size: 12pt;font-family: helvetica, arial, sans-serif\"><strong>Ziel:<\/strong><\/span><\/p>\n<p lang=\"de-DE\" align=\"LEFT\"><span style=\"font-family: helvetica, arial, sans-serif;font-size: 12pt\">Herstellung von Medienmaterial<\/span><\/p>\n<p><span style=\"font-size: 12pt;font-family: helvetica, arial, sans-serif\"><strong>T\u00e4tigkeit:<\/strong><\/span><\/p>\n<ul>\n<li><span style=\"font-family: helvetica, arial, sans-serif;font-size: 12pt\">Zum Beispiel Foto und Videomaterial als Illustration der Blogbeitr\u00e4ge<br \/>\n<\/span><\/li>\n<li><span style=\"font-family: helvetica, arial, sans-serif;font-size: 12pt\"> Fotos von uns selbst in dem Erfahrungsmoment im Theatersaal<\/span><\/li>\n<li><span style=\"font-family: helvetica, arial, sans-serif;font-size: 12pt\">In Interviewsituation: Je nach Pr\u00e4ferenzen des Interview Partners mit begleitenden Medien wie Kamera oder Mikrofon oder Aufnahmeger\u00e4t oder Mitschrift<\/span><\/li>\n<li><span style=\"font-size: 12pt;font-family: helvetica, arial, sans-serif\">Abh\u00e4ngig von Zustimmung der Teilnehmenden<\/span><\/li>\n<\/ul>\n<p>&nbsp;<\/p>\n<p>&nbsp;<\/p>\n<p>&nbsp;<\/p>\n<p><span style=\"font-size: 12pt;font-family: helvetica, arial, sans-serif\"><strong>Zeitrahmen:<\/strong><\/span><\/p>\n<p><span style=\"font-size: 12pt;font-family: helvetica, arial, sans-serif\">Ggf. zu zwei Zeitpunkten:<\/span><\/p>\n<ol>\n<li><span style=\"font-size: 12pt;font-family: helvetica, arial, sans-serif\">Es besteht Kontakt zu Mitwirkenden der Theatervorstellung<\/span><\/li>\n<li><span style=\"font-size: 12pt;font-family: helvetica, arial, sans-serif\">Von Kontakten unabh\u00e4ngiger Theaterbesuch<\/span><\/li>\n<\/ol>\n<p><span style=\"font-size: 12pt;font-family: helvetica, arial, sans-serif\"><strong>Ziel:<\/strong><\/span><\/p>\n<p><span style=\"font-size: 12pt;font-family: helvetica, arial, sans-serif\">Besuch einer (oder mehrerer) Theatervorstellung(en) in Pr\u00e4senz<\/span><\/p>\n<p><span style=\"font-size: 12pt;font-family: helvetica, arial, sans-serif\"><strong>T\u00e4tigkeit:<\/strong><\/span><\/p>\n<ul>\n<li><span style=\"font-size: 12pt;font-family: helvetica, arial, sans-serif\">Erfahrungstagebuch<\/span><\/li>\n<li><span style=\"font-size: 12pt;font-family: helvetica, arial, sans-serif\">Versuchen Gespr\u00e4che mit anderen Theaterbesucher*innen herzustellen<br \/>\n<\/span><\/li>\n<li><span style=\"font-family: helvetica, arial, sans-serif;font-size: 12pt\"><span lang=\"de-DE\">Falls sich keine geeigneten Verbindungen f\u00fcr Interviews zu<\/span> Publikum\/Theaterg\u00e4ngern ergibt, werden die Gespr\u00e4chsversuche in das Erfahrungstagebuch eingebunden<\/span><\/li>\n<\/ul>\n<p>&nbsp;<\/p>\n<p>&nbsp;<\/p>\n<p>&nbsp;<\/p>\n<p><span style=\"font-size: 12pt;font-family: helvetica, arial, sans-serif\"><strong>Zeitrahmen:<\/strong><\/span><\/p>\n<p><span style=\"font-size: 12pt;font-family: helvetica, arial, sans-serif\">W\u00e4hrend der gesamten Bearbeitungszeit<\/span><\/p>\n<p><span style=\"font-size: 12pt;font-family: helvetica, arial, sans-serif\"><strong>Ziel:<\/strong><\/span><\/p>\n<p align=\"LEFT\"><span style=\"font-size: 12pt;font-family: helvetica, arial, sans-serif\">Sukzessives Erstellen der Blogbeitr\u00e4ge<\/span><\/p>\n<p><span style=\"font-size: 12pt;font-family: helvetica, arial, sans-serif\"><strong>T\u00e4tigkeit:<\/strong><\/span><\/p>\n<p><span style=\"font-size: 12pt;font-family: helvetica, arial, sans-serif\">Erste Ideen f\u00fcr Blogbeitr\u00e4ge:<\/span><\/p>\n<ul>\n<li><span style=\"font-family: helvetica, arial, sans-serif;font-size: 12pt\"> Interviews mit Interviewpartner*innen durch mediale Mittel wie Fotografie, Video und ggf. Podcast veranschaulichen<br \/>\n<\/span><\/li>\n<li><span style=\"font-family: helvetica, arial, sans-serif;font-size: 12pt\">Zwei individuelle Erfahrungsberichte von Sophia und Annika \u00fcber jeweilig individuelle Wahrnehmung der Theatervorstellung(en)<\/span><\/li>\n<\/ul>\n<p>&nbsp;<\/p>\n<p>&nbsp;<\/p>\n<p>&nbsp;<\/p>\n","protected":false},"excerpt":{"rendered":"<p>Zeitrahmen: Vor Beginn der vorlesungsfreien Zeit und dar\u00fcber hinaus (14.12.21 &#8211; 23.12.21) Ziel: Zugang durch Sophia T\u00e4tigkeit: Als Abendpersonal am Theater Bremen t\u00e4tig Versuch Kontakte durch Kolleg*innen herzustellen Gibt es vielleicht unter Kolleg*innen bekannte Stammg\u00e4st*innen? &nbsp; &nbsp; &nbsp; Zeitrahmen: Vor Beginn der vorlesungsfreien Zeit und dar\u00fcber hinaus (14.12.21 &#8211; 23.12.21) Ziel: Zugang durch Annika T\u00e4tigkeit: [&hellip;]<\/p>\n","protected":false},"author":13701,"featured_media":0,"parent":0,"menu_order":0,"comment_status":"closed","ping_status":"closed","template":"","meta":{"_bbp_topic_count":0,"_bbp_reply_count":0,"_bbp_total_topic_count":0,"_bbp_total_reply_count":0,"_bbp_voice_count":0,"_bbp_anonymous_reply_count":0,"_bbp_topic_count_hidden":0,"_bbp_reply_count_hidden":0,"_bbp_forum_subforum_count":0,"footnotes":""},"class_list":["post-35","page","type-page","status-publish","hentry","post-preview"],"_links":{"self":[{"href":"https:\/\/blogs.uni-bremen.de\/lampenfieber\/wp-json\/wp\/v2\/pages\/35","targetHints":{"allow":["GET"]}}],"collection":[{"href":"https:\/\/blogs.uni-bremen.de\/lampenfieber\/wp-json\/wp\/v2\/pages"}],"about":[{"href":"https:\/\/blogs.uni-bremen.de\/lampenfieber\/wp-json\/wp\/v2\/types\/page"}],"author":[{"embeddable":true,"href":"https:\/\/blogs.uni-bremen.de\/lampenfieber\/wp-json\/wp\/v2\/users\/13701"}],"replies":[{"embeddable":true,"href":"https:\/\/blogs.uni-bremen.de\/lampenfieber\/wp-json\/wp\/v2\/comments?post=35"}],"version-history":[{"count":2,"href":"https:\/\/blogs.uni-bremen.de\/lampenfieber\/wp-json\/wp\/v2\/pages\/35\/revisions"}],"predecessor-version":[{"id":37,"href":"https:\/\/blogs.uni-bremen.de\/lampenfieber\/wp-json\/wp\/v2\/pages\/35\/revisions\/37"}],"wp:attachment":[{"href":"https:\/\/blogs.uni-bremen.de\/lampenfieber\/wp-json\/wp\/v2\/media?parent=35"}],"curies":[{"name":"wp","href":"https:\/\/api.w.org\/{rel}","templated":true}]}}