{"id":33,"date":"2022-06-23T17:06:14","date_gmt":"2022-06-23T15:06:14","guid":{"rendered":"https:\/\/blogs.uni-bremen.de\/laeman\/?page_id=33"},"modified":"2022-06-26T13:07:43","modified_gmt":"2022-06-26T11:07:43","slug":"uebungen","status":"publish","type":"page","link":"https:\/\/blogs.uni-bremen.de\/laeman\/uebungen\/","title":{"rendered":"\u00dcbungen"},"content":{"rendered":"<p>Im Folgenden findet ihr verschiedene Biografien \u00fcber verschiedene Sch\u00fcler.<\/p>\n<p><span style=\"color: #ff9900;font-size: 12pt\">Wir wollen von euch wissen, bei wem ihr welches Modell anwenden w\u00fcrdet und warum?<\/span><\/p>\n<p><span style=\"font-size: 14pt\"><a href=\"https:\/\/blogs.uni-bremen.de\/laeman\/robin\/\">Robin&#8230;<\/a><br \/>\n<a href=\"https:\/\/blogs.uni-bremen.de\/laeman\/maria\/\">Maria&#8230;<\/a><br \/>\n<a href=\"https:\/\/blogs.uni-bremen.de\/laeman\/adil\/\">Adil&#8230;<\/a><br \/>\n<a href=\"https:\/\/blogs.uni-bremen.de\/laeman\/luna\/\">Luna&#8230;<\/a><\/span><\/p>\n<p><span style=\"color: #ff0000\">!Hinweis: Es gibt keine Pauschall\u00f6sung!\u00a0\u00a0<\/span><\/p>\n","protected":false},"excerpt":{"rendered":"<p>Im Folgenden findet ihr verschiedene Biografien \u00fcber verschiedene Sch\u00fcler. Wir wollen von euch wissen, bei wem ihr welches Modell anwenden w\u00fcrdet und warum? Robin&#8230; Maria&#8230; Adil&#8230; Luna&#8230; !Hinweis: Es gibt keine Pauschall\u00f6sung!\u00a0\u00a0<\/p>\n","protected":false},"author":14210,"featured_media":0,"parent":0,"menu_order":0,"comment_status":"closed","ping_status":"closed","template":"","meta":{"_bbp_topic_count":0,"_bbp_reply_count":0,"_bbp_total_topic_count":0,"_bbp_total_reply_count":0,"_bbp_voice_count":0,"_bbp_anonymous_reply_count":0,"_bbp_topic_count_hidden":0,"_bbp_reply_count_hidden":0,"_bbp_forum_subforum_count":0,"footnotes":""},"class_list":["post-33","page","type-page","status-publish","hentry"],"_links":{"self":[{"href":"https:\/\/blogs.uni-bremen.de\/laeman\/wp-json\/wp\/v2\/pages\/33","targetHints":{"allow":["GET"]}}],"collection":[{"href":"https:\/\/blogs.uni-bremen.de\/laeman\/wp-json\/wp\/v2\/pages"}],"about":[{"href":"https:\/\/blogs.uni-bremen.de\/laeman\/wp-json\/wp\/v2\/types\/page"}],"author":[{"embeddable":true,"href":"https:\/\/blogs.uni-bremen.de\/laeman\/wp-json\/wp\/v2\/users\/14210"}],"replies":[{"embeddable":true,"href":"https:\/\/blogs.uni-bremen.de\/laeman\/wp-json\/wp\/v2\/comments?post=33"}],"version-history":[{"count":7,"href":"https:\/\/blogs.uni-bremen.de\/laeman\/wp-json\/wp\/v2\/pages\/33\/revisions"}],"predecessor-version":[{"id":152,"href":"https:\/\/blogs.uni-bremen.de\/laeman\/wp-json\/wp\/v2\/pages\/33\/revisions\/152"}],"wp:attachment":[{"href":"https:\/\/blogs.uni-bremen.de\/laeman\/wp-json\/wp\/v2\/media?parent=33"}],"curies":[{"name":"wp","href":"https:\/\/api.w.org\/{rel}","templated":true}]}}