{"id":112,"date":"2022-06-25T18:18:35","date_gmt":"2022-06-25T16:18:35","guid":{"rendered":"https:\/\/blogs.uni-bremen.de\/laeman\/?page_id=112"},"modified":"2022-06-25T18:26:46","modified_gmt":"2022-06-25T16:26:46","slug":"robin","status":"publish","type":"page","link":"https:\/\/blogs.uni-bremen.de\/laeman\/robin\/","title":{"rendered":"Robin&#8230;"},"content":{"rendered":"<p><span style=\"color: #ff9900\"><strong>&#8230;<\/strong><\/span>\u00a0ist 15 Jahre alt und besucht eine Hauptschule in Berlin.<br \/>\nEr ist introvertiert, oft unsicher und der Meinung, dass er eigentlich nichts wirklich gut kann.<br \/>\nDas Lernen f\u00e4llt ihm schwer, bei den Hausaufgaben kann ihm niemand helfen und Freunde hat Robin auch nicht \u2013 h\u00f6chstens gute Bekannte.<br \/>\nSein Vater nennt ihn einen \u201eWaschlappen\u201c.<br \/>\nRobins Mutter ist Raumpflegerin (Putzfrau), sein Vater ist schon lange arbeitslos und bezieht Arbeitslosengeld, weswegen das Geld immer knapp ist.<br \/>\nEr hat noch zwei j\u00fcngere Br\u00fcder und zwei \u00e4ltere Schwestern, die auch die Hauptschule besuchen.<br \/>\nDerzeit nimmt er wegen seines \u00dcbergewichts an einem Adipositasprogramm f\u00fcr Jugendliche teil.<br \/>\nHobbies hat er eigentlich nicht, aber er schaut gerne fern.<br \/>\nEr wei\u00df noch nicht, was er sp\u00e4ter werden m\u00f6chte.<br \/>\nVielleicht Youtuber oder Million\u00e4r.<br \/>\nOder Drogen verkaufen wie seine \u00e4ltere Schwester, weil man damit gutes Geld verdienen kann.<\/p>\n<p><span style=\"color: #ff9900;font-size: 12pt\">Welches Modell w\u00fcrdest du anwenden?\u00a0<\/span><\/p>\n","protected":false},"excerpt":{"rendered":"<p>&#8230;\u00a0ist 15 Jahre alt und besucht eine Hauptschule in Berlin. Er ist introvertiert, oft unsicher und der Meinung, dass er eigentlich nichts wirklich gut kann. Das Lernen f\u00e4llt ihm schwer, bei den Hausaufgaben kann ihm niemand helfen und Freunde hat Robin auch nicht \u2013 h\u00f6chstens gute Bekannte. Sein Vater nennt ihn einen \u201eWaschlappen\u201c. Robins Mutter [&hellip;]<\/p>\n","protected":false},"author":14210,"featured_media":0,"parent":0,"menu_order":0,"comment_status":"closed","ping_status":"closed","template":"","meta":{"_bbp_topic_count":0,"_bbp_reply_count":0,"_bbp_total_topic_count":0,"_bbp_total_reply_count":0,"_bbp_voice_count":0,"_bbp_anonymous_reply_count":0,"_bbp_topic_count_hidden":0,"_bbp_reply_count_hidden":0,"_bbp_forum_subforum_count":0,"footnotes":""},"class_list":["post-112","page","type-page","status-publish","hentry"],"_links":{"self":[{"href":"https:\/\/blogs.uni-bremen.de\/laeman\/wp-json\/wp\/v2\/pages\/112","targetHints":{"allow":["GET"]}}],"collection":[{"href":"https:\/\/blogs.uni-bremen.de\/laeman\/wp-json\/wp\/v2\/pages"}],"about":[{"href":"https:\/\/blogs.uni-bremen.de\/laeman\/wp-json\/wp\/v2\/types\/page"}],"author":[{"embeddable":true,"href":"https:\/\/blogs.uni-bremen.de\/laeman\/wp-json\/wp\/v2\/users\/14210"}],"replies":[{"embeddable":true,"href":"https:\/\/blogs.uni-bremen.de\/laeman\/wp-json\/wp\/v2\/comments?post=112"}],"version-history":[{"count":3,"href":"https:\/\/blogs.uni-bremen.de\/laeman\/wp-json\/wp\/v2\/pages\/112\/revisions"}],"predecessor-version":[{"id":136,"href":"https:\/\/blogs.uni-bremen.de\/laeman\/wp-json\/wp\/v2\/pages\/112\/revisions\/136"}],"wp:attachment":[{"href":"https:\/\/blogs.uni-bremen.de\/laeman\/wp-json\/wp\/v2\/media?parent=112"}],"curies":[{"name":"wp","href":"https:\/\/api.w.org\/{rel}","templated":true}]}}