{"id":866,"date":"2018-11-20T11:22:50","date_gmt":"2018-11-20T10:22:50","guid":{"rendered":"https:\/\/blogs.uni-bremen.de\/kuwicapacities\/?page_id=866"},"modified":"2019-10-20T14:37:42","modified_gmt":"2019-10-20T12:37:42","slug":"zeitmanagement","status":"publish","type":"page","link":"https:\/\/blogs.uni-bremen.de\/kuwicapacities\/startseite\/zeitmanagement\/","title":{"rendered":"Zeitmanagment"},"content":{"rendered":"<p><div class=\"et_d4_element et_pb_section et_pb_section_0 et_pb_with_background  et_pb_css_mix_blend_mode et_section_regular et_block_section\" >\n\t\t\t\t\n\t\t\t\t\n\t\t\t\t\n\t\t\t\t\n\t\t\t\t\n\t\t\t\t\n\t\t\t\t<div class=\"et_d4_element et_pb_row et_pb_row_0 et_pb_gutters2  et_pb_css_mix_blend_mode et_block_row\">\n\t\t\t\t<div class=\"et_d4_element et_pb_column_1_3 et_pb_column et_pb_column_0  et_pb_css_mix_blend_mode et_block_column\">\n\t\t\t\t\n\t\t\t\t\n\t\t\t\t\n\t\t\t\t\n\t\t\t\t<div class=\"et_pb_button_module_wrapper et_pb_button_0_wrapper et_pb_button_alignment_center et_pb_module \">\n\t\t\t\t<a class=\"et_pb_button et_d4_element et_pb_button_0 et_hover_enabled et_pb_bg_layout_light et_block_module\" href=\"https:\/\/blogs.uni-bremen.de\/kuwicapacities\/startseite\/kulturwissenschaftliche-fragestellung\/\">Fragestellung<\/a>\n\t\t\t<\/div><div class=\"et_pb_button_module_wrapper et_pb_button_1_wrapper et_pb_button_alignment_left et_pb_module \">\n\t\t\t\t<a class=\"et_pb_button et_d4_element et_pb_button_1 et_hover_enabled et_pb_bg_layout_light et_block_module\" href=\"https:\/\/blogs.uni-bremen.de\/kuwicapacities\/startseite\/selbstorganisation\/\">Selbstorganisation<\/a>\n\t\t\t<\/div><div class=\"et_pb_button_module_wrapper et_pb_button_2_wrapper et_pb_button_alignment_left et_pb_module \">\n\t\t\t\t<a class=\"et_pb_button et_d4_element et_pb_button_2 et_hover_enabled et_pb_bg_layout_light et_block_module\" href=\"https:\/\/blogs.uni-bremen.de\/kuwicapacities\/startseite\/arbeiten-mit-literatur\/\">Arbeit mit Literatur<\/a>\n\t\t\t<\/div><div class=\"et_pb_button_module_wrapper et_pb_button_3_wrapper et_pb_button_alignment_right et_pb_module \">\n\t\t\t\t<a class=\"et_pb_button et_d4_element et_pb_button_3 et_hover_enabled et_pb_bg_layout_dark et_block_module\" href=\"https:\/\/blogs.uni-bremen.de\/kuwicapacities\/schreibprozess\/\">Schreibprozess<\/a>\n\t\t\t<\/div>\n\t\t\t<\/div><div class=\"et_d4_element et_pb_column_1_3 et_pb_column et_pb_column_1  et_pb_css_mix_blend_mode et_block_column\">\n\t\t\t\t\n\t\t\t\t\n\t\t\t\t\n\t\t\t\t\n\t\t\t\t<div class=\"et_pb_module et_d4_element et_pb_text et_pb_text_0  et_pb_text_align_center et_pb_bg_layout_light\">\n\t\t\t\t\n\t\t\t\t\n\t\t\t\t\n\t\t\t\t\n\t\t\t\t<div class=\"et_pb_text_inner\"><h1>Zeitmanagment<\/h1><\/div>\n\t\t\t<\/div>\n\t\t\t<\/div><div class=\"et_d4_element et_pb_column_1_3 et_pb_column et_pb_column_2  et_pb_css_mix_blend_mode et-last-child et_block_column\">\n\t\t\t\t\n\t\t\t\t\n\t\t\t\t\n\t\t\t\t\n\t\t\t\t<div class=\"et_pb_module et_d4_element et_pb_image et_pb_image_0\">\n\t\t\t\t\n\t\t\t\t\n\t\t\t\t\n\t\t\t\t\n\t\t\t\t<a href=\"https:\/\/blogs.uni-bremen.de\/kuwicapacities\/\"><span class=\"et_pb_image_wrap \"><img loading=\"lazy\" decoding=\"async\" width=\"1600\" height=\"700\" src=\"https:\/\/blogs.uni-bremen.de\/kuwicapacities\/files\/2019\/08\/kuwilogo22_optimiert.png\" alt=\"\" title=\"\" srcset=\"https:\/\/blogs.uni-bremen.de\/kuwicapacities\/files\/2019\/08\/kuwilogo22_optimiert.png 1600w, https:\/\/blogs.uni-bremen.de\/kuwicapacities\/files\/2019\/08\/kuwilogo22_optimiert-1280x560.png 1280w, https:\/\/blogs.uni-bremen.de\/kuwicapacities\/files\/2019\/08\/kuwilogo22_optimiert-980x429.png 980w, https:\/\/blogs.uni-bremen.de\/kuwicapacities\/files\/2019\/08\/kuwilogo22_optimiert-480x210.png 480w\" sizes=\"(min-width: 0px) and (max-width: 480px) 480px, (min-width: 481px) and (max-width: 980px) 980px, (min-width: 981px) and (max-width: 1280px) 1280px, (min-width: 1281px) 1600px, 100vw\" class=\"wp-image-1713\" \/><\/span><\/a>\n\t\t\t<\/div>\n\t\t\t<\/div>\n\t\t\t\t\n\t\t\t\t\n\t\t\t\t\n\t\t\t\t\n\t\t\t<\/div>\n\t\t\t\t\n\t\t\t\t\n\t\t\t<\/div><div class=\"et_d4_element et_pb_section et_pb_section_1  et_pb_css_mix_blend_mode et_section_regular et_block_section\" >\n\t\t\t\t\n\t\t\t\t\n\t\t\t\t\n\t\t\t\t\n\t\t\t\t\n\t\t\t\t\n\t\t\t\t<div class=\"et_d4_element et_pb_row et_pb_row_1  et_pb_css_mix_blend_mode et_block_row\">\n\t\t\t\t<div class=\"et_d4_element et_pb_column_1_5 et_pb_column et_pb_column_3  et_pb_css_mix_blend_mode et_block_column et_pb_column_empty\">\n\t\t\t\t\n\t\t\t\t\n\t\t\t\t\n\t\t\t\t\n\t\t\t\t\n\t\t\t<\/div><div class=\"et_d4_element et_pb_column_3_5 et_pb_column et_pb_column_4  et_pb_css_mix_blend_mode et_block_column\">\n\t\t\t\t\n\t\t\t\t\n\t\t\t\t\n\t\t\t\t\n\t\t\t\t<div class=\"et_pb_module et_d4_element et_pb_text et_pb_text_1  et_pb_text_align_left et_pb_bg_layout_light\">\n\t\t\t\t\n\t\t\t\t\n\t\t\t\t\n\t\t\t\t\n\t\t\t\t<div class=\"et_pb_text_inner\"><p style=\"text-align: justify\"><span style=\"font-family: arial, helvetica, sans-serif;font-size: large\"><b>Zeitmanagement ist grundlegend f\u00fcr eine gelingende Selbstorganisation. Ein paar Tipps und Tricks dazu gibt es in dieser\u00a0 Lerneinheit.<br \/> <\/b><\/span><\/p><\/div>\n\t\t\t<\/div>\n\t\t\t<\/div><div class=\"et_d4_element et_pb_column_1_5 et_pb_column et_pb_column_5  et_pb_css_mix_blend_mode et-last-child et_block_column et_pb_column_empty\">\n\t\t\t\t\n\t\t\t\t\n\t\t\t\t\n\t\t\t\t\n\t\t\t\t\n\t\t\t<\/div>\n\t\t\t\t\n\t\t\t\t\n\t\t\t\t\n\t\t\t\t\n\t\t\t<\/div><div class=\"et_d4_element et_pb_row et_pb_row_2  et_pb_css_mix_blend_mode et_block_row\">\n\t\t\t\t<div class=\"et_d4_element et_pb_column_2_5 et_pb_column et_pb_column_6  et_pb_css_mix_blend_mode et_block_column\">\n\t\t\t\t\n\t\t\t\t\n\t\t\t\t\n\t\t\t\t\n\t\t\t\t<div class=\"et_pb_module et_d4_element et_pb_image et_pb_image_1 et_pb_image_sticky\">\n\t\t\t\t\n\t\t\t\t\n\t\t\t\t\n\t\t\t\t\n\t\t\t\t<span class=\"et_pb_image_wrap \"><img loading=\"lazy\" decoding=\"async\" width=\"1035\" height=\"980\" src=\"https:\/\/blogs.uni-bremen.de\/kuwicapacities\/files\/2019\/03\/F4FF3408-51A0-4233-8C83-DB97B681941E.png\" alt=\"\" title=\"\" srcset=\"https:\/\/blogs.uni-bremen.de\/kuwicapacities\/files\/2019\/03\/F4FF3408-51A0-4233-8C83-DB97B681941E.png 1035w, https:\/\/blogs.uni-bremen.de\/kuwicapacities\/files\/2019\/03\/F4FF3408-51A0-4233-8C83-DB97B681941E-300x284.png 300w, https:\/\/blogs.uni-bremen.de\/kuwicapacities\/files\/2019\/03\/F4FF3408-51A0-4233-8C83-DB97B681941E-768x727.png 768w, https:\/\/blogs.uni-bremen.de\/kuwicapacities\/files\/2019\/03\/F4FF3408-51A0-4233-8C83-DB97B681941E-1024x970.png 1024w\" sizes=\"(max-width: 1035px) 100vw, 1035px\" class=\"wp-image-1334\" \/><\/span>\n\t\t\t<\/div><div class=\"et_pb_module et_d4_element et_pb_image et_pb_image_2 et_pb_image_sticky\">\n\t\t\t\t\n\t\t\t\t\n\t\t\t\t\n\t\t\t\t\n\t\t\t\t<span class=\"et_pb_image_wrap \"><img loading=\"lazy\" decoding=\"async\" width=\"1380\" height=\"1116\" src=\"https:\/\/blogs.uni-bremen.de\/kuwicapacities\/files\/2019\/03\/94AC9630-C85A-486E-9072-AB6A9F9F420C.png\" alt=\"\" title=\"\" srcset=\"https:\/\/blogs.uni-bremen.de\/kuwicapacities\/files\/2019\/03\/94AC9630-C85A-486E-9072-AB6A9F9F420C.png 1380w, https:\/\/blogs.uni-bremen.de\/kuwicapacities\/files\/2019\/03\/94AC9630-C85A-486E-9072-AB6A9F9F420C-300x243.png 300w, https:\/\/blogs.uni-bremen.de\/kuwicapacities\/files\/2019\/03\/94AC9630-C85A-486E-9072-AB6A9F9F420C-768x621.png 768w, https:\/\/blogs.uni-bremen.de\/kuwicapacities\/files\/2019\/03\/94AC9630-C85A-486E-9072-AB6A9F9F420C-1024x828.png 1024w, https:\/\/blogs.uni-bremen.de\/kuwicapacities\/files\/2019\/03\/94AC9630-C85A-486E-9072-AB6A9F9F420C-1080x873.png 1080w\" sizes=\"(max-width: 1380px) 100vw, 1380px\" class=\"wp-image-1336\" \/><\/span>\n\t\t\t<\/div><div class=\"et_pb_module et_d4_element et_pb_image et_pb_image_3\">\n\t\t\t\t\n\t\t\t\t\n\t\t\t\t\n\t\t\t\t\n\t\t\t\t<span class=\"et_pb_image_wrap \"><img loading=\"lazy\" decoding=\"async\" width=\"930\" height=\"1344\" src=\"https:\/\/blogs.uni-bremen.de\/kuwicapacities\/files\/2019\/03\/5A49DCEF-FF28-474D-AD99-4200155D543C.png\" alt=\"\" title=\"\" srcset=\"https:\/\/blogs.uni-bremen.de\/kuwicapacities\/files\/2019\/03\/5A49DCEF-FF28-474D-AD99-4200155D543C.png 930w, https:\/\/blogs.uni-bremen.de\/kuwicapacities\/files\/2019\/03\/5A49DCEF-FF28-474D-AD99-4200155D543C-208x300.png 208w, https:\/\/blogs.uni-bremen.de\/kuwicapacities\/files\/2019\/03\/5A49DCEF-FF28-474D-AD99-4200155D543C-768x1110.png 768w, https:\/\/blogs.uni-bremen.de\/kuwicapacities\/files\/2019\/03\/5A49DCEF-FF28-474D-AD99-4200155D543C-709x1024.png 709w\" sizes=\"(max-width: 930px) 100vw, 930px\" class=\"wp-image-1331\" \/><\/span>\n\t\t\t<\/div>\n\t\t\t<\/div><div class=\"et_d4_element et_pb_column_3_5 et_pb_column et_pb_column_7  et_pb_css_mix_blend_mode et-last-child et_block_column\">\n\t\t\t\t\n\t\t\t\t\n\t\t\t\t\n\t\t\t\t\n\t\t\t\t<div class=\"et_pb_module et_d4_element et_pb_text et_pb_text_2  et_pb_text_align_justified et_pb_bg_layout_light\">\n\t\t\t\t\n\t\t\t\t\n\t\t\t\t\n\t\t\t\t\n\t\t\t\t<div class=\"et_pb_text_inner\"><p><span style=\"font-weight: 400\">Im KuWi-Studium teilst du deine Zeit selbst ein. Je nachdem, ob du nach dem Verlaufsplan studierst, stehen ein paar Termine wie zum Beispiel Vorlesungszeiten fest. Aber niemand sagt dir, wann du die Texte daf\u00fcr lesen oder Referate vorbereiten sollst.<\/span><\/p>\n<p><span style=\"font-weight: 400\">Das ist zugleich Fluch und Segen. Es ist sch\u00f6n, in der Hand zu haben, was du mit deiner Zeit machst, wann du arbeitest und chillst oder wie lange du schl\u00e4fst. Nicht umsonst behalten viele Menschen das Studium als eine sehr sch\u00f6ne Zeit in Erinnerung.<\/span><span style=\"font-size: 16px\">\u00a0<\/span><\/p>\n<p><span style=\"font-weight: 400\">Freies Zeiteinteilen hat aber auch seine T\u00fccken. An der Uni sind zwei Extreme besonders ausgepr\u00e4gt: Leute haben oft zu viel auf dem Plan. Zahlreiche Uni-Veranstaltungen und andere Verpflichtungen halten Studierende st\u00e4ndig in Atem. Der Druck m\u00f6glichst produktiv zu sein steigt immer weiter an. Hauptsache schnell studieren! \u00dcberforderung ist da fast vorprogrammiert. Gleichzeitig lassen wir uns leicht ablenken und schieben Aufgaben auf. Ein gro\u00dfer Teil unserer Zeit versickert in Netflix, Youtube, Instagram oder Spieleapps. Wir k\u00f6nnen uns aber auch durch vermeintlich sinnvolle T\u00e4tigkeiten wie Putzen und Aufr\u00e4umen ablenken. Hauptsache nicht<\/span><i><span style=\"font-weight: 400\"> jetzt<\/span><\/i><span style=\"font-weight: 400\"> mit den eigentlichen Aufgaben anfangen.<\/span><span style=\"font-size: 16px\">\u00a0<\/span><\/p>\n<p><span style=\"font-weight: 400\">Stress und Prokrastination sind beide frustrierend. Deswegen ist Zeitplanung im Studium so wichtig. Im Wesentlichen geht es darum, dass du lernst, sinnvoll mit deinen 24 Stunden pro Tag umzugehen. Finde heraus, was f\u00fcr dich pers\u00f6nlich funktioniert. Um dir dabei zu helfen, haben wir ein paar Anregungen zusammengetragen:<\/span>\u00a0<\/p><\/div>\n\t\t\t<\/div>\n\t\t\t<\/div>\n\t\t\t\t\n\t\t\t\t\n\t\t\t\t\n\t\t\t\t\n\t\t\t<\/div><div class=\"et_pb_with_border et_d4_element et_pb_row et_pb_row_3 et_pb_gutters4  et_pb_css_mix_blend_mode et_block_row\">\n\t\t\t\t<div class=\"et_d4_element et_pb_column_1_2 et_pb_column et_pb_column_8  et_pb_css_mix_blend_mode et_block_column\">\n\t\t\t\t\n\t\t\t\t\n\t\t\t\t\n\t\t\t\t\n\t\t\t\t<div class=\"et_pb_module et_d4_element et_pb_text et_pb_text_3  et_pb_text_align_justified et_pb_bg_layout_light\">\n\t\t\t\t\n\t\t\t\t\n\t\t\t\t\n\t\t\t\t\n\t\t\t\t<div class=\"et_pb_text_inner\"><p><strong><span style=\"font-size: x-large\">1<\/span>.\u00a0<\/strong><span style=\"font-size: 16px\"><strong>\u00dcberlege ganz grundlegend, wann du w\u00f6chentlich arbeitest<\/strong>. Gerade am Anfang des Studiums kannst du f\u00fcr dich selbst schauen, was du da f\u00fcr ein Typ bist.<\/span><\/p>\n<p><span style=\"font-weight: 400\">Manche Menschen k\u00f6nnen sich am besten abends oder nachts konzentrieren. Tags\u00fcber ist dann oft Ausschlafen angesagt, und Referate lassen sich gut am Wochenende vorbereiten.<\/span><\/p>\n<p><span style=\"font-weight: 400\">Vielleicht geh\u00f6rst du aber auch zu den Leuten, die eine klare Struktur brauchen. Dann hilft es, dir wie bei einem Job feste Zeiten einzuteilen. Du kannst etwa von Montag bis Freitag tags\u00fcber an Uni-Sachen arbeiten. Abends und am Wochenende nimmst du dir dann Zeit f\u00fcr andere Lebensbereiche. Halte dich dann an deine selbstgesteckten Grenzen!<\/span><\/p>\n<p><span style=\"font-weight: 400\"><strong>Plane auch Pausen ein.<\/strong> Seien es Pausen im Tagesverlauf, Wochenenden, Urlaubstage oder genug Schlaf: es ist wichtig, dich zwischendurch gut zu erholen.<\/span><\/p>\n<p><strong><\/strong><\/p><\/div>\n\t\t\t<\/div><div class=\"et_pb_module et_d4_element et_pb_text et_pb_text_4  et_pb_text_align_justified et_pb_bg_layout_light\">\n\t\t\t\t\n\t\t\t\t\n\t\t\t\t\n\t\t\t\t\n\t\t\t\t<div class=\"et_pb_text_inner\"><p><span><strong><span style=\"font-size: x-large\">2<\/span>.\u00a0Lerne, den \u00dcberblick \u00fcber Aufgaben und Termine zu behalten<span style=\"font-weight: 400\">. Beispielsweise hilft es, wenn du dir jeweils am Anfang des Semesters vor Augen zu f\u00fchrst, was du f\u00fcr welchen Kurs machen musst. So kannst du Aufgaben und Fristen \u00fcber das Semester verteilen. Schreib Referatstermine und Abgabefristen aller Kurse zusammen, um den \u00dcberblick zu behalten.<\/span><\/strong><\/span><\/p><\/div>\n\t\t\t<\/div><div class=\"et_pb_module et_d4_element et_pb_toggle et_pb_toggle_0 et_pb_toggle_item  et_pb_toggle_close\">\n\t\t\t\t\n\t\t\t\t\n\t\t\t\t\n\t\t\t\t\n\t\t\t\t<h6 class=\"et_pb_toggle_title\">Um den \u00dcberblick und die Ruhe zu bewahren, helfen nat\u00fcrlich Kalender.<\/h6>\n\t\t\t\t<div class=\"et_pb_toggle_content clearfix\"><p><span style=\"font-weight: 400\"><span style=\"color: #2ea3f2\"><strong>&gt;<\/strong><\/span> <strong>Taschenkalender<\/strong>: Hier kannst alles reinschreiben und rumkritzeln. Wenn du zusammenh\u00e4ngende Aufgaben und Notizen auf ein Blatt schreibst, beh\u00e4ltst du die \u00dcbersicht. Dabei spielt auch das Haptische an einem Papierkalender eine Rolle. Dar\u00fcber hinaus ist er nicht von schlechten Handyakkus abh\u00e4ngig.<\/span><\/p>\n<p><span style=\"font-weight: 400\"><span style=\"color: #2ea3f2\"><strong>&gt;<\/strong><\/span> <strong>Handykalender:<\/strong> Den hast du mit Smartphone immer parat. Termine und Aufgaben kannst du flexibel hinzuf\u00fcgen und \u00e4ndern. Aufgaben kannst du direkt bestimmten Tagen zuweisen und wegklicken, wenn du sie erledigt hast. Die Kalender gehen kontinuierlich weiter, ohne dass du sie nach einem Jahr wechseln musst. Au\u00dferdem erinnern dich Handykalender dich an deine Termine und Aufgaben.<\/span><\/p>\n<p><span style=\"font-weight: 400\"><span style=\"color: #2ea3f2\"><strong>&gt;<\/strong><\/span> <strong>Bullet Journal: <\/strong>Das ist ein Notizbuch, in dem du dir monatlich Aufgaben und Ziele aufschreibst. Diese brichst du auf kleinere Aufgaben runter und listest sie \u00fcbersichtlich auf.<\/span><\/p><\/div>\n\t\t\t<\/div>\n\t\t\t<\/div><div class=\"et_d4_element et_pb_column_1_2 et_pb_column et_pb_column_9  et_pb_css_mix_blend_mode et-last-child et_block_column\">\n\t\t\t\t\n\t\t\t\t\n\t\t\t\t\n\t\t\t\t\n\t\t\t\t<div class=\"et_pb_module et_d4_element et_pb_text et_pb_text_5  et_pb_text_align_justified et_pb_bg_layout_light\">\n\t\t\t\t\n\t\t\t\t\n\t\t\t\t\n\t\t\t\t\n\t\t\t\t<div class=\"et_pb_text_inner\"><p><span><strong><span style=\"font-size: x-large\">3<\/span>. \u00dcberlege, wann du unter der Woche f\u00fcr welche Aufgaben Zeit findest.<span style=\"font-weight: 400\"> Erstelle dir gegebenenfalls einen Stundenplan, in dem du bestimmte Aufgaben bestimmten Zeitfenstern zuweist \u2013 beispielsweise immer dienstagnachmittags die Texte f\u00fcr Seminar X zu lesen.<\/span><\/strong><\/span><\/p><\/div>\n\t\t\t<\/div><div class=\"et_pb_module et_d4_element et_pb_text et_pb_text_6  et_pb_text_align_justified et_pb_bg_layout_light\">\n\t\t\t\t\n\t\t\t\t\n\t\t\t\t\n\t\t\t\t\n\t\t\t\t<div class=\"et_pb_text_inner\"><p><span><strong><span style=\"font-size: x-large\">4<\/span>. D<\/strong><\/span><span style=\"font-weight: 400\"><strong>enke bei der Zeitplanung dein ganzes Leben mit<\/strong>: neben der Uni gehst du vielleicht einem Nebenjob nach oder bist f\u00fcr deinen eigenen Haushalt verantwortlich. Soziale Kontakte zu pflegen ist ebenso wichtig, genauso wie dich um deine Gesundheit zu k\u00fcmmern. Auch Sport und Engagement k\u00f6nnen ein wichtiger Bestandteil deines Lebens sein. Gerade, wenn du einen vollen Kalender hast, plane all das aktiv mit ein.<\/span><\/p>\n<p><span style=\"font-weight: 400\"><strong>Nimm nur so viele Aufgaben an, wie du schaffen kannst.<\/strong> Falls du einen zeitintensiven Nebenjob, Kinder oder andere Verpflichtungen hast, ber\u00fccksichtige das bei deiner Zeitplanung f\u00fcr die Uni. Je anspruchsvoller dein au\u00dferuniversit\u00e4res Leben ist, desto ratsamer ist es, die Zahl der Kurse pro Semester zu reduzieren. Dann h\u00e4ngst du eben ein paar Semester an die Regelstudienzeit ran. F\u00fcr manche unter euch klingt das vielleicht utopisch, aber es geht. Damit w\u00e4rst du definitiv nicht alleine. \u00a0Rede mit anderen dar\u00fcber und nutze die Beratungsangebote diesbez\u00fcglich.<\/span><\/p>\n<p><span><strong><\/strong><\/span><\/p>\n<p><strong><\/strong><\/p><\/div>\n\t\t\t<\/div>\n\t\t\t<\/div>\n\t\t\t\t\n\t\t\t\t\n\t\t\t\t\n\t\t\t\t\n\t\t\t<\/div>\n\t\t\t\t\n\t\t\t\t\n\t\t\t<\/div><\/p>\n","protected":false},"excerpt":{"rendered":"","protected":false},"author":7083,"featured_media":0,"parent":7,"menu_order":0,"comment_status":"open","ping_status":"closed","template":"page-template-blank.php","meta":{"_bbp_topic_count":0,"_bbp_reply_count":0,"_bbp_total_topic_count":0,"_bbp_total_reply_count":0,"_bbp_voice_count":0,"_bbp_anonymous_reply_count":0,"_bbp_topic_count_hidden":0,"_bbp_reply_count_hidden":0,"_bbp_forum_subforum_count":0,"_et_pb_use_builder":"on","_et_pb_old_content":"","_et_gb_content_width":"","footnotes":""},"class_list":["post-866","page","type-page","status-publish","hentry"],"_links":{"self":[{"href":"https:\/\/blogs.uni-bremen.de\/kuwicapacities\/wp-json\/wp\/v2\/pages\/866","targetHints":{"allow":["GET"]}}],"collection":[{"href":"https:\/\/blogs.uni-bremen.de\/kuwicapacities\/wp-json\/wp\/v2\/pages"}],"about":[{"href":"https:\/\/blogs.uni-bremen.de\/kuwicapacities\/wp-json\/wp\/v2\/types\/page"}],"author":[{"embeddable":true,"href":"https:\/\/blogs.uni-bremen.de\/kuwicapacities\/wp-json\/wp\/v2\/users\/7083"}],"replies":[{"embeddable":true,"href":"https:\/\/blogs.uni-bremen.de\/kuwicapacities\/wp-json\/wp\/v2\/comments?post=866"}],"version-history":[{"count":10,"href":"https:\/\/blogs.uni-bremen.de\/kuwicapacities\/wp-json\/wp\/v2\/pages\/866\/revisions"}],"predecessor-version":[{"id":2875,"href":"https:\/\/blogs.uni-bremen.de\/kuwicapacities\/wp-json\/wp\/v2\/pages\/866\/revisions\/2875"}],"up":[{"embeddable":true,"href":"https:\/\/blogs.uni-bremen.de\/kuwicapacities\/wp-json\/wp\/v2\/pages\/7"}],"wp:attachment":[{"href":"https:\/\/blogs.uni-bremen.de\/kuwicapacities\/wp-json\/wp\/v2\/media?parent=866"}],"curies":[{"name":"wp","href":"https:\/\/api.w.org\/{rel}","templated":true}]}}