{"id":864,"date":"2018-11-20T11:21:31","date_gmt":"2018-11-20T10:21:31","guid":{"rendered":"https:\/\/blogs.uni-bremen.de\/kuwicapacities\/?page_id=864"},"modified":"2019-11-12T17:50:37","modified_gmt":"2019-11-12T16:50:37","slug":"selbstorganisation","status":"publish","type":"page","link":"https:\/\/blogs.uni-bremen.de\/kuwicapacities\/startseite\/selbstorganisation\/","title":{"rendered":"Selbstorganisation"},"content":{"rendered":"<p><div class=\"et_d4_element et_pb_section et_pb_section_0 et_pb_with_background  et_pb_css_mix_blend_mode et_section_regular et_block_section\" >\n\t\t\t\t\n\t\t\t\t\n\t\t\t\t\n\t\t\t\t\n\t\t\t\t\n\t\t\t\t\n\t\t\t\t<div class=\"et_d4_element et_pb_row et_pb_row_0 et_pb_gutters2  et_pb_css_mix_blend_mode et_block_row\">\n\t\t\t\t<div class=\"et_d4_element et_pb_column_1_3 et_pb_column et_pb_column_0  et_pb_css_mix_blend_mode et_block_column\">\n\t\t\t\t\n\t\t\t\t\n\t\t\t\t\n\t\t\t\t\n\t\t\t\t<div class=\"et_pb_button_module_wrapper et_pb_button_0_wrapper et_pb_button_alignment_center et_pb_module \">\n\t\t\t\t<a class=\"et_pb_button et_d4_element et_pb_button_0 et_hover_enabled et_pb_bg_layout_light et_block_module\" href=\"https:\/\/blogs.uni-bremen.de\/kuwicapacities\/startseite\/kulturwissenschaftliche-fragestellung\/\">Fragestellung<\/a>\n\t\t\t<\/div><div class=\"et_pb_button_module_wrapper et_pb_button_1_wrapper et_pb_button_alignment_left et_pb_module \">\n\t\t\t\t<a class=\"et_pb_button et_d4_element et_pb_button_1 et_hover_enabled et_pb_bg_layout_light et_block_module\" href=\"https:\/\/blogs.uni-bremen.de\/kuwicapacities\/startseite\/selbstorganisation\/\">Selbstorganisation<\/a>\n\t\t\t<\/div><div class=\"et_pb_button_module_wrapper et_pb_button_2_wrapper et_pb_button_alignment_left et_pb_module \">\n\t\t\t\t<a class=\"et_pb_button et_d4_element et_pb_button_2 et_hover_enabled et_pb_bg_layout_light et_block_module\" href=\"https:\/\/blogs.uni-bremen.de\/kuwicapacities\/startseite\/arbeiten-mit-literatur\/\">Arbeit mit Literatur<\/a>\n\t\t\t<\/div><div class=\"et_pb_button_module_wrapper et_pb_button_3_wrapper et_pb_button_alignment_right et_pb_module \">\n\t\t\t\t<a class=\"et_pb_button et_d4_element et_pb_button_3 et_hover_enabled et_pb_bg_layout_dark et_block_module\" href=\"https:\/\/blogs.uni-bremen.de\/kuwicapacities\/schreibprozess\/\">Schreibprozess<\/a>\n\t\t\t<\/div>\n\t\t\t<\/div><div class=\"et_d4_element et_pb_column_1_3 et_pb_column et_pb_column_1  et_pb_css_mix_blend_mode et_block_column\">\n\t\t\t\t\n\t\t\t\t\n\t\t\t\t\n\t\t\t\t\n\t\t\t\t<div class=\"et_pb_module et_d4_element et_pb_text et_pb_text_0  et_pb_text_align_center et_pb_bg_layout_light\">\n\t\t\t\t\n\t\t\t\t\n\t\t\t\t\n\t\t\t\t\n\t\t\t\t<div class=\"et_pb_text_inner\"><h1>Selbstorganisation<\/h1><\/div>\n\t\t\t<\/div>\n\t\t\t<\/div><div class=\"et_d4_element et_pb_column_1_3 et_pb_column et_pb_column_2  et_pb_css_mix_blend_mode et-last-child et_block_column\">\n\t\t\t\t\n\t\t\t\t\n\t\t\t\t\n\t\t\t\t\n\t\t\t\t<div class=\"et_pb_module et_d4_element et_pb_image et_pb_image_0\">\n\t\t\t\t\n\t\t\t\t\n\t\t\t\t\n\t\t\t\t\n\t\t\t\t<a href=\"https:\/\/blogs.uni-bremen.de\/kuwicapacities\/\"><span class=\"et_pb_image_wrap \"><img loading=\"lazy\" decoding=\"async\" width=\"1600\" height=\"700\" src=\"https:\/\/blogs.uni-bremen.de\/kuwicapacities\/files\/2019\/08\/kuwilogo22_optimiert.png\" alt=\"\" title=\"\" srcset=\"https:\/\/blogs.uni-bremen.de\/kuwicapacities\/files\/2019\/08\/kuwilogo22_optimiert.png 1600w, https:\/\/blogs.uni-bremen.de\/kuwicapacities\/files\/2019\/08\/kuwilogo22_optimiert-1280x560.png 1280w, https:\/\/blogs.uni-bremen.de\/kuwicapacities\/files\/2019\/08\/kuwilogo22_optimiert-980x429.png 980w, https:\/\/blogs.uni-bremen.de\/kuwicapacities\/files\/2019\/08\/kuwilogo22_optimiert-480x210.png 480w\" sizes=\"(min-width: 0px) and (max-width: 480px) 480px, (min-width: 481px) and (max-width: 980px) 980px, (min-width: 981px) and (max-width: 1280px) 1280px, (min-width: 1281px) 1600px, 100vw\" class=\"wp-image-1713\" \/><\/span><\/a>\n\t\t\t<\/div>\n\t\t\t<\/div>\n\t\t\t\t\n\t\t\t\t\n\t\t\t\t\n\t\t\t\t\n\t\t\t<\/div>\n\t\t\t\t\n\t\t\t\t\n\t\t\t<\/div><div class=\"et_d4_element et_pb_section et_pb_section_1  et_pb_css_mix_blend_mode et_section_regular et_block_section\" >\n\t\t\t\t\n\t\t\t\t\n\t\t\t\t\n\t\t\t\t\n\t\t\t\t\n\t\t\t\t\n\t\t\t\t<div class=\"et_d4_element et_pb_row et_pb_row_1  et_pb_css_mix_blend_mode et_block_row\">\n\t\t\t\t<div class=\"et_d4_element et_pb_column_4_4 et_pb_column et_pb_column_3  et_pb_css_mix_blend_mode et-last-child et_block_column\">\n\t\t\t\t\n\t\t\t\t\n\t\t\t\t\n\t\t\t\t\n\t\t\t\t<div class=\"et_pb_module et_d4_element et_pb_text et_pb_text_1  et_pb_text_align_justified et_pb_bg_layout_light\">\n\t\t\t\t\n\t\t\t\t\n\t\t\t\t\n\t\t\t\t\n\t\t\t\t<div class=\"et_pb_text_inner\"><p><span style=\"font-family: arial, helvetica, sans-serif;font-size: 14pt\"><strong>Selbstorganisation ist eine wichtige Aufgabe im Studium. Wie wir das gut hinbekommen, zeigen wir dir in dem folgenden Text und Video.\u00a0<\/strong><\/span><\/p>\n<p style=\"text-align: justify\"><span style=\"color: #000000;font-family: arial, helvetica, sans-serif;font-size: 14pt\"><span lang=\"en-US\"><\/span><\/span><\/p>\n<p style=\"text-align: justify\"><span style=\"color: #000000;font-family: arial, helvetica, sans-serif;font-size: 14pt\"><span lang=\"en-US\"><\/span><\/span><\/p>\n<p style=\"text-align: center\"><span style=\"color: #000000;font-family: arial, helvetica, sans-serif;font-size: 14pt\"><\/span><\/p><\/div>\n\t\t\t<\/div>\n\t\t\t<\/div>\n\t\t\t\t\n\t\t\t\t\n\t\t\t\t\n\t\t\t\t\n\t\t\t<\/div><div class=\"et_d4_element et_pb_row et_pb_row_2  et_pb_css_mix_blend_mode et_block_row\">\n\t\t\t\t<div class=\"et_d4_element et_pb_column_1_2 et_pb_column et_pb_column_4  et_pb_css_mix_blend_mode et_block_column\">\n\t\t\t\t\n\t\t\t\t\n\t\t\t\t\n\t\t\t\t\n\t\t\t\t<div class=\"et_pb_module et_d4_element et_pb_text et_pb_text_2  et_pb_text_align_left et_pb_bg_layout_light\">\n\t\t\t\t\n\t\t\t\t\n\t\t\t\t\n\t\t\t\t\n\t\t\t\t<div class=\"et_pb_text_inner\"><p style=\"text-align: justify\"><span style=\"font-weight: 400\">Das Studium ist eine spannende und aufregende Zeit. Es kommt ganz darauf an, ob du sie genie\u00dft oder dich durchhetzt. Ein Knackpunkt dabei ist, ob und wie du dich selbst organisierst. <\/span><\/p>\n<p style=\"text-align: justify\"><span style=\"font-weight: 400\">In der Uni stellst du deinen Stundenplan selber zusammen. Zwar gibt es Seminare und Vorlesungen, die du im Laufe deines Studiums besuchen musst. Aber in der Regel entscheidest du, was du wann machst. Der Modulplan in Kulturwissenschaft dient als Orientierung. W\u00e4hle das, was gerade in deinen Zeitplan passt und was du interessant findest. Es ist <\/span><i><span style=\"font-weight: 400\">dein<\/span><\/i><span style=\"font-weight: 400\"> Studium und du entscheidest, was daraus wird.<\/span><\/p><\/div>\n\t\t\t<\/div><div class=\"et_pb_module et_d4_element et_pb_text et_pb_text_3  et_pb_text_align_left et_pb_bg_layout_light\">\n\t\t\t\t\n\t\t\t\t\n\t\t\t\t\n\t\t\t\t\n\t\t\t\t<div class=\"et_pb_text_inner\"><p><iframe src='https:\/\/ml.zmml.uni-bremen.de\/iframe\/5dad69b0d42f1c56778b45bc' id='paellaiframe' frameborder='0' border='0' width='100%' onload='resizeFrameML(this)' height='500px' allowfullscreen> <\/iframe><\/p><\/div>\n\t\t\t<\/div>\n\t\t\t<\/div><div class=\"et_d4_element et_pb_column_1_2 et_pb_column et_pb_column_5  et_pb_css_mix_blend_mode et-last-child et_block_column\">\n\t\t\t\t\n\t\t\t\t\n\t\t\t\t\n\t\t\t\t\n\t\t\t\t<div class=\"et_pb_with_border et_pb_module et_d4_element et_pb_text et_pb_text_4  et_pb_text_align_left et_pb_bg_layout_light\">\n\t\t\t\t\n\t\t\t\t\n\t\t\t\t\n\t\t\t\t\n\t\t\t\t<div class=\"et_pb_text_inner\"><h3><span style=\"font-weight: 400\">Wichtige Tipps<br \/> <\/span><\/h3>\n<p><span style=\"font-weight: 400\"><span style=\"color: #2ea3f2\"><strong>&gt;<\/strong><\/span>\u00a0Beh<\/span><span style=\"font-weight: 400\">alte \u00dcberblick \u00fcber deine Termine (siehe <a href=\"https:\/\/blogs.uni-bremen.de\/kuwicapacities\/startseite\/zeitmanagement\/\">Zeitmanagement<\/a>)<\/span><\/p>\n<p><span style=\"font-weight: 400\"><span style=\"color: #2ea3f2\"><strong>&gt;<\/strong><\/span> Finde einen Ausgleich zum Unialltag wie Sport zu machen, deine Freunde zu treffen oder deinen Hobbys nachzugehen \u00a0\u2013 auch und gerade in stressigen Zeiten<\/span><\/p>\n<p><span style=\"font-weight: 400\"><span style=\"color: #2ea3f2\"><strong>&gt; <\/strong><\/span>Im Unialltag und bei Abgaben k\u00f6nnen Arbeitspartner*innen (Schreibgruppen, Lerngruppen, Tandem) helfen<\/span><\/p>\n<p><span style=\"font-weight: 400\"><span style=\"color: #2ea3f2\"><strong>&gt;<\/strong><\/span>\u00a0Finde heraus, wann, wo und wie lange du am besten arbeiten kannst. Probiere auch neue Orte und Zeiten aus, vielleicht klappt es dann (noch) besser<\/span><\/p>\n<p><span style=\"font-weight: 400\"><span style=\"color: #2ea3f2\"><strong>&gt;<\/strong><\/span> Beim Arbeiten kann es helfen, St\u00f6rfaktoren zu minimieren. Manche k\u00f6nnen aber auch in lebendigen Umgebungen besser arbeiten.<\/span><\/p>\n<p><span style=\"font-weight: 400\"><span style=\"color: #2ea3f2\"><strong>&gt;<\/strong><\/span>\u00a0Wenn dir alles \u00fcber den Kopf w\u00e4chst, suche dir jemanden zum reden, das k\u00f6nnen Freund*innen sein, Eltern oder die <a href=\"https:\/\/www.stw-bremen.de\/de\/beratung-soziales\/psychologische-beratung\">psychologische Beratungsstelle (PBS)<\/a> an der Uni.<\/span><\/p><\/div>\n\t\t\t<\/div>\n\t\t\t<\/div>\n\t\t\t\t\n\t\t\t\t\n\t\t\t\t\n\t\t\t\t\n\t\t\t<\/div><div class=\"et_d4_element et_pb_row et_pb_row_3  et_pb_css_mix_blend_mode et_block_row\">\n\t\t\t\t<div class=\"et_d4_element et_pb_column_4_4 et_pb_column et_pb_column_6  et_pb_css_mix_blend_mode et-last-child et_block_column\">\n\t\t\t\t\n\t\t\t\t\n\t\t\t\t\n\t\t\t\t\n\t\t\t\t<div class=\"et_pb_module et_d4_element et_pb_blurb et_pb_blurb_0  et_pb_text_align_left  et_pb_blurb_position_left et_block_module et_pb_bg_layout_light\">\n\t\t\t\t\n\t\t\t\t\n\t\t\t\t\n\t\t\t\t\n\t\t\t\t<div class=\"et_pb_blurb_content\">\n\t\t\t\t\t<div class=\"et_pb_main_blurb_image et_pb_css_mix_blend_mode\"><span class=\"et_pb_image_wrap\"><span class=\"et-waypoint et_pb_animation_top et_pb_animation_top_tablet et_pb_animation_top_phone et-pb-icon\">&#xe057;<\/span><\/span><\/div>\n\t\t\t\t\t<div class=\"et_pb_blurb_container\">\n\t\t\t\t\t\t\n\t\t\t\t\t\t<div class=\"et_pb_blurb_description\"><p><strong><span style=\"color: #004b96\">Wie organisierst du dich selber (mit welchen Gadgets, Techniken, Tricks)? Was funktioniert schon gut und wo k\u00f6nnest du dich noch verbessern?<\/span><\/strong><\/p>\n<p><span style=\"font-size: large\"><strong><span style=\"color: #004b96\">Schreibe einen Reflexionsbericht von 400 - 500 W\u00f6rtern dar\u00fcber, wie du dich selbst organisierst und bringe diesen mit ins n\u00e4chste Lab (19.11).<\/span><\/strong><\/span><\/p><\/div>\n\t\t\t\t\t<\/div>\n\t\t\t\t<\/div>\n\t\t\t<\/div>\n\t\t\t<\/div>\n\t\t\t\t\n\t\t\t\t\n\t\t\t\t\n\t\t\t\t\n\t\t\t<\/div><div class=\"et_d4_element et_pb_row et_pb_row_4  et_pb_css_mix_blend_mode et_block_row\">\n\t\t\t\t<div class=\"et_d4_element et_pb_column_4_4 et_pb_column et_pb_column_7  et_pb_css_mix_blend_mode et-last-child et_block_column\">\n\t\t\t\t\n\t\t\t\t\n\t\t\t\t\n\t\t\t\t\n\t\t\t\t<div class=\"et_pb_module et_d4_element et_pb_comments_0  et_pb_css_mix_blend_mode et_pb_comments_module  et_pb_text_align_left et_pb_bg_layout_light et_block_module\" data-icon=\"&#xe057;\">\n\t\t\t\t\n\t\t\t\t\n\t\t\t\t\n\t\t\t\t\n\t\t\t\t\n\t\t\t<\/div>\n\t\t\t<\/div>\n\t\t\t\t\n\t\t\t\t\n\t\t\t\t\n\t\t\t\t\n\t\t\t<\/div>\n\t\t\t\t\n\t\t\t\t\n\t\t\t<\/div><div class=\"et_d4_element et_pb_section et_pb_section_2  et_pb_css_mix_blend_mode et_section_regular et_block_section\" >\n\t\t\t\t\n\t\t\t\t\n\t\t\t\t\n\t\t\t\t\n\t\t\t\t\n\t\t\t\t\n\t\t\t\t<div class=\"et_d4_element et_pb_row et_pb_row_5  et_pb_css_mix_blend_mode et_block_row\">\n\t\t\t\t<div class=\"et_d4_element et_pb_column_4_4 et_pb_column et_pb_column_8  et_pb_css_mix_blend_mode et-last-child et_block_column\">\n\t\t\t\t\n\t\t\t\t\n\t\t\t\t\n\t\t\t\t\n\t\t\t\t<div class=\"et_pb_module et_d4_element et_pb_image et_pb_image_1\">\n\t\t\t\t\n\t\t\t\t\n\t\t\t\t\n\t\t\t\t\n\t\t\t\t<span class=\"et_pb_image_wrap \"><img loading=\"lazy\" decoding=\"async\" width=\"3300\" height=\"900\" src=\"https:\/\/blogs.uni-bremen.de\/kuwicapacities\/files\/2018\/11\/kuwisillouette8.png\" alt=\"\" title=\"\" srcset=\"https:\/\/blogs.uni-bremen.de\/kuwicapacities\/files\/2018\/11\/kuwisillouette8.png 3300w, https:\/\/blogs.uni-bremen.de\/kuwicapacities\/files\/2018\/11\/kuwisillouette8-300x82.png 300w, https:\/\/blogs.uni-bremen.de\/kuwicapacities\/files\/2018\/11\/kuwisillouette8-768x209.png 768w, https:\/\/blogs.uni-bremen.de\/kuwicapacities\/files\/2018\/11\/kuwisillouette8-1024x279.png 1024w, https:\/\/blogs.uni-bremen.de\/kuwicapacities\/files\/2018\/11\/kuwisillouette8-1080x295.png 1080w\" sizes=\"(max-width: 3300px) 100vw, 3300px\" class=\"wp-image-974\" \/><\/span>\n\t\t\t<\/div>\n\t\t\t<\/div>\n\t\t\t\t\n\t\t\t\t\n\t\t\t\t\n\t\t\t\t\n\t\t\t<\/div>\n\t\t\t\t\n\t\t\t\t\n\t\t\t<\/div><\/p>\n","protected":false},"excerpt":{"rendered":"","protected":false},"author":7083,"featured_media":0,"parent":7,"menu_order":0,"comment_status":"open","ping_status":"closed","template":"page-template-blank.php","meta":{"_bbp_topic_count":0,"_bbp_reply_count":0,"_bbp_total_topic_count":0,"_bbp_total_reply_count":0,"_bbp_voice_count":0,"_bbp_anonymous_reply_count":0,"_bbp_topic_count_hidden":0,"_bbp_reply_count_hidden":0,"_bbp_forum_subforum_count":0,"_et_pb_use_builder":"on","_et_pb_old_content":"","_et_gb_content_width":"","footnotes":""},"class_list":["post-864","page","type-page","status-publish","hentry"],"_links":{"self":[{"href":"https:\/\/blogs.uni-bremen.de\/kuwicapacities\/wp-json\/wp\/v2\/pages\/864","targetHints":{"allow":["GET"]}}],"collection":[{"href":"https:\/\/blogs.uni-bremen.de\/kuwicapacities\/wp-json\/wp\/v2\/pages"}],"about":[{"href":"https:\/\/blogs.uni-bremen.de\/kuwicapacities\/wp-json\/wp\/v2\/types\/page"}],"author":[{"embeddable":true,"href":"https:\/\/blogs.uni-bremen.de\/kuwicapacities\/wp-json\/wp\/v2\/users\/7083"}],"replies":[{"embeddable":true,"href":"https:\/\/blogs.uni-bremen.de\/kuwicapacities\/wp-json\/wp\/v2\/comments?post=864"}],"version-history":[{"count":10,"href":"https:\/\/blogs.uni-bremen.de\/kuwicapacities\/wp-json\/wp\/v2\/pages\/864\/revisions"}],"predecessor-version":[{"id":3057,"href":"https:\/\/blogs.uni-bremen.de\/kuwicapacities\/wp-json\/wp\/v2\/pages\/864\/revisions\/3057"}],"up":[{"embeddable":true,"href":"https:\/\/blogs.uni-bremen.de\/kuwicapacities\/wp-json\/wp\/v2\/pages\/7"}],"wp:attachment":[{"href":"https:\/\/blogs.uni-bremen.de\/kuwicapacities\/wp-json\/wp\/v2\/media?parent=864"}],"curies":[{"name":"wp","href":"https:\/\/api.w.org\/{rel}","templated":true}]}}