{"id":857,"date":"2018-11-20T11:18:06","date_gmt":"2018-11-20T10:18:06","guid":{"rendered":"https:\/\/blogs.uni-bremen.de\/kuwicapacities\/?page_id=857"},"modified":"2019-11-18T16:09:36","modified_gmt":"2019-11-18T15:09:36","slug":"lesen","status":"publish","type":"page","link":"https:\/\/blogs.uni-bremen.de\/kuwicapacities\/startseite\/lesen\/","title":{"rendered":"Lesen"},"content":{"rendered":"<p><div class=\"et_d4_element et_pb_section et_pb_section_0 et_pb_with_background  et_pb_css_mix_blend_mode et_section_regular et_block_section\" >\n\t\t\t\t\n\t\t\t\t\n\t\t\t\t\n\t\t\t\t\n\t\t\t\t\n\t\t\t\t\n\t\t\t\t<div class=\"et_d4_element et_pb_row et_pb_row_0 et_pb_gutters2  et_pb_css_mix_blend_mode et_block_row\">\n\t\t\t\t<div class=\"et_d4_element et_pb_column_1_3 et_pb_column et_pb_column_0  et_pb_css_mix_blend_mode et_block_column\">\n\t\t\t\t\n\t\t\t\t\n\t\t\t\t\n\t\t\t\t\n\t\t\t\t<div class=\"et_pb_button_module_wrapper et_pb_button_0_wrapper et_pb_button_alignment_center et_pb_module \">\n\t\t\t\t<a class=\"et_pb_button et_d4_element et_pb_button_0 et_hover_enabled et_pb_bg_layout_light et_block_module\" href=\"https:\/\/blogs.uni-bremen.de\/kuwicapacities\/startseite\/kulturwissenschaftliche-fragestellung\/\">Fragestellung<\/a>\n\t\t\t<\/div><div class=\"et_pb_button_module_wrapper et_pb_button_1_wrapper et_pb_button_alignment_left et_pb_module \">\n\t\t\t\t<a class=\"et_pb_button et_d4_element et_pb_button_1 et_hover_enabled et_pb_bg_layout_light et_block_module\" href=\"https:\/\/blogs.uni-bremen.de\/kuwicapacities\/startseite\/selbstorganisation\/\">Selbstorganisation<\/a>\n\t\t\t<\/div><div class=\"et_pb_button_module_wrapper et_pb_button_2_wrapper et_pb_button_alignment_left et_pb_module \">\n\t\t\t\t<a class=\"et_pb_button et_d4_element et_pb_button_2 et_hover_enabled et_pb_bg_layout_light et_block_module\" href=\"https:\/\/blogs.uni-bremen.de\/kuwicapacities\/startseite\/arbeiten-mit-literatur\/\">Arbeit mit Literatur<\/a>\n\t\t\t<\/div><div class=\"et_pb_button_module_wrapper et_pb_button_3_wrapper et_pb_button_alignment_right et_pb_module \">\n\t\t\t\t<a class=\"et_pb_button et_d4_element et_pb_button_3 et_hover_enabled et_pb_bg_layout_dark et_block_module\" href=\"https:\/\/blogs.uni-bremen.de\/kuwicapacities\/schreibprozess\/\">Schreibprozess<\/a>\n\t\t\t<\/div>\n\t\t\t<\/div><div class=\"et_d4_element et_pb_column_1_3 et_pb_column et_pb_column_1  et_pb_css_mix_blend_mode et_block_column\">\n\t\t\t\t\n\t\t\t\t\n\t\t\t\t\n\t\t\t\t\n\t\t\t\t<div class=\"et_pb_module et_d4_element et_pb_text et_pb_text_0  et_pb_text_align_center et_pb_bg_layout_light\">\n\t\t\t\t\n\t\t\t\t\n\t\t\t\t\n\t\t\t\t\n\t\t\t\t<div class=\"et_pb_text_inner\"><h1>Lesen<\/h1><\/div>\n\t\t\t<\/div>\n\t\t\t<\/div><div class=\"et_d4_element et_pb_column_1_3 et_pb_column et_pb_column_2  et_pb_css_mix_blend_mode et-last-child et_block_column\">\n\t\t\t\t\n\t\t\t\t\n\t\t\t\t\n\t\t\t\t\n\t\t\t\t<div class=\"et_pb_module et_d4_element et_pb_image et_pb_image_0\">\n\t\t\t\t\n\t\t\t\t\n\t\t\t\t\n\t\t\t\t\n\t\t\t\t<a href=\"https:\/\/blogs.uni-bremen.de\/kuwicapacities\/\"><span class=\"et_pb_image_wrap \"><img loading=\"lazy\" decoding=\"async\" width=\"1600\" height=\"700\" src=\"https:\/\/blogs.uni-bremen.de\/kuwicapacities\/files\/2019\/08\/kuwilogo22_optimiert.png\" alt=\"\" title=\"\" srcset=\"https:\/\/blogs.uni-bremen.de\/kuwicapacities\/files\/2019\/08\/kuwilogo22_optimiert.png 1600w, https:\/\/blogs.uni-bremen.de\/kuwicapacities\/files\/2019\/08\/kuwilogo22_optimiert-1280x560.png 1280w, https:\/\/blogs.uni-bremen.de\/kuwicapacities\/files\/2019\/08\/kuwilogo22_optimiert-980x429.png 980w, https:\/\/blogs.uni-bremen.de\/kuwicapacities\/files\/2019\/08\/kuwilogo22_optimiert-480x210.png 480w\" sizes=\"(min-width: 0px) and (max-width: 480px) 480px, (min-width: 481px) and (max-width: 980px) 980px, (min-width: 981px) and (max-width: 1280px) 1280px, (min-width: 1281px) 1600px, 100vw\" class=\"wp-image-1713\" \/><\/span><\/a>\n\t\t\t<\/div>\n\t\t\t<\/div>\n\t\t\t\t\n\t\t\t\t\n\t\t\t\t\n\t\t\t\t\n\t\t\t<\/div>\n\t\t\t\t\n\t\t\t\t\n\t\t\t<\/div><div class=\"et_d4_element et_pb_section et_pb_section_1  et_pb_css_mix_blend_mode et_section_regular et_block_section\" >\n\t\t\t\t\n\t\t\t\t\n\t\t\t\t\n\t\t\t\t\n\t\t\t\t\n\t\t\t\t\n\t\t\t\t<div class=\"et_d4_element et_pb_row et_pb_row_1 et_pb_equal_columns et_pb_gutters2  et_pb_css_mix_blend_mode et_block_row\">\n\t\t\t\t<div class=\"et_d4_element et_pb_column_1_5 et_pb_column et_pb_column_3  et_pb_css_mix_blend_mode et_block_column\">\n\t\t\t\t\n\t\t\t\t\n\t\t\t\t\n\t\t\t\t\n\t\t\t\t<div class=\"et_pb_module et_d4_element et_pb_image et_pb_image_1\">\n\t\t\t\t\n\t\t\t\t\n\t\t\t\t\n\t\t\t\t\n\t\t\t\t<span class=\"et_pb_image_wrap \"><img decoding=\"async\" src=\"https:\/\/blogs.uni-bremen.de\/kuwicapacities\/files\/2019\/09\/lesen-b\u00fccherstapel12.png\" alt=\"\" title=\"\" \/><\/span>\n\t\t\t<\/div>\n\t\t\t<\/div><div class=\"et_d4_element et_pb_column_3_5 et_pb_column et_pb_column_4  et_pb_css_mix_blend_mode et_block_column\">\n\t\t\t\t\n\t\t\t\t\n\t\t\t\t\n\t\t\t\t\n\t\t\t\t<div class=\"et_pb_module et_d4_element et_pb_text et_pb_text_1  et_pb_text_align_justified et_pb_bg_layout_light\">\n\t\t\t\t\n\t\t\t\t\n\t\t\t\t\n\t\t\t\t\n\t\t\t\t<div class=\"et_pb_text_inner\"><p style=\"text-align: justify\"><b>Je nachdem, welches Leseziel du verfolgst, liest du einen Text unterschiedlich intensiv. Hier erf\u00e4hrst du, wann und wie du verschiedene Lesetechniken am besten einsetzt.<\/b><\/p>\n<p style=\"text-align: justify\"><span>Wie in allen sozial- und kulturwissenschaftlichen F\u00e4chern, ist das Lesen ein wesentlicher Bestandteil des KuWi-Studiums. Gerade wissenschaftliche Diskurse finden weitgehend schriftlich statt. Texte geben Zugang dazu, bilden weiter und dienen als Grundlage f\u00fcr gute Seminardiskussionen. Damit du gut zurecht kommst, haben wir einige <strong>Lesetips <\/strong>gesammelt:<\/span><\/p>\n<p style=\"text-align: justify\"><span><span style=\"color: #2ea3f2\"><strong>&gt;<\/strong><\/span> Nimm dir w\u00e4hrend des Semesters unbedingt Zeit f\u00fcr das Lesen und integriere es aktiv in deine Zeitplanung.<span class=\"Apple-converted-space\"> Mache dir bewusst, wie viel Zeit du f\u00fcr das Lesen zur Verf\u00fcgung hast und orientiere dich daran: wenn du viel Zeit hast, lies den ganzen Text gr\u00fcndlich, wenn du wenig Zeit hast, konzentriere dich auf Einleitung, Fazit und wichtige Passagen (siehe Tabelle unten). <br \/><\/span><\/span><\/p>\n<p style=\"text-align: justify\"><span><span class=\"Apple-converted-space\"><span style=\"color: #2ea3f2\"><strong>&gt;<\/strong><\/span> Lies immer mit einem Stift in der Hand: es ist \u00e4u\u00dferst wichtig, dir beim Lesen Notizen zu machen, um dir das Gelesene besser zu merken und sp\u00e4ter den Text einfacher wieder zu erschlie\u00dfen. <\/span><\/span><\/p>\n<p style=\"text-align: justify\"><span><span class=\"Apple-converted-space\"><span style=\"color: #2ea3f2\"><strong>&gt;<\/strong><\/span> Schaffe dir au\u00dferdem eine geeignete Leseumgebung. Finde f\u00fcr dich heraus, wo und zu welchen Tageszeiten du gut lesen kannst. <br \/><\/span><\/span><\/p>\n<p style=\"text-align: justify\"><span>Im Studium gibt es aber nicht nur vorgegebene Literatur in den Veranstaltungen. F\u00fcr Referate oder Pr\u00fcfungsleistungen liest du auch <strong>selbstst\u00e4ndig recherchierte Texte<\/strong>. Besonders f\u00fcr das Produzieren eigener Texte liest du dir Wissen an, denn Fakt ist: Schreiben ist ohne Lesen nicht m\u00f6glich. Beim Schreiben baust du auf Ideen, Konzepten und Fakten aus publizierten Texten auf.<\/span><\/p>\n<p style=\"text-align: justify\"><span>W\u00e4hrend des Schreibens von Hausarbeiten, Essays oder Forschungsberichten passiert es aber schnell, dass der B\u00fccherstapel vor dir w\u00e4chst und w\u00e4chst \u2013 zu viel, um alles gr\u00fcndlich zu lesen. Gleichzeitig halten wir uns oft an unn\u00f6tigen Details auf. Keine Panik, im Folgenden zeigen wir dir, wie du Texte priorisierst und sortierst. Dabei geht es darum, zu bestimmen, welche Texte du wie intensiv lesen wirst. Klick dich f\u00fcr mehr Informationen dazu durch die \u00dcbersicht. Sie baut auf drei Intensit\u00e4tssufen des Lesens nach Dahinden <em>et al.<\/em> auf:<\/span><\/p><\/div>\n\t\t\t<\/div>\n\t\t\t<\/div><div class=\"et_d4_element et_pb_column_1_5 et_pb_column et_pb_column_5  et_pb_css_mix_blend_mode et-last-child et_block_column\">\n\t\t\t\t\n\t\t\t\t\n\t\t\t\t\n\t\t\t\t\n\t\t\t\t<div class=\"et_pb_module et_d4_element et_pb_divider_0 et_pb_space et_pb_divider_hidden\"><div class=\"et_pb_divider_internal\"><\/div><\/div><div class=\"et_pb_module et_d4_element et_pb_blurb et_pb_blurb_0 et_clickable  et_pb_text_align_center  et_pb_blurb_position_top et_block_module et_pb_bg_layout_light\">\n\t\t\t\t\n\t\t\t\t\n\t\t\t\t\n\t\t\t\t\n\t\t\t\t<div class=\"et_pb_blurb_content\">\n\t\t\t\t\t<div class=\"et_pb_main_blurb_image et_pb_css_mix_blend_mode\"><a href=\"https:\/\/blogs.uni-bremen.de\/kuwicapacities\/startseite\/exzerpieren\/\"><span class=\"et_pb_image_wrap et_pb_only_image_mode_wrap\"><img loading=\"lazy\" decoding=\"async\" width=\"600\" height=\"600\" src=\"https:\/\/blogs.uni-bremen.de\/kuwicapacities\/files\/2019\/05\/Exzerpieren1.png\" alt=\"\" srcset=\"https:\/\/blogs.uni-bremen.de\/kuwicapacities\/files\/2019\/05\/Exzerpieren1.png 600w, https:\/\/blogs.uni-bremen.de\/kuwicapacities\/files\/2019\/05\/Exzerpieren1-150x150.png 150w, https:\/\/blogs.uni-bremen.de\/kuwicapacities\/files\/2019\/05\/Exzerpieren1-300x300.png 300w\" sizes=\"(max-width: 600px) 100vw, 600px\" class=\"et-waypoint et_pb_animation_top et_pb_animation_top_tablet et_pb_animation_top_phone wp-image-1414\" \/><\/span><\/a><\/div>\n\t\t\t\t\t<div class=\"et_pb_blurb_container\">\n\t\t\t\t\t\t<h4 class=\"et_pb_module_header\"><a href=\"https:\/\/blogs.uni-bremen.de\/kuwicapacities\/startseite\/exzerpieren\/\">Exzerpieren<\/a><\/h4>\n\t\t\t\t\t\t<div class=\"et_pb_blurb_description\"><p>Willst du sp\u00e4ter auf einen Text zur\u00fcckgreifen, kannst du ihn exzerpieren.<\/p><\/div>\n\t\t\t\t\t<\/div>\n\t\t\t\t<\/div>\n\t\t\t<\/div><div class=\"et_pb_module et_d4_element et_pb_divider_1 et_pb_space et_pb_divider_hidden\"><div class=\"et_pb_divider_internal\"><\/div><\/div><div class=\"et_pb_module et_d4_element et_pb_blurb et_pb_blurb_1 et_clickable  et_pb_text_align_center  et_pb_blurb_position_top et_block_module et_pb_bg_layout_light\">\n\t\t\t\t\n\t\t\t\t\n\t\t\t\t\n\t\t\t\t\n\t\t\t\t<div class=\"et_pb_blurb_content\">\n\t\t\t\t\t<div class=\"et_pb_main_blurb_image et_pb_css_mix_blend_mode\"><a href=\"https:\/\/blogs.uni-bremen.de\/kuwicapacities\/startseite\/schreibprozess\/zitation\/\"><span class=\"et_pb_image_wrap et_pb_only_image_mode_wrap\"><img loading=\"lazy\" decoding=\"async\" width=\"600\" height=\"600\" src=\"https:\/\/blogs.uni-bremen.de\/kuwicapacities\/files\/2018\/09\/kuwiplanet-anfuehrungszeichen1.png\" alt=\"\" srcset=\"https:\/\/blogs.uni-bremen.de\/kuwicapacities\/files\/2018\/09\/kuwiplanet-anfuehrungszeichen1.png 600w, https:\/\/blogs.uni-bremen.de\/kuwicapacities\/files\/2018\/09\/kuwiplanet-anfuehrungszeichen1-150x150.png 150w, https:\/\/blogs.uni-bremen.de\/kuwicapacities\/files\/2018\/09\/kuwiplanet-anfuehrungszeichen1-300x300.png 300w\" sizes=\"(max-width: 600px) 100vw, 600px\" class=\"et-waypoint et_pb_animation_top et_pb_animation_top_tablet et_pb_animation_top_phone wp-image-242\" \/><\/span><\/a><\/div>\n\t\t\t\t\t<div class=\"et_pb_blurb_container\">\n\t\t\t\t\t\t<h4 class=\"et_pb_module_header\"><a href=\"https:\/\/blogs.uni-bremen.de\/kuwicapacities\/startseite\/schreibprozess\/zitation\/\">Zitieren<\/a><\/h4>\n\t\t\t\t\t\t<div class=\"et_pb_blurb_description\"><p>Auch zitieren will gelernt sein. Wie, erf\u00e4hrst du hier.<\/p><\/div>\n\t\t\t\t\t<\/div>\n\t\t\t\t<\/div>\n\t\t\t<\/div><div class=\"et_pb_module et_d4_element et_pb_divider_2 et_pb_space et_pb_divider_hidden\"><div class=\"et_pb_divider_internal\"><\/div><\/div><div class=\"et_pb_module et_d4_element et_pb_blurb et_pb_blurb_2 et_clickable  et_pb_text_align_center  et_pb_blurb_position_top et_block_module et_pb_bg_layout_light\">\n\t\t\t\t\n\t\t\t\t\n\t\t\t\t\n\t\t\t\t\n\t\t\t\t<div class=\"et_pb_blurb_content\">\n\t\t\t\t\t<div class=\"et_pb_main_blurb_image et_pb_css_mix_blend_mode\"><a href=\"https:\/\/blogs.uni-bremen.de\/kuwicapacities\/literaturverzeichnis\/\"><span class=\"et_pb_image_wrap et_pb_only_image_mode_wrap\"><img loading=\"lazy\" decoding=\"async\" width=\"600\" height=\"600\" src=\"https:\/\/blogs.uni-bremen.de\/kuwicapacities\/files\/2018\/11\/kuwiliteraturverwaltung1.png\" alt=\"\" srcset=\"https:\/\/blogs.uni-bremen.de\/kuwicapacities\/files\/2018\/11\/kuwiliteraturverwaltung1.png 600w, https:\/\/blogs.uni-bremen.de\/kuwicapacities\/files\/2018\/11\/kuwiliteraturverwaltung1-150x150.png 150w, https:\/\/blogs.uni-bremen.de\/kuwicapacities\/files\/2018\/11\/kuwiliteraturverwaltung1-300x300.png 300w\" sizes=\"(max-width: 600px) 100vw, 600px\" class=\"et-waypoint et_pb_animation_top et_pb_animation_top_tablet et_pb_animation_top_phone wp-image-745\" \/><\/span><\/a><\/div>\n\t\t\t\t\t<div class=\"et_pb_blurb_container\">\n\t\t\t\t\t\t<h4 class=\"et_pb_module_header\"><a href=\"https:\/\/blogs.uni-bremen.de\/kuwicapacities\/literaturverzeichnis\/\">Literatur-verzeichnis<\/a><\/h4>\n\t\t\t\t\t\t<div class=\"et_pb_blurb_description\"><p>Hier lernst du ein Literaturverzeichnis anzulegen.<\/p><\/div>\n\t\t\t\t\t<\/div>\n\t\t\t\t<\/div>\n\t\t\t<\/div><div class=\"et_pb_module et_d4_element et_pb_divider_3 et_pb_space et_pb_divider_hidden\"><div class=\"et_pb_divider_internal\"><\/div><\/div>\n\t\t\t<\/div>\n\t\t\t\t\n\t\t\t\t\n\t\t\t\t\n\t\t\t\t\n\t\t\t<\/div><div class=\"et_d4_element et_pb_row et_pb_row_2  et_pb_css_mix_blend_mode et_block_row\">\n\t\t\t\t<div class=\"et_d4_element et_pb_column_4_4 et_pb_column et_pb_column_6  et_pb_css_mix_blend_mode et-last-child et_block_column\">\n\t\t\t\t\n\t\t\t\t\n\t\t\t\t\n\t\t\t\t\n\t\t\t\t<div class=\"et_pb_module et_d4_element et_pb_tabs et_pb_tabs_0 \" >\n\t\t\t\t\n\t\t\t\t\n\t\t\t\t\n\t\t\t\t\n\t\t\t\t<ul class=\"et_pb_tabs_controls clearfix\">\n\t\t\t\t\t<li class=\"et_pb_tab_0 et_pb_tab_active\"><a href=\"#\">Kursorisches Lesen<\/a><\/li><li class=\"et_pb_tab_1\"><a href=\"#\">Selektives Lesen<\/a><\/li><li class=\"et_pb_tab_2\"><a href=\"#\">Studierendes Lesen<\/a><\/li>\n\t\t\t\t<\/ul>\n\t\t\t\t<div class=\"et_pb_all_tabs\">\n\t\t\t\t\t<div class=\"et_d4_element et_pb_tab et_pb_tab_0 clearfix et_pb_active_content\">\n\t\t\t\t\n\t\t\t\t\n\t\t\t\t\n\t\t\t\t\n\t\t\t\t<div class=\"et_pb_tab_content\"><h4>\u00dcberblick verschaffen<\/h4>\n<p style=\"margin-bottom: 0cm\">Ziel des kursorischen Lesens ist die Relevanz eines Textes f\u00fcr dich zu bestimmen. In dieser Stufe entscheidest du also, ob du einen Text liest oder nicht. Daf\u00fcr schaust du dir bestimmte Textelemente an: Der Fokus liegt auf dem Autor, dem Titel, dem Inhaltsverzeichnis, dem Abstract, der Zusammenfassung und dem Klappentext.<\/p>\n<h4 style=\"margin-bottom: 0cm\">Arbeitschritte:<\/h4>\n<p style=\"margin-bottom: 0cm\"><span style=\"color: #2ea3f2\"><strong>&gt;<\/strong><\/span> <span style=\"font-weight: 400\">Frage dich zun\u00e4chst, ob Eckdaten wie der Autor, der Titel und das Thema relevant f\u00fcr deine Arbeit sind. Spielt das Erscheinungsjahr f\u00fcr dich eine Rolle? Ist es wichtig, dass der Text aktuell ist?<\/span><\/p>\n<p style=\"margin-bottom: 0cm\"><strong><span style=\"color: #2ea3f2\">&gt;<\/span><\/strong> <span style=\"font-weight: 400\">\u00dcberfliege f\u00fcr deine Entscheidung auch den Klappentext, das Abstract, die Einleitung, das Inhaltsverzeichnis oder den Kapitelanfang.<\/span><\/p>\n<p>&nbsp;<\/p>\n<p><em>Dahinden, U.; Sturzenegger, S.; Neuroni, A. (2014): Wissenschaftliches Arbeiten in der Kommunikationswissenschaft, Auflage 2, Bern: Haupt UTB<\/em><\/p><\/div>\n\t\t\t<\/div><div class=\"et_d4_element et_pb_tab et_pb_tab_1 clearfix\">\n\t\t\t\t\n\t\t\t\t\n\t\t\t\t\n\t\t\t\t\n\t\t\t\t<div class=\"et_pb_tab_content\"><h4>Bestimmte Informationen herausfiltern<\/h4>\n<p><span style=\"font-weight: 400\">Manche Texte brauchst du nur f\u00fcr bestimmte Informationen. Dann besteht dein Leseziel darin, diese Informationen herauszufiltern. Frage dich, welche der gesamten Informationen besonders relevant f\u00fcr dein Vorhaben sind.<\/span><\/p>\n<p><span style=\"font-weight: 400\">Beim Selektiven Lesen ist das Lesetempo wichtig: \u00dcberfliege die Abschnitte zun\u00e4chst und \u00fcberspringe Unwichtiges. Wenn die Informationen von Bedeutung sind, lies den Teil sorgf\u00e4ltig und wenn n\u00f6tig \u00f6fter. Schlage zentrale Begriffe nach, die du nicht kennst.<\/span><\/p>\n<p>&nbsp;<\/p>\n<h4><span style=\"color: #2ea3f2\"><span style=\"color: #000000\"><\/span><\/span><\/h4>\n<h4><span style=\"color: #2ea3f2\"><span style=\"color: #000000\">Gut zu wissen:<\/span><strong><br \/> <\/strong> <\/span><\/h4>\n<p><span style=\"font-weight: 400\">Wissenschaftliche Texte orientieren sich meist an einer klaren Gliederung. Das zu wissen hilft bei der Entscheidung, welche Passagen du intensiv liest und welche du \u00fcberfliegst:<\/span><\/p>\n<p><span style=\"font-weight: 400\">Der Text beginnt mit einer Einleitung, die in das Thema einf\u00fchrt. Sie stellt die Fragestellung vor, beschreibt den Forschungsanlass und liefert einen einen Ausblick auf den Gesamttext.<\/span><\/p>\n<p><span style=\"font-weight: 400\">Im Hauptteil wird der Forschungsstand zusammengefasst und die Untersuchungsgebiete bez\u00fcglich der Fragestellung vorgestellt.<\/span><\/p>\n<p><span style=\"font-weight: 400\">Der Schluss fasst den Hauptteil noch einmal zusammen und zieht daraus ein Fazit und vielleicht sogar neue Erkenntnisse. Er beschreibt au\u00dferdem sich daraus ergebende Fragestellungen und Schlussfolgerungen.<\/span><\/p>\n<p>&nbsp;<\/p>\n<p>&nbsp;<\/p><\/div>\n\t\t\t<\/div><div class=\"et_d4_element et_pb_tab et_pb_tab_2 clearfix\">\n\t\t\t\t\n\t\t\t\t\n\t\t\t\t\n\t\t\t\t\n\t\t\t\t<div class=\"et_pb_tab_content\"><h4>Texte vollst\u00e4ndig lesen<\/h4>\n<p><span style=\"font-weight: 400\">Einen Text studierend zu lesen bedeutet, ihn vollst\u00e4ndig zu verstehen. Dazu vollziehst du den Text als gesamtes Werk nach. Es geht also sowohl um die zentralen Aussagen als auch um die ganze Argumentation und Struktur des Textes. Intensives Lesen ist aufw\u00e4ndig, weil du aktiv mit dem Text arbeitest.<\/span><\/p>\n<h4 style=\"margin-bottom: 0cm\">Tipps:<\/h4>\n<p><span style=\"color: #2ea3f2\"><strong>&gt;<\/strong><\/span><span style=\"font-weight: 400\">\u00a0Schau dir anfangs die Gliederung des Textes genau an. F\u00fchre dir am besten auch w\u00e4hrend des Lesens vor Augen, wo du dich im Text befindest. Das hilft dabei, dich nicht im Buchstabendschungel zu verlieren.<\/span><\/p>\n<p><span style=\"font-weight: 400\"><span style=\"color: #2ea3f2\"><strong>&gt;<\/strong><\/span> Zum Studierenden Lesen geh\u00f6ren Randnotizen und Hervorhebungen von wichtigen Aussagen. Markiere dir auch Zusammenfassungen von Textpassagen und Definitionen von Kernbegriffen. Schreib die Notizen separat heraus, wenn es sich um ein ausgeliehenes Buch handelt.<\/span><\/p>\n<p>&nbsp;<\/p>\n<p style=\"margin-bottom: 0cm\">----<\/p>\n<p><span style=\"font-weight: 400\">Beim Studierenden Lesen werden zwei Grundhaltungen unterschieden: die Innen- und die Au\u00dfenperspektive. Die Innenperspektive eignet sich besonders f\u00fcr den Erstkontakt mit dem Text und soll offen und vorurteilsfrei gegen\u00fcber der Argumentation des Textes sein. Man versucht sich hierbei mit dem Autor\/ der Autorin zu identifizieren und die Argumente und Gedankeng\u00e4nge nachzuvollziehen. Hierbei k\u00f6nnen jedoch auch Kritikpunkte aufkommen, die sich auf die Schl\u00fcssigkeit des Textes beziehen.\u00a0<\/span><\/p>\n<p><span style=\"font-weight: 400\">Die Au\u00dfenperspektive nimmt Distanz zum Text ein und versucht ihn in einen gr\u00f6\u00dferen Diskussionszusammenhang einzuordnen. Diese Perspektive verlangt eine eigene Meinung: trifft der Autor \/ die Autorin deiner Meinung nach das Thema? Fehlen Aspekte?<\/span><\/p>\n<p>&nbsp;<\/p><\/div>\n\t\t\t<\/div>\n\t\t\t\t<\/div>\n\t\t\t<\/div>\n\t\t\t<\/div>\n\t\t\t\t\n\t\t\t\t\n\t\t\t\t\n\t\t\t\t\n\t\t\t<\/div>\n\t\t\t\t\n\t\t\t\t\n\t\t\t<\/div><\/p>\n","protected":false},"excerpt":{"rendered":"","protected":false},"author":7083,"featured_media":0,"parent":7,"menu_order":0,"comment_status":"open","ping_status":"closed","template":"page-template-blank.php","meta":{"_bbp_topic_count":0,"_bbp_reply_count":0,"_bbp_total_topic_count":0,"_bbp_total_reply_count":0,"_bbp_voice_count":0,"_bbp_anonymous_reply_count":0,"_bbp_topic_count_hidden":0,"_bbp_reply_count_hidden":0,"_bbp_forum_subforum_count":0,"_et_pb_use_builder":"on","_et_pb_old_content":"","_et_gb_content_width":"","footnotes":""},"class_list":["post-857","page","type-page","status-publish","hentry"],"_links":{"self":[{"href":"https:\/\/blogs.uni-bremen.de\/kuwicapacities\/wp-json\/wp\/v2\/pages\/857","targetHints":{"allow":["GET"]}}],"collection":[{"href":"https:\/\/blogs.uni-bremen.de\/kuwicapacities\/wp-json\/wp\/v2\/pages"}],"about":[{"href":"https:\/\/blogs.uni-bremen.de\/kuwicapacities\/wp-json\/wp\/v2\/types\/page"}],"author":[{"embeddable":true,"href":"https:\/\/blogs.uni-bremen.de\/kuwicapacities\/wp-json\/wp\/v2\/users\/7083"}],"replies":[{"embeddable":true,"href":"https:\/\/blogs.uni-bremen.de\/kuwicapacities\/wp-json\/wp\/v2\/comments?post=857"}],"version-history":[{"count":9,"href":"https:\/\/blogs.uni-bremen.de\/kuwicapacities\/wp-json\/wp\/v2\/pages\/857\/revisions"}],"predecessor-version":[{"id":3081,"href":"https:\/\/blogs.uni-bremen.de\/kuwicapacities\/wp-json\/wp\/v2\/pages\/857\/revisions\/3081"}],"up":[{"embeddable":true,"href":"https:\/\/blogs.uni-bremen.de\/kuwicapacities\/wp-json\/wp\/v2\/pages\/7"}],"wp:attachment":[{"href":"https:\/\/blogs.uni-bremen.de\/kuwicapacities\/wp-json\/wp\/v2\/media?parent=857"}],"curies":[{"name":"wp","href":"https:\/\/api.w.org\/{rel}","templated":true}]}}