{"id":118,"date":"2018-09-26T12:36:39","date_gmt":"2018-09-26T10:36:39","guid":{"rendered":"https:\/\/blogs.uni-bremen.de\/kuwicapacities\/?page_id=118"},"modified":"2019-10-22T17:35:27","modified_gmt":"2019-10-22T15:35:27","slug":"unser-team","status":"publish","type":"page","link":"https:\/\/blogs.uni-bremen.de\/kuwicapacities\/startseite\/unser-team\/","title":{"rendered":"Unser Team"},"content":{"rendered":"<p><div class=\"et_d4_element et_pb_section et_pb_section_0 et_pb_with_background  et_pb_css_mix_blend_mode et_section_regular et_block_section\" >\n\t\t\t\t\n\t\t\t\t\n\t\t\t\t\n\t\t\t\t\n\t\t\t\t\n\t\t\t\t\n\t\t\t\t<div class=\"et_d4_element et_pb_row et_pb_row_0 et_pb_gutters2  et_pb_css_mix_blend_mode et_block_row\">\n\t\t\t\t<div class=\"et_d4_element et_pb_column_1_3 et_pb_column et_pb_column_0  et_pb_css_mix_blend_mode et_block_column\">\n\t\t\t\t\n\t\t\t\t\n\t\t\t\t\n\t\t\t\t\n\t\t\t\t<div class=\"et_pb_button_module_wrapper et_pb_button_0_wrapper et_pb_button_alignment_center et_pb_module \">\n\t\t\t\t<a class=\"et_pb_button et_d4_element et_pb_button_0 et_hover_enabled et_pb_bg_layout_light et_block_module\" href=\"https:\/\/blogs.uni-bremen.de\/kuwicapacities\/startseite\/kulturwissenschaftliche-fragestellung\/\">Fragestellung<\/a>\n\t\t\t<\/div><div class=\"et_pb_button_module_wrapper et_pb_button_1_wrapper et_pb_button_alignment_left et_pb_module \">\n\t\t\t\t<a class=\"et_pb_button et_d4_element et_pb_button_1 et_hover_enabled et_pb_bg_layout_light et_block_module\" href=\"https:\/\/blogs.uni-bremen.de\/kuwicapacities\/startseite\/selbstorganisation\/\">Selbstorganisation<\/a>\n\t\t\t<\/div><div class=\"et_pb_button_module_wrapper et_pb_button_2_wrapper et_pb_button_alignment_left et_pb_module \">\n\t\t\t\t<a class=\"et_pb_button et_d4_element et_pb_button_2 et_hover_enabled et_pb_bg_layout_light et_block_module\" href=\"https:\/\/blogs.uni-bremen.de\/kuwicapacities\/startseite\/arbeiten-mit-literatur\/\">Arbeit mit Literatur<\/a>\n\t\t\t<\/div><div class=\"et_pb_button_module_wrapper et_pb_button_3_wrapper et_pb_button_alignment_right et_pb_module \">\n\t\t\t\t<a class=\"et_pb_button et_d4_element et_pb_button_3 et_hover_enabled et_pb_bg_layout_dark et_block_module\" href=\"https:\/\/blogs.uni-bremen.de\/kuwicapacities\/schreibprozess\/\">Schreibprozess<\/a>\n\t\t\t<\/div>\n\t\t\t<\/div><div class=\"et_d4_element et_pb_column_1_3 et_pb_column et_pb_column_1  et_pb_css_mix_blend_mode et_block_column\">\n\t\t\t\t\n\t\t\t\t\n\t\t\t\t\n\t\t\t\t\n\t\t\t\t<div class=\"et_pb_module et_d4_element et_pb_text et_pb_text_0  et_pb_text_align_center et_pb_bg_layout_light\">\n\t\t\t\t\n\t\t\t\t\n\t\t\t\t\n\t\t\t\t\n\t\t\t\t<div class=\"et_pb_text_inner\"><h1>Unser Team<\/h1><\/div>\n\t\t\t<\/div>\n\t\t\t<\/div><div class=\"et_d4_element et_pb_column_1_3 et_pb_column et_pb_column_2  et_pb_css_mix_blend_mode et-last-child et_block_column\">\n\t\t\t\t\n\t\t\t\t\n\t\t\t\t\n\t\t\t\t\n\t\t\t\t<div class=\"et_pb_module et_d4_element et_pb_image et_pb_image_0\">\n\t\t\t\t\n\t\t\t\t\n\t\t\t\t\n\t\t\t\t\n\t\t\t\t<a href=\"https:\/\/blogs.uni-bremen.de\/kuwicapacities\/\"><span class=\"et_pb_image_wrap \"><img loading=\"lazy\" decoding=\"async\" width=\"1600\" height=\"700\" src=\"https:\/\/blogs.uni-bremen.de\/kuwicapacities\/files\/2019\/08\/kuwilogo22_optimiert.png\" alt=\"\" title=\"\" srcset=\"https:\/\/blogs.uni-bremen.de\/kuwicapacities\/files\/2019\/08\/kuwilogo22_optimiert.png 1600w, https:\/\/blogs.uni-bremen.de\/kuwicapacities\/files\/2019\/08\/kuwilogo22_optimiert-1280x560.png 1280w, https:\/\/blogs.uni-bremen.de\/kuwicapacities\/files\/2019\/08\/kuwilogo22_optimiert-980x429.png 980w, https:\/\/blogs.uni-bremen.de\/kuwicapacities\/files\/2019\/08\/kuwilogo22_optimiert-480x210.png 480w\" sizes=\"(min-width: 0px) and (max-width: 480px) 480px, (min-width: 481px) and (max-width: 980px) 980px, (min-width: 981px) and (max-width: 1280px) 1280px, (min-width: 1281px) 1600px, 100vw\" class=\"wp-image-1713\" \/><\/span><\/a>\n\t\t\t<\/div>\n\t\t\t<\/div>\n\t\t\t\t\n\t\t\t\t\n\t\t\t\t\n\t\t\t\t\n\t\t\t<\/div>\n\t\t\t\t\n\t\t\t\t\n\t\t\t<\/div><div class=\"et_d4_element et_pb_section et_pb_section_1  et_pb_css_mix_blend_mode et_section_regular et_block_section\" >\n\t\t\t\t\n\t\t\t\t\n\t\t\t\t\n\t\t\t\t\n\t\t\t\t\n\t\t\t\t\n\t\t\t\t<div class=\"et_d4_element et_pb_row et_pb_row_1  et_pb_css_mix_blend_mode et_block_row\">\n\t\t\t\t<div class=\"et_d4_element et_pb_column_1_3 et_pb_column et_pb_column_3  et_pb_css_mix_blend_mode et_block_column\">\n\t\t\t\t\n\t\t\t\t\n\t\t\t\t\n\t\t\t\t\n\t\t\t\t<div class=\"et_pb_module et_d4_element et_pb_text et_pb_text_1  et_pb_text_align_left et_pb_bg_layout_light\">\n\t\t\t\t\n\t\t\t\t\n\t\t\t\t\n\t\t\t\t\n\t\t\t\t<div class=\"et_pb_text_inner\"><h1>Martin Gruber<\/h1>\n<p><span>Der Filmemacher und Ethnologe Martin Gruber ist wissenschaftlicher Mitarbeiter\u00a0am Institut f\u00fcr Ethnologie und Kulturwissenschaft und forscht dort zu Menschen und Bienen. Seine Schwerpunkte sind audio-visuelle Anthropologie, ethnologischer Film, politische \u00d6kologie und Multispecies-Anthropology. Geographische Schwerpunkte sind S\u00fcdliches Afrika, Kamerun, Hamburg und Bremen<\/span><\/p><\/div>\n\t\t\t<\/div>\n\t\t\t<\/div><div class=\"et_d4_element et_pb_column_1_3 et_pb_column et_pb_column_4  et_pb_css_mix_blend_mode et_block_column\">\n\t\t\t\t\n\t\t\t\t\n\t\t\t\t\n\t\t\t\t\n\t\t\t\t<div class=\"et_pb_module et_d4_element et_pb_text et_pb_text_2  et_pb_text_align_left et_pb_bg_layout_light\">\n\t\t\t\t\n\t\t\t\t\n\t\t\t\t\n\t\t\t\t\n\t\t\t\t<div class=\"et_pb_text_inner\"><h1 class=\"p1\">Dorle Drackl\u00e9<\/h1>\n<p class=\"p1\">Dorle Drackl\u00e9\u00a0ist Professorin f\u00fcr Ethnologie und Kulturwissenschaft an der Universit\u00e4t Bremen. Sie forscht in Portugal, den USA und Deutschland zu B\u00fcrokratie, virtueller \u00d6konomie, Korruption und der Europ\u00e4ischen Union und Diversit\u00e4t. Ihre Forschungsschwerpunkte sind Medienethnologie , Infrastrukturen und Alternative Energien, maritime Ethnologie und Diskursanalyse.<\/p><\/div>\n\t\t\t<\/div>\n\t\t\t<\/div><div class=\"et_d4_element et_pb_column_1_3 et_pb_column et_pb_column_5  et_pb_css_mix_blend_mode et-last-child et_block_column\">\n\t\t\t\t\n\t\t\t\t\n\t\t\t\t\n\t\t\t\t\n\t\t\t\t<div class=\"et_pb_module et_d4_element et_pb_text et_pb_text_3  et_pb_text_align_left et_pb_bg_layout_light\">\n\t\t\t\t\n\t\t\t\t\n\t\t\t\t\n\t\t\t\t\n\t\t\t\t<div class=\"et_pb_text_inner\"><h1>Oliver Hinkelbein<\/h1>\n<p>Oliver Hinkelbien ist Lektor f\u00fcr \u201eKultur und Wirtschaft\u201c in den Studieng\u00e4ngen BA Kulturwissenschaft und BA Betriebswirtschaftslehre an der Universit\u00e4t Bremen. Nach einem Studium der Ethnologie, Soziologie und Rechtswissenschaft an der Universit\u00e4t Heidelberg promovierte er in Bremen mit einer empirischen Arbeit \u00fcber die Praxis von Integrationsstrategien in Deutschland. Im Anschluss arbeitete er drei Jahre f\u00fcr verschiedene Nichtregierungsorganisationen und als Berater an der Schnittstelle zwischen Kultur, Wirtschaft und Erwachsenenbildung.<\/p><\/div>\n\t\t\t<\/div>\n\t\t\t<\/div>\n\t\t\t\t\n\t\t\t\t\n\t\t\t\t\n\t\t\t\t\n\t\t\t<\/div><div class=\"et_d4_element et_pb_row et_pb_row_2  et_pb_css_mix_blend_mode et_block_row\">\n\t\t\t\t<div class=\"et_d4_element et_pb_column_1_3 et_pb_column et_pb_column_6  et_pb_css_mix_blend_mode et_block_column\">\n\t\t\t\t\n\t\t\t\t\n\t\t\t\t\n\t\t\t\t\n\t\t\t\t<div class=\"et_pb_module et_d4_element et_pb_text et_pb_text_4  et_pb_text_align_left et_pb_bg_layout_light\">\n\t\t\t\t\n\t\t\t\t\n\t\t\t\t\n\t\t\t\t\n\t\t\t\t<div class=\"et_pb_text_inner\"><h1>Teresa Wolny<\/h1>\n<p>BA-Studentin in Bremen seit 2015 studiert im Komplement\u00e4rfach Philosophie. Sie ist \u00fcber KuWi dem Journalismus n\u00e4her gekommen, der dem Studium jetzt zumindest in zeitlicher Hinsicht Konkurrenz macht. Ihre Interessen liegen unter anderem in der Entwicklung und Geschichte der Anthropologie, in Sprachen und in der politischen Anthropologie. \u00a0 \u00a0<\/p><\/div>\n\t\t\t<\/div>\n\t\t\t<\/div><div class=\"et_d4_element et_pb_column_1_3 et_pb_column et_pb_column_7  et_pb_css_mix_blend_mode et_block_column\">\n\t\t\t\t\n\t\t\t\t\n\t\t\t\t\n\t\t\t\t\n\t\t\t\t<div class=\"et_pb_module et_d4_element et_pb_text et_pb_text_5  et_pb_text_align_left et_pb_bg_layout_light\">\n\t\t\t\t\n\t\t\t\t\n\t\t\t\t\n\t\t\t\t\n\t\t\t\t<div class=\"et_pb_text_inner\"><h1>Natasha Deasy<\/h1>\n<p>Kulturwissenschaftstudentin an der Universit\u00e4t Bremen mit dem Komplement\u00e4rfach Politikwissenschaften studiert in Bremen seit 2014. In der Uni ist sie sowohl im AStA als auch im KuWi-StugA aktiv. Auch au\u00dferhalb der Universit\u00e4t engagiert sie sich politisch. Die Thematik des politischen Aktivismus bildet vielleicht auch deswegen einen ihrer Forschungsschwerpunkte.<\/p><\/div>\n\t\t\t<\/div>\n\t\t\t<\/div><div class=\"et_d4_element et_pb_column_1_3 et_pb_column et_pb_column_8  et_pb_css_mix_blend_mode et-last-child et_block_column\">\n\t\t\t\t\n\t\t\t\t\n\t\t\t\t\n\t\t\t\t\n\t\t\t\t<div class=\"et_pb_module et_d4_element et_pb_text et_pb_text_6  et_pb_text_align_left et_pb_bg_layout_light\">\n\t\t\t\t\n\t\t\t\t\n\t\t\t\t\n\t\t\t\t\n\t\t\t\t<div class=\"et_pb_text_inner\"><h1>Leon Colic<\/h1>\n<p>Seit 2016 studiert Leon Colic an der Universit\u00e4t Bremen Kulturwissenschaften und Philosophie. Neben seiner Arbeit als studentische Hilfskraft f\u00fcr dieses Projekt ist er auch freiberuflicher Filmemacher und \u00dcbersetzer. Sein wissenschaftliches Interesse liegt regional in Osteuropa, dem fr\u00fcheren Jugoslawien und Bremen. Thematisch befasst er sich viel mit den Bereichen der Erinnerungskultur.<\/p><\/div>\n\t\t\t<\/div>\n\t\t\t<\/div>\n\t\t\t\t\n\t\t\t\t\n\t\t\t\t\n\t\t\t\t\n\t\t\t<\/div>\n\t\t\t\t\n\t\t\t\t\n\t\t\t<\/div><\/p>\n","protected":false},"excerpt":{"rendered":"","protected":false},"author":7083,"featured_media":0,"parent":7,"menu_order":0,"comment_status":"closed","ping_status":"closed","template":"page-template-blank.php","meta":{"_bbp_topic_count":0,"_bbp_reply_count":0,"_bbp_total_topic_count":0,"_bbp_total_reply_count":0,"_bbp_voice_count":0,"_bbp_anonymous_reply_count":0,"_bbp_topic_count_hidden":0,"_bbp_reply_count_hidden":0,"_bbp_forum_subforum_count":0,"_et_pb_use_builder":"on","_et_pb_old_content":"","_et_gb_content_width":"","footnotes":""},"class_list":["post-118","page","type-page","status-publish","hentry"],"_links":{"self":[{"href":"https:\/\/blogs.uni-bremen.de\/kuwicapacities\/wp-json\/wp\/v2\/pages\/118","targetHints":{"allow":["GET"]}}],"collection":[{"href":"https:\/\/blogs.uni-bremen.de\/kuwicapacities\/wp-json\/wp\/v2\/pages"}],"about":[{"href":"https:\/\/blogs.uni-bremen.de\/kuwicapacities\/wp-json\/wp\/v2\/types\/page"}],"author":[{"embeddable":true,"href":"https:\/\/blogs.uni-bremen.de\/kuwicapacities\/wp-json\/wp\/v2\/users\/7083"}],"replies":[{"embeddable":true,"href":"https:\/\/blogs.uni-bremen.de\/kuwicapacities\/wp-json\/wp\/v2\/comments?post=118"}],"version-history":[{"count":9,"href":"https:\/\/blogs.uni-bremen.de\/kuwicapacities\/wp-json\/wp\/v2\/pages\/118\/revisions"}],"predecessor-version":[{"id":3011,"href":"https:\/\/blogs.uni-bremen.de\/kuwicapacities\/wp-json\/wp\/v2\/pages\/118\/revisions\/3011"}],"up":[{"embeddable":true,"href":"https:\/\/blogs.uni-bremen.de\/kuwicapacities\/wp-json\/wp\/v2\/pages\/7"}],"wp:attachment":[{"href":"https:\/\/blogs.uni-bremen.de\/kuwicapacities\/wp-json\/wp\/v2\/media?parent=118"}],"curies":[{"name":"wp","href":"https:\/\/api.w.org\/{rel}","templated":true}]}}