{"id":114,"date":"2018-09-26T12:29:02","date_gmt":"2018-09-26T10:29:02","guid":{"rendered":"https:\/\/blogs.uni-bremen.de\/kuwicapacities\/?page_id=114"},"modified":"2019-10-17T11:21:48","modified_gmt":"2019-10-17T09:21:48","slug":"begruessung","status":"publish","type":"page","link":"https:\/\/blogs.uni-bremen.de\/kuwicapacities\/startseite\/begruessung\/","title":{"rendered":"Begr\u00fc\u00dfung"},"content":{"rendered":"<p><div class=\"et_d4_element et_pb_section et_pb_section_0 et_pb_with_background  et_pb_css_mix_blend_mode et_section_regular et_block_section\" >\n\t\t\t\t\n\t\t\t\t\n\t\t\t\t\n\t\t\t\t\n\t\t\t\t\n\t\t\t\t\n\t\t\t\t<div class=\"et_d4_element et_pb_row et_pb_row_0 et_pb_gutters2  et_pb_css_mix_blend_mode et_block_row\">\n\t\t\t\t<div class=\"et_d4_element et_pb_column_1_3 et_pb_column et_pb_column_0  et_pb_css_mix_blend_mode et_block_column\">\n\t\t\t\t\n\t\t\t\t\n\t\t\t\t\n\t\t\t\t\n\t\t\t\t<div class=\"et_pb_button_module_wrapper et_pb_button_0_wrapper et_pb_button_alignment_center et_pb_module \">\n\t\t\t\t<a class=\"et_pb_button et_d4_element et_pb_button_0 et_hover_enabled et_pb_bg_layout_light et_block_module\" href=\"https:\/\/blogs.uni-bremen.de\/kuwicapacities\/startseite\/kulturwissenschaftliche-fragestellung\/\">Fragestellung<\/a>\n\t\t\t<\/div><div class=\"et_pb_button_module_wrapper et_pb_button_1_wrapper et_pb_button_alignment_left et_pb_module \">\n\t\t\t\t<a class=\"et_pb_button et_d4_element et_pb_button_1 et_hover_enabled et_pb_bg_layout_light et_block_module\" href=\"https:\/\/blogs.uni-bremen.de\/kuwicapacities\/startseite\/selbstorganisation\/\">Selbstorganisation<\/a>\n\t\t\t<\/div><div class=\"et_pb_button_module_wrapper et_pb_button_2_wrapper et_pb_button_alignment_left et_pb_module \">\n\t\t\t\t<a class=\"et_pb_button et_d4_element et_pb_button_2 et_hover_enabled et_pb_bg_layout_light et_block_module\" href=\"https:\/\/blogs.uni-bremen.de\/kuwicapacities\/startseite\/arbeiten-mit-literatur\/\">Arbeit mit Literatur<\/a>\n\t\t\t<\/div><div class=\"et_pb_button_module_wrapper et_pb_button_3_wrapper et_pb_button_alignment_right et_pb_module \">\n\t\t\t\t<a class=\"et_pb_button et_d4_element et_pb_button_3 et_hover_enabled et_pb_bg_layout_dark et_block_module\" href=\"https:\/\/blogs.uni-bremen.de\/kuwicapacities\/schreibprozess\/\">Schreibprozess<\/a>\n\t\t\t<\/div>\n\t\t\t<\/div><div class=\"et_d4_element et_pb_column_1_3 et_pb_column et_pb_column_1  et_pb_css_mix_blend_mode et_block_column\">\n\t\t\t\t\n\t\t\t\t\n\t\t\t\t\n\t\t\t\t\n\t\t\t\t<div class=\"et_pb_module et_d4_element et_pb_text et_pb_text_0  et_pb_text_align_center et_pb_bg_layout_light\">\n\t\t\t\t\n\t\t\t\t\n\t\t\t\t\n\t\t\t\t\n\t\t\t\t<div class=\"et_pb_text_inner\"><h1>Einf\u00fchrung<\/h1><\/div>\n\t\t\t<\/div>\n\t\t\t<\/div><div class=\"et_d4_element et_pb_column_1_3 et_pb_column et_pb_column_2  et_pb_css_mix_blend_mode et-last-child et_block_column\">\n\t\t\t\t\n\t\t\t\t\n\t\t\t\t\n\t\t\t\t\n\t\t\t\t<div class=\"et_pb_module et_d4_element et_pb_image et_pb_image_0\">\n\t\t\t\t\n\t\t\t\t\n\t\t\t\t\n\t\t\t\t\n\t\t\t\t<a href=\"https:\/\/blogs.uni-bremen.de\/kuwicapacities\/\"><span class=\"et_pb_image_wrap \"><img loading=\"lazy\" decoding=\"async\" width=\"1600\" height=\"700\" src=\"https:\/\/blogs.uni-bremen.de\/kuwicapacities\/files\/2019\/08\/kuwilogo22_optimiert.png\" alt=\"\" title=\"\" srcset=\"https:\/\/blogs.uni-bremen.de\/kuwicapacities\/files\/2019\/08\/kuwilogo22_optimiert.png 1600w, https:\/\/blogs.uni-bremen.de\/kuwicapacities\/files\/2019\/08\/kuwilogo22_optimiert-1280x560.png 1280w, https:\/\/blogs.uni-bremen.de\/kuwicapacities\/files\/2019\/08\/kuwilogo22_optimiert-980x429.png 980w, https:\/\/blogs.uni-bremen.de\/kuwicapacities\/files\/2019\/08\/kuwilogo22_optimiert-480x210.png 480w\" sizes=\"(min-width: 0px) and (max-width: 480px) 480px, (min-width: 481px) and (max-width: 980px) 980px, (min-width: 981px) and (max-width: 1280px) 1280px, (min-width: 1281px) 1600px, 100vw\" class=\"wp-image-1713\" \/><\/span><\/a>\n\t\t\t<\/div>\n\t\t\t<\/div>\n\t\t\t\t\n\t\t\t\t\n\t\t\t\t\n\t\t\t\t\n\t\t\t<\/div>\n\t\t\t\t\n\t\t\t\t\n\t\t\t<\/div><div class=\"et_d4_element et_pb_section et_pb_section_1  et_pb_css_mix_blend_mode et_section_regular et_block_section\" >\n\t\t\t\t\n\t\t\t\t\n\t\t\t\t\n\t\t\t\t\n\t\t\t\t\n\t\t\t\t\n\t\t\t\t<div class=\"et_d4_element et_pb_row et_pb_row_1  et_pb_css_mix_blend_mode et_block_row\">\n\t\t\t\t<div class=\"et_d4_element et_pb_column_1_2 et_pb_column et_pb_column_3  et_pb_css_mix_blend_mode et_block_column\">\n\t\t\t\t\n\t\t\t\t\n\t\t\t\t\n\t\t\t\t\n\t\t\t\t<div class=\"et_pb_module et_d4_element et_pb_text et_pb_text_1  et_pb_text_align_justified et_pb_bg_layout_light\">\n\t\t\t\t\n\t\t\t\t\n\t\t\t\t\n\t\t\t\t\n\t\t\t\t<div class=\"et_pb_text_inner\"><p><span style=\"font-size: medium;color: #ffffff\"><span style=\"font-family: Aldrich\"><span style=\"font-weight: normal\">Warum das Ganze?<\/span><\/span><\/span><\/p>\n<p><span style=\"font-size: medium;color: #ffffff\"><span style=\"font-weight: normal\"><span style=\"font-family: ArialMT, sans-serif\"><span style=\"font-family: Arial\"><span style=\"color: #ffffff\">Eine der ersten Fragen, die im Studium auftauchen, ist die nach dem \u201erichtigen\u201c wissenschaftlichen Arbeiten. Kulturwissenschaftliche Fragestellungen, Literaturrecherche, Zitierweisen, Bibliotheksarbeit, die Vorbereitung eines Referats oder das Verfassen einer Hausarbeit. Klingt vielleicht langweilig, jedoch sind das alles absolut n<\/span>otwendige Fertigkeiten f\u00fcr ein erfolgreiches Studium. Um sie m\u00f6glichst schnell und \u00fcbersichtlich zu lernen, haben wir Kuwi Capacities kreiert.<\/span> <\/span><\/span><\/span><\/p><\/div>\n\t\t\t<\/div><div class=\"et_pb_module et_d4_element et_pb_text et_pb_text_2  et_pb_text_align_justified et_pb_bg_layout_light\">\n\t\t\t\t\n\t\t\t\t\n\t\t\t\t\n\t\t\t\t\n\t\t\t\t<div class=\"et_pb_text_inner\"><p><span style=\"font-size: medium;font-family: Aldrich;color: #ffffff\">Wer?<\/span><\/p>\n<p align=\"JUSTIFY\"><span style=\"color: #ffffff;font-size: medium\"><span style=\"font-family: ArialMT, sans-serif\">Das Angebot richtet sich grunds\u00e4tzlich an alle Studierenden des BA Kulturwissenschaft. Im Blick haben wir aber besonders die Studierenden aus dem ersten Studienjahr, die KuWi Capacities in diesem Zeitraum studieren und absolvieren k\u00f6nnen. Die erlangten CP\u2019s k\u00f6nnt Ihr Euch im General Studies Bereich anrechnen lassen. Wir wollen aber auch diejenigen ansprechen, die im fortgeschrittenen Studium merken, dass sie ihre Kompetenzen noch einmal auffrischen wollen, vor allem wenn es in die Phase des Schreibens der BA-Arbeit geht.<\/span><\/span><\/p><\/div>\n\t\t\t<\/div>\n\t\t\t<\/div><div class=\"et_d4_element et_pb_column_1_2 et_pb_column et_pb_column_4  et_pb_css_mix_blend_mode et-last-child et_block_column\">\n\t\t\t\t\n\t\t\t\t\n\t\t\t\t\n\t\t\t\t\n\t\t\t\t<div class=\"et_pb_module et_d4_element et_pb_text et_pb_text_3  et_pb_text_align_left et_pb_bg_layout_light\">\n\t\t\t\t\n\t\t\t\t\n\t\t\t\t\n\t\t\t\t\n\t\t\t\t<div class=\"et_pb_text_inner\"><p align=\"JUSTIFY\"><span style=\"color: #ffffff;font-size: medium;font-family: Aldrich;font-weight: normal\">Wie ist es entstanden?<\/span><\/p>\n<p align=\"JUSTIFY\"><span style=\"color: #ffffff;font-size: medium;font-family: inherit;font-weight: normal\">Beteiligt waren und sind sowohl Studierende als auch Lehrende. Im Grunde ist es eine Weiterentwicklung von Ans\u00e4tzen der Einf\u00fchrung in das wissenschaftliche Arbeiten mit unseren eigenen Lehr- und Lernerfahrungen. <\/span><\/p>\n<p align=\"JUSTIFY\"><span style=\"color: #ffffff;font-size: medium;font-family: inherit;font-weight: normal\">Das Ergebnis ist ein hoffentlich attraktives Lernangebot zu kulturwissenschaftlichen Arbeitstechniken. Es fordert zu kreativem Arbeiten mit euren eigenen Themen heraus und gibt euch Einblicke wie die Mitglieder des Instituts f\u00fcr Ethnologie und Kulturwissenschaft selbst wissenschaftlich arbeiten. F\u00fcr eine bessere Studierbarkeit haben wir es so aufgebaut, dass ihr nicht an w\u00f6chentliche Seminartermine gebunden seid. Stattdessen ist es eine Kombination aus Online-Lehreinheiten und 'realen' Workshops, den KuWi Labs.<\/span><\/p><\/div>\n\t\t\t<\/div><div class=\"et_pb_module et_d4_element et_pb_text et_pb_text_4  et_pb_text_align_left et_pb_bg_layout_light\">\n\t\t\t\t\n\t\t\t\t\n\t\t\t\t\n\t\t\t\t\n\t\t\t\t<div class=\"et_pb_text_inner\"><p><span style=\"font-size: medium;font-family: Aldrich;font-weight: normal;color: #ffffff\">Wo?<\/span><\/p>\n<p align=\"JUSTIFY\"><span style=\"color: #ffffff;font-size: medium\"><span style=\"font-family: ArialMT, sans-serif\">Die Portalseite von KuWi Capacities teilt sich in einen \u00f6ffentlich zug\u00e4nglichen Bereich und einen geschlossenen Login Bereich auf. Ohne Zugangsdaten k\u00f6nnt ihr euch im Portal \u00fcber das Angebot informieren, erfahren welche Lerneinheiten es gibt und wann die Labs stattfinden. Sobald ihr euch entscheidet das Angebot zu studieren, bekommt ihr Zugangsdaten. Damit k\u00f6nnt ihr die einzelnen Lerneinheiten absolvieren und erhaltet Zugang zu vielen n\u00fctzlichen Informationen zum kulturwissenschaftlichen Arbeiten. Au\u00dferdem ladet ihr dort die Lernergebnisse hoch. <\/span><\/span><\/p><\/div>\n\t\t\t<\/div>\n\t\t\t<\/div>\n\t\t\t\t\n\t\t\t\t\n\t\t\t\t\n\t\t\t\t\n\t\t\t<\/div>\n\t\t\t\t\n\t\t\t\t\n\t\t\t<\/div><\/p>\n","protected":false},"excerpt":{"rendered":"","protected":false},"author":3044,"featured_media":0,"parent":7,"menu_order":0,"comment_status":"closed","ping_status":"closed","template":"page-template-blank.php","meta":{"_bbp_topic_count":0,"_bbp_reply_count":0,"_bbp_total_topic_count":0,"_bbp_total_reply_count":0,"_bbp_voice_count":0,"_bbp_anonymous_reply_count":0,"_bbp_topic_count_hidden":0,"_bbp_reply_count_hidden":0,"_bbp_forum_subforum_count":0,"_et_pb_use_builder":"on","_et_pb_old_content":"","_et_gb_content_width":"","footnotes":""},"class_list":["post-114","page","type-page","status-publish","hentry"],"_links":{"self":[{"href":"https:\/\/blogs.uni-bremen.de\/kuwicapacities\/wp-json\/wp\/v2\/pages\/114","targetHints":{"allow":["GET"]}}],"collection":[{"href":"https:\/\/blogs.uni-bremen.de\/kuwicapacities\/wp-json\/wp\/v2\/pages"}],"about":[{"href":"https:\/\/blogs.uni-bremen.de\/kuwicapacities\/wp-json\/wp\/v2\/types\/page"}],"author":[{"embeddable":true,"href":"https:\/\/blogs.uni-bremen.de\/kuwicapacities\/wp-json\/wp\/v2\/users\/3044"}],"replies":[{"embeddable":true,"href":"https:\/\/blogs.uni-bremen.de\/kuwicapacities\/wp-json\/wp\/v2\/comments?post=114"}],"version-history":[{"count":6,"href":"https:\/\/blogs.uni-bremen.de\/kuwicapacities\/wp-json\/wp\/v2\/pages\/114\/revisions"}],"predecessor-version":[{"id":2559,"href":"https:\/\/blogs.uni-bremen.de\/kuwicapacities\/wp-json\/wp\/v2\/pages\/114\/revisions\/2559"}],"up":[{"embeddable":true,"href":"https:\/\/blogs.uni-bremen.de\/kuwicapacities\/wp-json\/wp\/v2\/pages\/7"}],"wp:attachment":[{"href":"https:\/\/blogs.uni-bremen.de\/kuwicapacities\/wp-json\/wp\/v2\/media?parent=114"}],"curies":[{"name":"wp","href":"https:\/\/api.w.org\/{rel}","templated":true}]}}