{"id":26,"date":"2018-07-05T16:20:02","date_gmt":"2018-07-05T14:20:02","guid":{"rendered":"https:\/\/blogs.uni-bremen.de\/kunst\/?page_id=26"},"modified":"2023-12-07T14:31:26","modified_gmt":"2023-12-07T13:31:26","slug":"kontakt","status":"publish","type":"page","link":"https:\/\/blogs.uni-bremen.de\/kunst\/kontakt\/","title":{"rendered":"Kontakt"},"content":{"rendered":"<p>Moin!<\/p>\n<p>Bei Fragen oder Sorgen stehen wir euch \u00fcber die unten stehenden Kan\u00e4le immer zur Verf\u00fcgung. Werft sonst auch gerne was in unseren Briefkasten an der StugA T\u00fcr!<\/p>\n<p>Hier k\u00f6nnt ihr uns erreichen:<\/p>\n<p><strong>StugA Raum:<\/strong> GW2 B3955<\/p>\n<p><strong>Email:<\/strong> stgkunst[at]uni-bremen.de<\/p>\n<p><strong>Instagram:<\/strong> kunst.stuga<\/p>\n<p>&nbsp;<\/p>\n<p><strong>StugA Treffen:<\/strong> Wir treffen uns jede Woche Donnerstag um 14 Uhr im StugA Raum! Kommt gerne spontan vorbei oder kontaktiert uns vorher, wir freuen uns neue Gesichter zu sehen!<\/p>\n","protected":false},"excerpt":{"rendered":"<p>Moin! Bei Fragen oder Sorgen stehen wir euch \u00fcber die unten stehenden Kan\u00e4le immer zur Verf\u00fcgung. Werft sonst auch gerne was in unseren Briefkasten an der StugA T\u00fcr! Hier k\u00f6nnt ihr uns erreichen: StugA Raum: GW2 B3955 Email: stgkunst[at]uni-bremen.de Instagram: kunst.stuga &nbsp; StugA Treffen: Wir treffen uns jede Woche Donnerstag um 14 Uhr im StugA [&hellip;]<\/p>\n","protected":false},"author":9403,"featured_media":0,"parent":0,"menu_order":0,"comment_status":"closed","ping_status":"closed","template":"","meta":{"_bbp_topic_count":0,"_bbp_reply_count":0,"_bbp_total_topic_count":0,"_bbp_total_reply_count":0,"_bbp_voice_count":0,"_bbp_anonymous_reply_count":0,"_bbp_topic_count_hidden":0,"_bbp_reply_count_hidden":0,"_bbp_forum_subforum_count":0,"footnotes":"","_links_to":"","_links_to_target":""},"class_list":["post-26","page","type-page","status-publish","hentry"],"_links":{"self":[{"href":"https:\/\/blogs.uni-bremen.de\/kunst\/wp-json\/wp\/v2\/pages\/26","targetHints":{"allow":["GET"]}}],"collection":[{"href":"https:\/\/blogs.uni-bremen.de\/kunst\/wp-json\/wp\/v2\/pages"}],"about":[{"href":"https:\/\/blogs.uni-bremen.de\/kunst\/wp-json\/wp\/v2\/types\/page"}],"author":[{"embeddable":true,"href":"https:\/\/blogs.uni-bremen.de\/kunst\/wp-json\/wp\/v2\/users\/9403"}],"replies":[{"embeddable":true,"href":"https:\/\/blogs.uni-bremen.de\/kunst\/wp-json\/wp\/v2\/comments?post=26"}],"version-history":[{"count":4,"href":"https:\/\/blogs.uni-bremen.de\/kunst\/wp-json\/wp\/v2\/pages\/26\/revisions"}],"predecessor-version":[{"id":254,"href":"https:\/\/blogs.uni-bremen.de\/kunst\/wp-json\/wp\/v2\/pages\/26\/revisions\/254"}],"wp:attachment":[{"href":"https:\/\/blogs.uni-bremen.de\/kunst\/wp-json\/wp\/v2\/media?parent=26"}],"curies":[{"name":"wp","href":"https:\/\/api.w.org\/{rel}","templated":true}]}}