{"id":195,"date":"2021-05-08T17:36:50","date_gmt":"2021-05-08T15:36:50","guid":{"rendered":"https:\/\/blogs.uni-bremen.de\/kuenstlerischepraxis2021\/?page_id=195"},"modified":"2021-07-14T15:23:34","modified_gmt":"2021-07-14T13:23:34","slug":"zyhregashi","status":"publish","type":"page","link":"https:\/\/blogs.uni-bremen.de\/kuenstlerischepraxis2021\/zyhregashi\/","title":{"rendered":"Zyhre Gashi"},"content":{"rendered":"<p style=\"text-align: center\"><span style=\"font-size: 18pt\"><em><strong>Die k\u00fcnstliche Einnahme<\/strong><\/em><\/span><\/p>\n<p><img loading=\"lazy\" decoding=\"async\" class=\"wp-image-803 size-full aligncenter\" src=\"https:\/\/blogs.uni-bremen.de\/kuenstlerischepraxis2021\/files\/Scan_C284e_21070716450_0002-scaled.jpg\" alt=\"\" width=\"1810\" height=\"2560\" srcset=\"https:\/\/blogs.uni-bremen.de\/kuenstlerischepraxis2021\/files\/Scan_C284e_21070716450_0002-scaled.jpg 1810w, https:\/\/blogs.uni-bremen.de\/kuenstlerischepraxis2021\/files\/Scan_C284e_21070716450_0002-212x300.jpg 212w, https:\/\/blogs.uni-bremen.de\/kuenstlerischepraxis2021\/files\/Scan_C284e_21070716450_0002-724x1024.jpg 724w, https:\/\/blogs.uni-bremen.de\/kuenstlerischepraxis2021\/files\/Scan_C284e_21070716450_0002-768x1086.jpg 768w, https:\/\/blogs.uni-bremen.de\/kuenstlerischepraxis2021\/files\/Scan_C284e_21070716450_0002-1086x1536.jpg 1086w, https:\/\/blogs.uni-bremen.de\/kuenstlerischepraxis2021\/files\/Scan_C284e_21070716450_0002-1448x2048.jpg 1448w, https:\/\/blogs.uni-bremen.de\/kuenstlerischepraxis2021\/files\/Scan_C284e_21070716450_0002-1200x1697.jpg 1200w, https:\/\/blogs.uni-bremen.de\/kuenstlerischepraxis2021\/files\/Scan_C284e_21070716450_0002-1980x2800.jpg 1980w\" sizes=\"auto, (max-width: 1810px) 100vw, 1810px\" \/><img loading=\"lazy\" decoding=\"async\" class=\"wp-image-802 size-full aligncenter\" src=\"https:\/\/blogs.uni-bremen.de\/kuenstlerischepraxis2021\/files\/Scan_C284e_21070716450_0001-scaled.jpg\" alt=\"\" width=\"1810\" height=\"2560\" srcset=\"https:\/\/blogs.uni-bremen.de\/kuenstlerischepraxis2021\/files\/Scan_C284e_21070716450_0001-scaled.jpg 1810w, https:\/\/blogs.uni-bremen.de\/kuenstlerischepraxis2021\/files\/Scan_C284e_21070716450_0001-212x300.jpg 212w, https:\/\/blogs.uni-bremen.de\/kuenstlerischepraxis2021\/files\/Scan_C284e_21070716450_0001-724x1024.jpg 724w, https:\/\/blogs.uni-bremen.de\/kuenstlerischepraxis2021\/files\/Scan_C284e_21070716450_0001-768x1086.jpg 768w, https:\/\/blogs.uni-bremen.de\/kuenstlerischepraxis2021\/files\/Scan_C284e_21070716450_0001-1086x1536.jpg 1086w, https:\/\/blogs.uni-bremen.de\/kuenstlerischepraxis2021\/files\/Scan_C284e_21070716450_0001-1448x2048.jpg 1448w, https:\/\/blogs.uni-bremen.de\/kuenstlerischepraxis2021\/files\/Scan_C284e_21070716450_0001-1200x1697.jpg 1200w, https:\/\/blogs.uni-bremen.de\/kuenstlerischepraxis2021\/files\/Scan_C284e_21070716450_0001-1980x2800.jpg 1980w\" sizes=\"auto, (max-width: 1810px) 100vw, 1810px\" \/><img loading=\"lazy\" decoding=\"async\" class=\"wp-image-804 size-full aligncenter\" src=\"https:\/\/blogs.uni-bremen.de\/kuenstlerischepraxis2021\/files\/Scan_C284e_21070716450_0003-scaled.jpg\" alt=\"\" width=\"1810\" height=\"2560\" srcset=\"https:\/\/blogs.uni-bremen.de\/kuenstlerischepraxis2021\/files\/Scan_C284e_21070716450_0003-scaled.jpg 1810w, https:\/\/blogs.uni-bremen.de\/kuenstlerischepraxis2021\/files\/Scan_C284e_21070716450_0003-212x300.jpg 212w, https:\/\/blogs.uni-bremen.de\/kuenstlerischepraxis2021\/files\/Scan_C284e_21070716450_0003-724x1024.jpg 724w, https:\/\/blogs.uni-bremen.de\/kuenstlerischepraxis2021\/files\/Scan_C284e_21070716450_0003-768x1086.jpg 768w, https:\/\/blogs.uni-bremen.de\/kuenstlerischepraxis2021\/files\/Scan_C284e_21070716450_0003-1086x1536.jpg 1086w, https:\/\/blogs.uni-bremen.de\/kuenstlerischepraxis2021\/files\/Scan_C284e_21070716450_0003-1448x2048.jpg 1448w, https:\/\/blogs.uni-bremen.de\/kuenstlerischepraxis2021\/files\/Scan_C284e_21070716450_0003-1200x1697.jpg 1200w, https:\/\/blogs.uni-bremen.de\/kuenstlerischepraxis2021\/files\/Scan_C284e_21070716450_0003-1980x2800.jpg 1980w\" sizes=\"auto, (max-width: 1810px) 100vw, 1810px\" \/><img loading=\"lazy\" decoding=\"async\" class=\"wp-image-805 size-full aligncenter\" src=\"https:\/\/blogs.uni-bremen.de\/kuenstlerischepraxis2021\/files\/Scan_C284e_21070716450_0004-scaled.jpg\" alt=\"\" width=\"1810\" height=\"2560\" srcset=\"https:\/\/blogs.uni-bremen.de\/kuenstlerischepraxis2021\/files\/Scan_C284e_21070716450_0004-scaled.jpg 1810w, https:\/\/blogs.uni-bremen.de\/kuenstlerischepraxis2021\/files\/Scan_C284e_21070716450_0004-212x300.jpg 212w, https:\/\/blogs.uni-bremen.de\/kuenstlerischepraxis2021\/files\/Scan_C284e_21070716450_0004-724x1024.jpg 724w, https:\/\/blogs.uni-bremen.de\/kuenstlerischepraxis2021\/files\/Scan_C284e_21070716450_0004-768x1086.jpg 768w, https:\/\/blogs.uni-bremen.de\/kuenstlerischepraxis2021\/files\/Scan_C284e_21070716450_0004-1086x1536.jpg 1086w, https:\/\/blogs.uni-bremen.de\/kuenstlerischepraxis2021\/files\/Scan_C284e_21070716450_0004-1448x2048.jpg 1448w, https:\/\/blogs.uni-bremen.de\/kuenstlerischepraxis2021\/files\/Scan_C284e_21070716450_0004-1200x1697.jpg 1200w, https:\/\/blogs.uni-bremen.de\/kuenstlerischepraxis2021\/files\/Scan_C284e_21070716450_0004-1980x2800.jpg 1980w\" sizes=\"auto, (max-width: 1810px) 100vw, 1810px\" \/><img loading=\"lazy\" decoding=\"async\" class=\"wp-image-806 size-full aligncenter\" src=\"https:\/\/blogs.uni-bremen.de\/kuenstlerischepraxis2021\/files\/Scan_C284e_21070716450_0005-scaled.jpg\" alt=\"\" width=\"1810\" height=\"2560\" srcset=\"https:\/\/blogs.uni-bremen.de\/kuenstlerischepraxis2021\/files\/Scan_C284e_21070716450_0005-scaled.jpg 1810w, https:\/\/blogs.uni-bremen.de\/kuenstlerischepraxis2021\/files\/Scan_C284e_21070716450_0005-212x300.jpg 212w, https:\/\/blogs.uni-bremen.de\/kuenstlerischepraxis2021\/files\/Scan_C284e_21070716450_0005-724x1024.jpg 724w, https:\/\/blogs.uni-bremen.de\/kuenstlerischepraxis2021\/files\/Scan_C284e_21070716450_0005-768x1086.jpg 768w, https:\/\/blogs.uni-bremen.de\/kuenstlerischepraxis2021\/files\/Scan_C284e_21070716450_0005-1086x1536.jpg 1086w, https:\/\/blogs.uni-bremen.de\/kuenstlerischepraxis2021\/files\/Scan_C284e_21070716450_0005-1448x2048.jpg 1448w, https:\/\/blogs.uni-bremen.de\/kuenstlerischepraxis2021\/files\/Scan_C284e_21070716450_0005-1200x1697.jpg 1200w, https:\/\/blogs.uni-bremen.de\/kuenstlerischepraxis2021\/files\/Scan_C284e_21070716450_0005-1980x2800.jpg 1980w\" sizes=\"auto, (max-width: 1810px) 100vw, 1810px\" \/><\/p>\n<p>&nbsp;<\/p>\n<p style=\"text-align: center\">5 Collagen, Fotografien gerissen, Gr\u00f6\u00dfe: 21 x 29,7 cm<\/p>\n<p>&nbsp;<\/p>\n<p>&nbsp;<\/p>\n<p>&nbsp;<\/p>\n<p>&nbsp;<\/p>\n<p>&nbsp;<\/p>\n<h5><\/h5>\n<p>&nbsp;<\/p>\n<p>&nbsp;<\/p>\n","protected":false},"excerpt":{"rendered":"<p>Die k\u00fcnstliche Einnahme &nbsp; 5 Collagen, Fotografien gerissen, Gr\u00f6\u00dfe: 21 x 29,7 cm &nbsp; &nbsp; &nbsp; &nbsp; &nbsp; &nbsp; &nbsp;<\/p>\n","protected":false},"author":11759,"featured_media":0,"parent":0,"menu_order":0,"comment_status":"closed","ping_status":"closed","template":"","meta":{"_bbp_topic_count":0,"_bbp_reply_count":0,"_bbp_total_topic_count":0,"_bbp_total_reply_count":0,"_bbp_voice_count":0,"_bbp_anonymous_reply_count":0,"_bbp_topic_count_hidden":0,"_bbp_reply_count_hidden":0,"_bbp_forum_subforum_count":0,"footnotes":""},"class_list":["post-195","page","type-page","status-publish","hentry"],"_links":{"self":[{"href":"https:\/\/blogs.uni-bremen.de\/kuenstlerischepraxis2021\/wp-json\/wp\/v2\/pages\/195","targetHints":{"allow":["GET"]}}],"collection":[{"href":"https:\/\/blogs.uni-bremen.de\/kuenstlerischepraxis2021\/wp-json\/wp\/v2\/pages"}],"about":[{"href":"https:\/\/blogs.uni-bremen.de\/kuenstlerischepraxis2021\/wp-json\/wp\/v2\/types\/page"}],"author":[{"embeddable":true,"href":"https:\/\/blogs.uni-bremen.de\/kuenstlerischepraxis2021\/wp-json\/wp\/v2\/users\/11759"}],"replies":[{"embeddable":true,"href":"https:\/\/blogs.uni-bremen.de\/kuenstlerischepraxis2021\/wp-json\/wp\/v2\/comments?post=195"}],"version-history":[{"count":10,"href":"https:\/\/blogs.uni-bremen.de\/kuenstlerischepraxis2021\/wp-json\/wp\/v2\/pages\/195\/revisions"}],"predecessor-version":[{"id":988,"href":"https:\/\/blogs.uni-bremen.de\/kuenstlerischepraxis2021\/wp-json\/wp\/v2\/pages\/195\/revisions\/988"}],"wp:attachment":[{"href":"https:\/\/blogs.uni-bremen.de\/kuenstlerischepraxis2021\/wp-json\/wp\/v2\/media?parent=195"}],"curies":[{"name":"wp","href":"https:\/\/api.w.org\/{rel}","templated":true}]}}