{"id":51,"date":"2025-02-01T17:28:55","date_gmt":"2025-02-01T16:28:55","guid":{"rendered":"https:\/\/blogs.uni-bremen.de\/konzertsommer2024\/?page_id=51"},"modified":"2025-02-20T13:16:18","modified_gmt":"2025-02-20T12:16:18","slug":"info-artikel","status":"publish","type":"page","link":"https:\/\/blogs.uni-bremen.de\/konzertsommer2024\/info-artikel\/","title":{"rendered":"Info-Artikel"},"content":{"rendered":"<p><span style=\"color: #000000\">Warum entscheiden sich so viele Fans, trotz hoher Ticketpreise ein Konzert von Adele, Coldplay und Taylor Swift zu besuchen? Wir haben uns angeschaut, welche Rolle Fangruppen, Social Media und die besondere Bindung zu den K\u00fcnstler*innen dabei spielen. Unsere Artikel beleuchten, warum diese Konzerte f\u00fcr viele mehr sind als nur ein Abend mit Live-Musik &#8211; sondern ein unvergessliches Erlebnis, das f\u00fcr immer bleibt.<span class=\"Apple-converted-space\">\u00a0<\/span><\/span><\/p>\n<div id=\"attachment_157\" style=\"width: 310px\" class=\"wp-caption aligncenter\"><img loading=\"lazy\" decoding=\"async\" aria-describedby=\"caption-attachment-157\" class=\"size-medium wp-image-157\" src=\"https:\/\/blogs.uni-bremen.de\/konzertsommer2024\/files\/IMG_7159-2-300x194.jpg\" alt=\"\" width=\"300\" height=\"194\" srcset=\"https:\/\/blogs.uni-bremen.de\/konzertsommer2024\/files\/IMG_7159-2-300x194.jpg 300w, https:\/\/blogs.uni-bremen.de\/konzertsommer2024\/files\/IMG_7159-2-768x497.jpg 768w, https:\/\/blogs.uni-bremen.de\/konzertsommer2024\/files\/IMG_7159-2-624x404.jpg 624w, https:\/\/blogs.uni-bremen.de\/konzertsommer2024\/files\/IMG_7159-2.jpg 828w\" sizes=\"auto, (max-width: 300px) 100vw, 300px\" \/><p id=\"caption-attachment-157\" class=\"wp-caption-text\"><span style=\"color: #000000\">Foto von &#8222;taylorswift&#8220;, 29.10.2024, auf ihrem Instagram- Account<\/span><\/p><\/div>\n<p style=\"text-align: center\"><span style=\"color: #3366ff;font-size: 14pt\"><strong><a style=\"color: #3366ff\" href=\"https:\/\/blogs.uni-bremen.de\/konzertsommer2024\/info-artikel\/fangruppen\/\">Fangruppen<\/a><\/strong><\/span><\/p>\n<p>&nbsp;<\/p>\n<p>&nbsp;<\/p>\n<div id=\"attachment_162\" style=\"width: 255px\" class=\"wp-caption aligncenter\"><img loading=\"lazy\" decoding=\"async\" aria-describedby=\"caption-attachment-162\" class=\"size-medium wp-image-162\" src=\"https:\/\/blogs.uni-bremen.de\/konzertsommer2024\/files\/IMG_7146-2-245x300.jpg\" alt=\"\" width=\"245\" height=\"300\" srcset=\"https:\/\/blogs.uni-bremen.de\/konzertsommer2024\/files\/IMG_7146-2-245x300.jpg 245w, https:\/\/blogs.uni-bremen.de\/konzertsommer2024\/files\/IMG_7146-2-768x940.jpg 768w, https:\/\/blogs.uni-bremen.de\/konzertsommer2024\/files\/IMG_7146-2-624x763.jpg 624w, https:\/\/blogs.uni-bremen.de\/konzertsommer2024\/files\/IMG_7146-2.jpg 828w\" sizes=\"auto, (max-width: 245px) 100vw, 245px\" \/><p id=\"caption-attachment-162\" class=\"wp-caption-text\"><span style=\"color: #000000\">Foto von &#8222;coldplay&#8220;, 25.08.2024, auf dem Instagram- Account<\/span><\/p><\/div>\n<p style=\"text-align: center\"><span style=\"font-size: 14pt;color: #ff0000\"><strong><a style=\"color: #ff0000\" href=\"https:\/\/blogs.uni-bremen.de\/konzertsommer2024\/info-artikel\/social-media\/\">Social Media<\/a><\/strong><\/span><\/p>\n<p>&nbsp;<\/p>\n<p>&nbsp;<\/p>\n<div id=\"attachment_163\" style=\"width: 253px\" class=\"wp-caption aligncenter\"><img loading=\"lazy\" decoding=\"async\" aria-describedby=\"caption-attachment-163\" class=\"size-medium wp-image-163\" src=\"https:\/\/blogs.uni-bremen.de\/konzertsommer2024\/files\/IMG_7151-2-243x300.jpg\" alt=\"\" width=\"243\" height=\"300\" srcset=\"https:\/\/blogs.uni-bremen.de\/konzertsommer2024\/files\/IMG_7151-2-243x300.jpg 243w, https:\/\/blogs.uni-bremen.de\/konzertsommer2024\/files\/IMG_7151-2-768x947.jpg 768w, https:\/\/blogs.uni-bremen.de\/konzertsommer2024\/files\/IMG_7151-2-624x769.jpg 624w, https:\/\/blogs.uni-bremen.de\/konzertsommer2024\/files\/IMG_7151-2.jpg 828w\" sizes=\"auto, (max-width: 243px) 100vw, 243px\" \/><p id=\"caption-attachment-163\" class=\"wp-caption-text\"><span style=\"color: #000000\">Foto von &#8222;adele&#8220;, 03.08.2024, auf ihrem Instagram- Account<\/span><\/p><\/div>\n<p style=\"text-align: center\"><span style=\"font-size: 14pt;color: #0000ff\"><strong><a style=\"color: #0000ff\" href=\"https:\/\/blogs.uni-bremen.de\/konzertsommer2024\/info-artikel\/ticketpreise-und-swiftonomics\/\">Ticketpreise und Swiftonomics<\/a><\/strong><\/span><\/p>\n","protected":false},"excerpt":{"rendered":"<p>Warum entscheiden sich so viele Fans, trotz hoher Ticketpreise ein Konzert von Adele, Coldplay und Taylor Swift zu besuchen? Wir haben uns angeschaut, welche Rolle Fangruppen, Social Media und die besondere Bindung zu den K\u00fcnstler*innen dabei spielen. Unsere Artikel beleuchten, warum diese Konzerte f\u00fcr viele mehr sind als nur ein Abend mit Live-Musik &#8211; sondern [&hellip;]<\/p>\n","protected":false},"author":16092,"featured_media":0,"parent":0,"menu_order":0,"comment_status":"closed","ping_status":"closed","template":"","meta":{"_bbp_topic_count":0,"_bbp_reply_count":0,"_bbp_total_topic_count":0,"_bbp_total_reply_count":0,"_bbp_voice_count":0,"_bbp_anonymous_reply_count":0,"_bbp_topic_count_hidden":0,"_bbp_reply_count_hidden":0,"_bbp_forum_subforum_count":0,"footnotes":""},"class_list":["post-51","page","type-page","status-publish","hentry"],"_links":{"self":[{"href":"https:\/\/blogs.uni-bremen.de\/konzertsommer2024\/wp-json\/wp\/v2\/pages\/51","targetHints":{"allow":["GET"]}}],"collection":[{"href":"https:\/\/blogs.uni-bremen.de\/konzertsommer2024\/wp-json\/wp\/v2\/pages"}],"about":[{"href":"https:\/\/blogs.uni-bremen.de\/konzertsommer2024\/wp-json\/wp\/v2\/types\/page"}],"author":[{"embeddable":true,"href":"https:\/\/blogs.uni-bremen.de\/konzertsommer2024\/wp-json\/wp\/v2\/users\/16092"}],"replies":[{"embeddable":true,"href":"https:\/\/blogs.uni-bremen.de\/konzertsommer2024\/wp-json\/wp\/v2\/comments?post=51"}],"version-history":[{"count":10,"href":"https:\/\/blogs.uni-bremen.de\/konzertsommer2024\/wp-json\/wp\/v2\/pages\/51\/revisions"}],"predecessor-version":[{"id":254,"href":"https:\/\/blogs.uni-bremen.de\/konzertsommer2024\/wp-json\/wp\/v2\/pages\/51\/revisions\/254"}],"wp:attachment":[{"href":"https:\/\/blogs.uni-bremen.de\/konzertsommer2024\/wp-json\/wp\/v2\/media?parent=51"}],"curies":[{"name":"wp","href":"https:\/\/api.w.org\/{rel}","templated":true}]}}