{"id":16,"date":"2025-02-01T16:19:29","date_gmt":"2025-02-01T15:19:29","guid":{"rendered":"https:\/\/blogs.uni-bremen.de\/konzertsommer2024\/?page_id=16"},"modified":"2025-02-20T13:30:03","modified_gmt":"2025-02-20T12:30:03","slug":"interviews","status":"publish","type":"page","link":"https:\/\/blogs.uni-bremen.de\/konzertsommer2024\/interviews\/","title":{"rendered":"Interviews"},"content":{"rendered":"<p><span style=\"color: #000000\">Wie f\u00fchlt es sich an, live bei Adele, Coldplay oder Taylor Swift dabei zu sein? Wir haben mit drei Konzertbesucherinnen gesprochen, die ihre pers\u00f6nlichen Erlebnisse mit uns geteilt haben. Sie erz\u00e4hlen, warum sie sich f\u00fcr das Konzert entschieden haben, welche Momente sie besonders ber\u00fchrt haben und wie sie die Atmosph\u00e4re erlebt haben. Taucht mit uns ein in die Emotionen und Highlights dieser einzigartigen N\u00e4chte!<\/span><\/p>\n<p style=\"text-align: center\">\n<div id=\"attachment_263\" style=\"width: 310px\" class=\"wp-caption aligncenter\"><img loading=\"lazy\" decoding=\"async\" aria-describedby=\"caption-attachment-263\" class=\"size-medium wp-image-263\" src=\"https:\/\/blogs.uni-bremen.de\/konzertsommer2024\/files\/IMG_7178-300x290.jpg\" alt=\"\" width=\"300\" height=\"290\" srcset=\"https:\/\/blogs.uni-bremen.de\/konzertsommer2024\/files\/IMG_7178-300x290.jpg 300w, https:\/\/blogs.uni-bremen.de\/konzertsommer2024\/files\/IMG_7178-768x742.jpg 768w, https:\/\/blogs.uni-bremen.de\/konzertsommer2024\/files\/IMG_7178-624x603.jpg 624w, https:\/\/blogs.uni-bremen.de\/konzertsommer2024\/files\/IMG_7178.jpg 828w\" sizes=\"auto, (max-width: 300px) 100vw, 300px\" \/><p id=\"caption-attachment-263\" class=\"wp-caption-text\"><span style=\"color: #000000\">Foto von &#8222;adele&#8220;, 25.02.2024, auf ihrem Instagram- Account<\/span><\/p><\/div>\n<p style=\"text-align: center\"><span style=\"font-size: 14pt;color: #0000ff\"><strong><a style=\"color: #0000ff\" href=\"https:\/\/blogs.uni-bremen.de\/konzertsommer2024\/interviews\/adele\/\">Adele<\/a><\/strong><\/span><\/p>\n<p>&nbsp;<\/p>\n<p>&nbsp;<\/p>\n<div id=\"attachment_150\" style=\"width: 272px\" class=\"wp-caption aligncenter\"><img loading=\"lazy\" decoding=\"async\" aria-describedby=\"caption-attachment-150\" class=\"size-medium wp-image-150\" src=\"https:\/\/blogs.uni-bremen.de\/konzertsommer2024\/files\/IMG_7147-262x300.jpeg\" alt=\"\" width=\"262\" height=\"300\" srcset=\"https:\/\/blogs.uni-bremen.de\/konzertsommer2024\/files\/IMG_7147-262x300.jpeg 262w, https:\/\/blogs.uni-bremen.de\/konzertsommer2024\/files\/IMG_7147-768x878.jpeg 768w, https:\/\/blogs.uni-bremen.de\/konzertsommer2024\/files\/IMG_7147-624x714.jpeg 624w, https:\/\/blogs.uni-bremen.de\/konzertsommer2024\/files\/IMG_7147.jpeg 828w\" sizes=\"auto, (max-width: 262px) 100vw, 262px\" \/><p id=\"caption-attachment-150\" class=\"wp-caption-text\"><span style=\"color: #000000\">Foto von &#8222;coldplay&#8220;, 08.11.2024, auf dem Instagram- Account<\/span><\/p><\/div>\n<p style=\"text-align: center\"><span style=\"font-size: 14pt;color: #ff0000\"><strong><a style=\"color: #ff0000\" href=\"https:\/\/blogs.uni-bremen.de\/konzertsommer2024\/interviews\/coldplay\/\">Coldplay<\/a><\/strong><\/span><\/p>\n<p>&nbsp;<\/p>\n<p>&nbsp;<\/p>\n<div id=\"attachment_152\" style=\"width: 310px\" class=\"wp-caption aligncenter\"><img loading=\"lazy\" decoding=\"async\" aria-describedby=\"caption-attachment-152\" class=\"size-medium wp-image-152\" src=\"https:\/\/blogs.uni-bremen.de\/konzertsommer2024\/files\/IMG_7157-300x238.jpg\" alt=\"\" width=\"300\" height=\"238\" srcset=\"https:\/\/blogs.uni-bremen.de\/konzertsommer2024\/files\/IMG_7157-300x238.jpg 300w, https:\/\/blogs.uni-bremen.de\/konzertsommer2024\/files\/IMG_7157-768x608.jpg 768w, https:\/\/blogs.uni-bremen.de\/konzertsommer2024\/files\/IMG_7157-624x494.jpg 624w, https:\/\/blogs.uni-bremen.de\/konzertsommer2024\/files\/IMG_7157.jpg 828w\" sizes=\"auto, (max-width: 300px) 100vw, 300px\" \/><p id=\"caption-attachment-152\" class=\"wp-caption-text\"><span style=\"color: #000000\">Foto von &#8222;taylorswift&#8220;, 16.06.2024 auf ihrem Instagram- Account<\/span><\/p><\/div>\n<p style=\"text-align: center\"><span style=\"font-size: 14pt;color: #ff00ff\"><strong><a style=\"color: #ff00ff\" href=\"https:\/\/blogs.uni-bremen.de\/konzertsommer2024\/interviews\/taylor-swift\/\">Taylor Swift<\/a><\/strong><\/span><\/p>\n","protected":false},"excerpt":{"rendered":"<p>Wie f\u00fchlt es sich an, live bei Adele, Coldplay oder Taylor Swift dabei zu sein? Wir haben mit drei Konzertbesucherinnen gesprochen, die ihre pers\u00f6nlichen Erlebnisse mit uns geteilt haben. Sie erz\u00e4hlen, warum sie sich f\u00fcr das Konzert entschieden haben, welche Momente sie besonders ber\u00fchrt haben und wie sie die Atmosph\u00e4re erlebt haben. Taucht mit uns [&hellip;]<\/p>\n","protected":false},"author":16092,"featured_media":0,"parent":0,"menu_order":0,"comment_status":"closed","ping_status":"closed","template":"","meta":{"_bbp_topic_count":0,"_bbp_reply_count":0,"_bbp_total_topic_count":0,"_bbp_total_reply_count":0,"_bbp_voice_count":0,"_bbp_anonymous_reply_count":0,"_bbp_topic_count_hidden":0,"_bbp_reply_count_hidden":0,"_bbp_forum_subforum_count":0,"footnotes":""},"class_list":["post-16","page","type-page","status-publish","hentry"],"_links":{"self":[{"href":"https:\/\/blogs.uni-bremen.de\/konzertsommer2024\/wp-json\/wp\/v2\/pages\/16","targetHints":{"allow":["GET"]}}],"collection":[{"href":"https:\/\/blogs.uni-bremen.de\/konzertsommer2024\/wp-json\/wp\/v2\/pages"}],"about":[{"href":"https:\/\/blogs.uni-bremen.de\/konzertsommer2024\/wp-json\/wp\/v2\/types\/page"}],"author":[{"embeddable":true,"href":"https:\/\/blogs.uni-bremen.de\/konzertsommer2024\/wp-json\/wp\/v2\/users\/16092"}],"replies":[{"embeddable":true,"href":"https:\/\/blogs.uni-bremen.de\/konzertsommer2024\/wp-json\/wp\/v2\/comments?post=16"}],"version-history":[{"count":10,"href":"https:\/\/blogs.uni-bremen.de\/konzertsommer2024\/wp-json\/wp\/v2\/pages\/16\/revisions"}],"predecessor-version":[{"id":264,"href":"https:\/\/blogs.uni-bremen.de\/konzertsommer2024\/wp-json\/wp\/v2\/pages\/16\/revisions\/264"}],"wp:attachment":[{"href":"https:\/\/blogs.uni-bremen.de\/konzertsommer2024\/wp-json\/wp\/v2\/media?parent=16"}],"curies":[{"name":"wp","href":"https:\/\/api.w.org\/{rel}","templated":true}]}}