{"id":25,"date":"2024-05-22T09:28:48","date_gmt":"2024-05-22T07:28:48","guid":{"rendered":"https:\/\/blogs.uni-bremen.de\/kommunikation\/lp-profile\/"},"modified":"2024-10-30T06:57:17","modified_gmt":"2024-10-30T05:57:17","slug":"lp-profile","status":"publish","type":"page","link":"https:\/\/blogs.uni-bremen.de\/kommunikation\/lp-profile\/","title":{"rendered":"Trainer-Team"},"content":{"rendered":"<p><span style=\"font-size: 18pt\">Als Trainerteam bringen wir unsere langj\u00e4hrigen Erfahrungen, als Praxistrainer f\u00fcr berufliche Kommunikation und als Lehrende an einer Universit\u00e4t, zusammen, um eine praxisnahe Fortbildung zu allen Aspekten der beruflichen Kommunikation an Hochschulen anzubieten.<\/span><\/p>\n<p>&nbsp;<\/p>\n<p><img loading=\"lazy\" decoding=\"async\" class=\" wp-image-159 alignleft\" src=\"https:\/\/blogs.uni-bremen.de\/kommunikation\/files\/Ferdinand-Vorbereitung.png\" alt=\"\" width=\"163\" height=\"195\" \/><\/p>\n<p><span style=\"font-size: 18pt\"><strong>Ferdinand Soethe<\/strong> leitet seit mehr als 10 Jahren Praxistrainings f\u00fcr angewandte Kommunikation an Unive<\/span><span style=\"font-size: 18pt\">rsit\u00e4ten und in der Industrie.\u00a0Thematische Schwerpunkte reichen von effektiver Gespr\u00e4chsf\u00fchrung, Moderation und Gruppenleitung, bis hin zur methodischen Fehlersuche und Trainerausbildung.<\/span><\/p>\n<p><span style=\"font-size: 18pt\">Mehr unter <a href=\"http:\/\/www.soethe.net\" target=\"_blank\" rel=\"noopener\"><strong>www.soethe.net<\/strong><\/a><\/span><\/p>\n<p>&nbsp;<\/p>\n<p>&nbsp;<\/p>\n<p><img loading=\"lazy\" decoding=\"async\" class=\"wp-image-133 alignright\" style=\"font-size: 24px\" src=\"https:\/\/blogs.uni-bremen.de\/kommunikation\/files\/Portrait-Messe-229x300.png\" alt=\"\" width=\"138\" height=\"181\" srcset=\"https:\/\/blogs.uni-bremen.de\/kommunikation\/files\/Portrait-Messe-229x300.png 229w, https:\/\/blogs.uni-bremen.de\/kommunikation\/files\/Portrait-Messe.png 447w\" sizes=\"auto, (max-width: 138px) 100vw, 138px\" \/><span style=\"font-size: 18pt\"><strong>Dr. Andra Thiel<\/strong> bringt als Praxistrainerin f\u00fcr angewandte Kommunikation Wissen aus erster Hand mit, \u00fcber die vielf\u00e4ltigen Herausforderungen im Uni-Alltag. Sie war mehr als 15 Jahre Senior Researcher und Lektorin an der Universit\u00e4t Bremen, wurde u.a. mit dem Berninghausen-Preis f\u00fcr hervorragende Lehre ausgezeichnet. Innovative Konzepte und stimulierende Lernelemente zeichnen ihre ihre T\u00e4tigkeit aus.\u00a0<\/span><\/p>\n<p><span style=\"font-size: 18pt\">Mehr unter <a href=\"https:\/\/www.linkedin.com\/in\/andra-thiel-96885084\/\" target=\"_blank\" rel=\"noopener\">\u00a0<strong>Andra Thiel | LinkedIn<\/strong><\/a><\/span><\/p>\n","protected":false},"excerpt":{"rendered":"","protected":false},"author":3226,"featured_media":0,"parent":0,"menu_order":0,"comment_status":"closed","ping_status":"closed","template":"","meta":{"_bbp_topic_count":0,"_bbp_reply_count":0,"_bbp_total_topic_count":0,"_bbp_total_reply_count":0,"_bbp_voice_count":0,"_bbp_anonymous_reply_count":0,"_bbp_topic_count_hidden":0,"_bbp_reply_count_hidden":0,"_bbp_forum_subforum_count":0,"footnotes":""},"class_list":["post-25","page","type-page","status-publish","hentry"],"_links":{"self":[{"href":"https:\/\/blogs.uni-bremen.de\/kommunikation\/wp-json\/wp\/v2\/pages\/25","targetHints":{"allow":["GET"]}}],"collection":[{"href":"https:\/\/blogs.uni-bremen.de\/kommunikation\/wp-json\/wp\/v2\/pages"}],"about":[{"href":"https:\/\/blogs.uni-bremen.de\/kommunikation\/wp-json\/wp\/v2\/types\/page"}],"author":[{"embeddable":true,"href":"https:\/\/blogs.uni-bremen.de\/kommunikation\/wp-json\/wp\/v2\/users\/3226"}],"replies":[{"embeddable":true,"href":"https:\/\/blogs.uni-bremen.de\/kommunikation\/wp-json\/wp\/v2\/comments?post=25"}],"version-history":[{"count":10,"href":"https:\/\/blogs.uni-bremen.de\/kommunikation\/wp-json\/wp\/v2\/pages\/25\/revisions"}],"predecessor-version":[{"id":189,"href":"https:\/\/blogs.uni-bremen.de\/kommunikation\/wp-json\/wp\/v2\/pages\/25\/revisions\/189"}],"wp:attachment":[{"href":"https:\/\/blogs.uni-bremen.de\/kommunikation\/wp-json\/wp\/v2\/media?parent=25"}],"curies":[{"name":"wp","href":"https:\/\/api.w.org\/{rel}","templated":true}]}}