{"id":69,"date":"2023-03-09T12:24:34","date_gmt":"2023-03-09T11:24:34","guid":{"rendered":"https:\/\/blogs.uni-bremen.de\/isekim\/?page_id=69"},"modified":"2023-10-31T17:10:06","modified_gmt":"2023-10-31T16:10:06","slug":"datenschutz","status":"publish","type":"page","link":"https:\/\/blogs.uni-bremen.de\/isekim\/datenschutz\/","title":{"rendered":"Datenschutz \/ Impressum"},"content":{"rendered":"<p><strong>I. Datenschutz<\/strong><\/p>\n<p>Informationen zum Datenschutz finden Sie auf der Website der Universit\u00e4t Bremen:<\/p>\n<p><a href=\"https:\/\/www.uni-bremen.de\/kontakt\/datenschutzerklaerung\" target=\"_blank\" rel=\"noopener\">https:\/\/www.uni-bremen.de\/kontakt\/datenschutzerklaerung<\/a><\/p>\n<p>&nbsp;<\/p>\n<p>&nbsp;<\/p>\n<p><strong>II. Impressum<\/strong><\/p>\n<h6><strong>Rechtsform<\/strong><\/h6>\n<p>Die Universit\u00e4t Bremen ist eine K\u00f6rperschaft des \u00d6ffentlichen Rechts. Sie wird durch die\u00a0Rektorin Prof. Dr. Jutta G\u00fcnther\u00a0gesetzlich vertreten.<br \/>\nZust\u00e4ndige Aufsichtsbeh\u00f6rde ist die Senatorin f\u00fcr Wissenschaft, Gesundheit und Verbraucherschutz, Rembertiring 8 \u2013 12, 28195 Bremen.<\/p>\n<p>Umsatzsteuer-Identifikationsnummer<br \/>\nDE 811 245 070 (gem\u00e4\u00df \u00a7 27 a UStG)<\/p>\n<h6><strong>Rechtsform<\/strong><\/h6>\n<p>Projekt\u00a0isekim<\/p>\n<p>Arbeitsbereich Bildung in der Migrationsgesellschaft\/ Interkulturelle Bildung, FB 12, Universit\u00e4t Bremen<br \/>\nUniversit\u00e4ts-Boulevard 13<br \/>\n28359 Bremen<br \/>\nE\u2011Mail:\u00a0\u00a0\u00a0\u00a0\u00a0<u>&#105;&#x73;e&#107;&#x69;&#109;&#x40;u&#110;&#x69;-&#x62;&#x72;&#101;&#x6d;e&#110;&#x2e;d&#x65;<\/u><br \/>\nTelefon:\u00a0\u00a0 0421 218- 69122<\/p>\n","protected":false},"excerpt":{"rendered":"<p>I. Datenschutz Informationen zum Datenschutz finden Sie auf der Website der Universit\u00e4t Bremen: https:\/\/www.uni-bremen.de\/kontakt\/datenschutzerklaerung &nbsp; &nbsp; II. Impressum Rechtsform Die Universit\u00e4t Bremen ist eine K\u00f6rperschaft des \u00d6ffentlichen Rechts. Sie wird durch die\u00a0Rektorin Prof. Dr. Jutta G\u00fcnther\u00a0gesetzlich vertreten. Zust\u00e4ndige Aufsichtsbeh\u00f6rde ist &hellip; <a href=\"https:\/\/blogs.uni-bremen.de\/isekim\/datenschutz\/\">Weiterlesen <span class=\"meta-nav\">&rarr;<\/span><\/a><\/p>\n","protected":false},"author":14557,"featured_media":0,"parent":0,"menu_order":0,"comment_status":"closed","ping_status":"closed","template":"","meta":{"_bbp_topic_count":0,"_bbp_reply_count":0,"_bbp_total_topic_count":0,"_bbp_total_reply_count":0,"_bbp_voice_count":0,"_bbp_anonymous_reply_count":0,"_bbp_topic_count_hidden":0,"_bbp_reply_count_hidden":0,"_bbp_forum_subforum_count":0,"footnotes":""},"class_list":["post-69","page","type-page","status-publish","hentry"],"_links":{"self":[{"href":"https:\/\/blogs.uni-bremen.de\/isekim\/wp-json\/wp\/v2\/pages\/69","targetHints":{"allow":["GET"]}}],"collection":[{"href":"https:\/\/blogs.uni-bremen.de\/isekim\/wp-json\/wp\/v2\/pages"}],"about":[{"href":"https:\/\/blogs.uni-bremen.de\/isekim\/wp-json\/wp\/v2\/types\/page"}],"author":[{"embeddable":true,"href":"https:\/\/blogs.uni-bremen.de\/isekim\/wp-json\/wp\/v2\/users\/14557"}],"replies":[{"embeddable":true,"href":"https:\/\/blogs.uni-bremen.de\/isekim\/wp-json\/wp\/v2\/comments?post=69"}],"version-history":[{"count":5,"href":"https:\/\/blogs.uni-bremen.de\/isekim\/wp-json\/wp\/v2\/pages\/69\/revisions"}],"predecessor-version":[{"id":458,"href":"https:\/\/blogs.uni-bremen.de\/isekim\/wp-json\/wp\/v2\/pages\/69\/revisions\/458"}],"wp:attachment":[{"href":"https:\/\/blogs.uni-bremen.de\/isekim\/wp-json\/wp\/v2\/media?parent=69"}],"curies":[{"name":"wp","href":"https:\/\/api.w.org\/{rel}","templated":true}]}}