{"id":38,"date":"2023-02-13T14:12:58","date_gmt":"2023-02-13T13:12:58","guid":{"rendered":"https:\/\/blogs.uni-bremen.de\/isekim\/?page_id=38"},"modified":"2025-05-02T09:12:45","modified_gmt":"2025-05-02T07:12:45","slug":"startseite","status":"publish","type":"page","link":"https:\/\/blogs.uni-bremen.de\/isekim\/","title":{"rendered":"Herzlich Willkommen auf den Seiten des Forschungs- und Entwicklungsprojekts isekim!"},"content":{"rendered":"<p>Im Projekt isekim\u00a0wurden von Februar 2023 bis April 2025 Problematiken und gute Praxisbeispiele der Schule-Eltern-Kommunikation in Sekundarschulen\u00a0identifiziert, die auf unterschiedliche Art durch Migration gepr\u00e4gt sind. Auf dieser Website finden Sie darauf aufbauend entwickelte <a href=\"https:\/\/blogs.uni-bremen.de\/isekim\/impulse-2-2\/\"><strong>Materialien, Praxishilfen und Ideen<\/strong><\/a>. Im Newsletter werden weiterhin gelegentlich kurze Beitr\u00e4ge mit Informationen und Impulsen f\u00fcr Inklusive Schule-Eltern-Kommunikation in der Migrationsgesellschaft ver\u00f6ffentlicht.<\/p>\n<p>Gesamt\u00fcberblick \u00fcber isekim-Materialien in einem <a href=\"https:\/\/www.uni-bremen.de\/fileadmin\/user_upload\/fachbereiche\/fb12\/fb12\/Interkulturelle_Bildung\/Arbeitspapiere\/KarakasogluUA_2025_isekim-Materialien_Arbeitspapier.pdf\">Arbeitspapier<\/a><\/p>\n<p><img loading=\"lazy\" decoding=\"async\" class=\"aligncenter wp-image-794 size-full\" src=\"https:\/\/blogs.uni-bremen.de\/isekim\/files\/Wordcloud_neu.png\" alt=\"\" width=\"1024\" height=\"1024\" srcset=\"https:\/\/blogs.uni-bremen.de\/isekim\/files\/Wordcloud_neu.png 1024w, https:\/\/blogs.uni-bremen.de\/isekim\/files\/Wordcloud_neu-300x300.png 300w, https:\/\/blogs.uni-bremen.de\/isekim\/files\/Wordcloud_neu-150x150.png 150w, https:\/\/blogs.uni-bremen.de\/isekim\/files\/Wordcloud_neu-768x768.png 768w\" sizes=\"auto, (max-width: 1024px) 100vw, 1024px\" \/><\/p>\n","protected":false},"excerpt":{"rendered":"<p>Im Projekt isekim\u00a0wurden von Februar 2023 bis April 2025 Problematiken und gute Praxisbeispiele der Schule-Eltern-Kommunikation in Sekundarschulen\u00a0identifiziert, die auf unterschiedliche Art durch Migration gepr\u00e4gt sind. Auf dieser Website finden Sie darauf aufbauend entwickelte Materialien, Praxishilfen und Ideen. Im Newsletter werden &hellip; <a href=\"https:\/\/blogs.uni-bremen.de\/isekim\/\">Weiterlesen <span class=\"meta-nav\">&rarr;<\/span><\/a><\/p>\n","protected":false},"author":14557,"featured_media":0,"parent":0,"menu_order":0,"comment_status":"closed","ping_status":"closed","template":"sidebar-page.php","meta":{"_bbp_topic_count":0,"_bbp_reply_count":0,"_bbp_total_topic_count":0,"_bbp_total_reply_count":0,"_bbp_voice_count":0,"_bbp_anonymous_reply_count":0,"_bbp_topic_count_hidden":0,"_bbp_reply_count_hidden":0,"_bbp_forum_subforum_count":0,"footnotes":""},"class_list":["post-38","page","type-page","status-publish","hentry"],"_links":{"self":[{"href":"https:\/\/blogs.uni-bremen.de\/isekim\/wp-json\/wp\/v2\/pages\/38","targetHints":{"allow":["GET"]}}],"collection":[{"href":"https:\/\/blogs.uni-bremen.de\/isekim\/wp-json\/wp\/v2\/pages"}],"about":[{"href":"https:\/\/blogs.uni-bremen.de\/isekim\/wp-json\/wp\/v2\/types\/page"}],"author":[{"embeddable":true,"href":"https:\/\/blogs.uni-bremen.de\/isekim\/wp-json\/wp\/v2\/users\/14557"}],"replies":[{"embeddable":true,"href":"https:\/\/blogs.uni-bremen.de\/isekim\/wp-json\/wp\/v2\/comments?post=38"}],"version-history":[{"count":10,"href":"https:\/\/blogs.uni-bremen.de\/isekim\/wp-json\/wp\/v2\/pages\/38\/revisions"}],"predecessor-version":[{"id":1044,"href":"https:\/\/blogs.uni-bremen.de\/isekim\/wp-json\/wp\/v2\/pages\/38\/revisions\/1044"}],"wp:attachment":[{"href":"https:\/\/blogs.uni-bremen.de\/isekim\/wp-json\/wp\/v2\/media?parent=38"}],"curies":[{"name":"wp","href":"https:\/\/api.w.org\/{rel}","templated":true}]}}