{"id":213,"date":"2023-03-20T12:04:06","date_gmt":"2023-03-20T11:04:06","guid":{"rendered":"https:\/\/blogs.uni-bremen.de\/isekim\/?page_id=213"},"modified":"2023-10-31T17:07:34","modified_gmt":"2023-10-31T16:07:34","slug":"213-2","status":"publish","type":"page","link":"https:\/\/blogs.uni-bremen.de\/isekim\/213-2\/","title":{"rendered":""},"content":{"rendered":"<p style=\"text-align: center\"><span style=\"font-size: 14pt;color: #120ddc\"><strong>Europ\u00e4ische Schule Karlsruhe<\/strong><\/span><\/p>\n<p><img loading=\"lazy\" decoding=\"async\" class=\"alignnone size-full wp-image-119\" src=\"https:\/\/blogs.uni-bremen.de\/isekim\/files\/SP11_ESK-830x460-1.jpg\" alt=\"\" width=\"830\" height=\"460\" srcset=\"https:\/\/blogs.uni-bremen.de\/isekim\/files\/SP11_ESK-830x460-1.jpg 830w, https:\/\/blogs.uni-bremen.de\/isekim\/files\/SP11_ESK-830x460-1-300x166.jpg 300w, https:\/\/blogs.uni-bremen.de\/isekim\/files\/SP11_ESK-830x460-1-768x426.jpg 768w, https:\/\/blogs.uni-bremen.de\/isekim\/files\/SP11_ESK-830x460-1-500x277.jpg 500w\" sizes=\"auto, (max-width: 830px) 100vw, 830px\" \/><\/p>\n<table style=\"width: 100%;border-collapse: collapse;background-color: #c7d1d4\">\n<tbody>\n<tr>\n<td style=\"width: 100%;text-align: justify\"><span style=\"color: #000000\">Die Europ\u00e4ische Schule Karlsruhe ist eine \u00f6ffentliche Bildungseinrichtung, die vor allem Kindern\u00a0von Besch\u00e4ftigten europ\u00e4ischer Organisationen und Unternehmen eine multilinguale und multikulturelle Erziehung vom Kindergarten bis zum Europ\u00e4ischen Abitur bietet. Der Unterricht nach dem Curriculum der Europ\u00e4ischen Schulen findet in drei Sprachabteilungen (Deutsch, Franz\u00f6sisch und Englisch) statt. Durch ihren besonderen Auftrag reicht das Einzugsgebiet \u00fcber die Gro\u00dfstadt Karlsruhe hinaus bis ins franz\u00f6sische Grenzgebiet.<\/span><\/td>\n<\/tr>\n<\/tbody>\n<\/table>\n<p>&nbsp;<\/p>\n<p><strong><a href=\"https:\/\/blogs.uni-bremen.de\/isekim\/files\/Schulportrait_ESKarlsruhe_Fin.pdf\" target=\"_blank\" rel=\"noopener\">Zum Schulportrait<\/a><\/strong><\/p>\n<p><strong><a href=\"https:\/\/www.es-karlsruhe.eu\/de\/\" target=\"_blank\" rel=\"noopener\">Zur Schulwebsite<\/a><\/strong><\/p>\n","protected":false},"excerpt":{"rendered":"<p>Europ\u00e4ische Schule Karlsruhe Die Europ\u00e4ische Schule Karlsruhe ist eine \u00f6ffentliche Bildungseinrichtung, die vor allem Kindern\u00a0von Besch\u00e4ftigten europ\u00e4ischer Organisationen und Unternehmen eine multilinguale und multikulturelle Erziehung vom Kindergarten bis zum Europ\u00e4ischen Abitur bietet. Der Unterricht nach dem Curriculum der Europ\u00e4ischen Schulen &hellip; <a href=\"https:\/\/blogs.uni-bremen.de\/isekim\/213-2\/\">Weiterlesen <span class=\"meta-nav\">&rarr;<\/span><\/a><\/p>\n","protected":false},"author":14557,"featured_media":0,"parent":0,"menu_order":0,"comment_status":"closed","ping_status":"closed","template":"","meta":{"_bbp_topic_count":0,"_bbp_reply_count":0,"_bbp_total_topic_count":0,"_bbp_total_reply_count":0,"_bbp_voice_count":0,"_bbp_anonymous_reply_count":0,"_bbp_topic_count_hidden":0,"_bbp_reply_count_hidden":0,"_bbp_forum_subforum_count":0,"footnotes":""},"class_list":["post-213","page","type-page","status-publish","hentry"],"_links":{"self":[{"href":"https:\/\/blogs.uni-bremen.de\/isekim\/wp-json\/wp\/v2\/pages\/213","targetHints":{"allow":["GET"]}}],"collection":[{"href":"https:\/\/blogs.uni-bremen.de\/isekim\/wp-json\/wp\/v2\/pages"}],"about":[{"href":"https:\/\/blogs.uni-bremen.de\/isekim\/wp-json\/wp\/v2\/types\/page"}],"author":[{"embeddable":true,"href":"https:\/\/blogs.uni-bremen.de\/isekim\/wp-json\/wp\/v2\/users\/14557"}],"replies":[{"embeddable":true,"href":"https:\/\/blogs.uni-bremen.de\/isekim\/wp-json\/wp\/v2\/comments?post=213"}],"version-history":[{"count":4,"href":"https:\/\/blogs.uni-bremen.de\/isekim\/wp-json\/wp\/v2\/pages\/213\/revisions"}],"predecessor-version":[{"id":454,"href":"https:\/\/blogs.uni-bremen.de\/isekim\/wp-json\/wp\/v2\/pages\/213\/revisions\/454"}],"wp:attachment":[{"href":"https:\/\/blogs.uni-bremen.de\/isekim\/wp-json\/wp\/v2\/media?parent=213"}],"curies":[{"name":"wp","href":"https:\/\/api.w.org\/{rel}","templated":true}]}}