{"id":210,"date":"2023-03-20T12:01:32","date_gmt":"2023-03-20T11:01:32","guid":{"rendered":"https:\/\/blogs.uni-bremen.de\/isekim\/?page_id=210"},"modified":"2023-10-31T17:07:04","modified_gmt":"2023-10-31T16:07:04","slug":"210-2","status":"publish","type":"page","link":"https:\/\/blogs.uni-bremen.de\/isekim\/210-2\/","title":{"rendered":""},"content":{"rendered":"<p style=\"text-align: center\"><span style=\"font-size: 14pt;color: #120ddc\"><strong>101. Oberschule &#8222;Johannes Gutenberg&#8220; Dresden<\/strong><\/span><\/p>\n<p><img loading=\"lazy\" decoding=\"async\" class=\"alignnone size-full wp-image-118\" src=\"https:\/\/blogs.uni-bremen.de\/isekim\/files\/SP10_OJG-830x460-1.jpg\" alt=\"\" width=\"830\" height=\"460\" srcset=\"https:\/\/blogs.uni-bremen.de\/isekim\/files\/SP10_OJG-830x460-1.jpg 830w, https:\/\/blogs.uni-bremen.de\/isekim\/files\/SP10_OJG-830x460-1-300x166.jpg 300w, https:\/\/blogs.uni-bremen.de\/isekim\/files\/SP10_OJG-830x460-1-768x426.jpg 768w, https:\/\/blogs.uni-bremen.de\/isekim\/files\/SP10_OJG-830x460-1-500x277.jpg 500w\" sizes=\"auto, (max-width: 830px) 100vw, 830px\" \/><\/p>\n<p>&nbsp;<\/p>\n<table style=\"width: 100%;border-collapse: collapse;background-color: #c7d1d4\">\n<tbody>\n<tr>\n<td style=\"width: 100%;text-align: justify\"><span style=\"color: #000000\">Die 101. Oberschule \u201eJohannes Gutenberg\u201d in der Gro\u00dfstadt Dresden ist eine Oberschule mit mehreren Bildungsg\u00e4ngen bis zum 10. Jahrgang. Seit den 1990er-Jahren werden an der Schule neuzugewanderte Sch\u00fcler*innen aufgenommen \u2013 seit 2015 auch viele unbegleitete, minderj\u00e4hrige Jugendliche ohne durchgehende Bildungsbiografie. Die Schule liegt im zentrumsnahen Stadtteil Johannstadt-Nord, welcher neben relativ g\u00fcnstigen, mietpreisgebun-denem Wohnraum auch eine sanierte Altbausubstanz aufweist.<\/span><\/td>\n<\/tr>\n<\/tbody>\n<\/table>\n<p>&nbsp;<\/p>\n<p><strong><a href=\"https:\/\/blogs.uni-bremen.de\/isekim\/files\/Schulportrait_2023_OJGDresden_Fin.pdf\" target=\"_blank\" rel=\"noopener\">Zum Schulportrait<\/a><\/strong><\/p>\n<p><strong><a href=\"http:\/\/101ms-dresden.bplaced.de\/\" target=\"_blank\" rel=\"noopener\">Zur Schulwebsite<\/a><\/strong><\/p>\n","protected":false},"excerpt":{"rendered":"<p>101. Oberschule &#8222;Johannes Gutenberg&#8220; Dresden &nbsp; Die 101. Oberschule \u201eJohannes Gutenberg\u201d in der Gro\u00dfstadt Dresden ist eine Oberschule mit mehreren Bildungsg\u00e4ngen bis zum 10. Jahrgang. Seit den 1990er-Jahren werden an der Schule neuzugewanderte Sch\u00fcler*innen aufgenommen \u2013 seit 2015 auch viele &hellip; <a href=\"https:\/\/blogs.uni-bremen.de\/isekim\/210-2\/\">Weiterlesen <span class=\"meta-nav\">&rarr;<\/span><\/a><\/p>\n","protected":false},"author":14557,"featured_media":0,"parent":0,"menu_order":0,"comment_status":"closed","ping_status":"closed","template":"","meta":{"_bbp_topic_count":0,"_bbp_reply_count":0,"_bbp_total_topic_count":0,"_bbp_total_reply_count":0,"_bbp_voice_count":0,"_bbp_anonymous_reply_count":0,"_bbp_topic_count_hidden":0,"_bbp_reply_count_hidden":0,"_bbp_forum_subforum_count":0,"footnotes":""},"class_list":["post-210","page","type-page","status-publish","hentry"],"_links":{"self":[{"href":"https:\/\/blogs.uni-bremen.de\/isekim\/wp-json\/wp\/v2\/pages\/210","targetHints":{"allow":["GET"]}}],"collection":[{"href":"https:\/\/blogs.uni-bremen.de\/isekim\/wp-json\/wp\/v2\/pages"}],"about":[{"href":"https:\/\/blogs.uni-bremen.de\/isekim\/wp-json\/wp\/v2\/types\/page"}],"author":[{"embeddable":true,"href":"https:\/\/blogs.uni-bremen.de\/isekim\/wp-json\/wp\/v2\/users\/14557"}],"replies":[{"embeddable":true,"href":"https:\/\/blogs.uni-bremen.de\/isekim\/wp-json\/wp\/v2\/comments?post=210"}],"version-history":[{"count":6,"href":"https:\/\/blogs.uni-bremen.de\/isekim\/wp-json\/wp\/v2\/pages\/210\/revisions"}],"predecessor-version":[{"id":453,"href":"https:\/\/blogs.uni-bremen.de\/isekim\/wp-json\/wp\/v2\/pages\/210\/revisions\/453"}],"wp:attachment":[{"href":"https:\/\/blogs.uni-bremen.de\/isekim\/wp-json\/wp\/v2\/media?parent=210"}],"curies":[{"name":"wp","href":"https:\/\/api.w.org\/{rel}","templated":true}]}}