{"id":205,"date":"2023-03-20T11:56:14","date_gmt":"2023-03-20T10:56:14","guid":{"rendered":"https:\/\/blogs.uni-bremen.de\/isekim\/?page_id=205"},"modified":"2023-10-31T17:06:30","modified_gmt":"2023-10-31T16:06:30","slug":"205-2","status":"publish","type":"page","link":"https:\/\/blogs.uni-bremen.de\/isekim\/205-2\/","title":{"rendered":""},"content":{"rendered":"<p style=\"text-align: center\"><span style=\"font-size: 14pt;color: #120ddc\"><strong>Augustum-Annen-Gymnasium G\u00f6rlitz<\/strong><\/span><\/p>\n<p><img loading=\"lazy\" decoding=\"async\" class=\"alignnone size-full wp-image-117\" src=\"https:\/\/blogs.uni-bremen.de\/isekim\/files\/SP09_AAG-830x460-1.jpg\" alt=\"\" width=\"830\" height=\"460\" srcset=\"https:\/\/blogs.uni-bremen.de\/isekim\/files\/SP09_AAG-830x460-1.jpg 830w, https:\/\/blogs.uni-bremen.de\/isekim\/files\/SP09_AAG-830x460-1-300x166.jpg 300w, https:\/\/blogs.uni-bremen.de\/isekim\/files\/SP09_AAG-830x460-1-768x426.jpg 768w, https:\/\/blogs.uni-bremen.de\/isekim\/files\/SP09_AAG-830x460-1-500x277.jpg 500w\" sizes=\"auto, (max-width: 830px) 100vw, 830px\" \/><\/p>\n<p>&nbsp;<\/p>\n<table style=\"width: 100%;border-collapse: collapse;background-color: #c7d1d4\">\n<tbody>\n<tr>\n<td style=\"width: 100%;text-align: justify\"><span style=\"color: #000000\">Das Augustum-Annen-Gymnasium (AAG) in G\u00f6rlitz folgt dem Prinzip \u201eF\u00f6rdern und Fordern\u201c, um Sch\u00fcler*innen mit fundierter Allgemeinbildung zum Abitur zu f\u00fchren. In einem bilingual-binationalen Zweig am AAG lernen deutsche und polnische Sch\u00fcler*innen gemeinsam in beiden Sprachen. Die Mittelst\u00e4dte G\u00f6rlitz (Deutschland) und Zgorzelec (Polen) bilden eine eng miteinander verbundene, strukturschwache Grenzregion, die seit langer Zeit durch Abwanderung gepr\u00e4gt ist.<\/span><\/td>\n<\/tr>\n<\/tbody>\n<\/table>\n<p>&nbsp;<\/p>\n<p><strong><a href=\"https:\/\/blogs.uni-bremen.de\/isekim\/files\/Schulportrait_AAGoerlitz_Fin.pdf\" target=\"_blank\" rel=\"noopener\">Zum Schulportrait<\/a><\/strong><\/p>\n<p><strong><a href=\"https:\/\/www.anne-augustum.de\/de\/\" target=\"_blank\" rel=\"noopener\">Zur Schulwebsite<\/a><\/strong><\/p>\n","protected":false},"excerpt":{"rendered":"<p>Augustum-Annen-Gymnasium G\u00f6rlitz &nbsp; Das Augustum-Annen-Gymnasium (AAG) in G\u00f6rlitz folgt dem Prinzip \u201eF\u00f6rdern und Fordern\u201c, um Sch\u00fcler*innen mit fundierter Allgemeinbildung zum Abitur zu f\u00fchren. In einem bilingual-binationalen Zweig am AAG lernen deutsche und polnische Sch\u00fcler*innen gemeinsam in beiden Sprachen. Die Mittelst\u00e4dte &hellip; <a href=\"https:\/\/blogs.uni-bremen.de\/isekim\/205-2\/\">Weiterlesen <span class=\"meta-nav\">&rarr;<\/span><\/a><\/p>\n","protected":false},"author":14557,"featured_media":0,"parent":0,"menu_order":0,"comment_status":"closed","ping_status":"closed","template":"","meta":{"_bbp_topic_count":0,"_bbp_reply_count":0,"_bbp_total_topic_count":0,"_bbp_total_reply_count":0,"_bbp_voice_count":0,"_bbp_anonymous_reply_count":0,"_bbp_topic_count_hidden":0,"_bbp_reply_count_hidden":0,"_bbp_forum_subforum_count":0,"footnotes":""},"class_list":["post-205","page","type-page","status-publish","hentry"],"_links":{"self":[{"href":"https:\/\/blogs.uni-bremen.de\/isekim\/wp-json\/wp\/v2\/pages\/205","targetHints":{"allow":["GET"]}}],"collection":[{"href":"https:\/\/blogs.uni-bremen.de\/isekim\/wp-json\/wp\/v2\/pages"}],"about":[{"href":"https:\/\/blogs.uni-bremen.de\/isekim\/wp-json\/wp\/v2\/types\/page"}],"author":[{"embeddable":true,"href":"https:\/\/blogs.uni-bremen.de\/isekim\/wp-json\/wp\/v2\/users\/14557"}],"replies":[{"embeddable":true,"href":"https:\/\/blogs.uni-bremen.de\/isekim\/wp-json\/wp\/v2\/comments?post=205"}],"version-history":[{"count":7,"href":"https:\/\/blogs.uni-bremen.de\/isekim\/wp-json\/wp\/v2\/pages\/205\/revisions"}],"predecessor-version":[{"id":452,"href":"https:\/\/blogs.uni-bremen.de\/isekim\/wp-json\/wp\/v2\/pages\/205\/revisions\/452"}],"wp:attachment":[{"href":"https:\/\/blogs.uni-bremen.de\/isekim\/wp-json\/wp\/v2\/media?parent=205"}],"curies":[{"name":"wp","href":"https:\/\/api.w.org\/{rel}","templated":true}]}}