{"id":202,"date":"2023-03-20T11:52:57","date_gmt":"2023-03-20T10:52:57","guid":{"rendered":"https:\/\/blogs.uni-bremen.de\/isekim\/?page_id=202"},"modified":"2023-10-31T17:05:55","modified_gmt":"2023-10-31T16:05:55","slug":"202-2","status":"publish","type":"page","link":"https:\/\/blogs.uni-bremen.de\/isekim\/202-2\/","title":{"rendered":""},"content":{"rendered":"<p style=\"text-align: center\"><span style=\"color: #120ddc;font-size: 14pt\"><strong>Couven Gymnasium Aachen<\/strong><\/span><\/p>\n<p><img loading=\"lazy\" decoding=\"async\" class=\"alignnone size-full wp-image-111\" src=\"https:\/\/blogs.uni-bremen.de\/isekim\/files\/SP08_CG-830x460-1.jpg\" alt=\"\" width=\"830\" height=\"460\" srcset=\"https:\/\/blogs.uni-bremen.de\/isekim\/files\/SP08_CG-830x460-1.jpg 830w, https:\/\/blogs.uni-bremen.de\/isekim\/files\/SP08_CG-830x460-1-300x166.jpg 300w, https:\/\/blogs.uni-bremen.de\/isekim\/files\/SP08_CG-830x460-1-768x426.jpg 768w, https:\/\/blogs.uni-bremen.de\/isekim\/files\/SP08_CG-830x460-1-500x277.jpg 500w\" sizes=\"auto, (max-width: 830px) 100vw, 830px\" \/><\/p>\n<p>&nbsp;<\/p>\n<table style=\"width: 100%;border-collapse: collapse;background-color: #c7d1d4\">\n<tbody>\n<tr>\n<td style=\"width: 100%;text-align: justify\"><span style=\"color: #000000\">Das Couven Gymnasium Aachen will fachlich qualifizierte und verantwortungs-volle Pers\u00f6nlichkeiten zum Abitur f\u00fchren. Alle Sch\u00fcler*innen der Klassen 5 bis 7 lernen an der Europaschule in einem bilingual englisch-deutschen Profil. Die Gro\u00dfstadt Aachen liegt im Grenzraum zu den Niederlanden und Belgien und ist der gr\u00f6\u00dfte Standort f\u00fcr technische Studieng\u00e4nge in Deutschland.<\/span><\/td>\n<\/tr>\n<\/tbody>\n<\/table>\n<p>&nbsp;<\/p>\n<p><strong><a href=\"https:\/\/blogs.uni-bremen.de\/isekim\/files\/Schulportrait_CouvenAachen_Fin.pdf\" target=\"_blank\" rel=\"noopener\">Zum Schulportrait<\/a><\/strong><\/p>\n<p><strong><a href=\"https:\/\/www.couven-gymnasium.de\/\" target=\"_blank\" rel=\"noopener\">Zur Schulwebsite<\/a><\/strong><\/p>\n","protected":false},"excerpt":{"rendered":"<p>Couven Gymnasium Aachen &nbsp; Das Couven Gymnasium Aachen will fachlich qualifizierte und verantwortungs-volle Pers\u00f6nlichkeiten zum Abitur f\u00fchren. Alle Sch\u00fcler*innen der Klassen 5 bis 7 lernen an der Europaschule in einem bilingual englisch-deutschen Profil. Die Gro\u00dfstadt Aachen liegt im Grenzraum zu &hellip; <a href=\"https:\/\/blogs.uni-bremen.de\/isekim\/202-2\/\">Weiterlesen <span class=\"meta-nav\">&rarr;<\/span><\/a><\/p>\n","protected":false},"author":14557,"featured_media":0,"parent":0,"menu_order":0,"comment_status":"closed","ping_status":"closed","template":"","meta":{"_bbp_topic_count":0,"_bbp_reply_count":0,"_bbp_total_topic_count":0,"_bbp_total_reply_count":0,"_bbp_voice_count":0,"_bbp_anonymous_reply_count":0,"_bbp_topic_count_hidden":0,"_bbp_reply_count_hidden":0,"_bbp_forum_subforum_count":0,"footnotes":""},"class_list":["post-202","page","type-page","status-publish","hentry"],"_links":{"self":[{"href":"https:\/\/blogs.uni-bremen.de\/isekim\/wp-json\/wp\/v2\/pages\/202","targetHints":{"allow":["GET"]}}],"collection":[{"href":"https:\/\/blogs.uni-bremen.de\/isekim\/wp-json\/wp\/v2\/pages"}],"about":[{"href":"https:\/\/blogs.uni-bremen.de\/isekim\/wp-json\/wp\/v2\/types\/page"}],"author":[{"embeddable":true,"href":"https:\/\/blogs.uni-bremen.de\/isekim\/wp-json\/wp\/v2\/users\/14557"}],"replies":[{"embeddable":true,"href":"https:\/\/blogs.uni-bremen.de\/isekim\/wp-json\/wp\/v2\/comments?post=202"}],"version-history":[{"count":5,"href":"https:\/\/blogs.uni-bremen.de\/isekim\/wp-json\/wp\/v2\/pages\/202\/revisions"}],"predecessor-version":[{"id":451,"href":"https:\/\/blogs.uni-bremen.de\/isekim\/wp-json\/wp\/v2\/pages\/202\/revisions\/451"}],"wp:attachment":[{"href":"https:\/\/blogs.uni-bremen.de\/isekim\/wp-json\/wp\/v2\/media?parent=202"}],"curies":[{"name":"wp","href":"https:\/\/api.w.org\/{rel}","templated":true}]}}