{"id":198,"date":"2023-03-20T11:50:02","date_gmt":"2023-03-20T10:50:02","guid":{"rendered":"https:\/\/blogs.uni-bremen.de\/isekim\/?page_id=198"},"modified":"2023-10-31T17:05:24","modified_gmt":"2023-10-31T16:05:24","slug":"198-2","status":"publish","type":"page","link":"https:\/\/blogs.uni-bremen.de\/isekim\/198-2\/","title":{"rendered":""},"content":{"rendered":"<p style=\"text-align: center\"><span style=\"color: #120ddc;font-size: 14pt\"><strong>Offene Schule K\u00f6ln<\/strong><\/span><\/p>\n<p><img loading=\"lazy\" decoding=\"async\" class=\"alignnone wp-image-363 size-full\" src=\"https:\/\/blogs.uni-bremen.de\/isekim\/files\/koeln.png\" alt=\"\" width=\"1263\" height=\"845\" srcset=\"https:\/\/blogs.uni-bremen.de\/isekim\/files\/koeln.png 1263w, https:\/\/blogs.uni-bremen.de\/isekim\/files\/koeln-300x201.png 300w, https:\/\/blogs.uni-bremen.de\/isekim\/files\/koeln-1024x685.png 1024w, https:\/\/blogs.uni-bremen.de\/isekim\/files\/koeln-768x514.png 768w, https:\/\/blogs.uni-bremen.de\/isekim\/files\/koeln-448x300.png 448w\" sizes=\"auto, (max-width: 1263px) 100vw, 1263px\" \/><\/p>\n<p>&nbsp;<\/p>\n<table style=\"width: 100%;border-collapse: collapse;background-color: #c7d1d4\">\n<tbody>\n<tr>\n<td style=\"width: 100%;text-align: justify\"><span style=\"color: #000000\">Die offene Schule K\u00f6ln ist eine inklusive Gesamtschule in privater Tr\u00e4gerschaft, die allen Sch\u00fcler*innen den bestm\u00f6glichen Abschluss erm\u00f6glichen will. Individua-lisierte Lernpl\u00e4ne und altersgemischte Lerngruppen sollen gute Chancen f\u00fcr alle Sch\u00fcler*innen bieten \u2013 auch f\u00fcr Seiteneinsteiger*innen. Die Stadt K\u00f6ln mit knapp einer Million Einwohner*innen ist eine vielf\u00e4ltige Metropole am Rhein. Die Offene Schule K\u00f6ln liegt am Rande eines Industriegebietes im Stadtteil Rodenkirchen.<\/span><\/td>\n<\/tr>\n<\/tbody>\n<\/table>\n<p><strong><a href=\"https:\/\/blogs.uni-bremen.de\/isekim\/files\/Schulportrait_OSKo\u0308ln_Fin.pdf\" target=\"_blank\" rel=\"noopener\">Zum Schulportrait<\/a><\/strong><\/p>\n<p><strong><a href=\"https:\/\/www.offene-schule-koeln.de\/offene-schule-koeln-willkommen\/\" target=\"_blank\" rel=\"noopener\">Zur Schulwebsite<\/a><\/strong><\/p>\n","protected":false},"excerpt":{"rendered":"<p>Offene Schule K\u00f6ln &nbsp; Die offene Schule K\u00f6ln ist eine inklusive Gesamtschule in privater Tr\u00e4gerschaft, die allen Sch\u00fcler*innen den bestm\u00f6glichen Abschluss erm\u00f6glichen will. Individua-lisierte Lernpl\u00e4ne und altersgemischte Lerngruppen sollen gute Chancen f\u00fcr alle Sch\u00fcler*innen bieten \u2013 auch f\u00fcr Seiteneinsteiger*innen. Die &hellip; <a href=\"https:\/\/blogs.uni-bremen.de\/isekim\/198-2\/\">Weiterlesen <span class=\"meta-nav\">&rarr;<\/span><\/a><\/p>\n","protected":false},"author":14557,"featured_media":0,"parent":0,"menu_order":0,"comment_status":"closed","ping_status":"closed","template":"","meta":{"_bbp_topic_count":0,"_bbp_reply_count":0,"_bbp_total_topic_count":0,"_bbp_total_reply_count":0,"_bbp_voice_count":0,"_bbp_anonymous_reply_count":0,"_bbp_topic_count_hidden":0,"_bbp_reply_count_hidden":0,"_bbp_forum_subforum_count":0,"footnotes":""},"class_list":["post-198","page","type-page","status-publish","hentry"],"_links":{"self":[{"href":"https:\/\/blogs.uni-bremen.de\/isekim\/wp-json\/wp\/v2\/pages\/198","targetHints":{"allow":["GET"]}}],"collection":[{"href":"https:\/\/blogs.uni-bremen.de\/isekim\/wp-json\/wp\/v2\/pages"}],"about":[{"href":"https:\/\/blogs.uni-bremen.de\/isekim\/wp-json\/wp\/v2\/types\/page"}],"author":[{"embeddable":true,"href":"https:\/\/blogs.uni-bremen.de\/isekim\/wp-json\/wp\/v2\/users\/14557"}],"replies":[{"embeddable":true,"href":"https:\/\/blogs.uni-bremen.de\/isekim\/wp-json\/wp\/v2\/comments?post=198"}],"version-history":[{"count":7,"href":"https:\/\/blogs.uni-bremen.de\/isekim\/wp-json\/wp\/v2\/pages\/198\/revisions"}],"predecessor-version":[{"id":450,"href":"https:\/\/blogs.uni-bremen.de\/isekim\/wp-json\/wp\/v2\/pages\/198\/revisions\/450"}],"wp:attachment":[{"href":"https:\/\/blogs.uni-bremen.de\/isekim\/wp-json\/wp\/v2\/media?parent=198"}],"curies":[{"name":"wp","href":"https:\/\/api.w.org\/{rel}","templated":true}]}}