{"id":195,"date":"2023-03-20T11:47:15","date_gmt":"2023-03-20T10:47:15","guid":{"rendered":"https:\/\/blogs.uni-bremen.de\/isekim\/?page_id=195"},"modified":"2023-10-31T17:04:49","modified_gmt":"2023-10-31T16:04:49","slug":"195-2","status":"publish","type":"page","link":"https:\/\/blogs.uni-bremen.de\/isekim\/195-2\/","title":{"rendered":""},"content":{"rendered":"<p style=\"text-align: center\"><strong><span style=\"color: #120ddc;font-size: 14pt\">Gesamtschule Leverkusen-Schlebusch<\/span><\/strong><\/p>\n<p><img loading=\"lazy\" decoding=\"async\" class=\"alignnone size-full wp-image-109\" src=\"https:\/\/blogs.uni-bremen.de\/isekim\/files\/SP06_GLS-830x460-1.jpg\" alt=\"\" width=\"830\" height=\"460\" srcset=\"https:\/\/blogs.uni-bremen.de\/isekim\/files\/SP06_GLS-830x460-1.jpg 830w, https:\/\/blogs.uni-bremen.de\/isekim\/files\/SP06_GLS-830x460-1-300x166.jpg 300w, https:\/\/blogs.uni-bremen.de\/isekim\/files\/SP06_GLS-830x460-1-768x426.jpg 768w, https:\/\/blogs.uni-bremen.de\/isekim\/files\/SP06_GLS-830x460-1-500x277.jpg 500w\" sizes=\"auto, (max-width: 830px) 100vw, 830px\" \/><\/p>\n<p>&nbsp;<\/p>\n<table style=\"width: 100%;border-collapse: collapse;background-color: #c7d1d4\">\n<tbody>\n<tr>\n<td style=\"width: 100%;text-align: justify\"><span style=\"color: #000000\">Die Integrierte Gesamtschule Leverkusen\u2013Schlebusch (GLS) setzt auf individuelle F\u00f6rderung und selbstorganisiertes Lernen, um allen Sch\u00fcler*innen gerecht zu werden. Eine durchg\u00e4ngige (individuelle) Sprachf\u00f6rderung im Deutschen hat im Integrationskonzept der GLS gro\u00dfe Bedeutung. Die Gro\u00dfstadt Leverkusen ist durch gro\u00dfe Unternehmen der Chemie- und Automobilzulieferindustrie gepr\u00e4gt und hat seit Langem einen hohen Bev\u00f6lkerungsanteil mit Migrationshintergrund.<\/span><\/td>\n<\/tr>\n<\/tbody>\n<\/table>\n<p><strong><a href=\"https:\/\/blogs.uni-bremen.de\/isekim\/files\/Schulportrait_Gesamtschule-Leverkusen-Schlebusch.pdf\" target=\"_blank\" rel=\"noopener\">Zum Schulportrait<\/a><\/strong><\/p>\n<p><strong><a href=\"https:\/\/www.gls-leverkusen.de\/\" target=\"_blank\" rel=\"noopener\">Zur Schulwebsite<\/a><\/strong><\/p>\n","protected":false},"excerpt":{"rendered":"<p>Gesamtschule Leverkusen-Schlebusch &nbsp; Die Integrierte Gesamtschule Leverkusen\u2013Schlebusch (GLS) setzt auf individuelle F\u00f6rderung und selbstorganisiertes Lernen, um allen Sch\u00fcler*innen gerecht zu werden. Eine durchg\u00e4ngige (individuelle) Sprachf\u00f6rderung im Deutschen hat im Integrationskonzept der GLS gro\u00dfe Bedeutung. Die Gro\u00dfstadt Leverkusen ist durch gro\u00dfe &hellip; <a href=\"https:\/\/blogs.uni-bremen.de\/isekim\/195-2\/\">Weiterlesen <span class=\"meta-nav\">&rarr;<\/span><\/a><\/p>\n","protected":false},"author":14557,"featured_media":0,"parent":0,"menu_order":0,"comment_status":"closed","ping_status":"closed","template":"","meta":{"_bbp_topic_count":0,"_bbp_reply_count":0,"_bbp_total_topic_count":0,"_bbp_total_reply_count":0,"_bbp_voice_count":0,"_bbp_anonymous_reply_count":0,"_bbp_topic_count_hidden":0,"_bbp_reply_count_hidden":0,"_bbp_forum_subforum_count":0,"footnotes":""},"class_list":["post-195","page","type-page","status-publish","hentry"],"_links":{"self":[{"href":"https:\/\/blogs.uni-bremen.de\/isekim\/wp-json\/wp\/v2\/pages\/195","targetHints":{"allow":["GET"]}}],"collection":[{"href":"https:\/\/blogs.uni-bremen.de\/isekim\/wp-json\/wp\/v2\/pages"}],"about":[{"href":"https:\/\/blogs.uni-bremen.de\/isekim\/wp-json\/wp\/v2\/types\/page"}],"author":[{"embeddable":true,"href":"https:\/\/blogs.uni-bremen.de\/isekim\/wp-json\/wp\/v2\/users\/14557"}],"replies":[{"embeddable":true,"href":"https:\/\/blogs.uni-bremen.de\/isekim\/wp-json\/wp\/v2\/comments?post=195"}],"version-history":[{"count":4,"href":"https:\/\/blogs.uni-bremen.de\/isekim\/wp-json\/wp\/v2\/pages\/195\/revisions"}],"predecessor-version":[{"id":449,"href":"https:\/\/blogs.uni-bremen.de\/isekim\/wp-json\/wp\/v2\/pages\/195\/revisions\/449"}],"wp:attachment":[{"href":"https:\/\/blogs.uni-bremen.de\/isekim\/wp-json\/wp\/v2\/media?parent=195"}],"curies":[{"name":"wp","href":"https:\/\/api.w.org\/{rel}","templated":true}]}}