{"id":189,"date":"2023-03-20T11:41:47","date_gmt":"2023-03-20T10:41:47","guid":{"rendered":"https:\/\/blogs.uni-bremen.de\/isekim\/?page_id=189"},"modified":"2023-10-31T17:04:19","modified_gmt":"2023-10-31T16:04:19","slug":"189-2","status":"publish","type":"page","link":"https:\/\/blogs.uni-bremen.de\/isekim\/189-2\/","title":{"rendered":""},"content":{"rendered":"<p style=\"text-align: center\"><span style=\"color: #120ddc;font-size: 14pt\"><strong>Herbert-Grillo-Gesamtschule Duisburg<\/strong><\/span><\/p>\n<p><img loading=\"lazy\" decoding=\"async\" class=\"alignnone size-full wp-image-88\" src=\"https:\/\/blogs.uni-bremen.de\/isekim\/files\/SP05_HGG-830x460-1.jpg\" alt=\"\" width=\"830\" height=\"460\" srcset=\"https:\/\/blogs.uni-bremen.de\/isekim\/files\/SP05_HGG-830x460-1.jpg 830w, https:\/\/blogs.uni-bremen.de\/isekim\/files\/SP05_HGG-830x460-1-300x166.jpg 300w, https:\/\/blogs.uni-bremen.de\/isekim\/files\/SP05_HGG-830x460-1-768x426.jpg 768w, https:\/\/blogs.uni-bremen.de\/isekim\/files\/SP05_HGG-830x460-1-500x277.jpg 500w\" sizes=\"auto, (max-width: 830px) 100vw, 830px\" \/><\/p>\n<p>&nbsp;<\/p>\n<table style=\"width: 100%;border-collapse: collapse;background-color: #c7d1d4\">\n<tbody>\n<tr>\n<td style=\"width: 100%;text-align: justify\"><span style=\"color: #000000\">Die Herbert-Grillo-Gesamtschule in Duisburg-Marxloh will ihren Sch\u00fcler*innen durch eigenverantwortliches Lernen eine Verbesserung ihrer Zukunftschancen erm\u00f6glichen. Die Schule wurde 1994 auf Initiative vor allem t\u00fcrkischer Familien gegr\u00fcndet. Die Gro\u00dfstadt Duisburg liegt in der Metropolregion Rhein-Ruhr. Der Stadtteil Marxloh ist stark durch Migration, Arbeitslosigkeit und durch ein hohes Ma\u00df an b\u00fcrgerschaftlichem Engagement gepr\u00e4gt.<\/span><\/td>\n<\/tr>\n<\/tbody>\n<\/table>\n<p>&nbsp;<\/p>\n<p><strong><a href=\"https:\/\/blogs.uni-bremen.de\/isekim\/files\/Schulportrait_GrilloDuisburg_Fin-1.pdf\" target=\"_blank\" rel=\"noopener\">Zum Schulportrait<\/a><\/strong><\/p>\n<p><strong><a href=\"https:\/\/www.herbert-grillo-gesamtschule.de\/jetzt\" target=\"_blank\" rel=\"noopener\">Zur Schulwebsite<\/a><\/strong><\/p>\n","protected":false},"excerpt":{"rendered":"<p>Herbert-Grillo-Gesamtschule Duisburg &nbsp; Die Herbert-Grillo-Gesamtschule in Duisburg-Marxloh will ihren Sch\u00fcler*innen durch eigenverantwortliches Lernen eine Verbesserung ihrer Zukunftschancen erm\u00f6glichen. Die Schule wurde 1994 auf Initiative vor allem t\u00fcrkischer Familien gegr\u00fcndet. Die Gro\u00dfstadt Duisburg liegt in der Metropolregion Rhein-Ruhr. Der Stadtteil Marxloh &hellip; <a href=\"https:\/\/blogs.uni-bremen.de\/isekim\/189-2\/\">Weiterlesen <span class=\"meta-nav\">&rarr;<\/span><\/a><\/p>\n","protected":false},"author":14557,"featured_media":0,"parent":0,"menu_order":0,"comment_status":"closed","ping_status":"closed","template":"","meta":{"_bbp_topic_count":0,"_bbp_reply_count":0,"_bbp_total_topic_count":0,"_bbp_total_reply_count":0,"_bbp_voice_count":0,"_bbp_anonymous_reply_count":0,"_bbp_topic_count_hidden":0,"_bbp_reply_count_hidden":0,"_bbp_forum_subforum_count":0,"footnotes":""},"class_list":["post-189","page","type-page","status-publish","hentry"],"_links":{"self":[{"href":"https:\/\/blogs.uni-bremen.de\/isekim\/wp-json\/wp\/v2\/pages\/189","targetHints":{"allow":["GET"]}}],"collection":[{"href":"https:\/\/blogs.uni-bremen.de\/isekim\/wp-json\/wp\/v2\/pages"}],"about":[{"href":"https:\/\/blogs.uni-bremen.de\/isekim\/wp-json\/wp\/v2\/types\/page"}],"author":[{"embeddable":true,"href":"https:\/\/blogs.uni-bremen.de\/isekim\/wp-json\/wp\/v2\/users\/14557"}],"replies":[{"embeddable":true,"href":"https:\/\/blogs.uni-bremen.de\/isekim\/wp-json\/wp\/v2\/comments?post=189"}],"version-history":[{"count":6,"href":"https:\/\/blogs.uni-bremen.de\/isekim\/wp-json\/wp\/v2\/pages\/189\/revisions"}],"predecessor-version":[{"id":448,"href":"https:\/\/blogs.uni-bremen.de\/isekim\/wp-json\/wp\/v2\/pages\/189\/revisions\/448"}],"wp:attachment":[{"href":"https:\/\/blogs.uni-bremen.de\/isekim\/wp-json\/wp\/v2\/media?parent=189"}],"curies":[{"name":"wp","href":"https:\/\/api.w.org\/{rel}","templated":true}]}}