{"id":170,"date":"2023-03-20T11:17:55","date_gmt":"2023-03-20T10:17:55","guid":{"rendered":"https:\/\/blogs.uni-bremen.de\/isekim\/?page_id=170"},"modified":"2023-10-31T17:03:45","modified_gmt":"2023-10-31T16:03:45","slug":"alexander-von-humboldt-gymnasium-bremen","status":"publish","type":"page","link":"https:\/\/blogs.uni-bremen.de\/isekim\/alexander-von-humboldt-gymnasium-bremen\/","title":{"rendered":""},"content":{"rendered":"<p style=\"text-align: center\"><span style=\"font-size: 14pt;color: #120ddc\"><strong>Alexander-von-Humboldt-Gymnasium Bremen<\/strong><\/span><\/p>\n<p><img loading=\"lazy\" decoding=\"async\" class=\"aligncenter wp-image-306 size-full\" src=\"https:\/\/blogs.uni-bremen.de\/isekim\/files\/Screenshot-2023-06-13-16.54.45-1-1.png\" alt=\"\" width=\"463\" height=\"348\" srcset=\"https:\/\/blogs.uni-bremen.de\/isekim\/files\/Screenshot-2023-06-13-16.54.45-1-1.png 463w, https:\/\/blogs.uni-bremen.de\/isekim\/files\/Screenshot-2023-06-13-16.54.45-1-1-300x225.png 300w, https:\/\/blogs.uni-bremen.de\/isekim\/files\/Screenshot-2023-06-13-16.54.45-1-1-399x300.png 399w\" sizes=\"auto, (max-width: 463px) 100vw, 463px\" \/><\/p>\n<p>&nbsp;<\/p>\n<table style=\"height: 159px;width: 100%;border-collapse: collapse;background-color: #c7d1d4;border-style: double\" border=\"1\" cellspacing=\"2\" cellpadding=\"2\">\n<tbody>\n<tr>\n<td style=\"width: 100%;text-align: justify\"><span style=\"color: #000000\">Im Alexander-von-Humboldt-Gymnasium in Bremen-Huchting lernen \u00fcberwiegend Sch\u00fcler*innen nichtdeutscher Erstsprache. Als eines von wenigen Gymnasien hat die Schule langj\u00e4hrige Erfahrung mit der Aufnahme von neu zugewanderten Sch\u00fcler*innen. Der Stadtteil Huchting geh\u00f6rt zu den Stadtteilen der Gro\u00dfstadt Bremen, die besonders stark durch migrationsbedingte Vielfalt gepr\u00e4gt ist.<\/span><\/td>\n<\/tr>\n<\/tbody>\n<\/table>\n<p><strong><a href=\"https:\/\/blogs.uni-bremen.de\/isekim\/files\/Schulportrait_Alexander-von-Humboldt-Gymnasium-Bremen.pdf\" target=\"_blank\" rel=\"noopener\">Zum Schulportrait<\/a><\/strong><\/p>\n<p><a href=\"https:\/\/307.joomla.schule.bremen.de\/\" target=\"_blank\" rel=\"noopener\"><strong>Zur Schulwebsite<\/strong><\/a><\/p>\n","protected":false},"excerpt":{"rendered":"<p>Alexander-von-Humboldt-Gymnasium Bremen &nbsp; Im Alexander-von-Humboldt-Gymnasium in Bremen-Huchting lernen \u00fcberwiegend Sch\u00fcler*innen nichtdeutscher Erstsprache. Als eines von wenigen Gymnasien hat die Schule langj\u00e4hrige Erfahrung mit der Aufnahme von neu zugewanderten Sch\u00fcler*innen. Der Stadtteil Huchting geh\u00f6rt zu den Stadtteilen der Gro\u00dfstadt Bremen, die &hellip; <a href=\"https:\/\/blogs.uni-bremen.de\/isekim\/alexander-von-humboldt-gymnasium-bremen\/\">Weiterlesen <span class=\"meta-nav\">&rarr;<\/span><\/a><\/p>\n","protected":false},"author":14557,"featured_media":0,"parent":0,"menu_order":0,"comment_status":"closed","ping_status":"closed","template":"","meta":{"_bbp_topic_count":0,"_bbp_reply_count":0,"_bbp_total_topic_count":0,"_bbp_total_reply_count":0,"_bbp_voice_count":0,"_bbp_anonymous_reply_count":0,"_bbp_topic_count_hidden":0,"_bbp_reply_count_hidden":0,"_bbp_forum_subforum_count":0,"footnotes":""},"class_list":["post-170","page","type-page","status-publish","hentry"],"_links":{"self":[{"href":"https:\/\/blogs.uni-bremen.de\/isekim\/wp-json\/wp\/v2\/pages\/170","targetHints":{"allow":["GET"]}}],"collection":[{"href":"https:\/\/blogs.uni-bremen.de\/isekim\/wp-json\/wp\/v2\/pages"}],"about":[{"href":"https:\/\/blogs.uni-bremen.de\/isekim\/wp-json\/wp\/v2\/types\/page"}],"author":[{"embeddable":true,"href":"https:\/\/blogs.uni-bremen.de\/isekim\/wp-json\/wp\/v2\/users\/14557"}],"replies":[{"embeddable":true,"href":"https:\/\/blogs.uni-bremen.de\/isekim\/wp-json\/wp\/v2\/comments?post=170"}],"version-history":[{"count":10,"href":"https:\/\/blogs.uni-bremen.de\/isekim\/wp-json\/wp\/v2\/pages\/170\/revisions"}],"predecessor-version":[{"id":447,"href":"https:\/\/blogs.uni-bremen.de\/isekim\/wp-json\/wp\/v2\/pages\/170\/revisions\/447"}],"wp:attachment":[{"href":"https:\/\/blogs.uni-bremen.de\/isekim\/wp-json\/wp\/v2\/media?parent=170"}],"curies":[{"name":"wp","href":"https:\/\/api.w.org\/{rel}","templated":true}]}}