{"id":12,"date":"2023-02-13T14:05:56","date_gmt":"2023-02-13T13:05:56","guid":{"rendered":"https:\/\/blogs.uni-bremen.de\/isekim\/?page_id=12"},"modified":"2023-10-31T17:08:02","modified_gmt":"2023-10-31T16:08:02","slug":"bbt","status":"publish","type":"page","link":"https:\/\/blogs.uni-bremen.de\/isekim\/bbt\/","title":{"rendered":"bbt"},"content":{"rendered":"<div id=\"c915\" class=\"ce-element ce-type-header clear\">\n<div class=\"ce-header ce-header-layout-1\">\n<h1><img loading=\"lazy\" decoding=\"async\" class=\"size-full wp-image-240 aligncenter\" src=\"https:\/\/blogs.uni-bremen.de\/isekim\/files\/Screenshot-2023-03-27-10.42.06.png\" alt=\"\" width=\"426\" height=\"422\" srcset=\"https:\/\/blogs.uni-bremen.de\/isekim\/files\/Screenshot-2023-03-27-10.42.06.png 426w, https:\/\/blogs.uni-bremen.de\/isekim\/files\/Screenshot-2023-03-27-10.42.06-300x297.png 300w, https:\/\/blogs.uni-bremen.de\/isekim\/files\/Screenshot-2023-03-27-10.42.06-150x150.png 150w, https:\/\/blogs.uni-bremen.de\/isekim\/files\/Screenshot-2023-03-27-10.42.06-303x300.png 303w\" sizes=\"auto, (max-width: 426px) 100vw, 426px\" \/><\/h1>\n<p>&nbsp;<\/p>\n<h1 style=\"text-align: center\"><span style=\"font-size: 14pt\">Bundeselternnetzwerk der Migrantenorganisationen <\/span><\/h1>\n<h1 style=\"text-align: center\"><span style=\"font-size: 14pt\">f\u00fcr Bildung &amp; Teilhabe (bbt)<\/span><\/h1>\n<p>&nbsp;<\/p>\n<\/div>\n<\/div>\n<div id=\"c916\" class=\"ce-element ce-type-textmedia clear\">\n<div class=\"ce-textpic clear\">\n<div class=\"ce-bodytext clear\">\n<p><span style=\"color: #000000\">Das\u00a0<b>Bundeselternnetzwerk der Migrantenorganisationen f\u00fcr Bildung &amp; Teilhabe (bbt)<\/b>\u00a0dient der bundesweiten Vernetzung von Migrantennetzwerken und -verb\u00e4nden im Bereich der Zusammenarbeit mit Eltern, um deren Kompetenzen und Potenziale als wichtige Akteure der Integrationsf\u00f6rderung zu b\u00fcndeln und Synergien herzustellen.<\/span><\/p>\n<p><span style=\"color: #000000\">Das\u00a0<b>bbt<\/b>\u00a0versteht sich als Interessenvertretung und Sprachrohr der Eltern mit Einwanderungsgeschichte auf Bundesebene. Es zielt darauf ab, Barrieren der Elternbeteiligung im Bildungssystem abzubauen und setzt sich f\u00fcr mehr Bildungsgerechtigkeit ein. Als Bindeglied zwischen Eltern und Politik sorgt es daf\u00fcr, identifizierte Diskriminierung, Rassismus und Benachteiligung im Bildungssystem auf die Agenda zu setzen und zu deren Beseitigung beizutragen.<\/span><\/p>\n<p><span style=\"color: #000000\">Mit Informationsveranstaltungen, Workshops und der Sammlung, Aufbereitung und Ver\u00f6ffentlichung von Informationen, Arbeitsmaterialien und Unterst\u00fctzungsangeboten tr\u00e4gt das\u00a0<b>bbt<\/b>\u00a0dazu bei, die Handlungskompetenz von Eltern mit Einwanderungsgeschichte im Bildungsbereich zu erh\u00f6hen.<\/span><\/p>\n<p><span style=\"color: #000000\">Im Zuge der Netzwerkgr\u00fcndung sollen nachhaltige Strukturen geschaffen werden, die Migrantenorganisationen und ihre Arbeit vor Ort st\u00e4rken.<\/span><\/p>\n<p><span style=\"color: #000000\">Das\u00a0<b>bbt<\/b>\u00a0tritt f\u00fcr Demokratief\u00f6rderung und eine gerechte Bildungspolitik ein. Dabei stehen gesetzliche Rahmenbedingungen und M\u00f6glichkeiten der Elternbeteiligung, Chancengleichheit, sprachliche Bildung, Sprachf\u00f6rderung, Mehrsprachigkeit und der Umgang mit Diversit\u00e4t auf der Agenda des bbt.<\/span><\/p>\n<p style=\"text-align: left\"><a href=\"https:\/\/www.bundeselternnetzwerk.de\/\" target=\"_blank\" rel=\"noopener\">Zur Website des bbt<\/a><\/p>\n<\/div>\n<\/div>\n<\/div>\n","protected":false},"excerpt":{"rendered":"<p>&nbsp; Bundeselternnetzwerk der Migrantenorganisationen f\u00fcr Bildung &amp; Teilhabe (bbt) &nbsp; Das\u00a0Bundeselternnetzwerk der Migrantenorganisationen f\u00fcr Bildung &amp; Teilhabe (bbt)\u00a0dient der bundesweiten Vernetzung von Migrantennetzwerken und -verb\u00e4nden im Bereich der Zusammenarbeit mit Eltern, um deren Kompetenzen und Potenziale als wichtige Akteure der &hellip; <a href=\"https:\/\/blogs.uni-bremen.de\/isekim\/bbt\/\">Weiterlesen <span class=\"meta-nav\">&rarr;<\/span><\/a><\/p>\n","protected":false},"author":14557,"featured_media":0,"parent":0,"menu_order":0,"comment_status":"closed","ping_status":"closed","template":"","meta":{"_bbp_topic_count":0,"_bbp_reply_count":0,"_bbp_total_topic_count":0,"_bbp_total_reply_count":0,"_bbp_voice_count":0,"_bbp_anonymous_reply_count":0,"_bbp_topic_count_hidden":0,"_bbp_reply_count_hidden":0,"_bbp_forum_subforum_count":0,"footnotes":""},"class_list":["post-12","page","type-page","status-publish","hentry"],"_links":{"self":[{"href":"https:\/\/blogs.uni-bremen.de\/isekim\/wp-json\/wp\/v2\/pages\/12","targetHints":{"allow":["GET"]}}],"collection":[{"href":"https:\/\/blogs.uni-bremen.de\/isekim\/wp-json\/wp\/v2\/pages"}],"about":[{"href":"https:\/\/blogs.uni-bremen.de\/isekim\/wp-json\/wp\/v2\/types\/page"}],"author":[{"embeddable":true,"href":"https:\/\/blogs.uni-bremen.de\/isekim\/wp-json\/wp\/v2\/users\/14557"}],"replies":[{"embeddable":true,"href":"https:\/\/blogs.uni-bremen.de\/isekim\/wp-json\/wp\/v2\/comments?post=12"}],"version-history":[{"count":7,"href":"https:\/\/blogs.uni-bremen.de\/isekim\/wp-json\/wp\/v2\/pages\/12\/revisions"}],"predecessor-version":[{"id":455,"href":"https:\/\/blogs.uni-bremen.de\/isekim\/wp-json\/wp\/v2\/pages\/12\/revisions\/455"}],"wp:attachment":[{"href":"https:\/\/blogs.uni-bremen.de\/isekim\/wp-json\/wp\/v2\/media?parent=12"}],"curies":[{"name":"wp","href":"https:\/\/api.w.org\/{rel}","templated":true}]}}