{"id":10,"date":"2023-02-13T14:05:56","date_gmt":"2023-02-13T13:05:56","guid":{"rendered":"https:\/\/blogs.uni-bremen.de\/isekim\/?page_id=10"},"modified":"2025-04-15T15:41:59","modified_gmt":"2025-04-15T13:41:59","slug":"forschungsprojekt","status":"publish","type":"page","link":"https:\/\/blogs.uni-bremen.de\/isekim\/forschungsprojekt\/","title":{"rendered":"Forschungsprojekt"},"content":{"rendered":"<p><a href=\"#Ausgangslage\">Ausgangslage<\/a>\u00a0 \u00a0 \u00a0<a href=\"#Forschungsfragen\">Forschungsfragen<\/a>\u00a0 \u00a0 \u00a0<a href=\"#Vorgehensweise\">Vorgehensweise<\/a>\u00a0 \u00a0<a href=\"#Finanzierung\">Finanzierung<\/a>\u00a0 \u00a0 <a href=\"#Team\">Team\u00a0<\/a><\/p>\n<p>&nbsp;<\/p>\n<div id=\"contentsContainer\" class=\"style-scope qowt-page\">\n<div id=\"contents\" class=\"style-scope qowt-page\">\n<hr \/>\n<p style=\"text-align: justify\"><span style=\"font-size: 14pt;font-family: arial, helvetica, sans-serif\"><strong><a id=\"Ausgangslage\"><\/a>Ausgangslage<\/strong><\/span><\/p>\n<p id=\"E271\" class=\"x-scope qowt-word-para-0\" style=\"text-align: justify\"><span style=\"font-family: arial, helvetica, sans-serif;font-size: 12pt\"><span id=\"E272\">In diesem Projekt verstehen wir eine e<\/span><span id=\"E273\">ffektive und st\u00e4rkende Schule-Eltern-Kommunikation als <\/span><span id=\"E274\">einen <\/span><span id=\"E275\">genuine<\/span><span id=\"E276\">n<\/span><span id=\"E277\"> Bestandteil von <\/span><span id=\"E278\">inklusiver, <\/span><span id=\"E279\">diversit\u00e4tssensibler und diskriminierungskritischer <\/span><span id=\"E280\">Bildung<\/span><span id=\"E281\"> in der Migrationsgesellschaft<\/span><span id=\"E282\">. <\/span><span id=\"E284\">Um eine <\/span><span id=\"E285\">inklusive <\/span><span id=\"E286\">Kommunikation zu realisieren, muss die bisher vorherrschende Defizitperspektive auf <\/span><span id=\"E287\">Eltern mit Migrationsgeschichte <\/span><span id=\"E288\">\u00fcberwunden werden, nach der sie <\/span><span id=\"E289\">weniger als Partner*innen in Erziehung und Bildung<\/span><span id=\"E290\">, <\/span><span id=\"E292\">sondern <\/span><span id=\"E293\">vielmehr als <\/span><span id=\"E294\">desinteressiert oder als <\/span><span id=\"E295\">Zielgruppe von kompensatorischen Unterst\u00fctzungs- und Hilfsangeboten adressiert<\/span><span id=\"E296\"> werden<\/span><span id=\"E297\">. <\/span><span id=\"E299\">Nicht gelingende Kommunikation <\/span><span id=\"E300\">wurde <\/span><span id=\"E302\">insbesondere <\/span><span id=\"E303\">in <\/span><span id=\"E304\">der <\/span><span id=\"E305\">Coronazeit <\/span><span id=\"E306\">sichtbar, <\/span><span id=\"E307\">als <\/span><span id=\"E308\">Sch\u00fcler*innen <\/span><span id=\"E309\">mit Distanzunterricht zuhause lernen mussten.<\/span><\/span><\/p>\n<hr \/>\n<p style=\"text-align: justify\"><span style=\"font-size: 14pt;font-family: arial, helvetica, sans-serif\"><strong><a id=\"Forschungsfragen\"><\/a>Forschungsfragen<\/strong><\/span><\/p>\n<ul>\n<li id=\"E314\" class=\"qowt-li-0_0 qowt-list qowt-stl-Listenabsatz x-scope qowt-word-para-0\"><span style=\"font-family: arial, helvetica, sans-serif;font-size: 12pt\"><span id=\"E315\">Wie <\/span><span id=\"E316\">praktizieren in Schulentwicklung <\/span><span id=\"E317\">engagierte Schulen bislang Schule-Eltern-Kommunikation?<\/span><\/span><\/li>\n<li class=\"qowt-li-0_0 qowt-list qowt-stl-Listenabsatz x-scope qowt-word-para-0\"><span style=\"font-family: arial, helvetica, sans-serif;font-size: 12pt\">Was haben sie aus der Corona-Zeit und der Aufnahme ukrainischer Gefl\u00fcchteter gelernt?<\/span><\/li>\n<li class=\"qowt-li-0_0 qowt-list qowt-stl-Listenabsatz x-scope qowt-word-para-0\"><span style=\"font-family: arial, helvetica, sans-serif;font-size: 12pt\">W<span id=\"E322\">elche <\/span><span id=\"E323\">Perspektive<\/span><span id=\"E324\">n formulieren Multiplikator*innen in <\/span><span id=\"E325\">migrantischen Elternorganisationen?<\/span><\/span><\/li>\n<li class=\"qowt-li-0_0 qowt-list qowt-stl-Listenabsatz x-scope qowt-word-para-0\"><span style=\"font-family: arial, helvetica, sans-serif;font-size: 12pt\">Welche \u00fcbertragbaren Ver\u00e4nderungsimpulse <span id=\"E328\">f\u00fcr Schulentwicklung, Bildungsadministration und -politik <\/span><span id=\"E329\">k\u00f6nnen entwickelt werden?<\/span><\/span><\/li>\n<\/ul>\n<hr \/>\n<p style=\"text-align: justify\"><span style=\"font-size: 14pt;font-family: arial, helvetica, sans-serif\"><strong><a id=\"Vorgehensweise\"><\/a>Vorgehensweise<\/strong><\/span><\/p>\n<p id=\"E332\" class=\"x-scope qowt-word-para-0\"><span style=\"font-family: arial, helvetica, sans-serif;font-size: 12pt\"><span id=\"E333\">Im Forschungs- und Entwicklungsprojekt werden<\/span><span id=\"E334\"> &#8230;<\/span><\/span><\/p>\n<ul>\n<li id=\"E335\" class=\"qowt-li-1_0 qowt-list x-scope qowt-word-para-2\"><span style=\"font-family: arial, helvetica, sans-serif;font-size: 12pt\"><span id=\"E336\" class=\"qowt-font2-TimesNewRoman\">exemplarisch schulseitig als gelungen bewertete Kommunikationssituationen in neun diversen und <\/span><span id=\"E337\" class=\"qowt-font2-TimesNewRoman\">in Schulentwicklung <\/span><span id=\"E338\" class=\"qowt-font2-TimesNewRoman\">engagierten Schulen identifizier<\/span><span id=\"E339\" class=\"qowt-font2-TimesNewRoman\">t <\/span><span id=\"E340\" class=\"qowt-font2-TimesNewRoman\">und <\/span><span id=\"E341\" class=\"qowt-font2-TimesNewRoman\">a<\/span><span id=\"E342\" class=\"qowt-font2-TimesNewRoman\">nalysier<\/span><span id=\"E343\" class=\"qowt-font2-TimesNewRoman\">t<\/span><span id=\"E344\" class=\"qowt-font2-TimesNewRoman\">,<\/span><\/span><\/li>\n<li class=\"qowt-li-1_0 qowt-list x-scope qowt-word-para-2\"><span style=\"font-family: arial, helvetica, sans-serif;font-size: 12pt\">erweiterte und auch kritische Sichtweisen durch Interviews mit<span id=\"E347\" class=\"qowt-font2-TimesNewRoman\"> Multiplikator*innen <\/span><span id=\"E348\" class=\"qowt-font2-TimesNewRoman\">im Bundeselternnetzwerk der Migrantenorganisationen f\u00fcr Bildung &amp; Teilhabe (bbt) ein<\/span><span id=\"E349\" class=\"qowt-font2-TimesNewRoman\">geholt<\/span><span id=\"E350\" class=\"qowt-font2-TimesNewRoman\">,<\/span><\/span><\/li>\n<li class=\"qowt-li-1_0 qowt-list x-scope qowt-word-para-2\"><span style=\"font-family: arial, helvetica, sans-serif;font-size: 12pt\">die Forschungsergebnisse wissenschaftlich aufbereitet und publiziert, sowie<\/span><\/li>\n<li class=\"qowt-li-1_0 qowt-list x-scope qowt-word-para-2\"><span style=\"font-family: arial, helvetica, sans-serif;font-size: 12pt\">in partizipativen Workshops mit Expert*innen <span id=\"E355\" class=\"qowt-font2-TimesNewRoman\">innovative Impulse f\u00fcr <\/span><span id=\"E356\" class=\"qowt-font2-TimesNewRoman\">innovative <\/span><span id=\"E357\" class=\"qowt-font2-TimesNewRoman\">Impulse f\u00fcr <\/span><span id=\"E358\" class=\"qowt-font2-TimesNewRoman\">die <\/span><span id=\"E359\" class=\"qowt-font2-TimesNewRoman\">Praxis <\/span><span id=\"E360\" class=\"qowt-font2-TimesNewRoman\">konzeptioniert und in der Diskussion <\/span><span id=\"E361\" class=\"qowt-font2-TimesNewRoman\">Schul<\/span><span id=\"E362\" class=\"qowt-font2-TimesNewRoman\">&#8211; <\/span><span id=\"E363\" class=\"qowt-font2-TimesNewRoman\">und Elternvertretungen<\/span><span id=\"E364\" class=\"qowt-font2-TimesNewRoman\"> weiterentwickelt,<\/span><\/span><\/li>\n<li class=\"qowt-li-1_0 qowt-list x-scope qowt-word-para-2\"><span style=\"font-family: arial, helvetica, sans-serif;font-size: 12pt\">Impulse <span id=\"E367\" class=\"qowt-font2-TimesNewRoman\">bei interessierten Schulen und zivilgesellschaftlichen Organisationen u.a. \u00fcber <\/span><span id=\"E370\" class=\"qowt-font2-TimesNewRoman\">die Projekthomepage, Vortr\u00e4ge und Workshopbeitr\u00e4ge verbreite<\/span><span id=\"E371\" class=\"qowt-font2-TimesNewRoman\">t<\/span><span id=\"E372\" class=\"qowt-font2-TimesNewRoman\">.<\/span><\/span><\/li>\n<\/ul>\n<\/div>\n<\/div>\n<hr \/>\n<p style=\"text-align: justify\"><span style=\"font-size: 14pt;font-family: arial, helvetica, sans-serif\"><strong><a id=\"Finanzierung\"><\/a>Finanzierung<\/strong><\/span><\/p>\n<p style=\"text-align: justify\"><span style=\"font-family: arial, helvetica, sans-serif\">Das Projekt wurde urspr\u00fcnglich im Rahmen eines hochkompetitiven Verfahrens beim Bundesministerium f\u00fcr Bildung und Forschung positiv begutachtet und zur F\u00f6rderung ausgew\u00e4hlt. Die in Aussicht gestellte Finanzierung wurde aber f\u00fcr unser Projekt sowie f\u00fcr zahlreiche andere Projekte der F\u00f6rderlinie &#8211; anders als in solchen Verfahren \u00fcblich &#8211; nicht gew\u00e4hrt. Dieser Vertrauensbruch hat zu Protest und Medienberichten gef\u00fchrt. In unserem Fall haben diese Berichte eine Privatperson zu einer gro\u00dfz\u00fcgigen Spende veranlasst, so dass das Projekt in etwas kleinerem Umfang dennoch realisiert werden kann. Eigenmittel des Arbeitsbereichs werden erg\u00e4nzend eingesetzt. Vielen Dank an die spendende Person, die anonym bleiben will und keinerlei Einfluss auf die Ausgestaltung des Projekts genommen hat.<\/span><\/p>\n<p><span style=\"font-family: arial, helvetica, sans-serif\">Beginn: 01.02.2023<br \/>\n<\/span><span style=\"font-family: arial, helvetica, sans-serif\">Ende: 15.04.2025<\/span><\/p>\n<hr \/>\n<p><span style=\"font-family: arial, helvetica, sans-serif;font-size: 14pt\"><strong><a id=\"Team\"><\/a>Team<\/strong><\/span><\/p>\n<table style=\"width: 100%;border-collapse: collapse\">\n<tbody>\n<tr>\n<td style=\"width: 50%;text-align: center\"><img loading=\"lazy\" decoding=\"async\" class=\"wp-image-389 size-full alignnone\" src=\"https:\/\/blogs.uni-bremen.de\/isekim\/files\/IMG_9099-1.jpg\" alt=\"\" width=\"1768\" height=\"1326\" srcset=\"https:\/\/blogs.uni-bremen.de\/isekim\/files\/IMG_9099-1.jpg 1768w, https:\/\/blogs.uni-bremen.de\/isekim\/files\/IMG_9099-1-300x225.jpg 300w, https:\/\/blogs.uni-bremen.de\/isekim\/files\/IMG_9099-1-1024x768.jpg 1024w, https:\/\/blogs.uni-bremen.de\/isekim\/files\/IMG_9099-1-768x576.jpg 768w, https:\/\/blogs.uni-bremen.de\/isekim\/files\/IMG_9099-1-1536x1152.jpg 1536w, https:\/\/blogs.uni-bremen.de\/isekim\/files\/IMG_9099-1-400x300.jpg 400w\" sizes=\"auto, (max-width: 1768px) 100vw, 1768px\" \/><\/td>\n<td style=\"width: 50%;text-align: center\"><img loading=\"lazy\" decoding=\"async\" class=\"size-full wp-image-385 alignnone\" src=\"https:\/\/blogs.uni-bremen.de\/isekim\/files\/IMG_9101.jpg\" alt=\"\" width=\"2016\" height=\"1512\" srcset=\"https:\/\/blogs.uni-bremen.de\/isekim\/files\/IMG_9101.jpg 2016w, https:\/\/blogs.uni-bremen.de\/isekim\/files\/IMG_9101-300x225.jpg 300w, https:\/\/blogs.uni-bremen.de\/isekim\/files\/IMG_9101-1024x768.jpg 1024w, https:\/\/blogs.uni-bremen.de\/isekim\/files\/IMG_9101-768x576.jpg 768w, https:\/\/blogs.uni-bremen.de\/isekim\/files\/IMG_9101-1536x1152.jpg 1536w, https:\/\/blogs.uni-bremen.de\/isekim\/files\/IMG_9101-400x300.jpg 400w\" sizes=\"auto, (max-width: 2016px) 100vw, 2016px\" \/><\/td>\n<\/tr>\n<tr>\n<td style=\"width: 50%;text-align: center\"><a href=\"https:\/\/www.uni-bremen.de\/fb12\/arbeitsbereiche\/abteilung-a-allgemeine-erziehungswissenschaft\/interkulturelle-bildung\/team\/prof-dr-phil-yasemin-karakasoglu\" target=\"_blank\" rel=\"noopener\"><span style=\"color: #000000\">Prof. Dr. Yasemin Karaka\u015fo\u011flu<\/span><\/a><\/td>\n<td style=\"width: 50%;text-align: center\"><a href=\"https:\/\/www.uni-bremen.de\/fb12\/arbeitsbereiche\/abteilung-a-allgemeine-erziehungswissenschaft\/interkulturelle-bildung\/team\/dr-dita-vogel\" target=\"_blank\" rel=\"noopener\"><span style=\"font-family: arial, helvetica, sans-serif;font-size: 12pt;color: #000000\">Dr. Dita Vogel<\/span><\/a><\/td>\n<\/tr>\n<tr>\n<td style=\"width: 50%;text-align: center\"><img loading=\"lazy\" decoding=\"async\" class=\"size-full wp-image-387 alignnone\" src=\"https:\/\/blogs.uni-bremen.de\/isekim\/files\/IMG_9098.jpg\" alt=\"\" width=\"2016\" height=\"1512\" srcset=\"https:\/\/blogs.uni-bremen.de\/isekim\/files\/IMG_9098.jpg 2016w, https:\/\/blogs.uni-bremen.de\/isekim\/files\/IMG_9098-300x225.jpg 300w, https:\/\/blogs.uni-bremen.de\/isekim\/files\/IMG_9098-1024x768.jpg 1024w, https:\/\/blogs.uni-bremen.de\/isekim\/files\/IMG_9098-768x576.jpg 768w, https:\/\/blogs.uni-bremen.de\/isekim\/files\/IMG_9098-1536x1152.jpg 1536w, https:\/\/blogs.uni-bremen.de\/isekim\/files\/IMG_9098-400x300.jpg 400w\" sizes=\"auto, (max-width: 2016px) 100vw, 2016px\" \/><\/td>\n<td style=\"width: 50%;text-align: center\"><img loading=\"lazy\" decoding=\"async\" class=\"alignnone size-full wp-image-908\" src=\"https:\/\/blogs.uni-bremen.de\/isekim\/files\/IMG_4642-scaled.jpg\" alt=\"\" width=\"2560\" height=\"1920\" srcset=\"https:\/\/blogs.uni-bremen.de\/isekim\/files\/IMG_4642-scaled.jpg 2560w, https:\/\/blogs.uni-bremen.de\/isekim\/files\/IMG_4642-300x225.jpg 300w, https:\/\/blogs.uni-bremen.de\/isekim\/files\/IMG_4642-1024x768.jpg 1024w, https:\/\/blogs.uni-bremen.de\/isekim\/files\/IMG_4642-768x576.jpg 768w, https:\/\/blogs.uni-bremen.de\/isekim\/files\/IMG_4642-1536x1152.jpg 1536w, https:\/\/blogs.uni-bremen.de\/isekim\/files\/IMG_4642-2048x1536.jpg 2048w, https:\/\/blogs.uni-bremen.de\/isekim\/files\/IMG_4642-400x300.jpg 400w\" sizes=\"auto, (max-width: 2560px) 100vw, 2560px\" \/><\/td>\n<\/tr>\n<tr>\n<td style=\"width: 50%;text-align: center\"><span style=\"font-family: arial, helvetica, sans-serif;font-size: 12pt;color: #000000\">Pia Grimpo (bis 28.02.2025)<\/span><\/td>\n<td style=\"width: 50%;text-align: center\">Viet Huong Tran<\/td>\n<\/tr>\n<tr>\n<td style=\"width: 50%;text-align: center\"><img loading=\"lazy\" decoding=\"async\" class=\"wp-image-462 size-medium alignnone\" src=\"https:\/\/blogs.uni-bremen.de\/isekim\/files\/IMG_0306-300x225.jpg\" alt=\"\" width=\"300\" height=\"225\" srcset=\"https:\/\/blogs.uni-bremen.de\/isekim\/files\/IMG_0306-300x225.jpg 300w, https:\/\/blogs.uni-bremen.de\/isekim\/files\/IMG_0306-1024x768.jpg 1024w, https:\/\/blogs.uni-bremen.de\/isekim\/files\/IMG_0306-768x576.jpg 768w, https:\/\/blogs.uni-bremen.de\/isekim\/files\/IMG_0306-1536x1152.jpg 1536w, https:\/\/blogs.uni-bremen.de\/isekim\/files\/IMG_0306-2048x1536.jpg 2048w, https:\/\/blogs.uni-bremen.de\/isekim\/files\/IMG_0306-400x300.jpg 400w\" sizes=\"auto, (max-width: 300px) 100vw, 300px\" \/><\/td>\n<td style=\"width: 50%;text-align: center\"><img loading=\"lazy\" decoding=\"async\" class=\"size-full wp-image-386 alignnone\" src=\"https:\/\/blogs.uni-bremen.de\/isekim\/files\/IMG_9096.jpg\" alt=\"\" width=\"2016\" height=\"1512\" srcset=\"https:\/\/blogs.uni-bremen.de\/isekim\/files\/IMG_9096.jpg 2016w, https:\/\/blogs.uni-bremen.de\/isekim\/files\/IMG_9096-300x225.jpg 300w, https:\/\/blogs.uni-bremen.de\/isekim\/files\/IMG_9096-1024x768.jpg 1024w, https:\/\/blogs.uni-bremen.de\/isekim\/files\/IMG_9096-768x576.jpg 768w, https:\/\/blogs.uni-bremen.de\/isekim\/files\/IMG_9096-1536x1152.jpg 1536w, https:\/\/blogs.uni-bremen.de\/isekim\/files\/IMG_9096-400x300.jpg 400w\" sizes=\"auto, (max-width: 2016px) 100vw, 2016px\" \/><\/td>\n<\/tr>\n<tr>\n<td style=\"width: 50%;text-align: center\"><span style=\"color: #000000;font-family: arial, helvetica, sans-serif;font-size: 16px\">Rosa Aziz (bis 30.09.2024)<\/span><\/td>\n<td style=\"width: 50%;text-align: center\"><span style=\"color: #000000;font-family: arial, helvetica, sans-serif;font-size: 16px\">Miriam Thiel (bis 30.09.2023)<\/span><\/td>\n<\/tr>\n<\/tbody>\n<\/table>\n<p>&nbsp;<\/p>\n","protected":false},"excerpt":{"rendered":"<p>Ausgangslage\u00a0 \u00a0 \u00a0Forschungsfragen\u00a0 \u00a0 \u00a0Vorgehensweise\u00a0 \u00a0Finanzierung\u00a0 \u00a0 Team\u00a0 &nbsp; Ausgangslage In diesem Projekt verstehen wir eine effektive und st\u00e4rkende Schule-Eltern-Kommunikation als einen genuinen Bestandteil von inklusiver, diversit\u00e4tssensibler und diskriminierungskritischer Bildung in der Migrationsgesellschaft. Um eine inklusive Kommunikation zu realisieren, muss &hellip; <a href=\"https:\/\/blogs.uni-bremen.de\/isekim\/forschungsprojekt\/\">Weiterlesen <span class=\"meta-nav\">&rarr;<\/span><\/a><\/p>\n","protected":false},"author":14557,"featured_media":0,"parent":0,"menu_order":0,"comment_status":"closed","ping_status":"closed","template":"","meta":{"_bbp_topic_count":0,"_bbp_reply_count":0,"_bbp_total_topic_count":0,"_bbp_total_reply_count":0,"_bbp_voice_count":0,"_bbp_anonymous_reply_count":0,"_bbp_topic_count_hidden":0,"_bbp_reply_count_hidden":0,"_bbp_forum_subforum_count":0,"footnotes":""},"class_list":["post-10","page","type-page","status-publish","hentry"],"_links":{"self":[{"href":"https:\/\/blogs.uni-bremen.de\/isekim\/wp-json\/wp\/v2\/pages\/10","targetHints":{"allow":["GET"]}}],"collection":[{"href":"https:\/\/blogs.uni-bremen.de\/isekim\/wp-json\/wp\/v2\/pages"}],"about":[{"href":"https:\/\/blogs.uni-bremen.de\/isekim\/wp-json\/wp\/v2\/types\/page"}],"author":[{"embeddable":true,"href":"https:\/\/blogs.uni-bremen.de\/isekim\/wp-json\/wp\/v2\/users\/14557"}],"replies":[{"embeddable":true,"href":"https:\/\/blogs.uni-bremen.de\/isekim\/wp-json\/wp\/v2\/comments?post=10"}],"version-history":[{"count":11,"href":"https:\/\/blogs.uni-bremen.de\/isekim\/wp-json\/wp\/v2\/pages\/10\/revisions"}],"predecessor-version":[{"id":1026,"href":"https:\/\/blogs.uni-bremen.de\/isekim\/wp-json\/wp\/v2\/pages\/10\/revisions\/1026"}],"wp:attachment":[{"href":"https:\/\/blogs.uni-bremen.de\/isekim\/wp-json\/wp\/v2\/media?parent=10"}],"curies":[{"name":"wp","href":"https:\/\/api.w.org\/{rel}","templated":true}]}}