{"id":66,"date":"2023-02-16T17:50:52","date_gmt":"2023-02-16T16:50:52","guid":{"rendered":"https:\/\/blogs.uni-bremen.de\/inplus\/?page_id=66"},"modified":"2023-09-04T10:45:54","modified_gmt":"2023-09-04T08:45:54","slug":"conference","status":"publish","type":"page","link":"https:\/\/blogs.uni-bremen.de\/inplus\/conference\/","title":{"rendered":"Conference"},"content":{"rendered":"<p>The networks <em>In+<\/em> and <em>AILA ReN \u201cINCLUSIVE FOREIGN LANGUAGE EDUCATION<\/em>\u201d as well as the Erasmus+ &#8222;V:In:D:O:W&#8220; Project Team held the scientific conference:<\/p>\n<p style=\"text-align: center\"><span style=\"font-size: 18pt\"><strong>Inclusive Intersections<\/strong><\/span><\/p>\n<p style=\"text-align: center\"><em>Holding the mirror of inclusion to subject content during initial and in-service foreign language teacher education<\/em><\/p>\n<p style=\"text-align: center\">in <strong>Bremen, Germany 4-7th July 2023<\/strong><\/p>\n<p style=\"text-align: center\">&#8212;&#8212; Download the program here: <a href=\"https:\/\/blogs.uni-bremen.de\/inplus\/files\/Inclusive-Intersections_Flyer_31052023-1.pdf\">Inclusive Intersections_Flyer_31052023<\/a>\u00a0&#8212;&#8211;<\/p>\n<p style=\"text-align: center\"><strong>Description of the event<\/strong><\/p>\n<p>European educational policy makers envision the development of communicative competence as the main goal of institutionalized foreign language (FL) education (Council of Europe, 2001) and hope for the realization of the Barcelona Summit (2002) \u201cmother tongue + 2\u201d objective. Yet, the relatively long list of various subcompetences, types of knowledge and affective variables that communicating in a foreign language encompasses, highlights how complex and multidimensional the process of learning a foreign language can be and, therefore, how difficult it is for everyone to learn foreign languages easily, in a comparable manner and with similar success. In fact, learning a foreign language can often prove challenging for learners.<\/p>\n<p><img loading=\"lazy\" decoding=\"async\" class=\"size-medium wp-image-91 alignleft\" src=\"https:\/\/blogs.uni-bremen.de\/inplus\/files\/Conference_HDW-225x300.jpg\" alt=\"\" width=\"225\" height=\"300\" srcset=\"https:\/\/blogs.uni-bremen.de\/inplus\/files\/Conference_HDW-225x300.jpg 225w, https:\/\/blogs.uni-bremen.de\/inplus\/files\/Conference_HDW-768x1024.jpg 768w, https:\/\/blogs.uni-bremen.de\/inplus\/files\/Conference_HDW-1152x1536.jpg 1152w, https:\/\/blogs.uni-bremen.de\/inplus\/files\/Conference_HDW-1536x2048.jpg 1536w, https:\/\/blogs.uni-bremen.de\/inplus\/files\/Conference_HDW-scaled.jpg 1920w\" sizes=\"auto, (max-width: 225px) 100vw, 225px\" \/> Since the ratification of the UN Convention on the Rights of Persons with Disabilities (UN CRPD) the implementation of inclusive education systems that enable all learners to actively engage in learning and reach their potential is a goal recognized by all European Countries. However, on a practical level, not all educational systems and not all agents within them are truly ready to realize such task in practice.\u00a0Especially considering the assumption that pre-service teachers need to be ready to teach in inclusive school systems, it seems necessary to provide them with appropriate education and training during their studies. Yet, this is often not the case &#8211; especially the link between subject teaching methods and inclusive educational approaches is often missing, although the interlocking of these fields is highly important for the teaching practice: in a survey of student teacher\u2019s course catalogues Frohn &amp; Moser (2021) show that while almost all universities included in the study indicated that they had courses on inclusion, these were often not focused on inclusive provision of subject content.<\/p>\n<p>During this conference, we aimed to focus on approaches and concepts for the training and further education of (prospective) teachers, which provide inclusive approaches and concepts for the design of foreign language teaching. In terms of content, a distinction was be made between approaches to in- and pre-service teacher education.<\/p>\n<p>Conference organization team:<\/p>\n<ul>\n<li>Michele Daloiso (University of Parma)<\/li>\n<li>Maria Elena G\u00f3mez Parra (University of C\u00f3rdoba)<\/li>\n<li>Ma\u0142gorzata Baran-\u0141ucarz (University of Wroc\u0142aw)<\/li>\n<li>Joanna Pfingsthorn (University of Bremen)<\/li>\n<li>Julia Weltgen (University of Bremen)<\/li>\n<li>Heiner B\u00f6ttger (Catholic University of Eichst\u00e4tt-Ingolstadt)<\/li>\n<li>Bianca H\u00f6ppner (Catholic University of Eichst\u00e4tt-Ingolstadt)<\/li>\n<\/ul>\n<p><img loading=\"lazy\" decoding=\"async\" class=\"size-medium wp-image-92 aligncenter\" src=\"https:\/\/blogs.uni-bremen.de\/inplus\/files\/Conference_Welcome-300x195.jpg\" alt=\"\" width=\"300\" height=\"195\" srcset=\"https:\/\/blogs.uni-bremen.de\/inplus\/files\/Conference_Welcome-300x195.jpg 300w, https:\/\/blogs.uni-bremen.de\/inplus\/files\/Conference_Welcome-1024x665.jpg 1024w, https:\/\/blogs.uni-bremen.de\/inplus\/files\/Conference_Welcome-768x498.jpg 768w, https:\/\/blogs.uni-bremen.de\/inplus\/files\/Conference_Welcome-1536x997.jpg 1536w, https:\/\/blogs.uni-bremen.de\/inplus\/files\/Conference_Welcome.jpg 1581w\" sizes=\"auto, (max-width: 300px) 100vw, 300px\" \/> <img loading=\"lazy\" decoding=\"async\" class=\"size-medium wp-image-93 aligncenter\" src=\"https:\/\/blogs.uni-bremen.de\/inplus\/files\/Conference_WelcomeJ-300x196.jpg\" alt=\"\" width=\"300\" height=\"196\" srcset=\"https:\/\/blogs.uni-bremen.de\/inplus\/files\/Conference_WelcomeJ-300x196.jpg 300w, https:\/\/blogs.uni-bremen.de\/inplus\/files\/Conference_WelcomeJ-1024x668.jpg 1024w, https:\/\/blogs.uni-bremen.de\/inplus\/files\/Conference_WelcomeJ-768x501.jpg 768w, https:\/\/blogs.uni-bremen.de\/inplus\/files\/Conference_WelcomeJ-1536x1001.jpg 1536w, https:\/\/blogs.uni-bremen.de\/inplus\/files\/Conference_WelcomeJ.jpg 1704w\" sizes=\"auto, (max-width: 300px) 100vw, 300px\" \/><\/p>\n<p><img loading=\"lazy\" decoding=\"async\" class=\"size-medium wp-image-69 aligncenter\" src=\"https:\/\/blogs.uni-bremen.de\/inplus\/files\/Co-funded-by-logo-300x86.png\" alt=\"\" width=\"300\" height=\"86\" srcset=\"https:\/\/blogs.uni-bremen.de\/inplus\/files\/Co-funded-by-logo-300x86.png 300w, https:\/\/blogs.uni-bremen.de\/inplus\/files\/Co-funded-by-logo.png 420w\" sizes=\"auto, (max-width: 300px) 100vw, 300px\" \/><\/p>\n<p>&nbsp;<\/p>\n","protected":false},"excerpt":{"rendered":"<p>The networks In+ and AILA ReN \u201cINCLUSIVE FOREIGN LANGUAGE EDUCATION\u201d as well as the Erasmus+ &#8222;V:In:D:O:W&#8220; Project Team held the scientific conference: Inclusive Intersections Holding the mirror of inclusion to subject content during initial and in-service foreign language &hellip; <\/p>\n<div class=\"more-link-wrapper\"><a href=\"https:\/\/blogs.uni-bremen.de\/inplus\/conference\/\" class=\"more-link\">Continue reading<span class=\"screen-reader-text\"> &#8222;Conference&#8220;<\/span><\/a><\/div>\n","protected":false},"author":12376,"featured_media":0,"parent":0,"menu_order":0,"comment_status":"closed","ping_status":"closed","template":"","meta":{"_bbp_topic_count":0,"_bbp_reply_count":0,"_bbp_total_topic_count":0,"_bbp_total_reply_count":0,"_bbp_voice_count":0,"_bbp_anonymous_reply_count":0,"_bbp_topic_count_hidden":0,"_bbp_reply_count_hidden":0,"_bbp_forum_subforum_count":0,"footnotes":""},"class_list":["post-66","page","type-page","status-publish","hentry"],"_links":{"self":[{"href":"https:\/\/blogs.uni-bremen.de\/inplus\/wp-json\/wp\/v2\/pages\/66","targetHints":{"allow":["GET"]}}],"collection":[{"href":"https:\/\/blogs.uni-bremen.de\/inplus\/wp-json\/wp\/v2\/pages"}],"about":[{"href":"https:\/\/blogs.uni-bremen.de\/inplus\/wp-json\/wp\/v2\/types\/page"}],"author":[{"embeddable":true,"href":"https:\/\/blogs.uni-bremen.de\/inplus\/wp-json\/wp\/v2\/users\/12376"}],"replies":[{"embeddable":true,"href":"https:\/\/blogs.uni-bremen.de\/inplus\/wp-json\/wp\/v2\/comments?post=66"}],"version-history":[{"count":10,"href":"https:\/\/blogs.uni-bremen.de\/inplus\/wp-json\/wp\/v2\/pages\/66\/revisions"}],"predecessor-version":[{"id":95,"href":"https:\/\/blogs.uni-bremen.de\/inplus\/wp-json\/wp\/v2\/pages\/66\/revisions\/95"}],"wp:attachment":[{"href":"https:\/\/blogs.uni-bremen.de\/inplus\/wp-json\/wp\/v2\/media?parent=66"}],"curies":[{"name":"wp","href":"https:\/\/api.w.org\/{rel}","templated":true}]}}