{"id":46,"date":"2020-06-08T22:50:40","date_gmt":"2020-06-08T20:50:40","guid":{"rendered":"https:\/\/blogs.uni-bremen.de\/inplus\/?page_id=46"},"modified":"2025-06-03T13:58:58","modified_gmt":"2025-06-03T11:58:58","slug":"projekte","status":"publish","type":"page","link":"https:\/\/blogs.uni-bremen.de\/inplus\/projekte\/","title":{"rendered":"Projekte\/Events"},"content":{"rendered":"<div style=\"text-align: right\">\n<table style=\"border-collapse: collapse;width: 102.366127%;height: 83px\">\n<tbody>\n<tr>\n<td style=\"width: 100%\">\n<p class=\"kt-adv-heading1000_59b209-01 wp-block-kadence-advancedheading has-theme-palette-3-color has-text-color\" style=\"text-align: center\" data-kb-block=\"kb-adv-heading1000_59b209-01\"><strong>Integrating Language, Literacy and Subject Teaching in Plurilingual Education Contexts<\/strong><\/p>\n<p style=\"text-align: center\"><strong>Conference\/Teacher training opportunity<\/strong><\/p>\n<p style=\"text-align: center\"><strong>in Delmenhorst, 03.06.2025<\/strong><\/p>\n<\/td>\n<\/tr>\n<tr>\n<td style=\"width: 100%\">\n<div class=\"wp-block-kadence-column kadence-column1007_68e919-37\">\n<div class=\"kt-inside-inner-col\">\n<div class=\"wp-block-columns is-layout-flex wp-container-core-columns-is-layout-9d6595d7 wp-block-columns-is-layout-flex\">\n<div class=\"wp-block-column is-layout-flow wp-block-column-is-layout-flow\">\n<p style=\"text-align: left\">We warmly invite you to join our Conference on innovative approaches to plurilingual education\u00a0<strong>\u201c<\/strong>Integrating Language, Literacy and Subject Teaching in Plurilingual Education Contexts\u201d. Discover two open-access MOOCs, developed through international collaboration and available in four languages, designed for teachers, cultural assistants, and future educators working in multilingual settings.<\/p>\n<p style=\"text-align: left\">Learn from practitioners how to integrate language, literacy, and subject content in an inclusive, anti-discriminatory way, and receive international certification.<\/p>\n<\/div>\n<\/div>\n<\/div>\n<\/div>\n<p class=\"kt-adv-heading1007_9b5cc8-24 wp-block-kadence-advancedheading\" style=\"text-align: left\" data-kb-block=\"kb-adv-heading1007_9b5cc8-24\"><strong><span style=\"font-family: arial, helvetica, sans-serif\">The Keynote Speaker, Prof Dr Teresa Ting, Will Present On \u201cInclusion Through A Focus On Disciplinary Discourse: An Example From Upper Secondary STEM\u201d<\/span><\/strong><\/p>\n<div class=\"wp-block-kadence-column kadence-column1007_2cd92a-5f\">\n<div class=\"kt-inside-inner-col\">\n<div class=\"wp-block-columns is-layout-flex wp-container-core-columns-is-layout-9d6595d7 wp-block-columns-is-layout-flex\">\n<div class=\"wp-block-column is-layout-flow wp-block-column-is-layout-flow\" style=\"text-align: left\">\n<h5 class=\"kt-adv-heading1007_db3812-9c wp-block-kadence-advancedheading\" style=\"text-align: center\" data-kb-block=\"kb-adv-heading1007_db3812-9c\"><span style=\"font-family: arial, helvetica, sans-serif\"><a href=\"https:\/\/illspec.com\/en\/registration-3\/\"><strong>Join Us In Person or Online!<\/strong><\/a><\/span><\/h5>\n<p>This event is a hybrid experience, offering you the flexibility to participate either in person or virtually via ZOOM. Choose the format that suits you best and join us for an engaging experience!<\/p>\n<p>There will be a single Zoom link for the event, allowing you to pop in and out of the sessions you wish to attend.<br \/>\nThe Zoom link will be sent to you via email before the event. <strong>REGISTER: https:\/\/illspec.com\/en\/registration-3\/<\/strong><\/p>\n<\/div>\n<\/div>\n<\/div>\n<\/div>\n<p>&nbsp;<\/p>\n<p><img loading=\"lazy\" decoding=\"async\" class=\"wp-image-120 aligncenter\" src=\"https:\/\/blogs.uni-bremen.de\/inplus\/files\/1.png\" alt=\"\" width=\"778\" height=\"1101\" srcset=\"https:\/\/blogs.uni-bremen.de\/inplus\/files\/1.png 1587w, https:\/\/blogs.uni-bremen.de\/inplus\/files\/1-212x300.png 212w, https:\/\/blogs.uni-bremen.de\/inplus\/files\/1-724x1024.png 724w, https:\/\/blogs.uni-bremen.de\/inplus\/files\/1-768x1086.png 768w, https:\/\/blogs.uni-bremen.de\/inplus\/files\/1-1086x1536.png 1086w, https:\/\/blogs.uni-bremen.de\/inplus\/files\/1-1448x2048.png 1448w\" sizes=\"auto, (max-width: 778px) 100vw, 778px\" \/><\/p>\n<p><img loading=\"lazy\" decoding=\"async\" class=\"wp-image-126 aligncenter\" src=\"https:\/\/blogs.uni-bremen.de\/inplus\/files\/ILLS-PEC-Conference-poster-8.png\" alt=\"\" width=\"767\" height=\"1085\" srcset=\"https:\/\/blogs.uni-bremen.de\/inplus\/files\/ILLS-PEC-Conference-poster-8.png 1587w, https:\/\/blogs.uni-bremen.de\/inplus\/files\/ILLS-PEC-Conference-poster-8-212x300.png 212w, https:\/\/blogs.uni-bremen.de\/inplus\/files\/ILLS-PEC-Conference-poster-8-724x1024.png 724w, https:\/\/blogs.uni-bremen.de\/inplus\/files\/ILLS-PEC-Conference-poster-8-768x1086.png 768w, https:\/\/blogs.uni-bremen.de\/inplus\/files\/ILLS-PEC-Conference-poster-8-1086x1536.png 1086w, https:\/\/blogs.uni-bremen.de\/inplus\/files\/ILLS-PEC-Conference-poster-8-1448x2048.png 1448w\" sizes=\"auto, (max-width: 767px) 100vw, 767px\" \/><\/td>\n<\/tr>\n<\/tbody>\n<\/table>\n<table class=\" alignleft\" style=\"border-collapse: collapse;width: 101.741707%;height: 46px\">\n<tbody>\n<tr style=\"height: 102px\">\n<td style=\"width: 100%;height: 102px;text-align: center\"><b class=\"\">Gastvortrag, Workshop und Diskussion: Qualitative analysis of idiodynamic data: Understanding comprehension challenges (Prof. Dr. Joseph Siegel, Stockholm University)\u00a0<\/b><\/td>\n<\/tr>\n<tr style=\"height: 29px\">\n<td style=\"width: 100%;text-align: left;height: 29px\">\n<p style=\"font-weight: 400\">Prof. Siegel wird Einblicke in sein aktuelles Forschungsprojekt \u201eRemodelling Listening \u2013 Rethinking the Use of Listening in Educational Contexts\u201c geben (vgl. https:\/\/remodellistening.wordpress.com\/about\/). Im Zentrum stehen dabei die methodologischen, p\u00e4dagogischen und sozialen Dimensionen des Zuh\u00f6rens in Bildungsinstitutionen, die insbesondere f\u00fcr Forschende in Postdoc-Phasen mit Interesse an Inklusion, Interaktion, Kommunikation, Qualitativer Forschung und Hochschuldidaktik relevant sind.<\/p>\n<p style=\"font-weight: 400\">Die Veranstaltung ist explizit als Austausch- und Vernetzungsformat f\u00fcr Postdocs und fortgeschrittene Doktoranden konzipiert:<\/p>\n<p style=\"font-weight: 400\">&#8211; In einem interaktiven Workshop-Teil werden methodische Herangehensweisen (z.\u202fB. qualitative Inhaltsanalyse) anhand empirischer Daten aus dem Projekt vorgestellt und gemeinsam reflektiert.<\/p>\n<p style=\"font-weight: 400\">&#8211; Es wird Raum f\u00fcr kollegiale Diskussionen und Feedback aus verschiedenen disziplin\u00e4ren Perspektiven geschaffen.<\/p>\n<p style=\"font-weight: 400\">&#8211; Ziel ist es, gemeinsame Forschungsperspektiven zu entwickeln, u.\u202fa. im Bereich Bildung, qualitative Methoden, Sprachsensibilit\u00e4t oder p\u00e4dagogische Beziehungsgestaltung.<\/p>\n<p style=\"font-weight: 400\">&#8211; Die Veranstaltung bietet gezielt Gelegenheiten f\u00fcr den Austausch und die Vernetzung von Postdocs und fortgeschrittenen Doktoranden verschiedener Fachrichtungen durch eine anschlie\u00dfende moderierte Diskussion und ein informelles Vernetzungstreffen.<\/p>\n<p><img loading=\"lazy\" decoding=\"async\" class=\"wp-image-118 aligncenter\" src=\"https:\/\/blogs.uni-bremen.de\/inplus\/files\/Veranstaltungsplakat_JoeSiegel_2025-212x300.png\" alt=\"\" width=\"368\" height=\"521\" srcset=\"https:\/\/blogs.uni-bremen.de\/inplus\/files\/Veranstaltungsplakat_JoeSiegel_2025-212x300.png 212w, https:\/\/blogs.uni-bremen.de\/inplus\/files\/Veranstaltungsplakat_JoeSiegel_2025-724x1024.png 724w, https:\/\/blogs.uni-bremen.de\/inplus\/files\/Veranstaltungsplakat_JoeSiegel_2025-768x1086.png 768w, https:\/\/blogs.uni-bremen.de\/inplus\/files\/Veranstaltungsplakat_JoeSiegel_2025-1086x1536.png 1086w, https:\/\/blogs.uni-bremen.de\/inplus\/files\/Veranstaltungsplakat_JoeSiegel_2025.png 1191w\" sizes=\"auto, (max-width: 368px) 100vw, 368px\" \/><\/td>\n<\/tr>\n<\/tbody>\n<\/table>\n<table class=\" alignleft\" style=\"border-collapse: collapse;width: 102.366127%;height: 83px\">\n<tbody>\n<tr>\n<td style=\"width: 100%\">\n<p style=\"text-align: center\"><b class=\"\">Gastvortrag, Workshop und Diskussion: Kompetenter Umgang mit Unterrichtsst\u00f6rungen<\/b><\/p>\n<p style=\"text-align: center\"><b class=\"\">Jonas Oltrogge (Albert-Einstein Oberschule Bremen)<\/b><\/p>\n<\/td>\n<\/tr>\n<tr>\n<td style=\"width: 100%\">\n<p style=\"font-weight: 400;text-align: left\"><img loading=\"lazy\" decoding=\"async\" class=\"wp-image-112 alignright\" src=\"https:\/\/blogs.uni-bremen.de\/inplus\/files\/Folie1-212x300.jpeg\" alt=\"\" width=\"266\" height=\"376\" srcset=\"https:\/\/blogs.uni-bremen.de\/inplus\/files\/Folie1-212x300.jpeg 212w, https:\/\/blogs.uni-bremen.de\/inplus\/files\/Folie1.jpeg 622w\" sizes=\"auto, (max-width: 266px) 100vw, 266px\" \/>Unterrichtsst\u00f6rungen geh\u00f6ren zum schulischen Alltag. Wenngleich kleine St\u00f6rungen noch kein Alarmsignal im Unterricht sind, f\u00fchren anhaltende Unterrichtsst\u00f6rungen im Klassenzimmer zu einer Verringerung der Lernzeit, sorgen f\u00fcr Unwohlsein bei den Sch\u00fcler:innen und k\u00f6nnen sogar die Pers\u00f6nlichkeitsentwicklung beeintr\u00e4chtigen. Auch f\u00fcr Lehrkr\u00e4fte stellen anhaltende Unterrichtsst\u00f6rungen eine hohe Belastung dar und k\u00f6nnen die Gesundheit beeintr\u00e4chtigen. Ein kompetentes Handeln in diesen Drucksituationen ist daher f\u00fcr beide Seiten gewinnbringend. In diesem Impulsvortrag m\u00f6chte Jonas Oltrogge praxiserprobte Ma\u00dfnahmen vorstellen, um auf St\u00f6rungen angemessen zu reagieren.<\/p>\n<p style=\"font-weight: 400;text-align: left\"><strong>Inhalte: <\/strong>St\u00f6rungsformen, pr\u00e4ventive und reaktive Strategien, innere Haltung in Konfliktsituationen, K\u00f6rpersprache, deeskalierende Gespr\u00e4chsf\u00fchrung, Praxisbeispiele<\/p>\n<h2 style=\"text-align: center\"><span style=\"color: #800000;font-size: 12pt\"><strong>17.01.2025\u00a0&#8211; 12-14 Uhr &#8211; Studierhaus<\/strong><\/span><\/h2>\n<\/td>\n<\/tr>\n<\/tbody>\n<\/table>\n<table class=\" alignleft\" style=\"border-collapse: collapse;width: 102.824134%;height: 281px\">\n<tbody>\n<tr>\n<td style=\"width: 100%\">\n<p style=\"text-align: center\"><b class=\"\">International scientific conference &#8222;Inclusive Intersections&#8220;<\/b><\/p>\n<\/td>\n<\/tr>\n<tr>\n<td style=\"width: 100%;text-align: left\"><span style=\"font-size: 19.360001px\">On behalf of AILA ReN &#8222;Inclusive Foreign Language Education&#8220; and as conference organizers, Michele Daloiso (University of Parma), Maria Elena G\u00f3mez Parra (University of Cord\u00f3ba), Ma\u0142gorzata Baran-\u0141ucarz (University of Wroc\u0142aw), Julia Weltgen (University of Bremen) and Joanna Pfingsthorn (University of Bremen) would like to invite to you the scientific conference &#8222;Inclusive Intersections&#8220; hosted at the University of Bremen. More information: <a href=\"https:\/\/blogs.uni-bremen.de\/inplus\/conference\/\">https:\/\/blogs.uni-bremen.de\/inplus\/conference\/<\/a><\/span><\/td>\n<\/tr>\n<\/tbody>\n<\/table>\n<table class=\" alignleft\" style=\"border-collapse: collapse;width: 102.366127%;height: 83px\">\n<tbody>\n<tr>\n<td style=\"width: 100%\">\n<p style=\"text-align: center\"><b class=\"\">Gastvortrag, Workshop und Diskussion: Kompetenter Umgang mit Unterrichtsst\u00f6rungen mit Jonas Oltrogge (<\/b><strong>Jahrgangsleitung, Albert-Einstein-Oberschule Bremen)<\/strong><\/p>\n<\/td>\n<\/tr>\n<tr>\n<td style=\"width: 100%\">\n<h2 style=\"text-align: center\"><span style=\"color: #800000;font-size: 12pt\"><strong><img loading=\"lazy\" decoding=\"async\" class=\"size-medium wp-image-107 alignright\" src=\"https:\/\/blogs.uni-bremen.de\/inplus\/files\/Veranstaltungsplakat_JonasOltrogge-212x300.jpg\" alt=\"\" width=\"212\" height=\"300\" srcset=\"https:\/\/blogs.uni-bremen.de\/inplus\/files\/Veranstaltungsplakat_JonasOltrogge-212x300.jpg 212w, https:\/\/blogs.uni-bremen.de\/inplus\/files\/Veranstaltungsplakat_JonasOltrogge-724x1024.jpg 724w, https:\/\/blogs.uni-bremen.de\/inplus\/files\/Veranstaltungsplakat_JonasOltrogge-768x1086.jpg 768w, https:\/\/blogs.uni-bremen.de\/inplus\/files\/Veranstaltungsplakat_JonasOltrogge-1086x1536.jpg 1086w, https:\/\/blogs.uni-bremen.de\/inplus\/files\/Veranstaltungsplakat_JonasOltrogge.jpg 1191w\" sizes=\"auto, (max-width: 212px) 100vw, 212px\" \/><\/strong><\/span><\/h2>\n<p style=\"font-weight: 400;text-align: left\">Unterrichtsst\u00f6rungen geh\u00f6ren zum schulischen Alltag. Wenngleich kleine St\u00f6rungen noch kein Alarmsignal im Unterricht sind, f\u00fchren anhaltende Unterrichtsst\u00f6rungen im Klassenzimmer zu einer Verringerung der Lernzeit, sorgen f\u00fcr Unwohlsein bei den Sch\u00fcler:innen und k\u00f6nnen sogar die Pers\u00f6nlichkeitsentwicklung beeintr\u00e4chtigen. Auch f\u00fcr Lehrkr\u00e4fte stellen anhaltende Unterrichtsst\u00f6rungen eine hohe Belastung dar und k\u00f6nnen die Gesundheit beeintr\u00e4chtigen. Ein kompetentes Handeln in diesen Drucksituationen ist daher f\u00fcr beide Seiten gewinnbringend. In diesem Impulsvortrag m\u00f6chte Jonas Oltrogge praxiserprobte Ma\u00dfnahmen vorstellen, um auf St\u00f6rungen angemessen zu reagieren.<\/p>\n<p style=\"font-weight: 400;text-align: left\"><strong>Inhalte: <\/strong>St\u00f6rungsformen, pr\u00e4ventive und reaktive Strategien, innere Haltung in Konfliktsituationen, K\u00f6rpersprache, deeskalierende Gespr\u00e4chsf\u00fchrung, Praxisbeispiele<\/p>\n<p>&nbsp;<\/p>\n<p>&nbsp;<\/p>\n<h2 style=\"text-align: center\"><span style=\"color: #800000;font-size: 12pt\"><strong>01.12.2023 &#8211; 12-14 Uhr &#8211; Studierhaus<\/strong><\/span><\/h2>\n<p style=\"text-align: left\">Flyer: <a href=\"https:\/\/blogs.uni-bremen.de\/inplus\/files\/Flyer-Jonas-Oltrogge.pdf\">Flyer Jonas Oltrogge<\/a><\/p>\n<\/td>\n<\/tr>\n<\/tbody>\n<\/table>\n<table class=\" alignleft\" style=\"border-collapse: collapse;width: 102.824134%;height: 281px\">\n<tbody>\n<tr>\n<td style=\"width: 100%\">\n<p style=\"text-align: center\"><b class=\"\">International scientific conference &#8222;Inclusive Intersections&#8220;<\/b><\/p>\n<\/td>\n<\/tr>\n<tr>\n<td style=\"width: 100%;text-align: left\"><span style=\"font-size: 19.360001px\">On behalf of AILA ReN &#8222;Inclusive Foreign Language Education&#8220; and as conference organizers, Michele Daloiso (University of Parma), Maria Elena G\u00f3mez Parra (University of Cord\u00f3ba), Ma\u0142gorzata Baran-\u0141ucarz (University of Wroc\u0142aw), Julia Weltgen (University of Bremen) and Joanna Pfingsthorn (University of Bremen) would like to invite to you the scientific conference &#8222;Inclusive Intersections&#8220; hosted at the University of Bremen. More information: <a href=\"https:\/\/blogs.uni-bremen.de\/inplus\/conference\/\">https:\/\/blogs.uni-bremen.de\/inplus\/conference\/<\/a><\/span><\/td>\n<\/tr>\n<\/tbody>\n<\/table>\n<table class=\" alignleft\" style=\"border-collapse: collapse;width: 102.739726%;height: 1283px\">\n<tbody>\n<tr style=\"height: 58px\">\n<td style=\"width: 100%;text-align: center;height: 58px\"><b class=\"\">Gastvortrag und Diskussion mit Prof. Dr. Bernard Hugonnier (OECD, University of Paris-Dauphine)<\/b><\/td>\n<\/tr>\n<tr style=\"height: 1196px\">\n<td style=\"width: 100%;height: 1196px\">\n<div>\n<div class=\"page\" title=\"Page 1\">\n<div class=\"layoutArea\">\n<div class=\"column\">\n<p style=\"text-align: left\"><span style=\"font-size: 14pt\">Die Ergebnisse der ersten durch die OECD durchgefu\u0308hrten PISA-Erhebung\u00a0zu den Lernergebnissen von Schu\u0308ler:innen im Jahr 2000 waren ein Weckruf fu\u0308r Deutschland.<\/span><\/p>\n<p style=\"text-align: left\"><img loading=\"lazy\" decoding=\"async\" class=\"wp-image-63 alignright\" src=\"https:\/\/blogs.uni-bremen.de\/inplus\/files\/Poster_Bernards-Vortrag-Kopie-212x300.jpg\" alt=\"\" width=\"274\" height=\"388\" srcset=\"https:\/\/blogs.uni-bremen.de\/inplus\/files\/Poster_Bernards-Vortrag-Kopie-212x300.jpg 212w, https:\/\/blogs.uni-bremen.de\/inplus\/files\/Poster_Bernards-Vortrag-Kopie-723x1024.jpg 723w, https:\/\/blogs.uni-bremen.de\/inplus\/files\/Poster_Bernards-Vortrag-Kopie-768x1087.jpg 768w, https:\/\/blogs.uni-bremen.de\/inplus\/files\/Poster_Bernards-Vortrag-Kopie-1085x1536.jpg 1085w, https:\/\/blogs.uni-bremen.de\/inplus\/files\/Poster_Bernards-Vortrag-Kopie-1447x2048.jpg 1447w, https:\/\/blogs.uni-bremen.de\/inplus\/files\/Poster_Bernards-Vortrag-Kopie.jpg 1684w\" sizes=\"auto, (max-width: 274px) 100vw, 274px\" \/><span style=\"font-size: 14pt\">Das Vertrauen der O\u0308ffentlichkeit in die Qualita\u0308t der deutschen Bildung wurde in Folge der im Vergleich zu 31 La\u0308ndern unterdurchschnittlich liegenden Leistungen in den Bereichen Lesekompetenz, Mathematik und Naturwissenschaften erschu\u0308ttert. In einem o\u0308ffentlichen Aufschrei wurde monatelang u\u0308ber ein bildungspolitisches Ra\u0308tsel debattiert, wie eine gro\u00dfe Exportwirtschaft wie Deutschland ihren Wettbewerbsvorteil auf scheinbar fehlende Kompetenzen basieren ko\u0308nnte. Besonders auffa\u0308llig war auch, dass die Leistungen von Schu\u0308ler:innen in einem kulturell diversen und sozial abschirmenden Land wie Deutschland mit dem sozioo\u0308konomischen Hintergrund zusammenhingen und dass Schu\u0308ler:innen mit Migrationshintergrund vergleichsweise schlecht abschnitten.In Deutschland wurde die PISA-Studie also zu einem Impuls fu\u0308r Vera\u0308nderungen.\u00a0Die Bildungsausgaben des Bundes wurden Anfang der 2000er Jahre nahezu verdoppelt. In den folgenden zwei Jahrzehnten wurden an den Schulen nach und nach nationale Bildungsstandards eingefu\u0308hrt. Ein solcher Schritt schien in Deutschland, wo die Autonomie der La\u0308nder als unantastbar galt, unmo\u0308glich. Auch sozioo\u0308konomisch benachteiligte Schu\u0308ler:innen, insbesondere jene mit Migrationshintergrund, wurden sta\u0308rker gefo\u0308rdert. In der 2009 durchgefu\u0308hrten Folgestudie haben sich die Ergebnisse zwar verbessert, aber es bleibt zum Teil unklar, welche bildungspolitischen Entscheidungen einen wesentlichen Beitrag dazu geleistet haben und inwieweit das Vertrauen in das Bildungssystem latent langfristig bescha\u0308digt wurde. Diese Fragen sind in einem Land wie Bremen besonders relevant: Zwar gilt Bremen auf dem Papier als Vorreiter der Inklusion, der Stadtstaat wird allerdings oft mit der Kritik konfrontiert, den Fo\u0308rderbedu\u0308rfnissen von allen Schu\u0308ler:innen in der Praxis nicht gerecht zu werden.<\/span><\/p>\n<p style=\"text-align: left\"><span style=\"font-size: 14pt\">Um Studierende aus verschiedenen Seminaren des FB 10 und 12 zu bei der Reflexion dieser Mechanismen zu unterstu\u0308tzen, ist eine Veranstaltung mit einem Impulsreferat von Prof. Dr. Bernard Hugonnier geplant. Herr Hugonnier ist ehemaliger Vice-Direktor fu\u0308r Bildung bei der OECD, der an der Durchfu\u0308hrung der Studie beteiligt war. Er war daru\u0308ber hinaus als Vice-Direktor des Forschungsseminars Ecole et re\u0301publique am Colle\u0300ge des Bernardins und Professor fu\u0308r Erziehungswissenschaften am Institut Catholique de Paris ta\u0308tig.<\/span><\/p>\n<\/div>\n<p>&nbsp;<\/p>\n<\/div>\n<\/div>\n<\/div>\n<\/td>\n<\/tr>\n<\/tbody>\n<\/table>\n<table class=\" alignleft\" style=\"border-collapse: collapse;width: 100%\">\n<tbody>\n<tr>\n<td style=\"width: 100%\"><b class=\"\">Umfrage zur\u00a0Medienverf\u00fcgbarkeit und zur Nutzung (digitaler) Lehrangebote beim Distanzlernen<\/b><\/td>\n<\/tr>\n<tr>\n<td style=\"width: 100%;text-align: left\"><span style=\"font-size: 14pt\">Als Folge der Corona-Pandemie wurden die Schulen in Bremen geschlossen und alle Sch\u00fclerInnen f\u00fcr die letzten Wochen zu Hause unterrichtet. Das Netzwerk \u201aInklusion interdisziplin\u00e4r\u2018 f\u00fchrt\u00a0in diesem Zusammenhang eine Umfrage zu den Auswirkungen, Problemen und\u00a0Potentialen des Fernunterrichts durch. Die Ergebnisse sollen dazu beitragen, Handlungsbedarfe f\u00fcr die Zeit nach den Schulschlie\u00dfungen festzustellen. Lehrkr\u00e4fte, die sich beteiligen m\u00f6chten, sind herzlich eingeladen und finden die Umfrage auf der Plattform itslearning im Kurs \u201aUnterst\u00fctzung Schulen\u2018.<\/span><\/td>\n<\/tr>\n<\/tbody>\n<\/table>\n<p style=\"text-align: left\">\n<\/div>\n<div style=\"text-align: left\">\n<div class=\"page\" title=\"Page 1\">\n<div class=\"layoutArea\">\n<div class=\"column\"><\/div>\n<\/div>\n<\/div>\n<\/div>\n<div style=\"text-align: left\"><\/div>\n<div class=\"\" style=\"text-align: left\"><\/div>\n<div style=\"text-align: left\"><\/div>\n<div style=\"text-align: left\"><\/div>\n","protected":false},"excerpt":{"rendered":"<p>Integrating Language, Literacy and Subject Teaching in Plurilingual Education Contexts Conference\/Teacher training opportunity in Delmenhorst, 03.06.2025 We warmly invite you to join our Conference on innovative approaches to plurilingual education\u00a0\u201cIntegrating Language, Literacy and Subject Teaching in Plurilingual Education &hellip; <\/p>\n<div class=\"more-link-wrapper\"><a href=\"https:\/\/blogs.uni-bremen.de\/inplus\/projekte\/\" class=\"more-link\">Continue reading<span class=\"screen-reader-text\"> &#8222;Projekte\/Events&#8220;<\/span><\/a><\/div>\n","protected":false},"author":12376,"featured_media":0,"parent":0,"menu_order":0,"comment_status":"closed","ping_status":"closed","template":"","meta":{"_bbp_topic_count":0,"_bbp_reply_count":0,"_bbp_total_topic_count":0,"_bbp_total_reply_count":0,"_bbp_voice_count":0,"_bbp_anonymous_reply_count":0,"_bbp_topic_count_hidden":0,"_bbp_reply_count_hidden":0,"_bbp_forum_subforum_count":0,"footnotes":""},"class_list":["post-46","page","type-page","status-publish","hentry"],"_links":{"self":[{"href":"https:\/\/blogs.uni-bremen.de\/inplus\/wp-json\/wp\/v2\/pages\/46","targetHints":{"allow":["GET"]}}],"collection":[{"href":"https:\/\/blogs.uni-bremen.de\/inplus\/wp-json\/wp\/v2\/pages"}],"about":[{"href":"https:\/\/blogs.uni-bremen.de\/inplus\/wp-json\/wp\/v2\/types\/page"}],"author":[{"embeddable":true,"href":"https:\/\/blogs.uni-bremen.de\/inplus\/wp-json\/wp\/v2\/users\/12376"}],"replies":[{"embeddable":true,"href":"https:\/\/blogs.uni-bremen.de\/inplus\/wp-json\/wp\/v2\/comments?post=46"}],"version-history":[{"count":10,"href":"https:\/\/blogs.uni-bremen.de\/inplus\/wp-json\/wp\/v2\/pages\/46\/revisions"}],"predecessor-version":[{"id":130,"href":"https:\/\/blogs.uni-bremen.de\/inplus\/wp-json\/wp\/v2\/pages\/46\/revisions\/130"}],"wp:attachment":[{"href":"https:\/\/blogs.uni-bremen.de\/inplus\/wp-json\/wp\/v2\/media?parent=46"}],"curies":[{"name":"wp","href":"https:\/\/api.w.org\/{rel}","templated":true}]}}