{"id":2,"date":"2020-06-08T21:23:02","date_gmt":"2020-06-08T19:23:02","guid":{"rendered":"https:\/\/blogs.uni-bremen.de\/inplus\/?page_id=2"},"modified":"2023-09-04T10:47:18","modified_gmt":"2023-09-04T08:47:18","slug":"netzwerk-inklusion-interdisziplinaer-in","status":"publish","type":"page","link":"https:\/\/blogs.uni-bremen.de\/inplus\/","title":{"rendered":"Netzwerk Inklusion Interdisziplin\u00e4r In+"},"content":{"rendered":"<table>\n<tbody>\n<tr>\n<td><img loading=\"lazy\" decoding=\"async\" class=\"wp-image-87 aligncenter\" src=\"https:\/\/blogs.uni-bremen.de\/pfingsthorn\/files\/Bubbles.001-300x300.png\" alt=\"\" width=\"143\" height=\"143\" \/><\/td>\n<td>\n<ul>\n<li><em>Universit\u00e4r<\/em>: Post-Docs, Researcher, Lecturer<\/li>\n<li><em>Au\u00dferuniversit\u00e4r<\/em>: alle Personen und Institutionen in inklusiven Kontexten<\/li>\n<\/ul>\n<\/td>\n<\/tr>\n<tr>\n<td><img loading=\"lazy\" decoding=\"async\" class=\"wp-image-88 aligncenter\" src=\"https:\/\/blogs.uni-bremen.de\/pfingsthorn\/files\/Bubbles.002-300x300.png\" alt=\"\" width=\"142\" height=\"142\" \/><\/td>\n<td>\n<ul class=\"list-normal\">\n<li>Interdisziplin\u00e4re Zusammenarbeit und Transfer zwischen Praxis und Forschung<\/li>\n<li>Kontakt- und Knotenpunkt f\u00fcr (au\u00dferuniversit\u00e4re) Institutionen und Personen<\/li>\n<\/ul>\n<\/td>\n<\/tr>\n<tr>\n<td><img loading=\"lazy\" decoding=\"async\" class=\"wp-image-89 aligncenter\" src=\"https:\/\/blogs.uni-bremen.de\/pfingsthorn\/files\/Bubbles.003-300x300.png\" alt=\"\" width=\"137\" height=\"137\" \/><\/td>\n<td>\n<ul class=\"list-normal\">\n<li>verschiedene Veranstaltungsformate (Arbeitstreffen, Kolloquien, Tagungen, <span class=\"text-highlight\">Wo<\/span>rkshops)<\/li>\n<li>gemeinsame Forschung<\/li>\n<\/ul>\n<\/td>\n<\/tr>\n<\/tbody>\n<\/table>\n<p>Das Netzwerk <strong>Inklusion interdisziplin\u00e4r (In+)<\/strong> hat zum Ziel, eine Plattform f\u00fcr den f\u00e4cher\u00fcbergreifenden <span class=\"text-highlight\">Aus<\/span>t<span class=\"text-highlight\">aus<\/span>ch zu Forschung und Lehre im Schnittbere<span class=\"text-highlight\">ich<\/span> der inklusiven Fachdidaktik(en) und der inklusiven P\u00e4dagogik zu schaffen. An der Universit\u00e4t Bremen ist das Netzwerk erstmalig eine Initiative, \u00fcber das bereits existierende Format der Doc-Netzwerke <span class=\"text-highlight\">hin<\/span><span class=\"text-highlight\">aus<\/span> ein spezielles Vernetzungsangebot f\u00fcr die Statusgruppe der Post-Docs, Researcher und Lecturer zu etablieren. Ein zentrales Anliegen des Netzwerks besteht des Weiteren darin, den Transfer zwischen wissenschaftl<span class=\"text-highlight\">ich<\/span>er Forschung und dem Praxisfeld der Schulen zu st\u00e4rken. Dadurch sollen einerseits verbesserte M\u00f6gl<span class=\"text-highlight\">ich<\/span>keiten geschaffen werden, theoretisch und empirisch bew\u00e4hrte Ans\u00e4tze wissenschaftl<span class=\"text-highlight\">ich<\/span>er Inklusionsforschung langfristig in die verschiedenen Phasen der Lehramts<span class=\"text-highlight\">aus<\/span>bildung einzubinden. Andererseits sollen auch die in der Praxis erzielten Erkenntnisse in Forschung und Lehre zur\u00fcckgef\u00fchrt und damit ein iterativer Prozess des wechselseitigen Theorie-Praxis-Transfers initiiert werden. Dar\u00fcber <span class=\"text-highlight\">hin<\/span><span class=\"text-highlight\">aus<\/span> m\u00f6chte das Netzwerk auch eine Anlaufstelle und einE Ansprechpartner*In f\u00fcr weitere (au\u00dferuniversit\u00e4re) Institutionen sein, die s<span class=\"text-highlight\">ich<\/span> theoretisch oder praktisch mit inklusiver Bildung befassen. Um diese Ziele zu erre<span class=\"text-highlight\">ich<\/span>en und entsprechende Kooperationen zu realisieren, werden in der gemeinsamen Netzwerkarbeit verschiedene Veranstaltungsformate konzipiert und realisiert (regelm\u00e4\u00dfige Arbeitstreffen, Kolloquien, Tagungen und <span class=\"text-highlight\">Wo<\/span>rkshops).<\/p>\n<p>Der Name des Netzwerks <strong>\u201eInklusion Interdisziplin\u00e4r\u201c \u2013 kurz In+ (\u201eIn-Plus\u201c)<\/strong> ist dabei Programm: Insbesondere \u00fcber das +-Ze<span class=\"text-highlight\">ich<\/span>en soll die Vielfalt der Disziplinen, Professionen und Bere<span class=\"text-highlight\">ich<\/span>e, die s<span class=\"text-highlight\">ich<\/span> in ihm zusammenfinden, n\u00e4ml<span class=\"text-highlight\">ich<\/span>Forschung und Lehre, Theorie und Praxis, Didaktik und P\u00e4dagogik, symbolisiert und damit die Offenheit f\u00fcr einen vielfaltsbetonten und interdisziplin\u00e4ren <span class=\"text-highlight\">Aus<\/span>t<span class=\"text-highlight\">aus<\/span>ch hervorgehoben werden.<\/p>\n<p>Alle Interessierten sind herzl<span class=\"text-highlight\">ich<\/span> zur Mitarbeit eingeladen und k\u00f6nnen s<span class=\"text-highlight\">ich<\/span> bei Fragen an die Netzwerkinitiatorinnen wenden:<\/p>\n<table>\n<tbody>\n<tr>\n<td><img loading=\"lazy\" decoding=\"async\" class=\"wp-image-90 aligncenter\" src=\"https:\/\/blogs.uni-bremen.de\/pfingsthorn\/files\/Bubbles.004-300x300.png\" alt=\"\" width=\"123\" height=\"123\" \/><\/td>\n<td>\n<ul>\n<li><a class=\"mail\">Joanna Pfingsthorn<\/a>, Senior Researcher, Fremdsprachendidaktik Englisch <a class=\"externalLink\" href=\"http:\/\/www.fb10.uni-bremen.de\/lehrpersonal\/pfingsthorn.aspx\" target=\"_blank\" rel=\"noopener noreferrer\">Mehr <\/a><\/li>\n<li><a class=\"mail\">Julia Weltgen<\/a>, Researcher, Inklusive P\u00e4dagogik <a class=\"externalLink\" href=\"https:\/\/www.uni-bremen.de\/fb12\/studium\/inklusive-paedagogik\/personen-in-der-lehreinheit-inklusive-paedagogik\/dr-julia-weltgen\" target=\"_blank\" rel=\"noopener noreferrer\">Mehr<\/a><\/li>\n<\/ul>\n<\/td>\n<\/tr>\n<\/tbody>\n<\/table>\n<p>&nbsp;<\/p>\n","protected":false},"excerpt":{"rendered":"<p>Universit\u00e4r: Post-Docs, Researcher, Lecturer Au\u00dferuniversit\u00e4r: alle Personen und Institutionen in inklusiven Kontexten Interdisziplin\u00e4re Zusammenarbeit und Transfer zwischen Praxis und Forschung Kontakt- und Knotenpunkt f\u00fcr (au\u00dferuniversit\u00e4re) Institutionen und Personen verschiedene Veranstaltungsformate (Arbeitstreffen, Kolloquien, Tagungen, Workshops) gemeinsame Forschung Das Netzwerk &hellip; <\/p>\n<div class=\"more-link-wrapper\"><a href=\"https:\/\/blogs.uni-bremen.de\/inplus\/\" class=\"more-link\">Continue reading<span class=\"screen-reader-text\"> &#8222;Netzwerk Inklusion Interdisziplin\u00e4r In+&#8220;<\/span><\/a><\/div>\n","protected":false},"author":12376,"featured_media":0,"parent":0,"menu_order":0,"comment_status":"closed","ping_status":"open","template":"","meta":{"_bbp_topic_count":0,"_bbp_reply_count":0,"_bbp_total_topic_count":0,"_bbp_total_reply_count":0,"_bbp_voice_count":0,"_bbp_anonymous_reply_count":0,"_bbp_topic_count_hidden":0,"_bbp_reply_count_hidden":0,"_bbp_forum_subforum_count":0,"footnotes":""},"class_list":["post-2","page","type-page","status-publish","hentry"],"_links":{"self":[{"href":"https:\/\/blogs.uni-bremen.de\/inplus\/wp-json\/wp\/v2\/pages\/2","targetHints":{"allow":["GET"]}}],"collection":[{"href":"https:\/\/blogs.uni-bremen.de\/inplus\/wp-json\/wp\/v2\/pages"}],"about":[{"href":"https:\/\/blogs.uni-bremen.de\/inplus\/wp-json\/wp\/v2\/types\/page"}],"author":[{"embeddable":true,"href":"https:\/\/blogs.uni-bremen.de\/inplus\/wp-json\/wp\/v2\/users\/12376"}],"replies":[{"embeddable":true,"href":"https:\/\/blogs.uni-bremen.de\/inplus\/wp-json\/wp\/v2\/comments?post=2"}],"version-history":[{"count":4,"href":"https:\/\/blogs.uni-bremen.de\/inplus\/wp-json\/wp\/v2\/pages\/2\/revisions"}],"predecessor-version":[{"id":97,"href":"https:\/\/blogs.uni-bremen.de\/inplus\/wp-json\/wp\/v2\/pages\/2\/revisions\/97"}],"wp:attachment":[{"href":"https:\/\/blogs.uni-bremen.de\/inplus\/wp-json\/wp\/v2\/media?parent=2"}],"curies":[{"name":"wp","href":"https:\/\/api.w.org\/{rel}","templated":true}]}}