{"id":2,"date":"2014-04-30T12:31:29","date_gmt":"2014-04-30T12:31:29","guid":{"rendered":"http:\/\/blogs.uni-bremen.de\/impuls\/?page_id=2"},"modified":"2014-04-30T16:07:59","modified_gmt":"2014-04-30T14:07:59","slug":"ueber","status":"publish","type":"page","link":"https:\/\/blogs.uni-bremen.de\/impuls\/ueber\/","title":{"rendered":"\u00dcber das Impulsprojekt"},"content":{"rendered":"<dl id=\"attachment_13\" class=\"wp-caption alignleft\" style=\"width: 235px\">\n<dt class=\"wp-caption-dt\"><a href=\"http:\/\/blogs.uni-bremen.de\/impuls\/files\/2014\/04\/jasminejennyjen.jpg\" data-rel=\"lightbox-image-0\" data-rl_title=\"\" data-rl_caption=\"\" title=\"\"><img loading=\"lazy\" decoding=\"async\" class=\"wp-image-13 size-medium\" src=\"http:\/\/blogs.uni-bremen.de\/impuls\/files\/2014\/04\/jasminejennyjen-225x300.jpg\" alt=\"cc-by jasminejennyjen\" width=\"225\" height=\"300\" srcset=\"https:\/\/blogs.uni-bremen.de\/impuls\/files\/2014\/04\/jasminejennyjen-225x300.jpg 225w, https:\/\/blogs.uni-bremen.de\/impuls\/files\/2014\/04\/jasminejennyjen.jpg 480w\" sizes=\"auto, (max-width: 225px) 100vw, 225px\" \/><\/a><\/dt>\n<dd class=\"wp-caption-dd\">cc-by jasminejennyjen<\/dd>\n<\/dl>\n<p>Das Impulsprojekt &#8222;100pro Uni Bremen&#8220; wurde vom Akademischen Senat der Universit\u00e4t Bremen im Winter 2013 initiiert und von Prof. Dr. Andreas Klee in Abstimmung mit der AS Kommission f\u00fcr Studium und Lehre sowie dem Dez. 1 &#8211; Akademische Angelegenheiten, Ref. 13 &#8211; Lehre und Studium durchgef\u00fchrt.<\/p>\n<p>Es umfasst die Diskussion des Papiers &#8222;Entwurf eines Leitbilds Studium und Lehre an der Universit\u00e4t Bremen&#8220; im Rahmen eines Workshops unter der Anleitung von Mitarbeiterinnen und Mitarbeitern des <a title=\"Zentrum f\u00fcr Arbeit und Politik\" href=\"http:\/\/http:\/\/www.zap.uni-bremen.de\" target=\"_blank\">&#8222;Zentrums f\u00fcr Arbeit und Politik&#8220; (zap)<\/a> an der Universit\u00e4t Bremen.<\/p>\n<p>&nbsp;<\/p>\n","protected":false},"excerpt":{"rendered":"<p>cc-by jasminejennyjen Das Impulsprojekt &#8222;100pro Uni Bremen&#8220; wurde vom Akademischen Senat der Universit\u00e4t Bremen im Winter 2013 initiiert und von Prof. Dr. Andreas Klee in Abstimmung mit der AS Kommission f\u00fcr Studium und Lehre sowie dem Dez. 1 &#8211; Akademische Angelegenheiten, Ref. 13 &#8211; Lehre und Studium durchgef\u00fchrt. Es umfasst die Diskussion des Papiers &#8222;Entwurf &hellip; <a href=\"https:\/\/blogs.uni-bremen.de\/impuls\/ueber\/\" class=\"more-link\"><span class=\"screen-reader-text\">\u00dcber das Impulsprojekt<\/span> weiterlesen <span class=\"meta-nav\">&rarr;<\/span><\/a><\/p>\n","protected":false},"author":1980,"featured_media":0,"parent":0,"menu_order":0,"comment_status":"open","ping_status":"open","template":"","meta":{"_bbp_topic_count":0,"_bbp_reply_count":0,"_bbp_total_topic_count":0,"_bbp_total_reply_count":0,"_bbp_voice_count":0,"_bbp_anonymous_reply_count":0,"_bbp_topic_count_hidden":0,"_bbp_reply_count_hidden":0,"_bbp_forum_subforum_count":0,"ngg_post_thumbnail":0,"footnotes":""},"class_list":["post-2","page","type-page","status-publish","hentry"],"_links":{"self":[{"href":"https:\/\/blogs.uni-bremen.de\/impuls\/wp-json\/wp\/v2\/pages\/2","targetHints":{"allow":["GET"]}}],"collection":[{"href":"https:\/\/blogs.uni-bremen.de\/impuls\/wp-json\/wp\/v2\/pages"}],"about":[{"href":"https:\/\/blogs.uni-bremen.de\/impuls\/wp-json\/wp\/v2\/types\/page"}],"author":[{"embeddable":true,"href":"https:\/\/blogs.uni-bremen.de\/impuls\/wp-json\/wp\/v2\/users\/1980"}],"replies":[{"embeddable":true,"href":"https:\/\/blogs.uni-bremen.de\/impuls\/wp-json\/wp\/v2\/comments?post=2"}],"version-history":[{"count":1,"href":"https:\/\/blogs.uni-bremen.de\/impuls\/wp-json\/wp\/v2\/pages\/2\/revisions"}],"predecessor-version":[{"id":11,"href":"https:\/\/blogs.uni-bremen.de\/impuls\/wp-json\/wp\/v2\/pages\/2\/revisions\/11"}],"wp:attachment":[{"href":"https:\/\/blogs.uni-bremen.de\/impuls\/wp-json\/wp\/v2\/media?parent=2"}],"curies":[{"name":"wp","href":"https:\/\/api.w.org\/{rel}","templated":true}]}}