{"id":977,"date":"2020-03-11T10:44:04","date_gmt":"2020-03-11T09:44:04","guid":{"rendered":"https:\/\/blogs.uni-bremen.de\/ikfklehre\/?page_id=977"},"modified":"2020-12-23T13:01:26","modified_gmt":"2020-12-23T12:01:26","slug":"gesellschaftliche-kontexte","status":"publish","type":"page","link":"https:\/\/blogs.uni-bremen.de\/ikfklehre\/gesellschaftliche-kontexte\/","title":{"rendered":"Gesellschaftliche Kontexte"},"content":{"rendered":"<div class=\"et_d4_element et_pb_section et_pb_section_0 et_pb_with_background  et_pb_css_mix_blend_mode et_section_regular et_block_section\" >\n\t\t\t\t\n\t\t\t\t\n\t\t\t\t\n\t\t\t\t\n\t\t\t\t\n\t\t\t\t\n\t\t\t\t<div class=\"et_d4_element et_pb_row et_pb_row_0  et_pb_css_mix_blend_mode et_block_row\">\n\t\t\t\t<div class=\"et_d4_element et_pb_column_4_4 et_pb_column et_pb_column_0  et_pb_css_mix_blend_mode et-last-child et_block_column\">\n\t\t\t\t\n\t\t\t\t\n\t\t\t\t\n\t\t\t\t\n\t\t\t\t<div class=\"et_pb_module et_d4_element et_pb_text et_pb_text_0  et_pb_text_align_left et_pb_bg_layout_light\">\n\t\t\t\t\n\t\t\t\t\n\t\t\t\t\n\t\t\t\t\n\t\t\t\t<div class=\"et_pb_text_inner\"><p style=\"text-align: center\"><span style=\"color: #000000\">Kontexte: Institutionen, Medien und Gesellschaft<br \/><\/span><\/p><\/div>\n\t\t\t<\/div>\n\t\t\t<\/div>\n\t\t\t\t\n\t\t\t\t\n\t\t\t\t\n\t\t\t\t\n\t\t\t<\/div><div class=\"et_d4_element et_pb_row et_pb_row_1  et_pb_css_mix_blend_mode et_block_row\">\n\t\t\t\t<div class=\"et_pb_with_border et_pb_column_1_5 et_d4_element et_pb_column et_pb_column_1  et_pb_css_mix_blend_mode et_block_column\">\n\t\t\t\t\n\t\t\t\t\n\t\t\t\t\n\t\t\t\t\n\t\t\t\t<div class=\"et_pb_module et_d4_element et_pb_text et_pb_text_1  et_pb_text_align_left et_pb_bg_layout_light\">\n\t\t\t\t\n\t\t\t\t\n\t\t\t\t\n\t\t\t\t\n\t\t\t\t\n\t\t\t<\/div><div class=\"et_pb_button_module_wrapper et_pb_button_0_wrapper et_pb_button_alignment_center et_pb_module \">\n\t\t\t\t<a class=\"et_pb_button et_d4_element et_pb_button_0 et_pb_bg_layout_light et_block_module\" href=\"https:\/\/blogs.uni-bremen.de\/ikfklehre\/diskurse-analysieren\/\" data-icon=\"&#x3d;\">Diskurse analysieren<\/a>\n\t\t\t<\/div>\n\t\t\t<\/div><div class=\"et_pb_with_border et_pb_column_3_5 et_d4_element et_pb_column et_pb_column_2  et_pb_css_mix_blend_mode et_block_column\">\n\t\t\t\t\n\t\t\t\t\n\t\t\t\t\n\t\t\t\t\n\t\t\t\t<div class=\"et_pb_module et_d4_element et_pb_text et_pb_text_2  et_pb_text_align_justified et_pb_bg_layout_light\">\n\t\t\t\t\n\t\t\t\t\n\t\t\t\t\n\t\t\t\t\n\t\t\t\t<div class=\"et_pb_text_inner\"><p><span style=\"font-family: helvetica, arial, sans-serif;color: #000000\">Kunst und Medien werden in verschiedenen gesellschaftlichen Zusammenh\u00e4ngen produziert, rezipiert und vermittelt. Dazu geh\u00f6ren Orte, r\u00e4umliche Anordnungen und Institutionen, wie das Museum oder das Kino, aber auch kulturelle Praktiken, Formen der Wissensproduktion, Rede- und Denkweisen in bestimmten historischen Kontexten. <\/span><span style=\"font-family: helvetica, arial, sans-serif;color: #000000\">Diese Ph\u00e4nomene k\u00f6nnen als Diskurse und Dispositive erforscht werden: <span style=\"color: #e02b20\">Diskurse<\/span> sind Formen der Wissensproduktion in konkreten historischen und kulturellen Kontexten, an denen k\u00fcnstlerische Verfahren, Vermittlungsprozesse und Werke beteiligt sind. <span style=\"color: #e02b20\">Dispositive<\/span> sind Netzwerke von Diskursen, r\u00e4umlich-medialen Anordnungen, Institutionen und Praktiken, die gesellschaftliche Machtverh\u00e4ltnisse, Lebens- und Vorstellungswelten hervorbringen. Kulturelle Ph\u00e4nomene als Diskurse oder Dispositive zu erforschen, das hei\u00dft, untersuchen wie unsere Vorstellungswelten die gesellschaftlichen Bedingungen mitgestalten und von diesen gepr\u00e4gt sind.<br \/><\/span><\/p><\/div>\n\t\t\t<\/div>\n\t\t\t<\/div><div class=\"et_d4_element et_pb_column_1_5 et_pb_column et_pb_column_3  et_pb_css_mix_blend_mode et-last-child et_block_column\">\n\t\t\t\t\n\t\t\t\t\n\t\t\t\t\n\t\t\t\t\n\t\t\t\t<div class=\"et_pb_module et_d4_element et_pb_text et_pb_text_3  et_pb_text_align_left et_pb_bg_layout_light\">\n\t\t\t\t\n\t\t\t\t\n\t\t\t\t\n\t\t\t\t\n\t\t\t\t\n\t\t\t<\/div><div class=\"et_pb_button_module_wrapper et_pb_button_1_wrapper et_pb_button_alignment_center et_pb_module \">\n\t\t\t\t<a class=\"et_pb_button et_d4_element et_pb_button_1 et_pb_bg_layout_light et_block_module\" href=\"https:\/\/blogs.uni-bremen.de\/ikfklehre\/dispositive-analysieren\/\" data-icon=\"&#x3d;\">Dispositive analysieren<\/a>\n\t\t\t<\/div>\n\t\t\t<\/div>\n\t\t\t\t\n\t\t\t\t\n\t\t\t\t\n\t\t\t\t\n\t\t\t<\/div>\n\t\t\t\t\n\t\t\t\t\n\t\t\t<\/div>\n","protected":false},"excerpt":{"rendered":"","protected":false},"author":10597,"featured_media":0,"parent":0,"menu_order":0,"comment_status":"closed","ping_status":"closed","template":"","meta":{"_bbp_topic_count":0,"_bbp_reply_count":0,"_bbp_total_topic_count":0,"_bbp_total_reply_count":0,"_bbp_voice_count":0,"_bbp_anonymous_reply_count":0,"_bbp_topic_count_hidden":0,"_bbp_reply_count_hidden":0,"_bbp_forum_subforum_count":0,"_et_pb_use_builder":"on","_et_pb_old_content":"","_et_gb_content_width":"","footnotes":""},"coauthors":[722196],"class_list":["post-977","page","type-page","status-publish","hentry"],"_links":{"self":[{"href":"https:\/\/blogs.uni-bremen.de\/ikfklehre\/wp-json\/wp\/v2\/pages\/977","targetHints":{"allow":["GET"]}}],"collection":[{"href":"https:\/\/blogs.uni-bremen.de\/ikfklehre\/wp-json\/wp\/v2\/pages"}],"about":[{"href":"https:\/\/blogs.uni-bremen.de\/ikfklehre\/wp-json\/wp\/v2\/types\/page"}],"author":[{"embeddable":true,"href":"https:\/\/blogs.uni-bremen.de\/ikfklehre\/wp-json\/wp\/v2\/users\/10597"}],"replies":[{"embeddable":true,"href":"https:\/\/blogs.uni-bremen.de\/ikfklehre\/wp-json\/wp\/v2\/comments?post=977"}],"version-history":[{"count":10,"href":"https:\/\/blogs.uni-bremen.de\/ikfklehre\/wp-json\/wp\/v2\/pages\/977\/revisions"}],"predecessor-version":[{"id":4192,"href":"https:\/\/blogs.uni-bremen.de\/ikfklehre\/wp-json\/wp\/v2\/pages\/977\/revisions\/4192"}],"wp:attachment":[{"href":"https:\/\/blogs.uni-bremen.de\/ikfklehre\/wp-json\/wp\/v2\/media?parent=977"}],"wp:term":[{"taxonomy":"author","embeddable":true,"href":"https:\/\/blogs.uni-bremen.de\/ikfklehre\/wp-json\/wp\/v2\/coauthors?post=977"}],"curies":[{"name":"wp","href":"https:\/\/api.w.org\/{rel}","templated":true}]}}