{"id":21,"date":"2019-03-21T18:23:47","date_gmt":"2019-03-21T17:23:47","guid":{"rendered":"https:\/\/blogs.uni-bremen.de\/idyllen\/?page_id=21"},"modified":"2019-04-03T11:59:23","modified_gmt":"2019-04-03T09:59:23","slug":"politiken-der-idylle","status":"publish","type":"page","link":"https:\/\/blogs.uni-bremen.de\/idyllen\/","title":{"rendered":"Politiken der Idylle"},"content":{"rendered":"<p style=\"text-align: justify\">Das DFG-Netzwerk <em>Politiken der Idylle<\/em> untersucht die Gattung der Idylle und ihre unter dem Begriff des \u201aIdyllischen\u2018 gefassten Ableitungen in einer kultur- und literaturwissenschaftlichen Perspektive. Damit verbinden sich drei eng aufeinander bezogene Ziele. Erstens: Eine Pr\u00e4zisierung des Idyllenbegriffs im R\u00fcckgriff auf die literaturwissenschaftliche Kategorie des Verfahrens, die es erlaubt, \u201aIdyllisches\u2018 auch au\u00dferhalb traditioneller Gattungszusammenh\u00e4nge zu beschreiben, ohne den Bezug zur Gattung aus dem Blick zu verlieren. Zweitens: Die Operationalisierung des verfahrenslogischen Konzepts f\u00fcr die Analyse soziokultureller Zusammenh\u00e4nge, in denen \u201aIdyllisches\u2018 bis heute zu finden ist. Das Netz\u00adwerk nimmt hier vier Paradigmen in den Blick: \u00d6kologie, \u00d6konomie, Artikulation und Gemeinschaft. Drittens: Der Nachweis einer \u201apolitischen\u2018 Dimension der Idylle, die dergestalt als kulturelles Re\u00adflexions\u00admedium greifbar wird. Die Arbeit des Netzwerks wird von drei Fragen geleitet: In welcher Wei\u00adse \u201aidyllisieren\u2018 Texte oder andere Artefakte? Welche Interdependenzen gibt es zwischen idyllischen Texten und soziokulturellen (Wissens-)Ordnungen? Worin besteht die politische Dimension idyllischer Verfahren? Das Ergebnis der Untersuchungen wird in Form zweier Tagungsb\u00e4nde und eines Hand\u00adbuchs zur Idylle dokumentiert, das nicht nur den Stand der Forschung evaluieren wird, sondern auch neue methodische Zug\u00e4nge er\u00f6ffnen und das Potenzial einer theoretischen Reflexion der Idylle f\u00fcr die Analyse aktueller Problemstellungen aufzeigen soll.<\/p>\n","protected":false},"excerpt":{"rendered":"<p> [&hellip;]<\/p>\n","protected":false},"author":3520,"featured_media":0,"parent":0,"menu_order":0,"comment_status":"closed","ping_status":"closed","template":"","meta":{"_bbp_topic_count":0,"_bbp_reply_count":0,"_bbp_total_topic_count":0,"_bbp_total_reply_count":0,"_bbp_voice_count":0,"_bbp_anonymous_reply_count":0,"_bbp_topic_count_hidden":0,"_bbp_reply_count_hidden":0,"_bbp_forum_subforum_count":0,"footnotes":""},"class_list":["post-21","page","type-page","status-publish","hentry"],"_links":{"self":[{"href":"https:\/\/blogs.uni-bremen.de\/idyllen\/wp-json\/wp\/v2\/pages\/21","targetHints":{"allow":["GET"]}}],"collection":[{"href":"https:\/\/blogs.uni-bremen.de\/idyllen\/wp-json\/wp\/v2\/pages"}],"about":[{"href":"https:\/\/blogs.uni-bremen.de\/idyllen\/wp-json\/wp\/v2\/types\/page"}],"author":[{"embeddable":true,"href":"https:\/\/blogs.uni-bremen.de\/idyllen\/wp-json\/wp\/v2\/users\/3520"}],"replies":[{"embeddable":true,"href":"https:\/\/blogs.uni-bremen.de\/idyllen\/wp-json\/wp\/v2\/comments?post=21"}],"version-history":[{"count":4,"href":"https:\/\/blogs.uni-bremen.de\/idyllen\/wp-json\/wp\/v2\/pages\/21\/revisions"}],"predecessor-version":[{"id":146,"href":"https:\/\/blogs.uni-bremen.de\/idyllen\/wp-json\/wp\/v2\/pages\/21\/revisions\/146"}],"wp:attachment":[{"href":"https:\/\/blogs.uni-bremen.de\/idyllen\/wp-json\/wp\/v2\/media?parent=21"}],"curies":[{"name":"wp","href":"https:\/\/api.w.org\/{rel}","templated":true}]}}