{"id":19,"date":"2019-03-21T18:20:15","date_gmt":"2019-03-21T17:20:15","guid":{"rendered":"https:\/\/blogs.uni-bremen.de\/idyllen\/?page_id=19"},"modified":"2021-06-13T10:23:44","modified_gmt":"2021-06-13T08:23:44","slug":"mitglieder","status":"publish","type":"page","link":"https:\/\/blogs.uni-bremen.de\/idyllen\/mitglieder\/","title":{"rendered":"Mitglieder"},"content":{"rendered":"<p><strong>Marie Drath<\/strong> ist Literaturwissenschaftlerin und Dramaturgin. Im Fr\u00fchjahr 2021 hat sie ihre Dissertation mit dem Titel \u201eIm Zwiespalt der Moderne. Figuren des Stehens bei Wilhelm Raabe oder Hegel(ianismus) in feministischer Sicht\u201c an der Universit\u00e4t Z\u00fcrich abgeschlossen. Seit 2017 arbeitet sie als Dramaturgin der Performancegruppe Experi Theater in Z\u00fcrich.<\/p>\n<p><strong>Dr. Jan Gerstner<\/strong> ist Lektor f\u00fcr Neuere deutsche Literaturwissenschaft sowie wissenschaftlicher Mitarbeiter am Fachbereich Sprach- und Literaturwissenschaften der Universit\u00e4t Bremen und arbeitet an einer Monografie zu Konstellationen von Arbeit, Mu\u00dfe und M\u00fc\u00dfiggang in der Aufkl\u00e4rung. Forschungsschwerpunkte: Idyllik und Gattungsdiskussion im 18. Jahrhundert und um 1800; Interkulturalit\u00e4t und postkoloniale Perspektiven; \u00d6konomie; Idyllik in Gegenwartsliteratur und -kultur.<\/p>\n<p><strong>Dr. Jakob Christoph Heller<\/strong> ist wissenschaftlicher Mitarbeiter am Germanistischen Institut der Universit\u00e4t Halle-Wittenberg. Er promovierte zur Kontinuit\u00e4t von Bukolik und Idyllik in deutschsprachigen und franz\u00f6sischen Gattungspoetiken des 18. Jahrhunderts. Arbeitsschwerpunkte: Idyllik des 18. Jahrhunderts und in der Gegenwartsliteratur, Gattungsgeschichte, Rhetorik und \u00c4sthetik.<\/p>\n<p><strong>Dr. Nils Jablonski <\/strong>ist wissenschaftlicher Mitarbeiter an der FernUniversit\u00e4t in Hagen. Er studierte Germanistik und Kunst sowie angewandte Literatur- und Kulturwissenschaft in Dortmund und Z\u00fcrich. 2018 promovierte er mit einer medien\u00e4sthetischen Arbeit \u00fcber die Idylle. Weitere Forschungsschwerpunkte: Kitsch und Trivialliteratur, Film, Fernsehen und neue Medien, Komik und Humor, Interkulturalit\u00e4t, experimentelle Lyrik und visuelle Poesie, Tourismus und Reisen.<\/p>\n<p><strong>Dr. Solvejg Nitzke<\/strong> ist Literatur- und Kulturwissenschaftlerin an der Technischen Universit\u00e4t Dresden. Sie erforscht prek\u00e4re Naturen in der popul\u00e4ren Literatur und Kultur des 19. Jahrhundert, Klima und Katastrophen, Science-Fiction und Verschw\u00f6rungsnarrative. Seit 2021 leitet sie das von der Fritz-Thyssen-Stiftung gef\u00f6rderte Projekt \u201eFremde Verwandtschaft. Eine Kulturpoetik der B\u00e4ume\u201c, das untersucht, wie Menschen und B\u00e4ume durch das Erz\u00e4hlen neu in Beziehung gebracht werden.<\/p>\n<p><strong>Dr. Christian Riedel <\/strong>ist wissenschaftlicher Mitarbeiter der Uwe Johnson-Werkausgabe der Berlin-Brandenburgischen Akademie der Wissenschaften an der Universit\u00e4t Rostock. Er ist Germanist und Komparatist und lehrte und forschte an den Universit\u00e4ten Schumen\/Bulgarien, der Europa-Universit\u00e4t Flensburg und dem Knox College in Galesburg, Illinois\/USA. Forschungsschwerpunkte: Literatur des 20. Jahrhunderts und der Gegenwart, Idyllik in Gegenwartsliteratur und -kultur, Romantik, Filmgeschichte, Digitale Editionen.<\/p>\n<p><strong>PD Dr. Christian Schmitt<\/strong> ist zur Zeit wissenschaftlicher Mitarbeiter im Germanistischen Institut der Carl von Ossietzky Universit\u00e4t Oldenburg und hat mit einer Arbeit zu \u201aOrdnungen der Idylle im 19. Jahrhundert\u2018 habilitiert. Forschungsschwerpunkte: Kultur- und medienwissenschaftliche Dimensionen von Idyllik im 19. Jahrhundert (insbes. im Vorm\u00e4rz); Queere Idyllik; Idyllik im Kino und in Popkultur(en) der Gegenwart.<\/p>\n<p><strong>Dr. Pablo Valdivia <\/strong>ist wissenschaftlicher Mitarbeiter an der Europa-Universit\u00e4t Viadrina Frankfurt (Oder). Er ist Romanist und Komparatist mit den Schwerpunkten Poetologien der Fr\u00fchen Neuzeit, Gattungstheorie, literarische Epistemologie und Kolonialit\u00e4tsstudien.<\/p>\n<p><strong>Prof. Dr. Evi Zemanek <\/strong>hat eine Heisenberg-Professur f\u00fcr Medien\u00f6kologie und -komparatistik am Institut f\u00fcr Medienkulturwissenschaft der Universit\u00e4t Freiburg. Im Rahmen ihrer Forschung zu trans- und intermedialen proto-\u00f6kologischen Diskursen und &#8218;\u00f6kologischen Genres&#8216; im 19.-21. Jh. besch\u00e4ftigt sie sich u.a. mit (De-)Konstruktionen utopischer Idyllik.<\/p>\n<p>&nbsp;<\/p>\n<h4>Assoziierte Mitglieder<\/h4>\n<p><strong>Christine Brunner<\/strong><br \/>\nUniverstit\u00e4t Z\u00fcrich<br \/>\n<a href=\"https:\/\/www.ds.uzh.ch\/static\/cms\/pfs\/personen.php?detail=635\">https:\/\/www.ds.uzh.ch\/static\/cms\/pfs\/personen.php?detail=635<\/a><\/p>\n<p><strong>Dr. Nils Lehnert<\/strong><br \/>\nUniversit\u00e4t Kassel<br \/>\n<a href=\"https:\/\/www.uni-kassel.de\/fb02\/institute\/germanistik\/fachgebiete\/fg-neuere-deutsche-literaturwissenschaft\/neuere-deutsche-literaturwissenschaft\/prof-dr-stefan-greif\/mitarbeitende\/dr-nils-lehnert.html\">https:\/\/www.uni-kassel.de\/fb02\/institute\/germanistik\/fachgebiete\/fg-neuere-deutsche-literaturwissenschaft\/neuere-deutsche-literaturwissenschaft\/prof-dr-stefan-greif\/mitarbeitende\/dr-nils-lehnert.html<\/a><\/p>\n<p><strong>Dr. Annika Nickenig<br \/>\n<\/strong>Humboldt-Universit\u00e4t, Berlin<br \/>\n<a href=\"https:\/\/www.romanistik.hu-berlin.de\/personal\/nicknig\">https:\/\/www.romanistik.hu-berlin.de\/personal\/nicknig<\/a><\/p>\n<p><strong>Prof. Dr. Melanie Rohner<br \/>\n<\/strong>Universit\u00e4t Bern<br \/>\n<a href=\"https:\/\/www.germanistik.unibe.ch\/ueber_uns\/personen\/prof_dr_rohner_melanie\/index_ger.html\">https:\/\/www.germanistik.unibe.ch\/ueber_uns\/personen\/prof_dr_rohner_melanie\/index_ger.html<\/a><\/p>\n<p><strong>Dr. Marc Weiland<\/strong><br \/>\nBauhaus-Universit\u00e4t Weimar<br \/>\n<a href=\"https:\/\/www.uni-weimar.de\/de\/medien\/professuren\/medienwissenschaft\/archiv-und-literaturforschung\/personen\/dr-marc-weiland\/\">https:\/\/www.uni-weimar.de\/de\/medien\/professuren\/medienwissenschaft\/archiv-und-literaturforschung\/personen\/dr-marc-weiland\/<\/a><\/p>\n<p>&nbsp;<\/p>\n","protected":false},"excerpt":{"rendered":"<p> [&hellip;]<\/p>\n","protected":false},"author":3520,"featured_media":0,"parent":0,"menu_order":0,"comment_status":"closed","ping_status":"closed","template":"","meta":{"_bbp_topic_count":0,"_bbp_reply_count":0,"_bbp_total_topic_count":0,"_bbp_total_reply_count":0,"_bbp_voice_count":0,"_bbp_anonymous_reply_count":0,"_bbp_topic_count_hidden":0,"_bbp_reply_count_hidden":0,"_bbp_forum_subforum_count":0,"footnotes":""},"class_list":["post-19","page","type-page","status-publish","hentry"],"_links":{"self":[{"href":"https:\/\/blogs.uni-bremen.de\/idyllen\/wp-json\/wp\/v2\/pages\/19","targetHints":{"allow":["GET"]}}],"collection":[{"href":"https:\/\/blogs.uni-bremen.de\/idyllen\/wp-json\/wp\/v2\/pages"}],"about":[{"href":"https:\/\/blogs.uni-bremen.de\/idyllen\/wp-json\/wp\/v2\/types\/page"}],"author":[{"embeddable":true,"href":"https:\/\/blogs.uni-bremen.de\/idyllen\/wp-json\/wp\/v2\/users\/3520"}],"replies":[{"embeddable":true,"href":"https:\/\/blogs.uni-bremen.de\/idyllen\/wp-json\/wp\/v2\/comments?post=19"}],"version-history":[{"count":10,"href":"https:\/\/blogs.uni-bremen.de\/idyllen\/wp-json\/wp\/v2\/pages\/19\/revisions"}],"predecessor-version":[{"id":269,"href":"https:\/\/blogs.uni-bremen.de\/idyllen\/wp-json\/wp\/v2\/pages\/19\/revisions\/269"}],"wp:attachment":[{"href":"https:\/\/blogs.uni-bremen.de\/idyllen\/wp-json\/wp\/v2\/media?parent=19"}],"curies":[{"name":"wp","href":"https:\/\/api.w.org\/{rel}","templated":true}]}}