{"id":15,"date":"2019-03-20T16:33:35","date_gmt":"2019-03-20T15:33:35","guid":{"rendered":"https:\/\/blogs.uni-bremen.de\/idyllen\/?page_id=15"},"modified":"2023-02-03T19:21:07","modified_gmt":"2023-02-03T18:21:07","slug":"publikationen","status":"publish","type":"page","link":"https:\/\/blogs.uni-bremen.de\/idyllen\/publikationen\/","title":{"rendered":"Publikationen"},"content":{"rendered":"<h3>Publikationen des Netzwerks:<\/h3>\n<ul>\n<li>Jan Gerstner\/Jakob Christoph Heller\/Christian Schmitt (Hg.): Handbuch Idylle. Verfahren &#8211; Traditionen &#8211; Theorien. Stuttgart: Metzler 2022.<br \/>\n(DOI: 10.1007\/978-3-476-05865-2)<\/li>\n<li>Nils Jablonski\/Solvejg Nitzke (Hg.): Paradigmen des Idyllischen. \u00d6konomie &#8211; \u00d6kologie &#8211; Artikulation &#8211; Gemeinschaft. Bielefeld: transcript 2022<br \/>\n(DOI: 10.14361\/9783839454732)<\/li>\n<\/ul>\n<h3><\/h3>\n<h3>Idyllenspezifische Publikationen der Netzwerkmitglieder:<\/h3>\n<h4>Marie Drath<\/h4>\n<ul>\n<li><span style=\"font-size: 12pt\">Hg. mit Sabine Schneider: Prek\u00e4re Idyllen in der Erz\u00e4hlliteratur des deutschsprachigen Realismus. Stuttgart: Metzler 2017.<\/span><\/li>\n<li><span style=\"font-size: 12pt\">Idylle und Mobilmachung. Zum Zusammenhang von Krieg, Kom\u00f6die und nationaler Identit\u00e4t in Wilhelm Raabes \u201eKloster Lugau\u201c. In: Sabine Schneider\/M.D. (Hg): Prek\u00e4ren Idyllen, S. 219\u2013242.<\/span><\/li>\n<li><span style=\"font-size: 12pt\">Idyllen als Ort der \u00dcbersetzung. Salomon Gessners literarische Texte und ihr Verh\u00e4ltnis zur Rezeption im Kontext ihrer englischen \u00dcbertragungen. In: Angermion 10 (2017), S. 1-36.<\/span><\/li>\n<\/ul>\n<h4>Jan Gerstner<\/h4>\n<ul>\n<li><span style=\"font-size: 12pt\">Hg. mit Christian Riedel: Idyllen in Literatur und Medien der Gegenwart. Bielefeld: Aisthesis 2018. <\/span><\/li>\n<li><span style=\"font-size: 12pt\"><span style=\"font-size: 12pt\"><span style=\"font-size: 12pt\">Hg. mit Christian Schmitt: Idyllen. W\u00fcrzburg: K\u00f6nigshausen &amp; Neumann 2017 (= Literatur in Wissenschaft und Unterricht, Themenheft L 1\/2 (2017)).<\/span><\/span><\/span><\/li>\n<li><span style=\"font-size: 12pt\">Wirtschaftliche Idylle, idyllische Wirtschaft. Kreuzungen einer doppelten Transformation im 18. Jahrhundert. In: Jablonski \/ Nitzke (Hg.): Paradigmen des Idyllischen, S. 41-62.<\/span><\/li>\n<li><span style=\"font-size: 12pt\">\u201eStaunest Fremdling \/ Diese Stein an?\u201c Das Au\u00dfen des Innen in Tourismus und Idylle. In: Sprache und Literatur 50\/1 (2021) 17-31. <\/span><\/li>\n<li><span style=\"font-size: 12pt\">Maskierung der Demaskierung. Mylius\u2019 <em>Sch\u00e4ferinsel<\/em> und das Sch\u00e4ferwesen in der Mitte des 18. Jahrhunderts. In: Jahrbuch Aufkl\u00e4rung 31 (2019), S. 103-126.<\/span><\/li>\n<li><span style=\"font-size: 12pt\">Landleben. Zu einem Raum aufkl\u00e4rerischer Gl\u00fcckskonzepte. In: Sylvie Le Mo\u00ebl\/Elisabeth Rothmund (Hg.): Theoretische und fiktionale Gl\u00fcckskonzepte im deutschen Sprachraum. Berlin: Frank &amp; Timme 2019, S. 43-62.<\/span><\/li>\n<li><span style=\"font-size: 12pt\">Arkadien und der Rest der Welt. Idylle und Alterit\u00e4t im 18. Jahrhundert. In: J.G. \/ Christian Schmitt (Hg.) Idyllen. W\u00fcrzburg: K\u00f6nigshausen &amp; Neumann 2017 (= Literatur in Wissenschaft und Unterricht, Themenheft L 1\/2 (2017)), S. 13-32.<\/span><\/li>\n<li><span style=\"font-size: 12pt\">Mit Christian Schmitt: Idyllen (wieder) lesen. Zur Einleitung. In: J.G.\/Christian Shcmitt (Hg.): Idyllen. W\u00fcrzburg: K\u00f6nigshausen &amp; Neumann 2019 (= Literatur in Wissenschaft und Unterricht, Themenheft L 1\/2 (2017)), S. 5-11.<\/span><\/li>\n<li><span style=\"font-size: 12pt\">Idyllische Arbeit und t\u00e4tige Mu\u00dfe. Transformationen um 1800. In: Tobias Keiling \/ Robert Krause \/ Heidi Liedke (Hrsg.): Mu\u00dfe und Moderne. T\u00fcbingen: Mohr-Siebeck 2018 ( = Otium. Studien zur Theorie und Kulturgeschichte der Mu\u00dfe 10), S. 7-18.<\/span><\/li>\n<li><span style=\"font-size: 12pt\">Mit Christian Riedel: Einleitung: Idyllen in Literatur und Medien der Gegenwart. In: J.G. \/ Christian Riedel (Hg.):\u00a0 Idyllen in Literatur und Medien der Gegenwart. Bielefeld: Aisthesis 2018, S. 7-19.<\/span><\/li>\n<li><span style=\"font-size: 12pt\">Arkadien und Arbeiterstaat. Wolfgang Hilbigs Idylle und die Idyllik der DDR. In: Jan Gerstner \/ Christian Riedel (Hg.):\u00a0 Idyllen in Literatur und Medien der Gegenwart. Bielefeld: Aisthesis 2018, S. 21-34.<\/span><\/li>\n<li><span style=\"font-size: 12pt\">Von der Toponymie zum Topos. Tahiti im 18. Jahrhundert. In: Axel Dunker \/ Thomas Stolz \/ Ingo Warnke (Hg.): Benennungspraktiken in Prozessen kolonialer Raumaneignung. Berlin: De Gruyter 2017, S. 51-66.<\/span><\/li>\n<li><span style=\"font-size: 12pt\">Natur oder Arbeit. Die Idylle und ihre Kritik um 1800. In: Judith Ellenb\u00fcrger \/ Hans-Joachim Schott: Arbeit und Natur: Reflexionen in Literatur und Medien. W\u00fcrzburg: K\u00f6nigshausen &amp; Neumann 2017, S. 13-39. <\/span><\/li>\n<li><span style=\"font-size: 12pt\">\u201eNa\u00efvet\u00e9\u201c und \u201eS\u00fc\u00dflichkeit\u201c. Ge\u00dfner-Rezeption und Idyllentheorie als deutsch-franz\u00f6sisches Spannungsfeld. In: Jahrbuch f\u00fcr internationale Germanistik XLV\/1 (2013), S. 23-40.<\/span><\/li>\n<\/ul>\n<h4>Jakob Christoph Heller<\/h4>\n<ul>\n<li><span style=\"font-size: 12pt\">Masken der Natur. Zur Transformation des Hirtengedichts im 18. Jahrhundert. Paderborn: Fink 2018.<\/span><\/li>\n<li><span style=\"font-size: 12pt\">Liebliche Orte. Destruktion, Konstruktion und Reflexion mediatisierter Weltwahrnehmung bei Andreas Maier. In: Jan Gerstner\/Christian Riedel (Hg.): Idyllen in Literatur und Medien der Gegenwart. Bielefeld: Aisthesis 2018, S. 35\u201348.<\/span><\/li>\n<li><span style=\"font-size: 12pt\">\u201aDie stillen Schatten fruchtbarer B\u00e4ume\u2018. Die Idylle als \u00f6kologisches Genre? In: Evi Zemanik (Hg.): \u00d6kologische Genres. Natur\u00e4sthetik \u2013 Umweltethik \u2013 Wissenspoetik. G\u00f6ttingen: Vandenhoeck &amp; Ruprecht 2018, S. 73\u201389.<\/span><\/li>\n<li><span style=\"font-size: 12pt\">\u201aEin Verh\u00e4ltnis zum Ganzen\u2018. Verfahren der Idyllisierung in Gottfried Kellers \u201aDer gr\u00fcne Heinrich\u2018 (Erste Fassung). In: Sabine Schneider\/Marie Drath (Hg.): Prek\u00e4re Idyllen in der Erz\u00e4hlliteratur des deutschsprachigen Realismus. Stuttgart: Metzler 2017, S. 152\u2013166.<\/span><\/li>\n<li><span style=\"font-size: 12pt\">From Baroque Pastoral to the Idyll. In: Gabriele D\u00fcrbeck\/Urte Stobbe\/Hubert Zapf\/Evi Zemanek (Hg.): Ecological Thought in German Literature and Culture. London: Lexington 2017, S. 249\u2013262.<\/span><\/li>\n<li><span style=\"font-size: 12pt\">Eine \u201avollkommene sch\u00f6ne Kette\u2018? \u00dcberg\u00e4nge und Spannungen in Johann Georg Sulzers Naturbegriff. In: Sage Anderson\/Sebastian Edinger\/J.C.H.\/Emanuel John (Hg.): \u00dcberg\u00e4nge. Perspektivierungen aus Literaturwissenschaft, Kulturwissenschaft und Philosophie. W\u00fcrzburg: K\u00f6nigshausen &amp; Neumann 2017, S. 257\u2013270.<\/span><\/li>\n<li><span style=\"font-size: 12pt\">\u201aDie ganze Sch\u00f6pfung eine blo\u00dfe W\u00fcste\u2018. Disanthropische Imagination und \u00e4sthetische Landschaft bei D. H. Lawrence und Judith Schalansky. In: Sabine Eickenrodt\/Katar\u00edna Motykov\u00e1 (Hg.): Unwirtliche Landschaften. Imaginationen der \u00d6dnis in Literatur und Medien. Oxford, Bern u.a.: Peter Lang 2016, S. 73\u201387.<\/span><\/li>\n<\/ul>\n<h4>Nils Jablonski<\/h4>\n<ul style=\"list-style-type: disc\">\n<li><span style=\"font-size: 12pt\">Idylle. Eine medien\u00e4sthetische Untersuchung des materialen Topos in Literatur, Film und Fernsehen, Stuttgart: J.B. Metzler 2019.<\/span><\/li>\n<li><span style=\"font-size: 12pt\">\u201eSo ist die ganze Insel wie eine Idylle und wirkt wie ein Gedicht&#8220;. Eine medien\u00e4sthetische Betrachtung zu Idyllik und Lebensform am Beispiel der griechischen Ferieninsel Korfu im touristischen, literarischen und medialen Kitsch. In: Jan Gerstner\/Christian Schmitt (Hg.): Idyllen. W\u00fcrzburg: K\u00f6nigshausen &amp; Neumann 2019 (= Literatur in Wissenschaft und Unterricht, Themenheft L 1\/2 (2017)), S. 107-128.<br \/>\n<\/span><\/li>\n<li><span style=\"font-size: 12pt\">Von Das Traumschiff bis True Blood. Idylle als Programm im Unterhaltungsfernsehen. In: Jan Gerstner\/Christian Riedel (Hg.): Idyllen in Gegenwartsliteratur und -medien, Bielefeld: Aisthesis 2018, S. 163-181.<\/span><\/li>\n<\/ul>\n<h4>Solvejg Nitzke<\/h4>\n<ul>\n<li><span style=\"font-size: 12pt\">Hg. mit Nils Jablonski: Paradigmen des Idyllischen. \u00d6konomie \u2013 \u00d6kologie \u2013 Stimme \u2013 Gemeinschaft, Bielefeld: transcript, 2021 (in Vorbereitung).<\/span><\/li>\n<li><span style=\"font-size: 12pt\">Hg. mit Eva Horn: Cultures of Climate. On Bodies and Atmospheres in Modern Fiction, Themed Section Ecozon@ 1 (2020) (open access).<\/span><\/li>\n<li><span style=\"font-size: 12pt\">Hg. mit Lars Koch: Prek\u00e4re Heimat, Sonderheft der Kulturwissenschaftlichen Zeitschrift (KWZ) 5.1 (2020), open access). <\/span><\/li>\n<li><span style=\"font-size: 12pt\">Hg. mit Stephanie Heimgarter und Simone Sauer Kretschmer: Baum &amp; Text. Neue Perspektiven auf verzweigte Beziehungen. Berlin 2020. <\/span><\/li>\n<li><span style=\"font-size: 12pt\">Widerst\u00e4ndige Naturen. Christoph Ransmayrs Poetik der Eigenzeiten. (\u00c4sthetische Eigenzeiten \u2013 Kleine Reihe). Hannover: Wehrhahn 2018. <\/span><\/li>\n<li><span style=\"font-size: 12pt\">Hg. mit Nicolas Pethes: Imagining Earth. Concepts of Wholeness in Cultural Constructions of \u203aOur Home Planet\u2039. Bielefeld: transcript 2017.<\/span><\/li>\n<li><span style=\"font-size: 12pt\">Arboreale Poetik, oder: Mit B\u00e4umen erz\u00e4hlen. In: Stephanie Heimgarter\/Solvejg Nitzke\/Simone Sauer Kretschmer (Hg.): Baum und Text Berlin: 2020, S. 165-196<\/span><\/li>\n<li><span style=\"font-size: 12pt\">Warum B\u00e4ume lesen und wie. Ein Versuch \u00fcber die verzweigten Beziehungen von Baum und Text. In: Stephanie Heimgarter\/Solvejg Nitzke\/Simone Sauer Kretschmer (Hg.): Baum und Text. Berlin: 2020, S. 7-26.<\/span><\/li>\n<li><span style=\"font-size: 12pt\">Walden Inc. Die letzten M\u00e4nner. In: Merkur. Zeitschrift f\u00fcr europ\u00e4isches Denken, 74 (Januar 2020), 61-69.<\/span><\/li>\n<li style=\"font-size: 12pt\"><span style=\"font-size: 12pt\">Genealogie und Arbeit: \u00d6kologisches Erz\u00e4hlen bei Franz Michael Felder und Ludwig Anzengrubern: In: Zeitschrift f\u00fcr Germanistik 30, (2020), H. 2, S. 345-362.<\/span><\/li>\n<li><span style=\"font-size: 12pt\">Prek\u00e4re Natur \u2013 Schaupl\u00e4tze \u00f6kologischen Erz\u00e4hlens 1840-1915. Eine Forschungsskizze. In: Kulturwissenschaftliche Zeitschrift (KWZ), 2 (2018) [peer-reviewed, open access, DOI: 10.2478\/ kwg-2018-0012]. III 1-15. <\/span><\/li>\n<li><span style=\"font-size: 12pt\">Zur\u00fcck zur Natur. Erfindung und Verschwinden der Waldheimat. In: Marc Weiland\/Martin Ehrler (Hg.): Topografische Leerstellen &#8211; \u00c4sthetisierungen verschwindender und verschwundener D\u00f6rfer und Landschaften in Literaturen, Filmen und K\u00fcnsten. Bielefeld: transcript 2018, S. 199-214. <\/span><\/li>\n<li><span style=\"font-size: 12pt\">A Whole Earth Monument. Planetary Mediation in Dietmar Dath\u2019s <em>The Abolition of Species.<\/em> In: Solvejg Nitzke\/Nicolas Pethes (Hg.): Imagining Earth. Concepts of Wholeness in Cultural Constructions of \u203aOur Home Planet\u2039. Bielefeld: transcript 2017, S. 155-170. <\/span><\/li>\n<li><span style=\"font-size: 12pt\">Creating \u201aKlima\u2018 in a Changing World: Weather and Environment in Peter Rosegger\u2019s Forest Fictions. In: Sarah Fekadu\/Tobias D\u00f6ring\/Hanna Stra\u00df-Senol (Hg.): Meteorologies of Modernity: Weather and Climate Discourses in the Anthropocene. Yearbook of Research in English and American Literature (REAL) 33 (2017), S. 121-140.<\/span><\/li>\n<\/ul>\n<h4><span style=\"font-size: 12pt\">Chri<\/span>stian Riedel<\/h4>\n<ul>\n<li><span style=\"font-size: 12pt\">Peter Kurzeck. Idylle \u2013 Romantik \u2013 Blues. Bielefeld: Aisthesis 2017.<\/span><\/li>\n<li><span style=\"font-size: 12pt\">Hg. mit Jan Gerstner: Idyllen in Literatur und Medien der Gegenwart. Bielefeld: Aisthesis 2018.<\/span><\/li>\n<li><span style=\"font-size: 12pt\">Mit Jan Gerstner: Einleitung: Idyllen in Literatur und Medien der Gegenwart. In: Jan Gerstner\/Christian Riedel (Hg.). Idyllen in Literatur und Medien der Gegenwart. Bielefeld: Aisthesis 2018, S. 7-19.<\/span><\/li>\n<li><span style=\"font-size: 12pt\">Orte des Idyllischen in der Gegenwartsliteratur. In: Jan Gerstner\/Christian Riedel (Hg.). Idyllen in Literatur und Medien der Gegenwart. Bielefeld: Aisthesis 2018, S. 49-62.<\/span><\/li>\n<\/ul>\n<h4>Christian Schmitt<\/h4>\n<ul>\n<li><span style=\"font-size: 12pt\">Der Hecht im Karpfenteich. Annette von Droste-H\u00fclshoffs \u00f6kologische Idyllik. In: Droste-Jahrbuch 13 (2019\/20), 211\u2013224. [im Druck].<\/span><\/li>\n<li><span style=\"font-size: 12pt\">Nester. Idyllische Vogelkunde im 19. Jahrhundert. In: Tanja van Hoorn (Hg.): Avifauna aesthetica. Vogelkunden, Vogelk\u00fcnste. G\u00f6ttingen: Wallstein 2021, 53\u201372.<\/span><\/li>\n<li><span style=\"font-size: 12pt\">Sch\u00e4fer_innen-Spiele. Arkadien und Utopien in der Popkultur. In: Testcard 26 (2019),\u00a0 S. 29-37.<br \/>\n<\/span><\/li>\n<li><span style=\"font-size: 12pt\">Hg. mit Jan Gerstner: Idyllen. W\u00fcrzburg: K\u00f6nigshausen &amp; Neumann 2019 (= Literatur in Wissenschaft und Unterricht, Sonderheft 2017).<\/span><\/li>\n<li><span style=\"font-size: 12pt\">Mit Jan Gerstner: Idyllen (wieder) lesen. Zur Einleitung. In: Jan Gerstner\/C.S. (Hg.): Idyllen. W\u00fcrzburg: K\u00f6nigshausen &amp; Neumann 2019 (= Literatur in Wissenschaft und Unterricht, Sonderheft), S. 5-11.<\/span><\/li>\n<li><span style=\"font-size: 12pt\">\u201eWas dies Idyll dir sagen will\u201c. Popul\u00e4re Naturwissenschaft und Idyllik im 19. Jahrhundert. In: Jan Gerstner\/C.S: (Hg.): Idyllen W\u00fcrzburg: K\u00f6nigshausen &amp; Neumann 2019 (= Literatur in Wissenschaft und Unterricht, Sonderheft), S. 69-90.<\/span><\/li>\n<li><span style=\"font-size: 12pt\">Stillleben. \u00c4sthetische, ethische und politische Perspektiven idyllischen Erz\u00e4hlens um 1850. In: Thomas Althaus (Hg.): Darstellungsoptik. Bild-Erfassung und Bilderf\u00fclle in der Prosa des 19. Jahrhunderts. Bielefeld: Aisthesis 2018, S. 221\u2013246.<\/span><\/li>\n<li><span style=\"font-size: 12pt\">Landlust! Zur Topik des Idyllischen in aktuellen Lifestyle-Magazinen \u2013 und im 19. Jahrhundert. In: Jan Gerstner\/Christian Riedel (Hg.): Idyllen in Literatur und Medien der Gegenwart. Bielefeld: Aisthesis 2018, S. 125\u2013144.<\/span><\/li>\n<li><span style=\"font-size: 12pt\">Privatgespr\u00e4che. Ludwig Tiecks \u201aDes Lebens \u00dcberflu\u00df\u2018 und die Grenzen kommunikativer Idyllik. In: Marie Drath\/Sabine Schneider (Hg.): Prek\u00e4re Idyllen in der Erz\u00e4hlliteratur des deutschsprachigen Realismus. Stuttgart: Metzler 2017,S.\u00a0 61\u201379.<\/span><\/li>\n<\/ul>\n<h4>Pablo Valdivia<\/h4>\n<h4>Evi Zemanek<\/h4>\n<ul style=\"list-style-type: disc\">\n<li><span style=\"font-size: 12pt\">Pour une \u00e9cologie litt\u00e9raire: Changements environnementaux, innovations (\u00e9co)poetiques et transformations des genres: le cas du nouveau r\u00e9cit de village (Dorfroman) [zu J. Zehs Unterleuten (2016) u. S. Stani\u0161ics Vor dem Fest (2014)] In: Questionner les Humanit\u00e9s environnementales: regards crois\u00e9s France\/Allemagne. Sonderheft der R\u00e9vue d&#8217;Allemagne, hg. v. Aur\u00e9lie Chon\u00e9, Tim Freytag, Philippe Hamman u. Evi Zemanek (erscheint 2019).<\/span><\/li>\n<li><span style=\"font-size: 12pt\">Bukolik, Idylle und Utopie aus Sicht des Ecocriticism. In: Gabriele D\u00fcrbeck\/Urte Stobbe (Hg.): Ecocriticism. Eine Einf\u00fchrung. K\u00f6ln\/Wien\/Weimar: B\u00f6hlau 2015, S. 187-204.<\/span><\/li>\n<li><span style=\"font-size: 12pt\">&#8222;die Natur hei\u00dft es \u00fcbersetzen erfinden.&#8220; Kunstnatur in der Lyrik Ulrike Draesners. In: Ulrike Draesner, Text + Kritik, Heft 201 (Januar 2014), hg. v. Susanna Brogi, Anna Ertel u. Evi Zemanek, M\u00fcnchen 2014, S. 27-36.<\/span><\/li>\n<\/ul>\n","protected":false},"excerpt":{"rendered":"<p> [&hellip;]<\/p>\n","protected":false},"author":3520,"featured_media":0,"parent":0,"menu_order":0,"comment_status":"closed","ping_status":"closed","template":"","meta":{"_bbp_topic_count":0,"_bbp_reply_count":0,"_bbp_total_topic_count":0,"_bbp_total_reply_count":0,"_bbp_voice_count":0,"_bbp_anonymous_reply_count":0,"_bbp_topic_count_hidden":0,"_bbp_reply_count_hidden":0,"_bbp_forum_subforum_count":0,"footnotes":""},"class_list":["post-15","page","type-page","status-publish","hentry"],"_links":{"self":[{"href":"https:\/\/blogs.uni-bremen.de\/idyllen\/wp-json\/wp\/v2\/pages\/15","targetHints":{"allow":["GET"]}}],"collection":[{"href":"https:\/\/blogs.uni-bremen.de\/idyllen\/wp-json\/wp\/v2\/pages"}],"about":[{"href":"https:\/\/blogs.uni-bremen.de\/idyllen\/wp-json\/wp\/v2\/types\/page"}],"author":[{"embeddable":true,"href":"https:\/\/blogs.uni-bremen.de\/idyllen\/wp-json\/wp\/v2\/users\/3520"}],"replies":[{"embeddable":true,"href":"https:\/\/blogs.uni-bremen.de\/idyllen\/wp-json\/wp\/v2\/comments?post=15"}],"version-history":[{"count":10,"href":"https:\/\/blogs.uni-bremen.de\/idyllen\/wp-json\/wp\/v2\/pages\/15\/revisions"}],"predecessor-version":[{"id":272,"href":"https:\/\/blogs.uni-bremen.de\/idyllen\/wp-json\/wp\/v2\/pages\/15\/revisions\/272"}],"wp:attachment":[{"href":"https:\/\/blogs.uni-bremen.de\/idyllen\/wp-json\/wp\/v2\/media?parent=15"}],"curies":[{"name":"wp","href":"https:\/\/api.w.org\/{rel}","templated":true}]}}