{"id":183,"date":"2021-01-26T15:13:51","date_gmt":"2021-01-26T14:13:51","guid":{"rendered":"https:\/\/blogs.uni-bremen.de\/homestory\/?page_id=183"},"modified":"2021-04-15T21:49:33","modified_gmt":"2021-04-15T19:49:33","slug":"forschungsthema","status":"publish","type":"page","link":"https:\/\/blogs.uni-bremen.de\/homestory\/forschungsthema\/","title":{"rendered":"Forschungsthema"},"content":{"rendered":"<div class=\"et_d4_element et_pb_section et_pb_section_0  et_pb_css_mix_blend_mode et_section_regular et_block_section\" >\n\t\t\t\t\n\t\t\t\t\n\t\t\t\t\n\t\t\t\t\n\t\t\t\t\n\t\t\t\t\n\t\t\t\t<div class=\"et_d4_element et_pb_row et_pb_row_0  et_pb_css_mix_blend_mode et_block_row\">\n\t\t\t\t<div class=\"et_d4_element et_pb_column_4_4 et_pb_column et_pb_column_0  et_pb_css_mix_blend_mode et-last-child et_block_column\">\n\t\t\t\t\n\t\t\t\t\n\t\t\t\t\n\t\t\t\t\n\t\t\t\t<div class=\"et_pb_module et_d4_element et_pb_blog_0  et_pb_css_mix_blend_mode et_pb_posts et_pb_bg_layout_light \">\n\t\t\t\t\n\t\t\t\t\n\t\t\t\t\n\t\t\t\t\n\t\t\t\t<div class=\"et_pb_ajax_pagination_container\">\n\t\t\t\t\t\n\t\t\t<article id=\"post-100\" class=\"et_pb_post clearfix et_pb_blog_item_0_0 post-100 post type-post status-publish format-standard has-post-thumbnail hentry category-allgemein\">\n\n\t\t\t\t<a href=\"https:\/\/blogs.uni-bremen.de\/homestory\/2021\/01\/19\/expose-a-home-story-of-bremen\/\" class=\"entry-featured-image-url\"><img loading=\"lazy\" decoding=\"async\" src=\"https:\/\/blogs.uni-bremen.de\/homestory\/files\/stay-home-5058216_1920-1080x675.jpg\" alt=\"Forschungsexpos\u00e9\" class=\"\" width=\"1080\" height=\"675\" srcset=\"https:\/\/blogs.uni-bremen.de\/homestory\/files\/stay-home-5058216_1920-980x654.jpg 980w, https:\/\/blogs.uni-bremen.de\/homestory\/files\/stay-home-5058216_1920-480x321.jpg 480w\" sizes=\"(min-width: 0px) and (max-width: 480px) 480px, (min-width: 481px) and (max-width: 980px) 980px, (min-width: 981px) 1080px, 100vw\" \/><\/a>\n\t\t\t\t\t\t\t\t\t\t\t\t\t\t<h2 class=\"entry-title\">\n\t\t\t\t\t\t\t\t\t\t\t\t\t<a href=\"https:\/\/blogs.uni-bremen.de\/homestory\/2021\/01\/19\/expose-a-home-story-of-bremen\/\">Forschungsexpos\u00e9<\/a>\n\t\t\t\t\t\t\t\t\t\t\t<\/h2>\n\t\t\t\t\n\t\t\t\t\t<p class=\"post-meta\">von <span class=\"author vcard\"><a href=\"https:\/\/blogs.uni-bremen.de\/homestory\/author\/marei1\/\" title=\"Beitr\u00e4ge von Marei\" rel=\"author\">Marei<\/a><\/span> | <span class=\"published\">Jan. 19, 2021<\/span> | <a href=\"https:\/\/blogs.uni-bremen.de\/homestory\/category\/allgemein\/\" rel=\"tag\">Forschungsthema<\/a><\/p><div class=\"post-content\"><div class=\"post-content-inner\"><p>Als es im Seminar darum ging, sich Gedanken zu machen, welche Themen uns interessieren w\u00fcrde, war uns Vieren unabh\u00e4ngig voneinander klar, dass wir etwas zum Thema Obdachlosigkeit machen wollen. Trotz unterschiedlicher Beweggr\u00fcnde und verschiedenen Zug\u00e4ngen zu dieser...<\/p>\n<\/div><\/div>\t\t\t\n\t\t\t<\/article>\n\t\t\t\t<div><div class=\"pagination clearfix\">\n\t<div class=\"alignleft\"><\/div>\n\t<div class=\"alignright\"><\/div>\n<\/div><\/div><\/div>\n\t\t\t\t<\/div>\n\t\t\t\t \n\t\t\t<\/div>\n\t\t\t\t\n\t\t\t\t\n\t\t\t\t\n\t\t\t\t\n\t\t\t<\/div>\n\t\t\t\t\n\t\t\t\t\n\t\t\t<\/div>\n","protected":false},"excerpt":{"rendered":"","protected":false},"author":12206,"featured_media":0,"parent":0,"menu_order":0,"comment_status":"closed","ping_status":"closed","template":"","meta":{"_bbp_topic_count":0,"_bbp_reply_count":0,"_bbp_total_topic_count":0,"_bbp_total_reply_count":0,"_bbp_voice_count":0,"_bbp_anonymous_reply_count":0,"_bbp_topic_count_hidden":0,"_bbp_reply_count_hidden":0,"_bbp_forum_subforum_count":0,"_et_pb_use_builder":"on","_et_pb_old_content":"","_et_gb_content_width":"","footnotes":""},"class_list":["post-183","page","type-page","status-publish","hentry"],"_links":{"self":[{"href":"https:\/\/blogs.uni-bremen.de\/homestory\/wp-json\/wp\/v2\/pages\/183","targetHints":{"allow":["GET"]}}],"collection":[{"href":"https:\/\/blogs.uni-bremen.de\/homestory\/wp-json\/wp\/v2\/pages"}],"about":[{"href":"https:\/\/blogs.uni-bremen.de\/homestory\/wp-json\/wp\/v2\/types\/page"}],"author":[{"embeddable":true,"href":"https:\/\/blogs.uni-bremen.de\/homestory\/wp-json\/wp\/v2\/users\/12206"}],"replies":[{"embeddable":true,"href":"https:\/\/blogs.uni-bremen.de\/homestory\/wp-json\/wp\/v2\/comments?post=183"}],"version-history":[{"count":5,"href":"https:\/\/blogs.uni-bremen.de\/homestory\/wp-json\/wp\/v2\/pages\/183\/revisions"}],"predecessor-version":[{"id":425,"href":"https:\/\/blogs.uni-bremen.de\/homestory\/wp-json\/wp\/v2\/pages\/183\/revisions\/425"}],"wp:attachment":[{"href":"https:\/\/blogs.uni-bremen.de\/homestory\/wp-json\/wp\/v2\/media?parent=183"}],"curies":[{"name":"wp","href":"https:\/\/api.w.org\/{rel}","templated":true}]}}