{"id":9401,"date":"2022-05-09T12:10:25","date_gmt":"2022-05-09T10:10:25","guid":{"rendered":"https:\/\/blogs.uni-bremen.de\/hilfestudipbremen\/?page_id=9401"},"modified":"2026-02-27T15:07:31","modified_gmt":"2026-02-27T14:07:31","slug":"stoodle","status":"publish","type":"page","link":"https:\/\/blogs.uni-bremen.de\/hilfestudipbremen\/stoodle\/","title":{"rendered":"Stoodle"},"content":{"rendered":"\n<div class=\"et_pb_section_0 et_pb_section et_section_regular et_block_section\"><div class=\"et_pb_row_0 et_pb_row et_pb_row_1-4_3-4 et_block_row et_block_row_1-4_3-4\"><div class=\"et_pb_column_0 et_pb_column et_pb_column_1_4 et_block_column et_pb_css_mix_blend_mode_passthrough\"><div class=\"et_pb_module et_pb_button_module_wrapper et_pb_button_0_wrapper\"><a class=\"et_pb_button_0 et_pb_button et_pb_bg_layout_light et_pb_module et_block_module taste\" href=\"#wasiststoodle\">Was ist Stoodle?<\/a><\/div><div class=\"et_pb_module et_pb_button_module_wrapper et_pb_button_1_wrapper\"><a class=\"et_pb_button_1 et_pb_button et_pb_bg_layout_light et_pb_module et_block_module taste\" href=\"#stoodleaktivieren\">Stoodle aktivieren<\/a><\/div><div class=\"et_pb_module et_pb_button_module_wrapper et_pb_button_2_wrapper\"><a class=\"et_pb_button_2 et_pb_button et_pb_bg_layout_light et_pb_module et_block_module taste\" href=\"#uebersicht\">\u00dcbersicht vs. Verwaltung<\/a><\/div><div class=\"et_pb_module et_pb_button_module_wrapper et_pb_button_3_wrapper\"><a class=\"et_pb_button_3 et_pb_button et_pb_bg_layout_light et_pb_module et_block_module taste\" href=\"#neueumfrage\">Neue Umfrage anlegen<\/a><\/div><div class=\"et_pb_module et_pb_button_module_wrapper et_pb_button_4_wrapper\"><a class=\"et_pb_button_4 et_pb_button et_pb_bg_layout_light et_pb_module et_block_module taste\" href=\"#antwort\">Antwortm\u00f6glichkeiten<\/a><\/div><div class=\"et_pb_module et_pb_button_module_wrapper et_pb_button_5_wrapper\"><a class=\"et_pb_button_5 et_pb_button et_pb_bg_layout_light et_pb_module et_block_module taste\" href=\"#umfragebearbeiten\">Umfrage bearbeiten\/l\u00f6schen<\/a><\/div><div class=\"et_pb_module et_pb_button_module_wrapper et_pb_button_6_wrapper\"><a class=\"et_pb_button_6 et_pb_button et_pb_bg_layout_light et_pb_module et_block_module taste\" href=\"#umfrageteilnehmen\">An einer Umfrage teilnehmen <\/a><\/div><div class=\"et_pb_module et_pb_button_module_wrapper et_pb_button_7_wrapper\"><a class=\"et_pb_button_7 et_pb_button et_pb_bg_layout_light et_pb_module et_block_module taste\" href=\"#umfrageauswerten\">Umfrage auswerten<\/a><\/div><\/div><div class=\"et_pb_column_1 et_pb_column et_pb_column_3_4 et-last-child et_block_column et_pb_css_mix_blend_mode_passthrough\"><div class=\"et_pb_post_title_0 et_pb_post_title et_pb_bg_layout_light et_pb_text_align_center et_pb_module et_block_module\"><div class=\"et_pb_title_container\"><h1 class=\"entry-title\">Stoodle<\/h1><\/div><\/div><div class=\"et_pb_text_0 et_pb_text et_pb_bg_layout_light et_pb_module et_block_module\" id=\"wasiststoodle\"><div class=\"et_pb_text_inner\"><p><strong>Was ist Stoodle?<\/strong><\/p>\n<div>Mit Stoodle in Stud.IP lassen sich ganz einfach Terminumfragen (und andere Umfragen) einrichten.<\/div>\n<div><strong>Hinweis<\/strong>: Stoodle ist eine veranstaltungsbezogene Funktion, d.h. Umfragen, die Sie einrichten, sind nur f\u00fcr diejenigen Nutzer und Nutzerinnen sichtbar, die in der Veranstaltung als Teilnehmende eingetragen sind.<\/div>\n<\/div><\/div><div class=\"et_pb_text_1 et_pb_text et_pb_bg_layout_light et_pb_module et_block_module\" id=\"#stoodleaktivieren\"><div class=\"et_pb_text_inner\"><p><strong>Stoodle aktivieren\u00a0<\/strong><\/p>\n<div>\n<div id=\"magicdomid2\" class=\"ace-line\">\n<p><span class=\"author-a-geot9enz80znz78zz68zz67zz89zz78z9z81z\">Klicken Sie in der Men\u00fcleiste Ihrer Veranstaltung auf den letzten Men\u00fcpunkt \"Mehr\". <\/span><span class=\"author-a-geot9enz80znz78zz68zz67zz89zz78z9z81z\">Aktivieren Sie das Plugin, indem Sie in der Rubrik\u00a0<\/span><span class=\"author-a-geot9enz80znz78zz68zz67zz89zz78z9z81z i\"><i>Kommunikation und Zusammenarbeit<\/i><\/span><span class=\"author-a-geot9enz80znz78zz68zz67zz89zz78z9z81z\">\u00a0den Haken bei\u00a0<\/span><span class=\"author-a-geot9enz80znz78zz68zz67zz89zz78z9z81z i\"><i>Stoodle<\/i><\/span><span class=\"author-a-geot9enz80znz78zz68zz67zz89zz78z9z81z\"> setzen. <\/span><span class=\"author-a-geot9enz80znz78zz68zz67zz89zz78z9z81z i\"><i>Stoodle<\/i><\/span><span class=\"author-a-geot9enz80znz78zz68zz67zz89zz78z9z81z\">\u00a0erscheint nun in der Men\u00fcleiste Ihrer Veranstaltung.<\/span><\/p>\n<\/div>\n<\/div>\n<\/div><\/div><div class=\"et_pb_image_0 et_pb_image et_pb_module et_block_module\"><a href=\"https:\/\/blogs.uni-bremen.de\/hilfestudipbremen\/files\/Screenshot-83.png\" class=\"et_pb_lightbox_image\" data-rel=\"lightbox-image-0\" data-rl_title=\"\" data-rl_caption=\"\"><span class=\"et_pb_image_wrap\"><img loading=\"lazy\" decoding=\"async\" src=\"https:\/\/blogs.uni-bremen.de\/hilfestudipbremen\/files\/Screenshot-83.png\" width=\"1351\" height=\"375\" srcset=\"https:\/\/blogs.uni-bremen.de\/hilfestudipbremen\/files\/Screenshot-83.png 1351w, https:\/\/blogs.uni-bremen.de\/hilfestudipbremen\/files\/Screenshot-83-1280x355.png 1280w, https:\/\/blogs.uni-bremen.de\/hilfestudipbremen\/files\/Screenshot-83-980x272.png 980w, https:\/\/blogs.uni-bremen.de\/hilfestudipbremen\/files\/Screenshot-83-480x133.png 480w\" sizes=\"(min-width: 0px) and (max-width: 480px) 480px, (min-width: 481px) and (max-width: 980px) 980px, (min-width: 981px) and (max-width: 1280px) 1280px, (min-width: 1281px) 1351px, 100vw\" class=\"wp-image-9444\" title=\"\" \/><\/span><\/a><\/div><div class=\"et_pb_image_1 et_pb_image et_pb_module et_block_module\"><a href=\"https:\/\/blogs.uni-bremen.de\/hilfestudipbremen\/files\/Screenshot-78.png\" class=\"et_pb_lightbox_image\" data-rel=\"lightbox-image-1\" data-rl_title=\"\" data-rl_caption=\"\"><span class=\"et_pb_image_wrap\"><img loading=\"lazy\" decoding=\"async\" src=\"https:\/\/blogs.uni-bremen.de\/hilfestudipbremen\/files\/Screenshot-78.png\" width=\"1340\" height=\"361\" srcset=\"https:\/\/blogs.uni-bremen.de\/hilfestudipbremen\/files\/Screenshot-78.png 1340w, https:\/\/blogs.uni-bremen.de\/hilfestudipbremen\/files\/Screenshot-78-1280x345.png 1280w, https:\/\/blogs.uni-bremen.de\/hilfestudipbremen\/files\/Screenshot-78-980x264.png 980w, https:\/\/blogs.uni-bremen.de\/hilfestudipbremen\/files\/Screenshot-78-480x129.png 480w\" sizes=\"(min-width: 0px) and (max-width: 480px) 480px, (min-width: 481px) and (max-width: 980px) 980px, (min-width: 981px) and (max-width: 1280px) 1280px, (min-width: 1281px) 1340px, 100vw\" class=\"wp-image-9423\" title=\"\" \/><\/span><\/a><\/div><div class=\"et_pb_text_2 et_pb_text et_pb_bg_layout_light et_pb_module et_block_module\" id=\"uebersicht\"><div class=\"et_pb_text_inner\"><div><strong>\u00dcbersicht vs. Verwaltung<\/strong><\/div>\n<div>In der linken Navigation sehen Sie die beiden Begriffe \"\u00dcbersicht\" und \"Verwaltung\". W\u00e4hrend Sie im Modul \"\u00dcbersicht\" alle gerade laufenden Umfragen sehen, k\u00f6nnen Sie im Modus \"Verwaltung\" neue Umfragen anlegen, Umfragen bearbeiten, aktive Umfragen beenden und auswerten.<\/div>\n<\/div><\/div><div class=\"et_pb_image_2 et_pb_image et_pb_module et_block_module\"><a href=\"https:\/\/blogs.uni-bremen.de\/hilfestudipbremen\/files\/Screenshot-80.png\" class=\"et_pb_lightbox_image\" data-rel=\"lightbox-image-2\" data-rl_title=\"\" data-rl_caption=\"\"><span class=\"et_pb_image_wrap\"><img loading=\"lazy\" decoding=\"async\" src=\"https:\/\/blogs.uni-bremen.de\/hilfestudipbremen\/files\/Screenshot-80.png\" width=\"1366\" height=\"292\" srcset=\"https:\/\/blogs.uni-bremen.de\/hilfestudipbremen\/files\/Screenshot-80.png 1366w, https:\/\/blogs.uni-bremen.de\/hilfestudipbremen\/files\/Screenshot-80-1280x274.png 1280w, https:\/\/blogs.uni-bremen.de\/hilfestudipbremen\/files\/Screenshot-80-980x209.png 980w, https:\/\/blogs.uni-bremen.de\/hilfestudipbremen\/files\/Screenshot-80-480x103.png 480w\" sizes=\"(min-width: 0px) and (max-width: 480px) 480px, (min-width: 481px) and (max-width: 980px) 980px, (min-width: 981px) and (max-width: 1280px) 1280px, (min-width: 1281px) 1366px, 100vw\" class=\"wp-image-9426\" title=\"\" \/><\/span><\/a><\/div><div class=\"et_pb_text_3 et_pb_text et_pb_bg_layout_light et_pb_module et_block_module\" id=\"neueumfrage\"><div class=\"et_pb_text_inner\"><p><strong>Neue Umfrage anlegen<\/strong><\/p>\n<div>W\u00e4hlen Sie \"Verwaltung\" in der linken Navigation. In der Infobox darunter w\u00e4hlen Sie nun die Option \"Neue Umfrage erstellen\".<\/div>\n<\/div><\/div><div class=\"et_pb_image_3 et_pb_image et_pb_module et_block_module\"><a href=\"https:\/\/blogs.uni-bremen.de\/hilfestudipbremen\/files\/Screenshot-83-stoo.png\" class=\"et_pb_lightbox_image\" data-rel=\"lightbox-image-3\" data-rl_title=\"\" data-rl_caption=\"\"><span class=\"et_pb_image_wrap\"><img loading=\"lazy\" decoding=\"async\" src=\"https:\/\/blogs.uni-bremen.de\/hilfestudipbremen\/files\/Screenshot-83-stoo.png\" width=\"1362\" height=\"253\" srcset=\"https:\/\/blogs.uni-bremen.de\/hilfestudipbremen\/files\/Screenshot-83-stoo.png 1362w, https:\/\/blogs.uni-bremen.de\/hilfestudipbremen\/files\/Screenshot-83-stoo-1280x238.png 1280w, https:\/\/blogs.uni-bremen.de\/hilfestudipbremen\/files\/Screenshot-83-stoo-980x182.png 980w, https:\/\/blogs.uni-bremen.de\/hilfestudipbremen\/files\/Screenshot-83-stoo-480x89.png 480w\" sizes=\"(min-width: 0px) and (max-width: 480px) 480px, (min-width: 481px) and (max-width: 980px) 980px, (min-width: 981px) and (max-width: 1280px) 1280px, (min-width: 1281px) 1362px, 100vw\" class=\"wp-image-9433\" title=\"\" \/><\/span><\/a><\/div><div class=\"et_pb_text_4 et_pb_text et_pb_bg_layout_light et_pb_module et_block_module\"><div class=\"et_pb_text_inner\"><div>Unter \"Grunddaten\" geben Sie einen Titel und wenn ggf. eine Beschreibung ein. Au\u00dferdem k\u00f6nnen Sie bei \"Typ\" w\u00e4hlen, was genau abgefragt werden soll, z.B. Datum, Datum + Zeit, Zeitspanne etc. (Typ kann sp\u00e4ter nicht mehr ge\u00e4ndert werden).<\/div>\n<div>Laufzeit der Umfrage: Hier k\u00f6nnen Sie entweder ein Start- und Endzeitpunkt eingeben oder Sie setzen die H\u00e4kchen bei offen.<\/div>\n<div>\n<div>Unter Optionen k\u00f6nnen Sie einstellen,<\/div>\n<div>\u2022 ob Kommentare m\u00f6glich sind,<\/div>\n<div>\u2022 ob alle die gegebenen Antworten der anderen sehen k\u00f6nnen,<\/div>\n<div>\u2022 ob die Umfrage anonym sein soll und<\/div>\n<div>\u2022 ob es die M\u00f6glichkeit geben soll, \u201evielleicht\u201c anzukreuzen.<\/div>\n<div>Unter \"Antwortm\u00f6glichkeiten\" legen Sie fest, welche Antworten m\u00f6glich sind.<\/div>\n<\/div>\n<\/div><\/div><div class=\"et_pb_image_4 et_pb_image et_pb_module et_block_module\"><a href=\"https:\/\/blogs.uni-bremen.de\/hilfestudipbremen\/files\/Screenshot-85-2.png\" class=\"et_pb_lightbox_image\" data-rel=\"lightbox-image-4\" data-rl_title=\"\" data-rl_caption=\"\"><span class=\"et_pb_image_wrap\"><img loading=\"lazy\" decoding=\"async\" src=\"https:\/\/blogs.uni-bremen.de\/hilfestudipbremen\/files\/Screenshot-85-2.png\" width=\"1366\" height=\"625\" srcset=\"https:\/\/blogs.uni-bremen.de\/hilfestudipbremen\/files\/Screenshot-85-2.png 1366w, https:\/\/blogs.uni-bremen.de\/hilfestudipbremen\/files\/Screenshot-85-2-1280x586.png 1280w, https:\/\/blogs.uni-bremen.de\/hilfestudipbremen\/files\/Screenshot-85-2-980x448.png 980w, https:\/\/blogs.uni-bremen.de\/hilfestudipbremen\/files\/Screenshot-85-2-480x220.png 480w\" sizes=\"(min-width: 0px) and (max-width: 480px) 480px, (min-width: 481px) and (max-width: 980px) 980px, (min-width: 981px) and (max-width: 1280px) 1280px, (min-width: 1281px) 1366px, 100vw\" class=\"wp-image-9471\" title=\"\" \/><\/span><\/a><\/div><div class=\"et_pb_text_5 et_pb_text et_pb_bg_layout_light et_pb_module et_block_module\" id=\"antwort\"><div class=\"et_pb_text_inner\"><p><strong>Antwortm\u00f6glichkeiten<\/strong><br \/>Haben Sie z.B. unter Typ Datum gew\u00e4hlt, \u00f6ffnet sich mit Klick in das Textfeld ein Kalender. Klicken Sie auf das gew\u00fcnschte Datum. Die Reihenfolge ver\u00e4ndern Sie mit Klick auf die gelben Pfeile. Sie k\u00f6nnen Antwortm\u00f6glichkeiten l\u00f6schen indem Sie auf das Papierkorb-Symbol klicken. Mehr Daten zur Auswahl erhalten Sie mit Klick auf \"Weitere Antwortm\u00f6glichkeit\" hinzuf\u00fcgen.<\/p>\n<\/div><\/div><div class=\"et_pb_image_5 et_pb_image et_pb_module et_block_module\"><a href=\"https:\/\/blogs.uni-bremen.de\/hilfestudipbremen\/files\/Screenshot-87-Antwortmoeg.png\" class=\"et_pb_lightbox_image\" data-rel=\"lightbox-image-5\" data-rl_title=\"\" data-rl_caption=\"\"><span class=\"et_pb_image_wrap\"><img loading=\"lazy\" decoding=\"async\" src=\"https:\/\/blogs.uni-bremen.de\/hilfestudipbremen\/files\/Screenshot-87-Antwortmoeg.png\" width=\"1346\" height=\"568\" srcset=\"https:\/\/blogs.uni-bremen.de\/hilfestudipbremen\/files\/Screenshot-87-Antwortmoeg.png 1346w, https:\/\/blogs.uni-bremen.de\/hilfestudipbremen\/files\/Screenshot-87-Antwortmoeg-1280x540.png 1280w, https:\/\/blogs.uni-bremen.de\/hilfestudipbremen\/files\/Screenshot-87-Antwortmoeg-980x414.png 980w, https:\/\/blogs.uni-bremen.de\/hilfestudipbremen\/files\/Screenshot-87-Antwortmoeg-480x203.png 480w\" sizes=\"(min-width: 0px) and (max-width: 480px) 480px, (min-width: 481px) and (max-width: 980px) 980px, (min-width: 981px) and (max-width: 1280px) 1280px, (min-width: 1281px) 1346px, 100vw\" class=\"wp-image-9475\" title=\"\" \/><\/span><\/a><\/div><div class=\"et_pb_text_6 et_pb_text et_pb_bg_layout_light et_pb_module et_block_module\" id=\"umfragebearbeiten\"><div class=\"et_pb_text_inner\"><div><strong>Umfrage bearbeiten\/l\u00f6schen<\/strong><\/div>\n<div>Sie sehen die Umfrage, die Sie angelegt haben jetzt unter \"Aktuelle Umfragen\". Im Verwaltungsmodus k\u00f6nnen Sie die Umfrage jetzt beenden (Vorh\u00e4ngeschloss-Symbol), bearbeiten (Blatt&amp;Stift-Symbol) oder l\u00f6schen (Papierkorb-Symbol).<\/div>\n<div><strong>Hinweis:<\/strong> Wenn bereits jemand an der Umfrage teilgenommen hat, kann das Bearbeiten der Umfrage zu Fehlern f\u00fchren und evtl. m\u00fcssen Sie die Umfrage erneut anlegen.<\/div>\n<\/div><\/div><div class=\"et_pb_image_6 et_pb_image et_pb_module et_block_module\"><a href=\"https:\/\/blogs.uni-bremen.de\/hilfestudipbremen\/files\/Umfrage-bearbeiten-1.png\" class=\"et_pb_lightbox_image\" data-rel=\"lightbox-image-6\" data-rl_title=\"\" data-rl_caption=\"\"><span class=\"et_pb_image_wrap\"><img loading=\"lazy\" decoding=\"async\" src=\"https:\/\/blogs.uni-bremen.de\/hilfestudipbremen\/files\/Umfrage-bearbeiten-1.png\" width=\"1352\" height=\"311\" srcset=\"https:\/\/blogs.uni-bremen.de\/hilfestudipbremen\/files\/Umfrage-bearbeiten-1.png 1352w, https:\/\/blogs.uni-bremen.de\/hilfestudipbremen\/files\/Umfrage-bearbeiten-1-1280x294.png 1280w, https:\/\/blogs.uni-bremen.de\/hilfestudipbremen\/files\/Umfrage-bearbeiten-1-980x225.png 980w, https:\/\/blogs.uni-bremen.de\/hilfestudipbremen\/files\/Umfrage-bearbeiten-1-480x110.png 480w\" sizes=\"(min-width: 0px) and (max-width: 480px) 480px, (min-width: 481px) and (max-width: 980px) 980px, (min-width: 981px) and (max-width: 1280px) 1280px, (min-width: 1281px) 1352px, 100vw\" class=\"wp-image-9565\" title=\"\" \/><\/span><\/a><\/div><div class=\"et_pb_text_7 et_pb_text et_pb_bg_layout_light et_pb_module et_block_module\" id=\"umfrageteilnehmen\"><div class=\"et_pb_text_inner\"><div><strong>An einer Umfrage teilnehmen<\/strong><\/div>\n<div>Im \u00dcbersichtsmodus sehen Sie alle aktuellen Umfragen. Klicken Sie auf \"Teilnehmen\", um abzustimmen.<\/div>\n<div><strong>Hinweis:<\/strong> Sollte die Umfrage, die Sie angelegt haben, hier nicht aufgelistet sein, haben Sie wahrscheinlich eine Laufzeit eingestellt, die erst sp\u00e4ter startet. Sie sehen jetzt alle Antwortm\u00f6glichkeiten. In diesem Fall w\u00e4hlen Sie zum jeweiligen Datum, ob Sie Zeit haben (gr\u00fcnes H\u00e4kchen), vielleicht Zeit haben (blaues Fragezeichen) oder keine Zeit haben (rotes Kreuz). Best\u00e4tigen Sie mit \"Auswahl speichern\".<\/div>\n<div>.<\/div>\n<\/div><\/div><div class=\"et_pb_image_7 et_pb_image et_pb_module et_block_module\"><a href=\"https:\/\/blogs.uni-bremen.de\/hilfestudipbremen\/files\/Screenshot-90-teilnehmen.png\" class=\"et_pb_lightbox_image\" data-rel=\"lightbox-image-7\" data-rl_title=\"\" data-rl_caption=\"\"><span class=\"et_pb_image_wrap\"><img loading=\"lazy\" decoding=\"async\" src=\"https:\/\/blogs.uni-bremen.de\/hilfestudipbremen\/files\/Screenshot-90-teilnehmen.png\" width=\"1358\" height=\"359\" srcset=\"https:\/\/blogs.uni-bremen.de\/hilfestudipbremen\/files\/Screenshot-90-teilnehmen.png 1358w, https:\/\/blogs.uni-bremen.de\/hilfestudipbremen\/files\/Screenshot-90-teilnehmen-1280x338.png 1280w, https:\/\/blogs.uni-bremen.de\/hilfestudipbremen\/files\/Screenshot-90-teilnehmen-980x259.png 980w, https:\/\/blogs.uni-bremen.de\/hilfestudipbremen\/files\/Screenshot-90-teilnehmen-480x127.png 480w\" sizes=\"(min-width: 0px) and (max-width: 480px) 480px, (min-width: 481px) and (max-width: 980px) 980px, (min-width: 981px) and (max-width: 1280px) 1280px, (min-width: 1281px) 1358px, 100vw\" class=\"wp-image-9486\" title=\"\" \/><\/span><\/a><\/div><div class=\"et_pb_image_8 et_pb_image et_pb_module et_block_module\"><a href=\"https:\/\/blogs.uni-bremen.de\/hilfestudipbremen\/files\/An-einer-Umfrage-teilnehmen.png\" class=\"et_pb_lightbox_image\" data-rel=\"lightbox-image-8\" data-rl_title=\"\" data-rl_caption=\"\"><span class=\"et_pb_image_wrap\"><img loading=\"lazy\" decoding=\"async\" src=\"https:\/\/blogs.uni-bremen.de\/hilfestudipbremen\/files\/An-einer-Umfrage-teilnehmen.png\" width=\"1366\" height=\"421\" srcset=\"https:\/\/blogs.uni-bremen.de\/hilfestudipbremen\/files\/An-einer-Umfrage-teilnehmen.png 1366w, https:\/\/blogs.uni-bremen.de\/hilfestudipbremen\/files\/An-einer-Umfrage-teilnehmen-1280x394.png 1280w, https:\/\/blogs.uni-bremen.de\/hilfestudipbremen\/files\/An-einer-Umfrage-teilnehmen-980x302.png 980w, https:\/\/blogs.uni-bremen.de\/hilfestudipbremen\/files\/An-einer-Umfrage-teilnehmen-480x148.png 480w\" sizes=\"(min-width: 0px) and (max-width: 480px) 480px, (min-width: 481px) and (max-width: 980px) 980px, (min-width: 981px) and (max-width: 1280px) 1280px, (min-width: 1281px) 1366px, 100vw\" class=\"wp-image-9569\" title=\"\" \/><\/span><\/a><\/div><div class=\"et_pb_text_8 et_pb_text et_pb_bg_layout_light et_pb_module et_block_module\" id=\"umfrageauswerten\"><div class=\"et_pb_text_inner\"><p><strong>Umfrage auswerten<\/strong><br \/>Wenn Sie die Umfrage beenden wollen, klicken Sie im Verwaltungsmodus zun\u00e4chst auf das Schloss-Symbol. Als n\u00e4chstes wird Ihnen links neben dem Schloss jetzt das Symbol zum Auswerten der Umfrage angezeigt. Nun erhalten Sie eine \u00dcbersicht \u00fcber die gew\u00e4hlten Antworten. Sie k\u00f6nnen jetzt sehen, welcher Termin von den meisten Teilnehmenden gew\u00e4hlt wurde. \u00dcber den Reiter Teilnehmende k\u00f6nnen Sie eine Nachricht an alle Teilnehmenden senden und sie \u00fcber den gew\u00e4hlten Termin benachrichtigen (ohne Abbildung).<\/p>\n<\/div><\/div><div class=\"et_pb_image_9 et_pb_image et_pb_module et_block_module\"><a href=\"https:\/\/blogs.uni-bremen.de\/hilfestudipbremen\/files\/Screenshot-86umfrage-beendet.png\" class=\"et_pb_lightbox_image\" data-rel=\"lightbox-image-9\" data-rl_title=\"\" data-rl_caption=\"\"><span class=\"et_pb_image_wrap\"><img loading=\"lazy\" decoding=\"async\" src=\"https:\/\/blogs.uni-bremen.de\/hilfestudipbremen\/files\/Screenshot-86umfrage-beendet.png\" width=\"1366\" height=\"292\" srcset=\"https:\/\/blogs.uni-bremen.de\/hilfestudipbremen\/files\/Screenshot-86umfrage-beendet.png 1366w, https:\/\/blogs.uni-bremen.de\/hilfestudipbremen\/files\/Screenshot-86umfrage-beendet-1280x274.png 1280w, https:\/\/blogs.uni-bremen.de\/hilfestudipbremen\/files\/Screenshot-86umfrage-beendet-980x209.png 980w, https:\/\/blogs.uni-bremen.de\/hilfestudipbremen\/files\/Screenshot-86umfrage-beendet-480x103.png 480w\" sizes=\"(min-width: 0px) and (max-width: 480px) 480px, (min-width: 481px) and (max-width: 980px) 980px, (min-width: 981px) and (max-width: 1280px) 1280px, (min-width: 1281px) 1366px, 100vw\" class=\"wp-image-9452\" title=\"\" \/><\/span><\/a><\/div><div class=\"et_pb_image_10 et_pb_image et_pb_module et_block_module\"><a href=\"https:\/\/blogs.uni-bremen.de\/hilfestudipbremen\/files\/Umfrage-auswerten-2.png\" class=\"et_pb_lightbox_image\" data-rel=\"lightbox-image-10\" data-rl_title=\"\" data-rl_caption=\"\"><span class=\"et_pb_image_wrap\"><img loading=\"lazy\" decoding=\"async\" src=\"https:\/\/blogs.uni-bremen.de\/hilfestudipbremen\/files\/Umfrage-auswerten-2.png\" width=\"1366\" height=\"317\" srcset=\"https:\/\/blogs.uni-bremen.de\/hilfestudipbremen\/files\/Umfrage-auswerten-2.png 1366w, https:\/\/blogs.uni-bremen.de\/hilfestudipbremen\/files\/Umfrage-auswerten-2-1280x297.png 1280w, https:\/\/blogs.uni-bremen.de\/hilfestudipbremen\/files\/Umfrage-auswerten-2-980x227.png 980w, https:\/\/blogs.uni-bremen.de\/hilfestudipbremen\/files\/Umfrage-auswerten-2-480x111.png 480w\" sizes=\"(min-width: 0px) and (max-width: 480px) 480px, (min-width: 481px) and (max-width: 980px) 980px, (min-width: 981px) and (max-width: 1280px) 1280px, (min-width: 1281px) 1366px, 100vw\" class=\"wp-image-9573\" title=\"\" \/><\/span><\/a><\/div><div class=\"et_pb_text_9 et_pb_text et_pb_bg_layout_light et_pb_module et_block_module et_pb_text_align_justified\"><div class=\"et_pb_text_inner\"><p style=\"text-align: left\">Bei weiteren Fragen, Anregungen und\/oder Unterst\u00fctzungsbedarf wenden Sie sich bitte an den Stud.IP-Support:<\/p>\n<p style=\"text-align: left\"><a class=\"link-intern\" href=\"&#x6d;&#x61;&#x69;&#x6c;&#x74;&#x6f;&#58;&#105;&#110;&#102;o&#64;el&#x65;&#x61;&#x72;&#x6e;&#x69;&#x6e;&#103;&#46;&#117;&#110;&#105;-br&#x65;&#x6d;&#x65;&#x6e;&#x2e;&#x64;&#101;\">&#105;n&#102;o&#64;e&#x6c;e&#x61;r&#x6e;i&#x6e;g&#x2e;u&#x6e;i&#x2d;b&#x72;e&#x6d;e&#x6e;&#46;&#x64;&#101;<\/a><\/p>\n<\/div><\/div><div class=\"et_pb_text_10 et_pb_text et_pb_bg_layout_light et_pb_module et_block_module et_pb_text_align_justified\"><div class=\"et_pb_text_inner\"><p><img loading=\"lazy\" decoding=\"async\" src=\"https:\/\/blogs.uni-bremen.de\/hilfestudipbremen\/files\/xiplvtl2.png\" width=\"153\" height=\"45\" alt=\"\" class=\"wp-image-12580 alignnone size-full\" srcset=\"https:\/\/blogs.uni-bremen.de\/hilfestudipbremen\/files\/xiplvtl2.png 153w, https:\/\/blogs.uni-bremen.de\/hilfestudipbremen\/files\/xiplvtl2-150x45.png 150w\" sizes=\"(max-width: 153px) 100vw, 153px\" \/><\/p>\n<\/div><\/div><\/div><\/div><\/div>\n","protected":false},"excerpt":{"rendered":"","protected":false},"author":12845,"featured_media":0,"parent":0,"menu_order":0,"comment_status":"closed","ping_status":"closed","template":"","meta":{"_bbp_topic_count":0,"_bbp_reply_count":0,"_bbp_total_topic_count":0,"_bbp_total_reply_count":0,"_bbp_voice_count":0,"_bbp_anonymous_reply_count":0,"_bbp_topic_count_hidden":0,"_bbp_reply_count_hidden":0,"_bbp_forum_subforum_count":0,"footnotes":""},"class_list":["post-9401","page","type-page","status-publish","hentry"],"_links":{"self":[{"href":"https:\/\/blogs.uni-bremen.de\/hilfestudipbremen\/wp-json\/wp\/v2\/pages\/9401","targetHints":{"allow":["GET"]}}],"collection":[{"href":"https:\/\/blogs.uni-bremen.de\/hilfestudipbremen\/wp-json\/wp\/v2\/pages"}],"about":[{"href":"https:\/\/blogs.uni-bremen.de\/hilfestudipbremen\/wp-json\/wp\/v2\/types\/page"}],"author":[{"embeddable":true,"href":"https:\/\/blogs.uni-bremen.de\/hilfestudipbremen\/wp-json\/wp\/v2\/users\/12845"}],"replies":[{"embeddable":true,"href":"https:\/\/blogs.uni-bremen.de\/hilfestudipbremen\/wp-json\/wp\/v2\/comments?post=9401"}],"version-history":[{"count":10,"href":"https:\/\/blogs.uni-bremen.de\/hilfestudipbremen\/wp-json\/wp\/v2\/pages\/9401\/revisions"}],"predecessor-version":[{"id":14331,"href":"https:\/\/blogs.uni-bremen.de\/hilfestudipbremen\/wp-json\/wp\/v2\/pages\/9401\/revisions\/14331"}],"wp:attachment":[{"href":"https:\/\/blogs.uni-bremen.de\/hilfestudipbremen\/wp-json\/wp\/v2\/media?parent=9401"}],"curies":[{"name":"wp","href":"https:\/\/api.w.org\/{rel}","templated":true}]}}