{"id":7384,"date":"2020-03-24T13:24:29","date_gmt":"2020-03-24T12:24:29","guid":{"rendered":"https:\/\/blogs.uni-bremen.de\/hilfestudipbremen\/?page_id=7384"},"modified":"2026-02-27T15:06:53","modified_gmt":"2026-02-27T14:06:53","slug":"blubber","status":"publish","type":"page","link":"https:\/\/blogs.uni-bremen.de\/hilfestudipbremen\/blubber\/","title":{"rendered":"Blubber"},"content":{"rendered":"\n<div class=\"et_pb_section_0 et_pb_section et_section_regular et_block_section\"><div class=\"et_pb_row_0 et_pb_row et_pb_row_1-4_3-4 et_block_row et_block_row_1-4_3-4\"><div class=\"et_pb_column_0 et_pb_column et_pb_column_1_4 et_block_column et_pb_css_mix_blend_mode_passthrough\"><div class=\"et_pb_module et_pb_button_module_wrapper et_pb_button_0_wrapper\"><a class=\"et_pb_button_0 et_pb_button et_pb_bg_layout_light et_pb_module et_block_module taste\" href=\"#artenblubber\">Arten von Blubber<\/a><\/div><div class=\"et_pb_module et_pb_button_module_wrapper et_pb_button_1_wrapper\"><a class=\"et_pb_button_1 et_pb_button et_pb_bg_layout_light et_pb_module et_block_module taste\" href=\"#profifunktionen\">Profi-Funktionen<\/a><\/div><div class=\"et_pb_module et_pb_button_module_wrapper et_pb_button_2_wrapper\"><a class=\"et_pb_button_2 et_pb_button et_pb_bg_layout_light et_pb_module et_block_module taste\" href=\"#blubberdeaktivieren\">Benachrichtigungen deaktivieren<\/a><\/div><\/div><div class=\"et_pb_column_1 et_pb_column et_pb_column_3_4 et-last-child et_block_column et_pb_css_mix_blend_mode_passthrough\"><div class=\"et_pb_post_title_0 et_pb_post_title et_pb_bg_layout_light et_pb_text_align_center et_pb_module et_block_module\"><div class=\"et_pb_title_container\"><h1 class=\"entry-title\">Blubber<\/h1><\/div><\/div><div class=\"et_pb_text_0 et_pb_text et_pb_bg_layout_light et_pb_module et_block_module\"><div class=\"et_pb_text_inner\"><p>In Stud.IP gibt es\u00a0 eine Komponente, die man ein soziales Netzwerk nennen k\u00f6nnte. Es ist ein Mischwesen aus Forum und Chat, es soll m\u00f6glichst einfach zu bedienen sein. Die <strong>einfache Kommunikation<\/strong> soll im Mittelpunkt stehen. Die Art und Weise ist den sozialen Netzwerken (welche das auch sein k\u00f6nnen) angelehnt, damit sich die Nutzer und Nutzerinnen m\u00f6glichst schnell zurecht finden.<\/p>\n<p class=\"vspace\">Ein <strong>Blubber<\/strong> ist nichts anderes als ein kleiner eventuell formatierter Text, der von jemandem geschrieben wurde. Beispielsweise so:<\/p>\n<\/div><\/div><div class=\"et_pb_image_0 et_pb_image et_pb_module et_block_module\"><a href=\"https:\/\/blogs.uni-bremen.de\/hilfestudipbremen\/files\/Blubber-1-1.jpg\" class=\"et_pb_lightbox_image\" data-rel=\"lightbox-image-0\" data-rl_title=\"\" data-rl_caption=\"\" title=\"\"><span class=\"et_pb_image_wrap\"><img loading=\"lazy\" decoding=\"async\" src=\"https:\/\/blogs.uni-bremen.de\/hilfestudipbremen\/files\/Blubber-1-1.jpg\" width=\"1878\" height=\"801\" srcset=\"https:\/\/blogs.uni-bremen.de\/hilfestudipbremen\/files\/Blubber-1-1.jpg 1878w, https:\/\/blogs.uni-bremen.de\/hilfestudipbremen\/files\/Blubber-1-1-1280x546.jpg 1280w, https:\/\/blogs.uni-bremen.de\/hilfestudipbremen\/files\/Blubber-1-1-980x418.jpg 980w, https:\/\/blogs.uni-bremen.de\/hilfestudipbremen\/files\/Blubber-1-1-480x205.jpg 480w\" sizes=\"(min-width: 0px) and (max-width: 480px) 480px, (min-width: 481px) and (max-width: 980px) 980px, (min-width: 981px) and (max-width: 1280px) 1280px, (min-width: 1281px) 1878px, 100vw\" class=\"wp-image-7518\" \/><\/span><\/a><\/div><div class=\"et_pb_text_1 et_pb_text et_pb_bg_layout_light et_pb_module et_block_module\"><div class=\"et_pb_text_inner\"><p class=\"vspace\">Man kann auf einen Blubber\u00a0 in dem kleinen Textfeld darunter antworten (beschriftet mit \"Hierauf antworten\"). Schreibt man einen Text und dr\u00fcckt Enter, so erscheint der eigene Blubber in Echtzeit unter dem Eingangsblubber (das hei\u00dft der Ersteller oder die Erstellerin sieht Ihre Antwort, ohne die Seite aktuallisieren zu m\u00fcssen).<\/p>\n<p class=\"vspace\">Will man einen eigenen Blubber schreiben (also keinen Kommentar), so geht man in das untereTextfeld (beschriftet mit \"Nachricht schreiben. Enter zum Abschicken\"), schreibt seinen Text und dr\u00fcckt Enter.\u00a0<\/p>\n<\/div><\/div><div class=\"et_pb_text_2 et_pb_text et_pb_bg_layout_light et_pb_module et_block_module\" id=\"artenblubber\"><div class=\"et_pb_text_inner\"><p><strong>Arten von Blubber<\/strong><\/p>\n<p>Es gibt drei Arten von Blubber:<\/p>\n<p><strong>1. Veranstaltungsblubber<\/strong>:<\/p>\n<p>Diese Blubber sind f\u00fcr Sie als Lehrende die wichtigsten Blubber. Den Veranstaltungsblubber aktivieren Sie, in dem Sie im Reiter \"Mehr\" ihrer Veranstaltung das H\u00e4kchen bei Blubber setzen. In den Veranstaltungsblubbern ist der Kreis derer, die den die Blubber sehen d\u00fcrfen auf die Teilnehmenden Ihrer Veranstaltung begrenzt. Neben dem Veranstaltungsblubber gibt es noch die<\/p>\n<p><strong>2. \u00d6ffentlicher Blubber<\/strong>:<\/p>\n<p>Diese Blubber sehen alle Leute, die Sie als Buddy hinzugef\u00fcgt haben. <strong>Achtung! <\/strong>Es ist nicht erforderlich daf\u00fcr, dass Sie die Person als Buddy hinzugef\u00fcgt haben, wichtig ist nur die andere Seite. Jemanden als Buddy hinzuzuf\u00fcgen, bedeutet damit also, ihn\/sie zu folgen, wie man in manchen sozialen Netzwerken so sch\u00f6n sagt.<\/p>\n<p><strong>3. Privater Blubber<\/strong>: Falls es nicht ganz so \u00f6ffentlich sein sollte, es um private Dinge geht oder einfach nur um einen relativ direkten Austausch, so wird der private Blubber wesentlich zielgerichteter sein. In dem Fall bestimmen n\u00e4mlich Sie, wer den Blubber sehen darf.<\/p>\n<\/div><\/div><div class=\"et_pb_text_3 et_pb_text et_pb_bg_layout_light et_pb_module et_block_module\" id=\"profifunktionen\"><div class=\"et_pb_text_inner\"><p><strong>Profi-Funktionen<\/strong><\/p>\n<p>Hier noch einige Hinweise, wie man seinen Blubbertext noch etwas schicker gestalten kann. Mit Abs\u00e4tzen, Bildern, Links auf Personen und so, wie man es eben von sozialen Netzwerken her kennt.<\/p>\n<p><strong>1. Abs\u00e4tze<\/strong>: Wenn man Enter dr\u00fcckt, wird kein neuer Absatz erzeugt, sondern der Blubber abgeschickt. Das ist bl\u00f6d, wenn man einen neuen Absatz erzeugen m\u00f6chte. Das Problem haben Instant-Messenger auch. Und dort hat man es so gel\u00f6st, dass die Kombination aus Shift und Enter nicht das Posting abschickt, sondern tats\u00e4chlich einen Absatz einf\u00fcgt. Wenn man sich daran einmal gew\u00f6hnt hat, geht es fast von alleine. Also Shift+Enter = Absatz.<\/p>\n<p><strong>2. Textformatierungen und Smileys<\/strong>: das eigentliche Killerfeature von Blubber ist, dass man\u00a0<a class=\"wikilink\" href=\"https:\/\/hilfe.studip.de\/help\/4.4\/de\/Basis\/VerschiedenesFormat\">alle Textformatierungen<\/a>\u00a0anwenden kann, die es in Stud.IP sowieso gibt. Das bedeutet, man kann Text\u00a0<em>kursiv<\/em>\u00a0darstellen oder\u00a0<strong>fett<\/strong>,\u00a0durchgestrichen\u00a0oder\u00a0<sup>hochgestellt<\/sup>, man kann\u00a0<a class=\"wikilink\" href=\"https:\/\/hilfe.studip.de\/help\/4.4\/de\/Basis\/VerschiedenesTeX\">LaTeX Formeln<\/a>\u00a0verwenden, Bilder hinzuf\u00fcgen, Videos einbetten, Tabellen formatieren, und und und. Und nat\u00fcrlich kann man auch Smileys hinzuf\u00fcgen. Yeah!<\/p>\n<p><strong>3. Drag&amp;Drop von Dateien<\/strong>: Wenn man Bilder oder Video einbinden m\u00f6chte, scheitert man oftmals damit, dass das Bild eigentlich schon irgendwo im Internet existieren muss und man dann den Link (die URL) kopieren und eine krude Syntax in den Blubber schreiben muss. Das ist kompliziert, das wissen wir auch. Meistens ist das Bild zudem auch auf Ihrer Festplatte und nicht im Internet (das w\u00e4re ja auch Raubkopiererei). Deswegen haben wir in Blubber eine einfache Methode eingebaut: ziehen Sie die Datei von Ihrem Desktop oder sonstwo aus dem lokalen Rechner mit der Maus in das Textfeld. Es erscheint ein kleines Ladesymbol und wenige Sekunden sp\u00e4ter taucht in dem Textfeld jene krude Linksyntax auf, die Sie ansonsten h\u00e4tten von Hand tippen m\u00fcssen. Hat Ihnen Blubber jetzt einfach alles abgenommen. Das geht mit allen Dateien, wobei aus Bildern Bilder, aus Videos Videos und aus anderen Dateien einfach Links werden. Ist also alles genau so, wie es sein muss. Wenn der Kontext des Blubbers eine Veranstaltung ist, k\u00f6nnen Sie die Datei im\u00a0<a class=\"wikilink\" href=\"https:\/\/hilfe.studip.de\/help\/4.4\/de\/Basis\/Dateien\">Dateibereich der Veranstaltung<\/a>\u00a0einsehen, verschieben, umbenennen und so weiter. Ist der Kontext \u00f6ffentlich oder privat, landen die Dateien in Ihrem pers\u00f6nlichen Dateibereich (dieses Feature fehlt noch in der 2.4 von Stud.IP, wird aber kommen - mit irgendwas muss man ja mal anfangen).<\/p>\n<p><strong>4. Erw\u00e4hnungen<\/strong>: Bei allen sozialen Netzwerken hat man Erw\u00e4hnungen von anderen Personen in einem Posting. Meistens passiert das mit @blubbermeister, wobei der Teil nach dem @ variieren kann. In Blubber kann man nach dem @ den Nutzernamen, also die Anmeldekennung, schreiben oder in Anf\u00fchrungszeichen den Vor- und Nachnamen. Also @\"Der Testnutzer\" w\u00fcrde ebenso eine Erw\u00e4hnung sein wie @Testnutzer. Nat\u00fcrlich m\u00fcssen Vor- und Nachname nicht eindeutig sein, deswegen ist der Nutzername doch noch irgendwie besser. Wof\u00fcr braucht man Erw\u00e4hnungen in Blubber? Die erw\u00e4hnte Person wird sofort auf den Blubber aufmerksam gemacht durch eine Direktnachricht in Stud.IP, die autmatisch generiert wird. Eventuell wird diese Direktnachricht sogar per Email gesendet. Damit geht man sicher, dass die betreffende Person den Blubber nicht verpasst. Bei privaten Blubbern hat die Erw\u00e4hnung aber auch den schicken Nebeneffekt, dass die betreffende Person in den erlauchten Kreis der Leute aufgenommen wird, die den privaten Blubber lesen d\u00fcrfen. Und ja, das geht sogar in Kommentaren! Damit kann man auch nachtr\u00e4glich noch Leute in den Adressatenkreis der privaten Blubber aufnehmen, wenn man feststellt, dass die Angelegenheit noch mehr Leute etwas angeht als anfangs gedacht\/vorgesehen. Bei Veranstaltungsblubbern wird die Person zwar ebenfalls auf den Blubber aufmerksam gemacht, die Person wird aber\u00a0<strong>nicht<\/strong>\u00a0automatisch der Veranstaltung hinzugef\u00fcgt. Die Anmeldung kann die Person allerdings von selbst erledigen, wenn sie wei\u00df, dass dort ein interessanter Blubber zu finden ist. Sofern die Veranstaltung dann nicht zugangsbeschr\u00e4nkt ist, k\u00f6nnte die Person dann auch schnell mitblubbern.<\/p>\n<p class=\"vspace\">Es gibt noch einige Profifeatures, die dort nicht extra beworben werden:<\/p>\n<ul>\n<li><strong>Drag &amp; Drop<\/strong>: Das Hochladen von Dateien ist mit Blubber einfach und intuitiv. Wenn Sie ein Foto oder eine Textdatei teilen wollen m\u00fcssen Sie nichts weiter tun, als die Datei von Ihrem Desktop in das Chatfenster zu ziehen. Die Datei kann anschlie\u00dfend von den jeweiligen Lesern und Leserinnen des Blubberstreams heruntergeladen werden.<\/li>\n<li><strong>Hashtags<\/strong>: Hashtags sind im Internet und bei sozialen Netzwerken eine beliebte Methode, um Nachrichten zu kategorisieren. Das passiert einfacher als \u00fcber irgendwelche Kn\u00f6pfe und Auswahllisten einfach dadurch, dass man das Gatterzeichen und ein Wort dahinter schreibt. #Aufgabe2 k\u00f6nnte zum Beispiel der Hashtag aller Blubber sein, die sich mit \u00dcbungsaufgabe 2 befassen. Den Hashtag kann man dann anklicken und erh\u00e4lt alle anderen Blubber, die zu dem Hashtag verfasst wurden.<\/li>\n<li><strong>Bearbeiten von Beitr\u00e4gen<\/strong>: Wenn man sich erst einmal warmgeblubbert hat, k\u00f6nnen die Finger schon einmal mit einem durchgehen. Dann tippt man Dinge, die man Sekunden drauf bereut, vielleicht aber auch nur ein paar Kommafehler, die einem peinlich sind. Kein Problem. Wenn Sie mit der Maus auf den eigenen Beitrag gehen, erscheint neben dem Zeitstempel oben rechts vom Blubber ein Werkzeugschl\u00fcssel. Wenn Sie darauf klicken, wandelt sich Ihr Blubber wieder zu einem Textfeld, in dem Sie den Inhalt des Blubber auch nachtr\u00e4glich nach Belieben \u00e4ndern k\u00f6nnen. Dr\u00fccken Sie Enter oder verlassen Sie das Textfeld einfach, damit die \u00c4nderung gespeichert werden. Um einen Blubber zu l\u00f6schen m\u00fcssen Sie nur das Textfeld bearbeiten und Ihren Text daraus l\u00f6schen. Dr\u00fccken Sie anschlie\u00dfend die Entertaste um Ihren Blubber zu l\u00f6schen.<\/li>\n<li><strong>\u00c4ndern fremder Beitr\u00e4ge<\/strong>: Als Tutor\/ Tutorin oder Lehrende einer Veranstaltung k\u00f6nnen Sie innerhalb der Veranstaltung gewohnheitsm\u00e4\u00dfig Inhalte beliebig ver\u00e4ndern. Das gilt auch f\u00fcr Blubber. Somit sind Sie eventuell in der Lage, Blubber wie oben \u00fcber den Werkzeugschl\u00fcssel zu editieren, die Sie selbst nicht verfasst haben. Das ist manchmal vielleicht unerwartet. Aber der urspr\u00fcngliche Autor wird \u00fcber die \u00c4nderung in Kenntnis gesetzt per Direktnachricht, in der alter und neuer Inhalt komplett drin stehen. Er k\u00f6nnte dann die \u00c4nderung auch wieder r\u00fcckg\u00e4ngig machen. Es gehen also keine Informationen verloren. Bitte setzen Sie die Funktion mit Sorgfalt ein und legen Sie anderen Menschen nichts in den Mund. Wenn jemand eine falsche Tatsache geblubbert hat, ist eine Richtigstellung per Kommentar immer besser als das Editieren des eigentlichen Blubbers. Das Editieren ist mehr daf\u00fcr gedacht, dass jemand richtige L\u00f6sungen schreibt, die andere abschreiben k\u00f6nnten, obwohl das dem Lernziel widerspricht.<\/li>\n<\/ul>\n<\/div><\/div><div class=\"et_pb_text_4 et_pb_text et_pb_bg_layout_light et_pb_module et_block_module\" id=\"blubberdeaktivieren\"><div class=\"et_pb_text_inner\"><p><strong>Benachrichtigungen deaktivieren<\/strong><\/p>\n<p>Wenn Sie keine Nachrichten \u00fcber neue Blubber erhalten wollen, klicken Sie in Blubber auf der rechten Seite auf \"Benachrichtigungen aktiviert\". Wenn \"Benachrichtigungen aktiviert\" durchgestrichen ist, erhalten Sie keine Nachrichten mehr \u00fcber neue Blubber.<\/p>\n<\/div><\/div><div class=\"et_pb_image_1 et_pb_image et_pb_module et_block_module\"><a href=\"https:\/\/blogs.uni-bremen.de\/hilfestudipbremen\/files\/blubber.png\" class=\"et_pb_lightbox_image\" data-rel=\"lightbox-image-1\" data-rl_title=\"\" data-rl_caption=\"\"><span class=\"et_pb_image_wrap\"><img loading=\"lazy\" decoding=\"async\" src=\"https:\/\/blogs.uni-bremen.de\/hilfestudipbremen\/files\/blubber.png\" width=\"277\" height=\"381\" srcset=\"https:\/\/blogs.uni-bremen.de\/hilfestudipbremen\/files\/blubber.png 277w, https:\/\/blogs.uni-bremen.de\/hilfestudipbremen\/files\/blubber-218x300.png 218w\" sizes=\"(max-width: 277px) 100vw, 277px\" class=\"wp-image-9822\" title=\"\" \/><\/span><\/a><\/div><div class=\"et_pb_text_5 et_pb_text et_pb_bg_layout_light et_pb_module et_block_module et_pb_text_align_justified\"><div class=\"et_pb_text_inner\"><p style=\"text-align: left\">Bei weiteren Fragen, Anregungen und\/oder Unterst\u00fctzungsbedarf wenden Sie sich bitte an den Stud.IP-Support:<\/p>\n<p style=\"text-align: left\"><a class=\"link-intern\" href=\"&#109;&#x61;&#105;&#x6c;&#116;&#x6f;:&#x69;n&#x66;o&#64;&#x65;&#108;&#x65;&#97;&#x72;&#110;&#x69;n&#x67;&#46;&#x75;n&#105;&#x2d;&#98;&#x72;&#101;&#x6d;&#101;&#x6e;&#46;&#x64;e\">&#x69;&#x6e;&#x66;&#111;&#64;el&#x65;&#x61;&#x72;&#x6e;&#105;&#110;g&#46;&#x75;&#x6e;&#x69;&#45;&#98;&#114;em&#x65;&#x6e;&#x2e;&#100;&#101;<\/a><\/p>\n<\/div><\/div><div class=\"et_pb_text_6 et_pb_text et_pb_bg_layout_light et_pb_module et_block_module et_pb_text_align_justified\"><div class=\"et_pb_text_inner\"><p><img loading=\"lazy\" decoding=\"async\" src=\"https:\/\/blogs.uni-bremen.de\/hilfestudipbremen\/files\/xiplvtl2.png\" width=\"153\" height=\"45\" alt=\"\" class=\"wp-image-12580 alignnone size-full\" srcset=\"https:\/\/blogs.uni-bremen.de\/hilfestudipbremen\/files\/xiplvtl2.png 153w, https:\/\/blogs.uni-bremen.de\/hilfestudipbremen\/files\/xiplvtl2-150x45.png 150w\" sizes=\"(max-width: 153px) 100vw, 153px\" \/><\/p>\n<\/div><\/div><\/div><\/div><\/div><div class=\"et_pb_section_1 et_pb_section et_section_regular et_block_section\"><\/div>\n","protected":false},"excerpt":{"rendered":"","protected":false},"author":11055,"featured_media":0,"parent":0,"menu_order":0,"comment_status":"closed","ping_status":"closed","template":"","meta":{"_bbp_topic_count":0,"_bbp_reply_count":0,"_bbp_total_topic_count":0,"_bbp_total_reply_count":0,"_bbp_voice_count":0,"_bbp_anonymous_reply_count":0,"_bbp_topic_count_hidden":0,"_bbp_reply_count_hidden":0,"_bbp_forum_subforum_count":0,"footnotes":""},"class_list":["post-7384","page","type-page","status-publish","hentry"],"_links":{"self":[{"href":"https:\/\/blogs.uni-bremen.de\/hilfestudipbremen\/wp-json\/wp\/v2\/pages\/7384","targetHints":{"allow":["GET"]}}],"collection":[{"href":"https:\/\/blogs.uni-bremen.de\/hilfestudipbremen\/wp-json\/wp\/v2\/pages"}],"about":[{"href":"https:\/\/blogs.uni-bremen.de\/hilfestudipbremen\/wp-json\/wp\/v2\/types\/page"}],"author":[{"embeddable":true,"href":"https:\/\/blogs.uni-bremen.de\/hilfestudipbremen\/wp-json\/wp\/v2\/users\/11055"}],"replies":[{"embeddable":true,"href":"https:\/\/blogs.uni-bremen.de\/hilfestudipbremen\/wp-json\/wp\/v2\/comments?post=7384"}],"version-history":[{"count":12,"href":"https:\/\/blogs.uni-bremen.de\/hilfestudipbremen\/wp-json\/wp\/v2\/pages\/7384\/revisions"}],"predecessor-version":[{"id":14304,"href":"https:\/\/blogs.uni-bremen.de\/hilfestudipbremen\/wp-json\/wp\/v2\/pages\/7384\/revisions\/14304"}],"wp:attachment":[{"href":"https:\/\/blogs.uni-bremen.de\/hilfestudipbremen\/wp-json\/wp\/v2\/media?parent=7384"}],"curies":[{"name":"wp","href":"https:\/\/api.w.org\/{rel}","templated":true}]}}