{"id":6883,"date":"2023-08-15T12:59:31","date_gmt":"2023-08-15T10:59:31","guid":{"rendered":"https:\/\/blogs.uni-bremen.de\/hilfestudipbremen\/?page_id=6883"},"modified":"2026-02-27T15:07:54","modified_gmt":"2026-02-27T14:07:54","slug":"mystudip","status":"publish","type":"page","link":"https:\/\/blogs.uni-bremen.de\/hilfestudipbremen\/mystudip\/","title":{"rendered":"Einstellungen"},"content":{"rendered":"\n<div class=\"et_pb_section_0 et_pb_section et_section_regular et_block_section\"><div class=\"et_pb_row_0 et_pb_row et_pb_row_1-4_3-4 et_block_row et_block_row_1-4_3-4\"><div class=\"et_pb_column_0 et_pb_column et_pb_column_1_4 et_block_column et_pb_column_empty et_pb_css_mix_blend_mode_passthrough\"><\/div><div class=\"et_pb_column_1 et_pb_column et_pb_column_3_4 et-last-child et_block_column et_pb_css_mix_blend_mode_passthrough\"><div class=\"et_pb_post_title_0 et_pb_post_title et_pb_bg_layout_light et_pb_text_align_center et_pb_module et_block_module\"><div class=\"et_pb_title_container\"><h1 class=\"entry-title\">Einstellungen<\/h1><\/div><\/div><div class=\"et_pb_text_0 et_pb_text et_pb_bg_layout_light et_pb_module et_block_module\"><div class=\"et_pb_text_inner\"><p>Der Punkt \u201cEinstellungen\u201d beherbergt verschiedene Einstellungsm\u00f6glichkeiten, um das Erscheinungsbild von Stud.IP und dessen Funktionen an Ihre Bed\u00fcrfnisse anpassen. Unter anderem kann die Sichtbarkeit im System eingestellt werden (Privatsph\u00e4re) oder Angaben zu Ihrer Person erg\u00e4nzt werden. Nach dem ersten Einloggen kennt Stud.IP von jedem nur den Vor- und Nachnamen und die Uni E-Mail-Adresse.<\/p>\n<p>Um zu \u201cEinstellungen\u201d zu gelangen, klicken Sie rechts auf Ihr Profilbild und dann auf \u201cEinstellungen\u201doder auf das Profil Symbol in der Symbol-Reiterleiste.<\/p>\n<\/div><\/div><div class=\"et_pb_image_0 et_pb_image et_pb_module et_block_module\"><a href=\"https:\/\/blogs.uni-bremen.de\/hilfestudipbremen\/files\/Screenshot-Profil-2_LI.jpg\" class=\"et_pb_lightbox_image\" data-rel=\"lightbox-image-0\" data-rl_title=\"\" data-rl_caption=\"\"><span class=\"et_pb_image_wrap\"><img loading=\"lazy\" decoding=\"async\" src=\"https:\/\/blogs.uni-bremen.de\/hilfestudipbremen\/files\/Screenshot-Profil-2_LI.jpg\" width=\"392\" height=\"190\" srcset=\"https:\/\/blogs.uni-bremen.de\/hilfestudipbremen\/files\/Screenshot-Profil-2_LI.jpg 392w, https:\/\/blogs.uni-bremen.de\/hilfestudipbremen\/files\/Screenshot-Profil-2_LI-300x145.jpg 300w\" sizes=\"(max-width: 392px) 100vw, 392px\" class=\"wp-image-8953\" title=\"\" \/><\/span><\/a><\/div><div class=\"et_pb_text_1 et_pb_text et_pb_bg_layout_light et_pb_module et_block_module\"><div class=\"et_pb_text_inner\"><p>Unter der Reiterleiste k\u00f6nnen Sie einzelne Einstellungsbereiche direkt anspringen.<\/p>\n<\/div><\/div><div class=\"et_pb_divider_0 et_pb_divider et_pb_space et_pb_divider_position_top et_pb_module\"><div class=\"et_pb_divider_internal\"><\/div><\/div><div class=\"et_pb_text_2 et_pb_text et_pb_bg_layout_light et_pb_module et_block_module et_pb_text_align_justified\"><div class=\"et_pb_text_inner\"><p style=\"text-align: left\">Bei weiteren Fragen, Anregungen und\/oder Unterst\u00fctzungsbedarf wenden Sie sich bitte an den Stud.IP-Support:<\/p>\n<p style=\"text-align: left\"><a class=\"link-intern\" href=\"&#x6d;a&#x69;&#108;&#x74;&#111;:&#x69;n&#x66;&#111;&#x40;&#101;l&#x65;&#97;&#x72;&#110;i&#x6e;g&#x2e;&#117;&#x6e;&#105;-&#x62;r&#x65;&#109;&#x65;&#x6e;&#46;&#x64;&#101;\">&#105;&#x6e;&#x66;o&#64;&#x65;l&#101;&#x61;&#x72;n&#105;&#x6e;g&#46;&#x75;&#x6e;i&#45;&#x62;r&#101;&#x6d;&#x65;&#110;&#46;&#x64;e<\/a><\/p>\n<\/div><\/div><div class=\"et_pb_text_3 et_pb_text et_pb_bg_layout_light et_pb_module et_block_module et_pb_text_align_justified\"><div class=\"et_pb_text_inner\"><p><img loading=\"lazy\" decoding=\"async\" src=\"https:\/\/blogs.uni-bremen.de\/hilfestudipbremen\/files\/xiplvtl2.png\" width=\"153\" height=\"45\" alt=\"\" class=\"wp-image-12580 alignnone size-full\" srcset=\"https:\/\/blogs.uni-bremen.de\/hilfestudipbremen\/files\/xiplvtl2.png 153w, https:\/\/blogs.uni-bremen.de\/hilfestudipbremen\/files\/xiplvtl2-150x45.png 150w\" sizes=\"(max-width: 153px) 100vw, 153px\" \/><\/p>\n<\/div><\/div><\/div><\/div><\/div>\n","protected":false},"excerpt":{"rendered":"","protected":false},"author":9499,"featured_media":0,"parent":0,"menu_order":0,"comment_status":"closed","ping_status":"closed","template":"","meta":{"_bbp_topic_count":0,"_bbp_reply_count":0,"_bbp_total_topic_count":0,"_bbp_total_reply_count":0,"_bbp_voice_count":0,"_bbp_anonymous_reply_count":0,"_bbp_topic_count_hidden":0,"_bbp_reply_count_hidden":0,"_bbp_forum_subforum_count":0,"footnotes":""},"class_list":["post-6883","page","type-page","status-publish","hentry"],"_links":{"self":[{"href":"https:\/\/blogs.uni-bremen.de\/hilfestudipbremen\/wp-json\/wp\/v2\/pages\/6883","targetHints":{"allow":["GET"]}}],"collection":[{"href":"https:\/\/blogs.uni-bremen.de\/hilfestudipbremen\/wp-json\/wp\/v2\/pages"}],"about":[{"href":"https:\/\/blogs.uni-bremen.de\/hilfestudipbremen\/wp-json\/wp\/v2\/types\/page"}],"author":[{"embeddable":true,"href":"https:\/\/blogs.uni-bremen.de\/hilfestudipbremen\/wp-json\/wp\/v2\/users\/9499"}],"replies":[{"embeddable":true,"href":"https:\/\/blogs.uni-bremen.de\/hilfestudipbremen\/wp-json\/wp\/v2\/comments?post=6883"}],"version-history":[{"count":9,"href":"https:\/\/blogs.uni-bremen.de\/hilfestudipbremen\/wp-json\/wp\/v2\/pages\/6883\/revisions"}],"predecessor-version":[{"id":14347,"href":"https:\/\/blogs.uni-bremen.de\/hilfestudipbremen\/wp-json\/wp\/v2\/pages\/6883\/revisions\/14347"}],"wp:attachment":[{"href":"https:\/\/blogs.uni-bremen.de\/hilfestudipbremen\/wp-json\/wp\/v2\/media?parent=6883"}],"curies":[{"name":"wp","href":"https:\/\/api.w.org\/{rel}","templated":true}]}}