{"id":37,"date":"2018-02-28T13:53:25","date_gmt":"2018-02-28T12:53:25","guid":{"rendered":"https:\/\/blogs.uni-bremen.de\/hilfestudipbremen\/?page_id=37"},"modified":"2026-02-27T15:06:31","modified_gmt":"2026-02-27T14:06:31","slug":"home-is-where-the-zmml-is","status":"publish","type":"page","link":"https:\/\/blogs.uni-bremen.de\/hilfestudipbremen\/","title":{"rendered":"Allgemeine Hilfe"},"content":{"rendered":"\n<div class=\"et_pb_section_0 et_pb_section et_section_regular et_block_section\"><div class=\"et_pb_row_0 et_pb_row et_pb_row_1-4_3-4 et_block_row et_block_row_1-4_3-4\"><div class=\"et_pb_column_0 et_pb_column et_pb_column_1_4 et_block_column et_pb_column_empty et_pb_css_mix_blend_mode_passthrough\"><\/div><div class=\"et_pb_column_1 et_pb_column et_pb_column_3_4 et-last-child et_block_column et_pb_css_mix_blend_mode_passthrough\"><div class=\"et_pb_text_0 et_pb_text et_pb_bg_layout_light et_pb_module et_block_module\"><div class=\"et_pb_text_inner\"><p>Herzlich Willkommen auf dem Stud.IP-Hilfe Blog der Universit\u00e4t Bremen. Stud.IP steht f\u00fcr Studienbegleitender Internetsupport von Pr\u00e4senzlehre. Es handelt sich dabei um ein Kurs-Management-System, das der Koordination und virtuellen Begleitung von Veranstaltungen dient. Auf den folgenden Seiten finden Sie Hilfestellungen zur Verwendung von Stud.IP und den verschiedenen Werkzeugen, die Sie dabei unterst\u00fctzen sollen, Stud.IP in der Lehre und im Studium zielgerichtet einzusetzen.<\/p>\n<\/div><\/div><div class=\"et_pb_search_0 et_pb_search et_pb_bg_layout_light et_pb_module et_block_module\"><form class=\"et_pb_searchform\" method=\"get\" role=\"search\" action=\"https:\/\/blogs.uni-bremen.de\/hilfestudipbremen\/\"><div><label class=\"screen-reader-text\" for=\"s\">Suchen nach:<\/label><input name=\"s\" class=\"et_pb_s\" type=\"text\" placeholder=\"z.B. Anmeldung\" value=\"\" \/><input name=\"et_pb_searchform_submit\" type=\"hidden\" value=\"et_search_process\" \/><input name=\"et_pb_include_pages\" type=\"hidden\" value=\"yes\" \/><input name=\"et_pb_include_posts\" type=\"hidden\" value=\"yes\" \/><input class=\"et_pb_searchsubmit\" type=\"submit\" value=\"Suche\" \/><\/div><\/form><\/div><div class=\"et_pb_image_0 et_pb_image et_pb_module et_block_module\"><a href=\"https:\/\/blogs.uni-bremen.de\/hilfestudipbremen\/files\/Screenshot-118.png\" class=\"et_pb_lightbox_image\" data-rel=\"lightbox-image-0\" data-rl_title=\"\" data-rl_caption=\"\"><span class=\"et_pb_image_wrap\"><img loading=\"lazy\" decoding=\"async\" src=\"https:\/\/blogs.uni-bremen.de\/hilfestudipbremen\/files\/Screenshot-118.png\" width=\"1054\" height=\"563\" srcset=\"https:\/\/blogs.uni-bremen.de\/hilfestudipbremen\/files\/Screenshot-118.png 1054w, https:\/\/blogs.uni-bremen.de\/hilfestudipbremen\/files\/Screenshot-118-980x523.png 980w, https:\/\/blogs.uni-bremen.de\/hilfestudipbremen\/files\/Screenshot-118-480x256.png 480w\" sizes=\"(min-width: 0px) and (max-width: 480px) 480px, (min-width: 481px) and (max-width: 980px) 980px, (min-width: 981px) 1054px, 100vw\" class=\"wp-image-10046\" title=\"\" \/><\/span><\/a><\/div><div class=\"et_pb_text_1 et_pb_text et_pb_bg_layout_light et_pb_module et_block_module\"><div class=\"et_pb_text_inner\"><p>Copyright: Stud.IP e.V.\u00a0<\/p>\n<\/div><\/div><div class=\"et_pb_divider_0 et_pb_divider et_pb_space et_pb_divider_position_top et_pb_module\"><div class=\"et_pb_divider_internal\"><\/div><\/div><div class=\"et_pb_text_2 et_pb_text et_pb_bg_layout_light et_pb_module et_block_module et_pb_text_align_justified\"><div class=\"et_pb_text_inner\"><p style=\"text-align: left\">Bei weiteren Fragen, Anregungen und\/oder Unterst\u00fctzungsbedarf wenden Sie sich bitte an den Stud.IP-Support:<\/p>\n<p style=\"text-align: left\"><a class=\"link-intern\" href=\"&#109;a&#x69;l&#x74;o&#x3a;i&#x6e;&#102;&#x6f;&#64;&#x65;&#108;&#x65;&#97;r&#110;i&#x6e;g&#x2e;u&#x6e;&#105;&#x2d;&#98;&#x72;&#101;&#x6d;&#101;&#x6e;&#46;d&#101;\">&#x69;&#x6e;&#x66;&#x6f;&#x40;&#x65;&#x6c;&#101;&#97;&#114;&#110;&#105;ng&#46;u&#x6e;&#x69;&#x2d;&#x62;&#x72;&#x65;&#x6d;&#x65;&#110;&#46;&#100;&#101;<\/a><\/p>\n<\/div><\/div><div class=\"et_pb_text_3 et_pb_text et_pb_bg_layout_light et_pb_module et_block_module et_pb_text_align_justified\"><div class=\"et_pb_text_inner\"><p><img loading=\"lazy\" decoding=\"async\" src=\"https:\/\/blogs.uni-bremen.de\/hilfestudipbremen\/files\/xiplvtl2.png\" width=\"153\" height=\"45\" alt=\"\" class=\"wp-image-12580 alignnone size-full\" srcset=\"https:\/\/blogs.uni-bremen.de\/hilfestudipbremen\/files\/xiplvtl2.png 153w, https:\/\/blogs.uni-bremen.de\/hilfestudipbremen\/files\/xiplvtl2-150x45.png 150w\" sizes=\"(max-width: 153px) 100vw, 153px\" \/><\/p>\n<\/div><\/div><\/div><\/div><\/div>\n","protected":false},"excerpt":{"rendered":"","protected":false},"author":6383,"featured_media":0,"parent":0,"menu_order":0,"comment_status":"open","ping_status":"closed","template":"","meta":{"_bbp_topic_count":0,"_bbp_reply_count":0,"_bbp_total_topic_count":0,"_bbp_total_reply_count":0,"_bbp_voice_count":0,"_bbp_anonymous_reply_count":0,"_bbp_topic_count_hidden":0,"_bbp_reply_count_hidden":0,"_bbp_forum_subforum_count":0,"footnotes":""},"class_list":["post-37","page","type-page","status-publish","hentry"],"_links":{"self":[{"href":"https:\/\/blogs.uni-bremen.de\/hilfestudipbremen\/wp-json\/wp\/v2\/pages\/37","targetHints":{"allow":["GET"]}}],"collection":[{"href":"https:\/\/blogs.uni-bremen.de\/hilfestudipbremen\/wp-json\/wp\/v2\/pages"}],"about":[{"href":"https:\/\/blogs.uni-bremen.de\/hilfestudipbremen\/wp-json\/wp\/v2\/types\/page"}],"author":[{"embeddable":true,"href":"https:\/\/blogs.uni-bremen.de\/hilfestudipbremen\/wp-json\/wp\/v2\/users\/6383"}],"replies":[{"embeddable":true,"href":"https:\/\/blogs.uni-bremen.de\/hilfestudipbremen\/wp-json\/wp\/v2\/comments?post=37"}],"version-history":[{"count":9,"href":"https:\/\/blogs.uni-bremen.de\/hilfestudipbremen\/wp-json\/wp\/v2\/pages\/37\/revisions"}],"predecessor-version":[{"id":14288,"href":"https:\/\/blogs.uni-bremen.de\/hilfestudipbremen\/wp-json\/wp\/v2\/pages\/37\/revisions\/14288"}],"wp:attachment":[{"href":"https:\/\/blogs.uni-bremen.de\/hilfestudipbremen\/wp-json\/wp\/v2\/media?parent=37"}],"curies":[{"name":"wp","href":"https:\/\/api.w.org\/{rel}","templated":true}]}}