{"id":348,"date":"2023-08-15T12:59:31","date_gmt":"2023-08-15T10:59:31","guid":{"rendered":"https:\/\/blogs.uni-bremen.de\/hilfestudipbremen\/?page_id=348"},"modified":"2026-02-27T15:07:52","modified_gmt":"2026-02-27T14:07:52","slug":"basis-etherpadplugin","status":"publish","type":"page","link":"https:\/\/blogs.uni-bremen.de\/hilfestudipbremen\/basis-etherpadplugin\/","title":{"rendered":"Etherpad"},"content":{"rendered":"\n<div class=\"et_pb_section_0 et_pb_section et_section_regular et_block_section\"><div class=\"et_pb_row_0 et_pb_row et_pb_row_1-4_3-4 et_block_row et_block_row_1-4_3-4\"><div class=\"et_pb_column_0 et_pb_column et_pb_column_1_4 et_block_column et_pb_css_mix_blend_mode_passthrough\"><div class=\"et_pb_module et_pb_button_module_wrapper et_pb_button_0_wrapper\"><a class=\"et_pb_button_0 et_pb_button et_pb_bg_layout_light et_pb_module et_block_module taste\" href=\"#aktivierungstudipad\">Aktivierung (f\u00fcr Lehrende)<\/a><\/div><div class=\"et_pb_module et_pb_button_module_wrapper et_pb_button_1_wrapper\"><a class=\"et_pb_button_1 et_pb_button et_pb_bg_layout_light et_pb_module et_block_module taste\" href=\"#neustudipad\">Etherpad anlegen (f\u00fcr Lehrende)<\/a><\/div><div class=\"et_pb_module et_pb_button_module_wrapper et_pb_button_2_wrapper\"><a class=\"et_pb_button_2 et_pb_button et_pb_bg_layout_light et_pb_module et_block_module taste\" href=\"#einstellungenstudipad\">Einstellungen<\/a><\/div><div class=\"et_pb_module et_pb_button_module_wrapper et_pb_button_3_wrapper\"><a class=\"et_pb_button_3 et_pb_button et_pb_bg_layout_light et_pb_module et_block_module taste\" href=\"#zugangstudipad\">Zugang zum Etherpad<\/a><\/div><div class=\"et_pb_module et_pb_button_module_wrapper et_pb_button_4_wrapper\"><a class=\"et_pb_button_4 et_pb_button et_pb_bg_layout_light et_pb_module et_block_module taste\" href=\"#imstudipad\">Im Etherpad<\/a><\/div><div class=\"et_pb_module et_pb_button_module_wrapper et_pb_button_5_wrapper\"><a class=\"et_pb_button_5 et_pb_button et_pb_bg_layout_light et_pb_module et_block_module taste\" href=\"#timesliderstudipad\">Timeslider<\/a><\/div><\/div><div class=\"et_pb_column_1 et_pb_column et_pb_column_3_4 et-last-child et_block_column et_pb_css_mix_blend_mode_passthrough\"><div class=\"et_pb_post_title_0 et_pb_post_title et_pb_bg_layout_light et_pb_text_align_center et_pb_module et_block_module\"><div class=\"et_pb_title_container\"><h1 class=\"entry-title\">Etherpad<\/h1><\/div><\/div><div class=\"et_pb_text_0 et_pb_text et_pb_bg_layout_light et_pb_module et_block_module\"><div class=\"et_pb_text_inner\"><p>Etherpads bieten die M\u00f6glichkeit, <strong>kollaborativ\u00a0in Echtzeit an einem Text zu arbeiten<\/strong>. Dabei wird der gesamte Erstellungsverlauf dokumentiert und es besteht die M\u00f6glichkeit einzelne Versionen der Arbeit jederzeit wiederherzustellen. Didaktische Szenarien k\u00f6nnen mit den Einsatz von Etherpads gut unterst\u00fctzt werden: Blended Learning Veranstaltungen, Referate, Artikelentw\u00fcrfe, Hausarbeiten, Gruppen- und Seminararbeiten, Brainstorming, Glossare, Protokolle, Sammlungen und \u00e4hnliches.<\/p>\n<\/div><\/div><div class=\"et_pb_text_1 et_pb_text et_pb_bg_layout_light et_pb_module et_block_module\" id=\"aktivierungstudipad\"><div class=\"et_pb_text_inner\"><p><strong>Aktivierung<\/strong><\/p>\n<p>Zur Aktivierung von Etherpad gehen Sie auf \"Mehr...\" in Ihrer Veranstaltung und aktivieren unter \"Kommunikation und Zusammenarbeit\" das Etherpad durch H\u00e4kchensetzung.<\/p>\n<\/div><\/div><div class=\"et_pb_image_0 et_pb_image et_pb_module et_block_module\"><a href=\"https:\/\/blogs.uni-bremen.de\/hilfestudipbremen\/files\/Etherpad-1.png\" class=\"et_pb_lightbox_image\" data-rel=\"lightbox-image-0\" data-rl_title=\"\" data-rl_caption=\"\"><span class=\"et_pb_image_wrap\"><img loading=\"lazy\" decoding=\"async\" src=\"https:\/\/blogs.uni-bremen.de\/hilfestudipbremen\/files\/Etherpad-1.png\" width=\"1352\" height=\"557\" srcset=\"https:\/\/blogs.uni-bremen.de\/hilfestudipbremen\/files\/Etherpad-1.png 1352w, https:\/\/blogs.uni-bremen.de\/hilfestudipbremen\/files\/Etherpad-1-1280x527.png 1280w, https:\/\/blogs.uni-bremen.de\/hilfestudipbremen\/files\/Etherpad-1-980x404.png 980w, https:\/\/blogs.uni-bremen.de\/hilfestudipbremen\/files\/Etherpad-1-480x198.png 480w\" sizes=\"(min-width: 0px) and (max-width: 480px) 480px, (min-width: 481px) and (max-width: 980px) 980px, (min-width: 981px) and (max-width: 1280px) 1280px, (min-width: 1281px) 1352px, 100vw\" class=\"wp-image-8897\" title=\"\" \/><\/span><\/a><\/div><div class=\"et_pb_text_2 et_pb_text et_pb_bg_layout_light et_pb_module et_block_module\"><div class=\"et_pb_text_inner\"><p>Nach erfolgreicher Aktivierung findet sich Etherpad in der Veranstaltungsleiste.<\/p>\n<\/div><\/div><div class=\"et_pb_image_1 et_pb_image et_pb_module et_block_module\"><a href=\"https:\/\/blogs.uni-bremen.de\/hilfestudipbremen\/files\/Etherpad_Leiste.png\" class=\"et_pb_lightbox_image\" data-rel=\"lightbox-image-1\" data-rl_title=\"\" data-rl_caption=\"\"><span class=\"et_pb_image_wrap\"><img loading=\"lazy\" decoding=\"async\" src=\"https:\/\/blogs.uni-bremen.de\/hilfestudipbremen\/files\/Etherpad_Leiste.png\" width=\"889\" height=\"24\" srcset=\"https:\/\/blogs.uni-bremen.de\/hilfestudipbremen\/files\/Etherpad_Leiste.png 889w, https:\/\/blogs.uni-bremen.de\/hilfestudipbremen\/files\/Etherpad_Leiste-480x13.png 480w\" sizes=\"(min-width: 0px) and (max-width: 480px) 480px, (min-width: 481px) 889px, 100vw\" class=\"wp-image-8896\" title=\"\" \/><\/span><\/a><\/div><div class=\"et_pb_text_3 et_pb_text et_pb_bg_layout_light et_pb_module et_block_module\" id=\"neustudipad\"><div class=\"et_pb_text_inner\"><p><strong>Ein neues Etherpad anlegen<\/strong><\/p>\n<p>Zum Anlegen eines Etherpads gehen Sie in ihrer Veranstaltung auf \"Etherpad\". Nun klicken Sie auf \"+ Neues Pad anlegen\".<\/p>\n<\/div><\/div><div class=\"et_pb_image_2 et_pb_image et_pb_module et_block_module\"><a href=\"https:\/\/blogs.uni-bremen.de\/hilfestudipbremen\/files\/Screenshot-23.png\" class=\"et_pb_lightbox_image\" data-rel=\"lightbox-image-2\" data-rl_title=\"\" data-rl_caption=\"\"><span class=\"et_pb_image_wrap\"><img loading=\"lazy\" decoding=\"async\" src=\"https:\/\/blogs.uni-bremen.de\/hilfestudipbremen\/files\/Screenshot-23.png\" width=\"622\" height=\"143\" srcset=\"https:\/\/blogs.uni-bremen.de\/hilfestudipbremen\/files\/Screenshot-23.png 622w, https:\/\/blogs.uni-bremen.de\/hilfestudipbremen\/files\/Screenshot-23-480x110.png 480w\" sizes=\"(min-width: 0px) and (max-width: 480px) 480px, (min-width: 481px) 622px, 100vw\" class=\"wp-image-8900\" title=\"\" \/><\/span><\/a><\/div><div class=\"et_pb_text_4 et_pb_text et_pb_bg_layout_light et_pb_module et_block_module\"><div class=\"et_pb_text_inner\"><p>Geben Sie den Namen des neuen Pads ein und klicken auf \"Neues Pad anlegen\". Nach erfolgreicher Anlegung findet sich das neue Etherpad unter den anderen Etherpads, direkt am Seitenanfang.<\/p>\n<\/div><\/div><div class=\"et_pb_image_3 et_pb_image et_pb_module et_block_module\"><a href=\"https:\/\/blogs.uni-bremen.de\/hilfestudipbremen\/files\/Screenshot-24.png\" class=\"et_pb_lightbox_image\" data-rel=\"lightbox-image-3\" data-rl_title=\"\" data-rl_caption=\"\"><span class=\"et_pb_image_wrap\"><img loading=\"lazy\" decoding=\"async\" src=\"https:\/\/blogs.uni-bremen.de\/hilfestudipbremen\/files\/Screenshot-24.png\" width=\"322\" height=\"325\" srcset=\"https:\/\/blogs.uni-bremen.de\/hilfestudipbremen\/files\/Screenshot-24.png 322w, https:\/\/blogs.uni-bremen.de\/hilfestudipbremen\/files\/Screenshot-24-297x300.png 297w, https:\/\/blogs.uni-bremen.de\/hilfestudipbremen\/files\/Screenshot-24-150x150.png 150w\" sizes=\"(max-width: 322px) 100vw, 322px\" class=\"wp-image-8901\" title=\"\" \/><\/span><\/a><\/div><div class=\"et_pb_text_5 et_pb_text et_pb_bg_layout_light et_pb_module et_block_module\" id=\"einstellungenstudipad\"><div class=\"et_pb_text_inner\"><p><strong>Einstellungen<\/strong><\/p>\n<p>Nach dem erfolgreichen Anlegen des Etherpads k\u00f6nnen Einstellungen an diesem vorgenommen werden. Dazu klicken Sie auf \"Einstellungen\" in der Zeile des Etherpad, an dem Sie Einstellungen vornehmen wollen.<\/p>\n<p>Die Funktionen beziehen sich auf Elemente im Etherpad.<\/p>\n<p>Zum Abschluss dr\u00fccken Sie \"Speichern\".<\/p>\n<p>Ebenso k\u00f6nnen Sie unter Einstellungen ihr Etherpad l\u00f6schen. Dazu klicken Sie \"L\u00f6schen\".<\/p>\n<\/div><\/div><div class=\"et_pb_image_4 et_pb_image et_pb_module et_block_module\"><a href=\"https:\/\/blogs.uni-bremen.de\/hilfestudipbremen\/files\/Screenshot-31.png\" class=\"et_pb_lightbox_image\" data-rel=\"lightbox-image-4\" data-rl_title=\"\" data-rl_caption=\"\"><span class=\"et_pb_image_wrap\"><img loading=\"lazy\" decoding=\"async\" src=\"https:\/\/blogs.uni-bremen.de\/hilfestudipbremen\/files\/Screenshot-31.png\" width=\"1350\" height=\"473\" srcset=\"https:\/\/blogs.uni-bremen.de\/hilfestudipbremen\/files\/Screenshot-31.png 1350w, https:\/\/blogs.uni-bremen.de\/hilfestudipbremen\/files\/Screenshot-31-1280x448.png 1280w, https:\/\/blogs.uni-bremen.de\/hilfestudipbremen\/files\/Screenshot-31-980x343.png 980w, https:\/\/blogs.uni-bremen.de\/hilfestudipbremen\/files\/Screenshot-31-480x168.png 480w\" sizes=\"(min-width: 0px) and (max-width: 480px) 480px, (min-width: 481px) and (max-width: 980px) 980px, (min-width: 981px) and (max-width: 1280px) 1280px, (min-width: 1281px) 1350px, 100vw\" class=\"wp-image-8911\" title=\"\" \/><\/span><\/a><\/div><div class=\"et_pb_text_6 et_pb_text et_pb_bg_layout_light et_pb_module et_block_module\"><div class=\"et_pb_text_inner\"><p><strong>Zugang zum Etherpad<\/strong><\/p>\n<p>Um auf Ihr Etherpad zugreifen zu k\u00f6nnen, klicken Sie auf \"Etherpad\" in der Veranstaltungsleiste. Durch Klicken auf das gew\u00fcnschte Pad gelangen Sie in Ihr Etherpad.<\/p>\n<\/div><\/div><div class=\"et_pb_image_5 et_pb_image et_pb_module et_block_module\"><a href=\"https:\/\/blogs.uni-bremen.de\/hilfestudipbremen\/files\/Screenshot-28.png\" class=\"et_pb_lightbox_image\" data-rel=\"lightbox-image-5\" data-rl_title=\"\" data-rl_caption=\"\"><span class=\"et_pb_image_wrap\"><img loading=\"lazy\" decoding=\"async\" src=\"https:\/\/blogs.uni-bremen.de\/hilfestudipbremen\/files\/Screenshot-28.png\" width=\"1067\" height=\"120\" srcset=\"https:\/\/blogs.uni-bremen.de\/hilfestudipbremen\/files\/Screenshot-28.png 1067w, https:\/\/blogs.uni-bremen.de\/hilfestudipbremen\/files\/Screenshot-28-980x110.png 980w, https:\/\/blogs.uni-bremen.de\/hilfestudipbremen\/files\/Screenshot-28-480x54.png 480w\" sizes=\"(min-width: 0px) and (max-width: 480px) 480px, (min-width: 481px) and (max-width: 980px) 980px, (min-width: 981px) 1067px, 100vw\" class=\"wp-image-8904\" title=\"\" \/><\/span><\/a><\/div><div class=\"et_pb_text_7 et_pb_text et_pb_bg_layout_light et_pb_module et_block_module\" id=\"imstudipad\"><div class=\"et_pb_text_inner\"><p><strong>Im Etherpad<\/strong><\/p>\n<p>Nun sind Sie im Etherpad. Hier finden Sie den Texteditor und k\u00f6nnen die Schrift anpassen. Unten rechts befindet sich die Unterhaltung. Durch Anklicken \u00f6ffnet sich die Unterhaltung.\u00a0In der Unterhaltung k\u00f6nnen Sie mit anderen Textmitteilungen austauschen. Auf der rechten Seite finden Sie die Personen, die gerade online sind. Neben dem Namen der Person erscheint die Farbe, in der die Person im Etherpad schreibt. Dadurch bleibt immer sichtbar, wer was geschrieben hat.<\/p>\n<p>Wichtig sind des Weiteren das Uhrensymbol und der Stern. Durch Anklicken des Sterns k\u00f6nnen Sie die aktuelle Version speichern. Durch Anklicken des Uhrensymbols k\u00f6nnen Sie auf die vorigen Versionen zu greifen. Die in verschiedene Richtungen zeigenden Pfeile geben die Option, Dateien zu importieren, oder das Pad zu exportieren. Das R\u00e4dchen Symbol l\u00e4sst Einstellungen im Pad zu, wie z.B. ob die Benutzer, die gerade online sind, angezeigt werden sollen.<\/p>\n<\/div><\/div><div class=\"et_pb_image_6 et_pb_image et_pb_module et_block_module\"><a href=\"https:\/\/blogs.uni-bremen.de\/hilfestudipbremen\/files\/Screenshot-30.png\" class=\"et_pb_lightbox_image\" data-rel=\"lightbox-image-6\" data-rl_title=\"\" data-rl_caption=\"\"><span class=\"et_pb_image_wrap\"><img loading=\"lazy\" decoding=\"async\" src=\"https:\/\/blogs.uni-bremen.de\/hilfestudipbremen\/files\/Screenshot-30.png\" width=\"1044\" height=\"459\" srcset=\"https:\/\/blogs.uni-bremen.de\/hilfestudipbremen\/files\/Screenshot-30.png 1044w, https:\/\/blogs.uni-bremen.de\/hilfestudipbremen\/files\/Screenshot-30-980x431.png 980w, https:\/\/blogs.uni-bremen.de\/hilfestudipbremen\/files\/Screenshot-30-480x211.png 480w\" sizes=\"(min-width: 0px) and (max-width: 480px) 480px, (min-width: 481px) and (max-width: 980px) 980px, (min-width: 981px) 1044px, 100vw\" class=\"wp-image-8905\" title=\"\" \/><\/span><\/a><\/div><div class=\"et_pb_text_8 et_pb_text et_pb_bg_layout_light et_pb_module et_block_module\" id=\"timesliderstudipad\"><div class=\"et_pb_text_inner\"><p><strong>Timeslider<\/strong><\/p>\n<p>Im Timeslider k\u00f6nnen Sie die vorangegangene Versionen Ihrer Arbeit anschauen. Dies kann entweder automatisch \u00fcber den Pfeil-Button geschehen oder manuell \u00fcber das Bewegen des Balkens. Klicken Sie auf die in verschiedene Richtungen zeigenden Pfeile, k\u00f6nnen Sie ihr Dokument als eine beliebig ausw\u00e4hlbare Datei exportieren. Mit \"Return to Pad\" gelangen Sie in den Bearbeitungsmodus.<\/p>\n<p>&nbsp;<\/p>\n<\/div><\/div><div class=\"et_pb_image_7 et_pb_image et_pb_module et_block_module\"><a href=\"https:\/\/blogs.uni-bremen.de\/hilfestudipbremen\/files\/2018\/08\/timeslider.png\" class=\"et_pb_lightbox_image\" data-rel=\"lightbox-image-7\" data-rl_title=\"\" data-rl_caption=\"\"><span class=\"et_pb_image_wrap\"><img decoding=\"async\" src=\"https:\/\/blogs.uni-bremen.de\/hilfestudipbremen\/files\/2018\/08\/timeslider.png\" title=\"\" \/><\/span><\/a><\/div><div class=\"et_pb_divider_0 et_pb_divider et_pb_space et_pb_divider_position_top et_pb_module\"><div class=\"et_pb_divider_internal\"><\/div><\/div><div class=\"et_pb_text_9 et_pb_text et_pb_bg_layout_light et_pb_module et_block_module et_pb_text_align_justified\"><div class=\"et_pb_text_inner\"><p style=\"text-align: left\">Bei weiteren Fragen, Anregungen und\/oder Unterst\u00fctzungsbedarf wenden Sie sich bitte an den Stud.IP-Support:<\/p>\n<p style=\"text-align: left\"><a class=\"link-intern\" href=\"&#109;&#x61;&#x69;&#108;&#x74;&#x6f;:&#x69;&#x6e;f&#111;&#x40;e&#108;&#x65;a&#114;&#x6e;i&#110;&#x67;&#46;&#117;&#x6e;&#x69;&#45;&#x62;&#x72;&#101;&#x6d;&#x65;n&#x2e;&#x64;e\">&#x69;&#110;f&#x6f;&#x40;&#101;l&#x65;&#x61;&#114;n&#x69;&#x6e;&#103;&#46;&#x75;&#x6e;&#105;-&#x62;&#114;&#101;m&#x65;&#110;&#46;&#x64;&#x65;<\/a><\/p>\n<\/div><\/div><div class=\"et_pb_text_10 et_pb_text et_pb_bg_layout_light et_pb_module et_block_module et_pb_text_align_justified\"><div class=\"et_pb_text_inner\"><p><img loading=\"lazy\" decoding=\"async\" src=\"https:\/\/blogs.uni-bremen.de\/hilfestudipbremen\/files\/xiplvtl2.png\" width=\"153\" height=\"45\" alt=\"\" class=\"wp-image-12580 alignnone size-full\" srcset=\"https:\/\/blogs.uni-bremen.de\/hilfestudipbremen\/files\/xiplvtl2.png 153w, https:\/\/blogs.uni-bremen.de\/hilfestudipbremen\/files\/xiplvtl2-150x45.png 150w\" sizes=\"(max-width: 153px) 100vw, 153px\" \/><\/p>\n<\/div><\/div><\/div><\/div><\/div>\n","protected":false},"excerpt":{"rendered":"","protected":false},"author":12845,"featured_media":0,"parent":0,"menu_order":0,"comment_status":"closed","ping_status":"closed","template":"","meta":{"_bbp_topic_count":0,"_bbp_reply_count":0,"_bbp_total_topic_count":0,"_bbp_total_reply_count":0,"_bbp_voice_count":0,"_bbp_anonymous_reply_count":0,"_bbp_topic_count_hidden":0,"_bbp_reply_count_hidden":0,"_bbp_forum_subforum_count":0,"footnotes":""},"class_list":["post-348","page","type-page","status-publish","hentry"],"_links":{"self":[{"href":"https:\/\/blogs.uni-bremen.de\/hilfestudipbremen\/wp-json\/wp\/v2\/pages\/348","targetHints":{"allow":["GET"]}}],"collection":[{"href":"https:\/\/blogs.uni-bremen.de\/hilfestudipbremen\/wp-json\/wp\/v2\/pages"}],"about":[{"href":"https:\/\/blogs.uni-bremen.de\/hilfestudipbremen\/wp-json\/wp\/v2\/types\/page"}],"author":[{"embeddable":true,"href":"https:\/\/blogs.uni-bremen.de\/hilfestudipbremen\/wp-json\/wp\/v2\/users\/12845"}],"replies":[{"embeddable":true,"href":"https:\/\/blogs.uni-bremen.de\/hilfestudipbremen\/wp-json\/wp\/v2\/comments?post=348"}],"version-history":[{"count":10,"href":"https:\/\/blogs.uni-bremen.de\/hilfestudipbremen\/wp-json\/wp\/v2\/pages\/348\/revisions"}],"predecessor-version":[{"id":14346,"href":"https:\/\/blogs.uni-bremen.de\/hilfestudipbremen\/wp-json\/wp\/v2\/pages\/348\/revisions\/14346"}],"wp:attachment":[{"href":"https:\/\/blogs.uni-bremen.de\/hilfestudipbremen\/wp-json\/wp\/v2\/media?parent=348"}],"curies":[{"name":"wp","href":"https:\/\/api.w.org\/{rel}","templated":true}]}}