{"id":13811,"date":"2025-10-23T13:39:57","date_gmt":"2025-10-23T11:39:57","guid":{"rendered":"https:\/\/blogs.uni-bremen.de\/hilfestudipbremen\/?page_id=13811"},"modified":"2026-02-27T15:08:33","modified_gmt":"2026-02-27T14:08:33","slug":"basis-courseware","status":"publish","type":"page","link":"https:\/\/blogs.uni-bremen.de\/hilfestudipbremen\/basis-courseware\/","title":{"rendered":"Courseware"},"content":{"rendered":"\n<div class=\"et_pb_section_0 et_pb_section et_section_regular et_block_section\"><div class=\"et_pb_row_0 et_pb_row et_pb_row_1-4_3-4 et_block_row et_block_row_1-4_3-4\"><div class=\"et_pb_column_0 et_pb_column et_pb_column_1_4 et_block_column et_pb_css_mix_blend_mode_passthrough\"><div class=\"et_pb_module et_pb_button_module_wrapper et_pb_button_0_wrapper\"><a class=\"et_pb_button_0 et_pb_button et_pb_bg_layout_light et_animated et_pb_module et_block_module taste\" href=\"https:\/\/blogs.uni-bremen.de\/hilfestudipbremen\/basis-courseware\">Startseite Courseware Hilfe<\/a><\/div><div class=\"et_pb_module et_pb_button_module_wrapper et_pb_button_1_wrapper\"><a class=\"et_pb_button_1 et_pb_button et_pb_bg_layout_light et_animated et_pb_module et_block_module taste\" href=\"https:\/\/blogs.uni-bremen.de\/hilfestudipbremen\/courseware-fuer-eilige\">Courseware f\u00fcr Eilige<\/a><\/div><div class=\"et_pb_module et_pb_button_module_wrapper et_pb_button_2_wrapper\"><a class=\"et_pb_button_2 et_pb_button et_pb_bg_layout_light et_animated et_pb_module et_block_module taste\" href=\"https:\/\/blogs.uni-bremen.de\/hilfestudipbremen\/courseware-aktivieren\/\">Lernmaterial anlegen \/ hinzuf\u00fcgen <\/a><\/div><div class=\"et_pb_module et_pb_button_module_wrapper et_pb_button_3_wrapper\"><a class=\"et_pb_button_3 et_pb_button et_pb_bg_layout_light et_animated et_pb_module et_block_module taste\" href=\"https:\/\/blogs.uni-bremen.de\/hilfestudipbremen\/lernmaterialien-teilen\/\">Lernmaterialien teilen<\/a><\/div><div class=\"et_pb_module et_pb_button_module_wrapper et_pb_button_4_wrapper\"><a class=\"et_pb_button_4 et_pb_button et_pb_bg_layout_light et_animated et_pb_module et_block_module taste\" href=\"https:\/\/blogs.uni-bremen.de\/hilfestudipbremen\/courseware-bedienung\">Men\u00fc- und Navigationsfunktionen<\/a><\/div><div class=\"et_pb_module et_pb_button_module_wrapper et_pb_button_5_wrapper\"><a class=\"et_pb_button_5 et_pb_button et_pb_bg_layout_light et_animated et_pb_module et_block_module taste\" href=\"https:\/\/blogs.uni-bremen.de\/hilfestudipbremen\/gestaltungselement-seite\/\">Gestaltungselement Seite<\/a><\/div><div class=\"et_pb_module et_pb_button_module_wrapper et_pb_button_6_wrapper\"><a class=\"et_pb_button_6 et_pb_button et_pb_bg_layout_light et_animated et_pb_module et_block_module taste\" href=\"https:\/\/blogs.uni-bremen.de\/hilfestudipbremen\/courseware-abschnitte\/\">Gestaltungselement Abschnitt<\/a><\/div><div class=\"et_pb_module et_pb_button_module_wrapper et_pb_button_7_wrapper\"><a class=\"et_pb_button_7 et_pb_button et_pb_bg_layout_light et_animated et_pb_module et_block_module taste\" href=\"https:\/\/blogs.uni-bremen.de\/hilfestudipbremen\/courseware-bloecke\/\"> Gestaltungselement Block<\/a><\/div><div class=\"et_pb_module et_pb_button_module_wrapper et_pb_button_8_wrapper\"><a class=\"et_pb_button_8 et_pb_button et_pb_bg_layout_light et_animated et_pb_module et_block_module taste\" href=\"https:\/\/blogs.uni-bremen.de\/hilfestudipbremen\/aufgaben-in-courseware\/\">Aufgaben gestalten mit Courseware<\/a><\/div><\/div><div class=\"et_pb_column_1 et_pb_column et_pb_column_3_4 et-last-child et_block_column et_pb_css_mix_blend_mode_passthrough\"><div class=\"et_pb_post_title_0 et_pb_post_title et_pb_bg_layout_light et_pb_text_align_center et_pb_module et_block_module\"><div class=\"et_pb_title_container\"><h1 class=\"entry-title\">Courseware<\/h1><\/div><\/div><div class=\"et_pb_text_0 et_pb_text et_pb_bg_layout_light et_pb_module et_block_module\"><div class=\"et_pb_text_inner\"><h4><strong><span style=\"color: #2e4a7c\">Multimediale Lernmaterialien gestalten mit Courseware<\/span><\/strong><\/h4>\n<p>Mit Courseware k\u00f6nnen Sie interaktive multimediale Lerninhalte erstellen und nutzen.<\/p>\n<p>Die Lerninhalte lassen sich hierarchisch unterteilen und k\u00f6nnen aus folgenden Elementen bestehen:<\/p>\n<ul>\n<li>Texten<\/li>\n<li>Videosequenzen<\/li>\n<li>Aufgaben<\/li>\n<li>Kommunikationselementen<\/li>\n<li>weitere Inhaltstypen<\/li>\n<\/ul>\n<p>Fertige Lerninhalte k\u00f6nnen exportiert und in andere Veranstaltungen, Studiengruppen oder andere Stud.IP-Installationen importiert werden.<\/p>\n<p>Courseware ist nicht nur f\u00fcr digitale Formate geeignet, sondern kann auch genutzt werden, um klassische Pr\u00e4senzveranstaltungen mit Online-Anteilen zu erg\u00e4nzen. Formate wie integriertes Lernen (Blended Learning) lassen sich mit Courseware ideal umsetzen. Kollaboratives Lernen kann dank Schreibrechtevergabe und des Einsatzes von Courseware in Studiengruppen realisiert werden.<\/p>\n<p>In dieser Hilfe beschreiben wir die Bedienung von Courseware, wie Sie Lernmaterialien anlegen und gestalten k\u00f6nnen.\u00a0<\/p>\n<p><strong>Sie finden auf diesen Seiten eine Beschreibung des Courseware Funktionsumfangs f\u00fcr die Installation an der Universit\u00e4t Bremen<\/strong><\/p>\n<\/div><\/div><div class=\"et_pb_divider_0 et_pb_divider et_pb_space et_pb_divider_position_top et_pb_module\"><div class=\"et_pb_divider_internal\"><\/div><\/div><div class=\"et_pb_image_0 et_pb_image et_pb_module et_block_module\"><\/div><div class=\"et_pb_text_1 et_pb_text et_pb_bg_layout_light et_pb_module et_block_module et_pb_text_align_justified\"><div class=\"et_pb_text_inner\"><p style=\"text-align: left\">Bei weiteren Fragen, Anregungen und\/oder Unterst\u00fctzungsbedarf wenden Sie sich bitte an den Stud.IP-Support:<\/p>\n<p style=\"text-align: left\"><a class=\"link-intern\" href=\"&#x6d;a&#x69;&#108;&#x74;&#x6f;:&#x69;&#110;&#x66;&#x6f;&#64;&#x65;&#108;&#x65;&#x61;r&#x6e;&#105;&#x6e;&#x67;&#46;&#x75;&#110;&#x69;&#x2d;b&#x72;&#101;&#x6d;&#x65;n&#x2e;&#100;&#x65;\">info&#64;&#101;&#108;&#101;&#97;&#114;&#110;&#x69;&#x6e;&#x67;&#x2e;&#x75;&#x6e;&#x69;&#x2d;&#x62;reme&#110;&#46;&#100;&#101;<\/a><\/p>\n<\/div><\/div><div class=\"et_pb_text_2 et_pb_text et_pb_bg_layout_light et_pb_module et_block_module et_pb_text_align_justified\"><div class=\"et_pb_text_inner\"><p><img loading=\"lazy\" decoding=\"async\" src=\"https:\/\/blogs.uni-bremen.de\/hilfestudipbremen\/files\/xiplvtl2.png\" width=\"153\" height=\"45\" alt=\"\" class=\"wp-image-12580 alignnone size-full\" srcset=\"https:\/\/blogs.uni-bremen.de\/hilfestudipbremen\/files\/xiplvtl2.png 153w, https:\/\/blogs.uni-bremen.de\/hilfestudipbremen\/files\/xiplvtl2-150x45.png 150w\" sizes=\"(max-width: 153px) 100vw, 153px\" \/><\/p>\n<\/div><\/div><\/div><\/div><\/div>\n","protected":false},"excerpt":{"rendered":"","protected":false},"author":14540,"featured_media":0,"parent":0,"menu_order":0,"comment_status":"closed","ping_status":"closed","template":"","meta":{"_bbp_topic_count":0,"_bbp_reply_count":0,"_bbp_total_topic_count":0,"_bbp_total_reply_count":0,"_bbp_voice_count":0,"_bbp_anonymous_reply_count":0,"_bbp_topic_count_hidden":0,"_bbp_reply_count_hidden":0,"_bbp_forum_subforum_count":0,"footnotes":""},"class_list":["post-13811","page","type-page","status-publish","hentry"],"_links":{"self":[{"href":"https:\/\/blogs.uni-bremen.de\/hilfestudipbremen\/wp-json\/wp\/v2\/pages\/13811","targetHints":{"allow":["GET"]}}],"collection":[{"href":"https:\/\/blogs.uni-bremen.de\/hilfestudipbremen\/wp-json\/wp\/v2\/pages"}],"about":[{"href":"https:\/\/blogs.uni-bremen.de\/hilfestudipbremen\/wp-json\/wp\/v2\/types\/page"}],"author":[{"embeddable":true,"href":"https:\/\/blogs.uni-bremen.de\/hilfestudipbremen\/wp-json\/wp\/v2\/users\/14540"}],"replies":[{"embeddable":true,"href":"https:\/\/blogs.uni-bremen.de\/hilfestudipbremen\/wp-json\/wp\/v2\/comments?post=13811"}],"version-history":[{"count":8,"href":"https:\/\/blogs.uni-bremen.de\/hilfestudipbremen\/wp-json\/wp\/v2\/pages\/13811\/revisions"}],"predecessor-version":[{"id":14374,"href":"https:\/\/blogs.uni-bremen.de\/hilfestudipbremen\/wp-json\/wp\/v2\/pages\/13811\/revisions\/14374"}],"wp:attachment":[{"href":"https:\/\/blogs.uni-bremen.de\/hilfestudipbremen\/wp-json\/wp\/v2\/media?parent=13811"}],"curies":[{"name":"wp","href":"https:\/\/api.w.org\/{rel}","templated":true}]}}