{"id":78,"date":"2020-04-06T13:23:14","date_gmt":"2020-04-06T11:23:14","guid":{"rendered":"https:\/\/blogs.uni-bremen.de\/hafenblog\/?page_id=78"},"modified":"2020-09-17T13:38:49","modified_gmt":"2020-09-17T11:38:49","slug":"links","status":"publish","type":"page","link":"https:\/\/blogs.uni-bremen.de\/hafenblog\/links\/","title":{"rendered":"Forschungsdaten"},"content":{"rendered":"<p style=\"text-align: justify\">In diesem Seminar gehen wir gemeinsam auf die Suche nach lokalen Spuren globaler Entwicklungsdynamiken und ergr\u00fcnden die komplexen Beziehungen zwischen H\u00e4fen, Politik, Stadtgesellschaft und Regionalwirtschaft in Bremen und Bremerhaven. Wir erarbeiten uns dabei die <a href=\"https:\/\/blogs.uni-bremen.de\/hafenblog\/themen\/\">Seminarthemen<\/a> schrittweise in 12 Lerneinheiten, zu denen wir hier individuelle und kollektive Lernbeitr\u00e4ge posten und diskutieren.<\/p>\n<p style=\"text-align: justify\">Da wir im Rahmen eines einsemestrigen (digitalen) Seminars kaum eigene Forschungsdaten erheben k\u00f6nnen &#8211; und dies unter den aktuell erschwerten Ausgangsbedingungen inkl. der geringen freien Kapazit\u00e4ten bei den Hafenakteuren und den z.T. massiven Einschr\u00e4nkungen in der Hafenwirtschaft auch kaum m\u00f6glich erscheint &#8211; greifen wir v.a. auf vorhandene Forschungsdaten, Archive und prozessproduzierte Daten (wie z.B. amtliche Statistiken, Gesch\u00e4ftsberichte und politische Dokumente) zur\u00fcck. Hier ist eine kleine \u00dcbersicht hilfreicher empirischer Daten, die wir im laufe des Semesters kontinuierlich erweitern.<\/p>\n<p><span style=\"color: #ff0000\"><em>Zuletzt aktualisiert am 17.09.2020<br \/>\n<\/em><\/span><\/p>\n<h2>Forschungsdaten zu den Bremischen H\u00e4fen<\/h2>\n<ul>\n<li><a href=\"https:\/\/bremenports.de\/statistiken\/\" target=\"_blank\" rel=\"noopener noreferrer\">Hafenspiegel &amp; monatliche Schnellstatisken<\/a><\/li>\n<li><a href=\"https:\/\/zukunft.bremen.de\/dokumente\/dokument-hafenkonzept-202025\/\" target=\"_blank\" rel=\"noopener noreferrer\">Bremer Hafenkonzept 2020\/25<\/a><\/li>\n<li><a href=\"https:\/\/www.bmvi.de\/SharedDocs\/DE\/Artikel\/WS\/nationales-hafenkonzept.html\" target=\"_blank\" rel=\"noopener noreferrer\">Nationales Hafenkonzept 2015<\/a><\/li>\n<li><a href=\"http:\/\/hafenarchiv.de\/content\/hafenarchiv\" target=\"_blank\" rel=\"noopener noreferrer\">Bremer Hafenarchiv<\/a><\/li>\n<li><a href=\"http:\/\/digitales-heimatmuseum.de\/\" target=\"_blank\" rel=\"noopener noreferrer\">digitales Heimatmuseum<\/a><\/li>\n<li><a href=\"https:\/\/paris.bremische-buergerschaft.de\/index.htm\" target=\"_blank\" rel=\"noopener noreferrer\">Parlamentsdatenbank Bremische B\u00fcrgerschaft<\/a><\/li>\n<li><a href=\"https:\/\/bremenports.de\/mediathek\/\" target=\"_blank\" rel=\"noopener noreferrer\">bremenports Mediathek<\/a><\/li>\n<li><a href=\"http:\/\/www.bremer-haven-perspektiven.de\/\" target=\"_blank\" rel=\"noopener noreferrer\">BremerHavenPerspektiven<\/a> (Bilddatenbank der Bremischen H\u00e4fen)<\/li>\n<li><a href=\"https:\/\/bremenports.de\/schiffe-im-hafen\/schiffs-tracker\/\" target=\"_blank\" rel=\"noopener noreferrer\">bremenports Schiffs Tracker<\/a><\/li>\n<li>Weser Kurier: Digitales Zeitungsarchiv (Zugriff via SuUB)<\/li>\n<li>Weser Kurier: <a href=\"https:\/\/wkgeschichte.weser-kurier.de\/\" target=\"_blank\" rel=\"noopener noreferrer\">WK Geschichte<\/a><\/li>\n<li><a href=\"https:\/\/www.statistik.bremen.de\/\" target=\"_blank\" rel=\"noopener noreferrer\">Statistisches Landesamt Bremen<\/a><\/li>\n<li><a href=\"http:\/\/www.statistik-bremen.de\/tabellen\/kleinraum\/ortsteilatlas\/atlas.html\" target=\"_blank\" rel=\"noopener noreferrer\">Bremer Ortsteilatlas<\/a><\/li>\n<li><a href=\"https:\/\/www.staatsarchiv.bremen.de\/\">Staatsarchiv Bremen<\/a> (u.a. Archiv des Bremer Vulkan)<\/li>\n<li>Unternehmenschroniken &amp; Gesch\u00e4ftsberichte<\/li>\n<li><a href=\"https:\/\/www.isl.org\/de\/start\" target=\"_blank\" rel=\"noopener noreferrer\">Institut f\u00fcr Seeverkehrswirtschaft und Logistik<\/a> Bremen (ISL)<\/li>\n<li>Quellensammlung &#8222;Bremen: Eine Stadt der Kolonien?<br \/>\n(Aus den Aken auf die B\u00fchne Band 10, hrsg. von Anna Mamzer,<br \/>\nEva Sch\u00f6ck-Quinteros &amp; Mareike Wittkowski)<\/li>\n<li><a href=\"https:\/\/www.focke-museum.de\/das-museum\/bibliothek\/\" target=\"_blank\" rel=\"noopener noreferrer\">Bibliothek &amp; Bildarchiv des Fockemuseums<\/a><\/li>\n<li><a href=\"https:\/\/ag-weser-werftarchiv.jimdofree.com\/\" target=\"_blank\" rel=\"noopener noreferrer\">AG Weser Wertfarchiv<\/a><\/li>\n<li><a href=\"https:\/\/www.youtube.com\/channel\/UCV7zAprtP2RySDEBB1yxfJQ\" target=\"_blank\" rel=\"noopener noreferrer\">AG Weser Werftarchiv (youtube)<\/a><\/li>\n<li><a href=\"https:\/\/www.kulturhauswalle.de\/home\" target=\"_blank\" rel=\"noopener noreferrer\">Kulturzentrum Walle &#8211; Brodelpott<\/a><\/li>\n<li><a href=\"https:\/\/www.geschichtswerkstatt-groepelingen-bremen.de\/\" target=\"_blank\" rel=\"noopener noreferrer\">Geschichtswerkstatt Gr\u00f6pelingen<\/a><\/li>\n<\/ul>\n<ul>\n<li>Klaus-Peter Buss (2018): <a href=\"https:\/\/www.google.com\/url?sa=t&amp;rct=j&amp;q=&amp;esrc=s&amp;source=web&amp;cd=1&amp;ved=2ahUKEwiCi-6l6fjoAhWp0KYKHfAUCaoQFjAAegQIARAB&amp;url=http%3A%2F%2Fwww.boeckler.de%2Fpdf%2Fp_study_hbs_402.pdf&amp;usg=AOvVaw0QEvvtWD1X6ofBIoh2-0c9\" target=\"_blank\" rel=\"noopener noreferrer\">Branchenanalyse Hafenwirtschaft<\/a><\/li>\n<li><a href=\"https:\/\/ec.europa.eu\/transport\/modes\/maritime_de\" target=\"_blank\" rel=\"noopener noreferrer\">Europ\u00e4ische Kommission: Mobilit\u00e4t &amp; Transport<\/a><\/li>\n<li><a href=\"https:\/\/www.marinetraffic.com\/en\/ais\/home\/centerx:-5.1\/centery:22.8\/zoom:3\" target=\"_blank\" rel=\"noopener noreferrer\">MarineTraffic Live Map<\/a><\/li>\n<li><a href=\"https:\/\/www.wto.org\/english\/res_e\/statis_e\/statis_e.htm\" target=\"_blank\" rel=\"noopener noreferrer\">WTO trade and trade data<\/a><\/li>\n<li><a href=\"https:\/\/unctad.org\/en\/Pages\/statistics.aspx\" target=\"_blank\" rel=\"noopener noreferrer\">UNCTAD Statistics<\/a><\/li>\n<li><a href=\"https:\/\/unctad.org\/en\/Pages\/Publications\/Review-of-Maritime-Transport-(Series).aspx\" target=\"_blank\" rel=\"noopener noreferrer\">UNCTAD Review of Maritime Transport<\/a> (j\u00e4hrlicher Bericht mit anschaulichen Grafiken zur internationalen Handelsschifffahrt)<\/li>\n<li><a href=\"https:\/\/oec.world\/en\/\" target=\"_blank\" rel=\"noopener noreferrer\">Observatory of Economic Complexity (OEC)<\/a><\/li>\n<li>Visual Capitalist Interactive Map: <a href=\"https:\/\/www.visualcapitalist.com\/interactive-mapping-flow-international-trade\/\" target=\"_blank\" rel=\"noopener noreferrer\">The Flow of International Trade<\/a><\/li>\n<li><a href=\"http:\/\/www.imo.org\/en\/KnowledgeCentre\/Pages\/Default.aspx\" target=\"_blank\" rel=\"noopener noreferrer\">IMO Maritime Knowledge Centre<\/a><\/li>\n<li><a href=\"http:\/\/www.porteconomics.eu\/\" target=\"_blank\" rel=\"noopener noreferrer\">Porteconomics<\/a><\/li>\n<li><a href=\"https:\/\/www.itf-oecd.org\/maritime\" target=\"_blank\" rel=\"noopener noreferrer\">International Transportation Forum<\/a><\/li>\n<li><a href=\"https:\/\/lloydslist.maritimeintelligence.informa.com\/one-hundred-container-ports-2019\" target=\"_blank\" rel=\"noopener noreferrer\">Lloyd&#8217;s List One Hundred Ports 2019<\/a><\/li>\n<li><a href=\"https:\/\/www.destatis.de\/DE\/Home\/_inhalt.html\" target=\"_blank\" rel=\"noopener noreferrer\">DESTATIS &#8211; Statistisches Bundesamt<\/a> (z.B. regelm\u00e4\u00dfige Publikation zur Schifffahrt, G\u00fcterverkehrsstatistik, Wirtschaftsentwicklung)<\/li>\n<li><a href=\"https:\/\/de.statista.com\/\" target=\"_blank\" rel=\"noopener noreferrer\">Statista<\/a> (z.B. nach Schifffahrt oder Containerumschlag suchen,<br \/>\nfreier Zugang \u00fcber SuUB bzw. mit VPN Client)<\/li>\n<li><a href=\"https:\/\/www.alphaliner.com\/\" target=\"_blank\" rel=\"noopener noreferrer\">Alphaliner<\/a> (die meisten Daten sind kostenpflichtig, aber die TOP 100<br \/>\n&amp; einige Monatsberichte sind frei verf\u00fcgbar)<\/li>\n<li><a href=\"https:\/\/www.ecsa.eu\/publications\" target=\"_blank\" rel=\"noopener noreferrer\">ECSA Library<\/a><\/li>\n<li><a href=\"https:\/\/lloydslist.maritimeintelligence.informa.com\/search#?regulars=Lloyd's%20List%20The%20Shipping%20Podcast\" target=\"_blank\" rel=\"noopener noreferrer\">The Shipping Podcast<\/a> (Lloyd&#8217;s List)<\/li>\n<li><a href=\"https:\/\/theloadstar.com\/\" target=\"_blank\" rel=\"noopener noreferrer\">the loadster<\/a> (Nachrichtenportal \u00fcber die Logistikbranche)<\/li>\n<li><a href=\"https:\/\/www.worldcargonews.com\/\" target=\"_blank\" rel=\"noopener noreferrer\">WorldCargoNews<\/a><\/li>\n<li><a href=\"https:\/\/icc-ccs.org\/index.php\/piracy-reporting-centre\" target=\"_blank\" rel=\"noopener noreferrer\">IMB Piracy Report Centre<\/a><\/li>\n<\/ul>\n<h2>Akteure der Bremer Hafenpolitik<\/h2>\n<ul>\n<li><a href=\"https:\/\/www.wissenschaft-haefen.bremen.de\/\" target=\"_blank\" rel=\"noopener noreferrer\">Senatorin f\u00fcr Wissenschaft &amp; H\u00e4fen<\/a><\/li>\n<li><a href=\"https:\/\/www.bremische-buergerschaft.de\/index.php?id=232\" target=\"_blank\" rel=\"noopener noreferrer\">B\u00fcrgerschaftsausschuss f\u00fcr Angelegenheiten der stadtbremischen H\u00e4fen<\/a><\/li>\n<li><a href=\"https:\/\/bremenports.de\/\" target=\"_blank\" rel=\"noopener noreferrer\">Hafenmanagementgesellschaft bremenports<\/a><\/li>\n<li><a href=\"https:\/\/www.hbh.bremen.de\/wir_ueber_uns-1464\" target=\"_blank\" rel=\"noopener noreferrer\">Hansestadt Bremisches Hafenamt (HBH)<\/a><\/li>\n<li><a href=\"https:\/\/www.ghbv.de\/\" target=\"_blank\" rel=\"noopener noreferrer\">Gesamthafenbetriebsverein im Lande Bremen (GHBV)<\/a><\/li>\n<li><a href=\"https:\/\/www.blg-logistics.com\/de\" target=\"_blank\" rel=\"noopener noreferrer\">BLG Logistics<\/a><\/li>\n<li><a href=\"https:\/\/www.handelskammer-bremen.de\/\" target=\"_blank\" rel=\"noopener noreferrer\">Handelslammer Bremen<\/a><\/li>\n<li><a href=\"https:\/\/www.ish-bremen.de\/\" target=\"_blank\" rel=\"noopener noreferrer\">Initiative stadtbremische H\u00e4fen (ISH)<\/a><\/li>\n<li><a href=\"http:\/\/www.ubh-online.de\/\" target=\"_blank\" rel=\"noopener noreferrer\">Unternehmensverband Bremische H\u00e4fen (UBH)<\/a><\/li>\n<li><a href=\"https:\/\/www.bhv-bremen.de\/\" target=\"_blank\" rel=\"noopener noreferrer\">Bremische Hafenvertretung (BHV)<\/a><\/li>\n<li><a href=\"https:\/\/vbsp.de\/\" target=\"_blank\" rel=\"noopener noreferrer\">Verein Bremer Spediteure<\/a><\/li>\n<li><a href=\"https:\/\/bremen.dgb.de\/\" target=\"_blank\" rel=\"noopener noreferrer\">DGB Bremen-Elbe-Weser<\/a><\/li>\n<li><a href=\"https:\/\/www.bund-bremen.net\/\" target=\"_blank\" rel=\"noopener noreferrer\">BUND Bremen<\/a><\/li>\n<li><a href=\"https:\/\/www.decolonizebremen.com\/\" target=\"_blank\" rel=\"noopener noreferrer\">Decolonize Bremen<\/a><\/li>\n<\/ul>\n<h2>\u00dcberregionale Verb\u00e4nde<\/h2>\n<ul>\n<li><a href=\"https:\/\/www.seaports.de\/\" target=\"_blank\" rel=\"noopener noreferrer\">Seaports of Niedersachsen<\/a><\/li>\n<li><a href=\"https:\/\/www.maritimes-cluster.de\/\" target=\"_blank\" rel=\"noopener noreferrer\">Maritimes Cluster Norddeutschland<\/a><\/li>\n<li><a href=\"https:\/\/www.ihk-nord.de\/\" target=\"_blank\" rel=\"noopener noreferrer\">Industrie- &amp; Handelskammer Nord<\/a><\/li>\n<li><a href=\"https:\/\/www.zds-seehaefen.de\/\" target=\"_blank\" rel=\"noopener noreferrer\">Zentralverband der deutschen Seehafenbetriebe (ZDS)<\/a><\/li>\n<li><a href=\"https:\/\/www.reederverband.de\/\" target=\"_blank\" rel=\"noopener noreferrer\">Verband Deutescher Reeder (VDR)<\/a><\/li>\n<li><a href=\"https:\/\/www.ecsa.eu\/\" target=\"_blank\" rel=\"noopener noreferrer\">European Community&#8217;s Shipowner Association (ECSA)<\/a><\/li>\n<li><a href=\"http:\/\/www.ics-shipping.org\/\" target=\"_blank\" rel=\"noopener noreferrer\">International Chamber of Shipping (ICS)<\/a><\/li>\n<li><a href=\"https:\/\/www.espo.be\/\" target=\"_blank\" rel=\"noopener noreferrer\">European Sea Ports Organization (ESPO)<\/a><\/li>\n<li><a href=\"https:\/\/www.feport.eu\/\" target=\"_blank\" rel=\"noopener noreferrer\">Federation of European Private Port Comapnies &amp; Terminals (Feport)<\/a><\/li>\n<li><a href=\"https:\/\/www.vsm.de\/\" target=\"_blank\" rel=\"noopener noreferrer\">Verband f\u00fcr Schiffbau &amp; Meerestechnik (VSM)<\/a><\/li>\n<li><a href=\"https:\/\/www.deutscher-fischerei-verband.de\/index.html\" target=\"_blank\" rel=\"noopener noreferrer\">Deutscher Fischerei Verband (DFV)<\/a><\/li>\n<li><a href=\"https:\/\/www.igmetall-kueste.de\/\" target=\"_blank\" rel=\"noopener noreferrer\">IG Metall K\u00fcste<\/a><\/li>\n<li><a href=\"https:\/\/www.etf-europe.org\/\" target=\"_blank\" rel=\"noopener noreferrer\">European Transport Worker&#8217;s Federation (ETF)<\/a><\/li>\n<li><a href=\"https:\/\/www.itfglobal.org\/en\" target=\"_blank\" rel=\"noopener noreferrer\">International Transport Worker&#8217;s Federation (ITF)<\/a><\/li>\n<li><a href=\"https:\/\/www.oav.de\/\" target=\"_blank\" rel=\"noopener noreferrer\">Ostasiatischer Verein (OAV)<\/a><\/li>\n<li><a href=\"https:\/\/www.asien-pazifik-ausschuss.de\/de\" target=\"_blank\" rel=\"noopener noreferrer\">Asien-Pazifik Ausschuss der deutschen Wirtschaft (APA)<\/a><\/li>\n<\/ul>\n<p><em>Zu Rechezwecken wurde die <span style=\"color: #ff0000\"><a style=\"color: #ff0000\" href=\"https:\/\/twitter.com\/i\/lists\/1247175088899792901\">Twitter Liste &#8222;Bremen, Ports &amp; Logistics&#8220;<\/a><\/span> angelegt.<\/em><\/p>\n","protected":false},"excerpt":{"rendered":"<p>In diesem Seminar gehen wir gemeinsam auf die Suche nach lokalen Spuren globaler Entwicklungsdynamiken und ergr\u00fcnden die komplexen Beziehungen zwischen H\u00e4fen, Politik, Stadtgesellschaft und Regionalwirtschaft in Bremen und Bremerhaven. Wir erarbeiten uns dabei die Seminarthemen schrittweise in 12 Lerneinheiten, zu &hellip; <a href=\"https:\/\/blogs.uni-bremen.de\/hafenblog\/links\/\">Weiterlesen <span class=\"meta-nav\">&rarr;<\/span><\/a><\/p>\n","protected":false},"author":11673,"featured_media":0,"parent":0,"menu_order":4,"comment_status":"closed","ping_status":"closed","template":"sidebar-page.php","meta":{"_bbp_topic_count":0,"_bbp_reply_count":0,"_bbp_total_topic_count":0,"_bbp_total_reply_count":0,"_bbp_voice_count":0,"_bbp_anonymous_reply_count":0,"_bbp_topic_count_hidden":0,"_bbp_reply_count_hidden":0,"_bbp_forum_subforum_count":0,"footnotes":""},"coauthors":[749682],"class_list":["post-78","page","type-page","status-publish","hentry"],"_links":{"self":[{"href":"https:\/\/blogs.uni-bremen.de\/hafenblog\/wp-json\/wp\/v2\/pages\/78","targetHints":{"allow":["GET"]}}],"collection":[{"href":"https:\/\/blogs.uni-bremen.de\/hafenblog\/wp-json\/wp\/v2\/pages"}],"about":[{"href":"https:\/\/blogs.uni-bremen.de\/hafenblog\/wp-json\/wp\/v2\/types\/page"}],"author":[{"embeddable":true,"href":"https:\/\/blogs.uni-bremen.de\/hafenblog\/wp-json\/wp\/v2\/users\/11673"}],"replies":[{"embeddable":true,"href":"https:\/\/blogs.uni-bremen.de\/hafenblog\/wp-json\/wp\/v2\/comments?post=78"}],"version-history":[{"count":10,"href":"https:\/\/blogs.uni-bremen.de\/hafenblog\/wp-json\/wp\/v2\/pages\/78\/revisions"}],"predecessor-version":[{"id":1951,"href":"https:\/\/blogs.uni-bremen.de\/hafenblog\/wp-json\/wp\/v2\/pages\/78\/revisions\/1951"}],"wp:attachment":[{"href":"https:\/\/blogs.uni-bremen.de\/hafenblog\/wp-json\/wp\/v2\/media?parent=78"}],"wp:term":[{"taxonomy":"author","embeddable":true,"href":"https:\/\/blogs.uni-bremen.de\/hafenblog\/wp-json\/wp\/v2\/coauthors?post=78"}],"curies":[{"name":"wp","href":"https:\/\/api.w.org\/{rel}","templated":true}]}}