{"id":49,"date":"2020-04-06T11:49:43","date_gmt":"2020-04-06T09:49:43","guid":{"rendered":"https:\/\/blogs.uni-bremen.de\/hafenblog\/?page_id=49"},"modified":"2020-07-08T12:35:25","modified_gmt":"2020-07-08T10:35:25","slug":"partnerinnen","status":"publish","type":"page","link":"https:\/\/blogs.uni-bremen.de\/hafenblog\/partnerinnen\/","title":{"rendered":"Partner*innen"},"content":{"rendered":"<p align=\"justify\">Das Seminar wurde bereits in der Vorbereitung von vielen Personen und Institutionen aus Bremen und um zu durch viele hilfreiche Hinweise unterst\u00fctzt. In vielen Lerneinheiten kommen zudem G\u00e4ste aus dem Feld zu Wort. Vielen Dank f\u00fcr Input &amp; Unterst\u00fctzung geht u.a. an:<\/p>\n<ul>\n<li><a href=\"https:\/\/www.hafenmuseum-speicherelf.de\/Startseite.html\" target=\"_blank\" rel=\"noopener noreferrer\">Hafenmuseum Bremen<\/a> im Spreicher XI (insb. Claudia Seidel &amp; Torsten Baltrusch)<\/li>\n<li><a href=\"https:\/\/www.kulturhauswalle.de\/home\" target=\"_blank\" rel=\"noopener noreferrer\">Kulturzentrum Walle &#8211; Brodelpott<\/a> (insb. Cecilie Eckler-von Gleich)<\/li>\n<li><a href=\"https:\/\/www.geschichtswerkstatt-groepelingen-bremen.de\/\" target=\"_blank\" rel=\"noopener noreferrer\">Geschichtswerkstatt Gr\u00f6pelingen<\/a> (insb. Karin Pfitzner-Brauer)<\/li>\n<li><a href=\"https:\/\/www.historisches-museum-bremerhaven.de\/\" target=\"_blank\" rel=\"noopener noreferrer\">Historisches Museum Bremerhaven<\/a> (insb. Kerstin Ras-D\u00fcrschner)<\/li>\n<li><a href=\"https:\/\/www.dsm.museum\/forschung\/schwerpunkte\/\" target=\"_blank\" rel=\"noopener noreferrer\">Deutsches Schifffahrtsmuseum<\/a> (insb. Christian Ebhardt)<\/li>\n<li><a href=\"http:\/\/www1.eurogate.de\/Terminals\/Bremerhaven\" target=\"_blank\" rel=\"noopener noreferrer\">EUROGATE Container Terminal Bremerhaven GmbH<\/a><\/li>\n<li><a href=\"https:\/\/www.blg-logistics.com\/de\" target=\"_blank\" rel=\"noopener noreferrer\">BLG Logistics Group<\/a><\/li>\n<li>Iven Kr\u00e4mer (Referatsleiter im Hafenressort des Bremer Senats)<\/li>\n<li>Uwe Kempf (Dozent in der Erwachsenbildung bei wisoak Bremen)<\/li>\n<li>Matthias G\u00fcldner (Politikkwissenschaftler am Zentrum f\u00fcr Arbeit und Politik<br \/>\nan der Uni Bremen)<\/li>\n<li>Sebastian Botzem (Polit\u00f6konom, assoziiertes Mitglied des Institut f\u00fcr Interkulturelle &amp; Internationale Studien der Uni Bremen)<\/li>\n<li>Michi Knecht (Professorin am Institut f\u00fcr Ethnologie und Kulturwissenschaften<br \/>\nder Uni Bremen)<\/li>\n<li>Eva Sch\u00f6ck-Quniteros (Professorin am Institut f\u00fcr Gesschichtswissenschaft<br \/>\nder Uni Bremen)<\/li>\n<li>G\u00fcnter Warsewa (\u00d6konom am Institut f\u00fcr Arbeit und Wirtschaft der Uni Bremen)<\/li>\n<li>Marcus Wolf (Polit\u00f6konom, assoziiertes Mitglied des Institut f\u00fcr Interkulturelle &amp; Internationale Studien der Uni Bremen)<\/li>\n<\/ul>\n","protected":false},"excerpt":{"rendered":"<p>Das Seminar wurde bereits in der Vorbereitung von vielen Personen und Institutionen aus Bremen und um zu durch viele hilfreiche Hinweise unterst\u00fctzt. In vielen Lerneinheiten kommen zudem G\u00e4ste aus dem Feld zu Wort. Vielen Dank f\u00fcr Input &amp; Unterst\u00fctzung geht &hellip; <a href=\"https:\/\/blogs.uni-bremen.de\/hafenblog\/partnerinnen\/\">Weiterlesen <span class=\"meta-nav\">&rarr;<\/span><\/a><\/p>\n","protected":false},"author":11673,"featured_media":0,"parent":0,"menu_order":3,"comment_status":"closed","ping_status":"closed","template":"sidebar-page.php","meta":{"_bbp_topic_count":0,"_bbp_reply_count":0,"_bbp_total_topic_count":0,"_bbp_total_reply_count":0,"_bbp_voice_count":0,"_bbp_anonymous_reply_count":0,"_bbp_topic_count_hidden":0,"_bbp_reply_count_hidden":0,"_bbp_forum_subforum_count":0,"footnotes":""},"coauthors":[749682],"class_list":["post-49","page","type-page","status-publish","hentry"],"_links":{"self":[{"href":"https:\/\/blogs.uni-bremen.de\/hafenblog\/wp-json\/wp\/v2\/pages\/49","targetHints":{"allow":["GET"]}}],"collection":[{"href":"https:\/\/blogs.uni-bremen.de\/hafenblog\/wp-json\/wp\/v2\/pages"}],"about":[{"href":"https:\/\/blogs.uni-bremen.de\/hafenblog\/wp-json\/wp\/v2\/types\/page"}],"author":[{"embeddable":true,"href":"https:\/\/blogs.uni-bremen.de\/hafenblog\/wp-json\/wp\/v2\/users\/11673"}],"replies":[{"embeddable":true,"href":"https:\/\/blogs.uni-bremen.de\/hafenblog\/wp-json\/wp\/v2\/comments?post=49"}],"version-history":[{"count":10,"href":"https:\/\/blogs.uni-bremen.de\/hafenblog\/wp-json\/wp\/v2\/pages\/49\/revisions"}],"predecessor-version":[{"id":1365,"href":"https:\/\/blogs.uni-bremen.de\/hafenblog\/wp-json\/wp\/v2\/pages\/49\/revisions\/1365"}],"wp:attachment":[{"href":"https:\/\/blogs.uni-bremen.de\/hafenblog\/wp-json\/wp\/v2\/media?parent=49"}],"wp:term":[{"taxonomy":"author","embeddable":true,"href":"https:\/\/blogs.uni-bremen.de\/hafenblog\/wp-json\/wp\/v2\/coauthors?post=49"}],"curies":[{"name":"wp","href":"https:\/\/api.w.org\/{rel}","templated":true}]}}