{"id":2,"date":"2020-04-02T15:32:38","date_gmt":"2020-04-02T13:32:38","guid":{"rendered":"https:\/\/blogs.uni-bremen.de\/hafenblog\/?page_id=2"},"modified":"2020-09-19T10:39:09","modified_gmt":"2020-09-19T08:39:09","slug":"seminar","status":"publish","type":"page","link":"https:\/\/blogs.uni-bremen.de\/hafenblog\/seminar\/","title":{"rendered":"Seminar"},"content":{"rendered":"<p align=\"justify\">Das Seminar &#8222;Schl\u00fcssel zur Welt: Die Bremischen H\u00e4fen in der Globalen Politischen \u00d6konomie&#8220;, das im Sommersemester 2020 an der Universit\u00e4t Bremen stattfindet, nimmt die Metapher des Stadtwappens auf und begreift die Bremischen H\u00e4fen in mehrfach hinsicht als Schl\u00fcssel zur Welt. Einseits verbinden sie Stadtgesellschaft und Regionalwirtschaft \u00fcber Warenstr\u00f6me, Migration und Auswirkungen globaler Entwicklungsdynamiken mit der Welt. Andererseits erschlie\u00dfen sich \u00fcber das Studium von Hafenwirtschaft und Hafenpolitik verschiedene Welten, etwa die Welt des globalen Kapitalismus, die Welt des Kolonialismus und und die Welt der Politik im Mehrebenensystem. Das Forschungsseminar ist in der Politikwissenschaft verankert, erm\u00f6glicht aber vor allem einen interdisziplin\u00e4ren Dialog verschiedener Sozialwissenschaften und kann im General Studies Bereich von BA und MA Studierenden belegt werden. <a href=\"https:\/\/up2date.uni-bremen.de\/lehre-studium\/das-digitale-hafenseminar\" target=\"_blank\" rel=\"noopener noreferrer\">Im Juli berichtete up2date, das online Magazin der Uni Bremen, \u00fcber das Hafenseminar<\/a>. Eine <a href=\"https:\/\/blogs.uni-bremen.de\/hafenblog\/2020\/07\/02\/uebersichtskarte\/\">\u00dcbersichtkarte zum Hafenseminar<\/a> zeigt die Orte, \u00fcber die wir sprechen. Das Seminarkonzept wird auf dem folgenden Poster zusammengefasst. <img loading=\"lazy\" decoding=\"async\" class=\"alignnone wp-image-260 size-full\" src=\"https:\/\/blogs.uni-bremen.de\/hafenblog\/files\/Poster_Hafen.png\" alt=\"\" width=\"1500\" height=\"2166\" srcset=\"https:\/\/blogs.uni-bremen.de\/hafenblog\/files\/Poster_Hafen.png 1500w, https:\/\/blogs.uni-bremen.de\/hafenblog\/files\/Poster_Hafen-208x300.png 208w, https:\/\/blogs.uni-bremen.de\/hafenblog\/files\/Poster_Hafen-709x1024.png 709w, https:\/\/blogs.uni-bremen.de\/hafenblog\/files\/Poster_Hafen-768x1109.png 768w, https:\/\/blogs.uni-bremen.de\/hafenblog\/files\/Poster_Hafen-1064x1536.png 1064w, https:\/\/blogs.uni-bremen.de\/hafenblog\/files\/Poster_Hafen-1418x2048.png 1418w\" sizes=\"auto, (max-width: 1500px) 100vw, 1500px\" \/><\/p>\n<p align=\"justify\">Aufgrund des Notbetriebs der Universit\u00e4t angesichts der Ausbreitung von COVID-19 findet die Lehrveranstaltung als digitales Seminar statt, was unsere M\u00f6glichkeit, gemeinsam ins Feld gehen leider stark einschr\u00e4nkt. Dennoch werden G\u00e4ste und Kooperationspartner*innen in das Seminar einbezogen, u.a. auf diesem <a href=\"https:\/\/blogs.uni-bremen.de\/hafenblog\/hafenblog\/\">Hafenblog<\/a>.<\/p>\n<p align=\"justify\">Die <a href=\"https:\/\/blogs.uni-bremen.de\/hafenblog\/themen\/\">Seminarthemen<\/a> verteilen sich auf folgende <strong>Lerneinheiten<\/strong>:<\/p>\n<ol>\n<li><a href=\"https:\/\/blogs.uni-bremen.de\/hafenblog\/2020\/04\/15\/lernvideo-1a-online\/\">Seminareinstieg<\/a> (17. KW)<\/li>\n<li><a href=\"https:\/\/blogs.uni-bremen.de\/hafenblog\/2020\/04\/26\/lerneinheit-2-hafengeschichten\/\">Geschichte der Bremischen H\u00e4fen<\/a> (18. KW)<\/li>\n<li><a href=\"https:\/\/blogs.uni-bremen.de\/hafenblog\/2020\/05\/05\/lerneinheit-3-der-container-revolution\/\">Der Container &amp; die Revolution der Hafenwirtschaft<\/a> (19. KW)<\/li>\n<li><a href=\"https:\/\/blogs.uni-bremen.de\/hafenblog\/2020\/05\/11\/lerneinheit-4-handel-schifffahrt\/\">Die Politische \u00d6konomie des Welthandels &amp; der Schifffahrt<\/a> (20. KW)<\/li>\n<li><a href=\"https:\/\/blogs.uni-bremen.de\/hafenblog\/2020\/05\/19\/lerneinheit-5-hafengovernance\/\">Hafengovernance &amp; Hafenwettbewerb<\/a> (21. KW)<\/li>\n<li><a href=\"https:\/\/blogs.uni-bremen.de\/hafenblog\/2020\/05\/26\/lerneinheit-6-hafen-regionalwirtschaft\/\">Hafen, Schiffbau &amp; Regionalwirtschaft<\/a> (22. KW)<\/li>\n<li><a href=\"https:\/\/blogs.uni-bremen.de\/hafenblog\/2020\/06\/02\/lerneinheit-7-hafen-stadtteilentwicklung\/\">Hafen &amp; Stadtentwicklung<\/a> (23. KW)<\/li>\n<li><a href=\"https:\/\/blogs.uni-bremen.de\/hafenblog\/2020\/06\/10\/lerneinheit-8-hafenpolitik\/\">Hafenpolitilk &amp; Hafenkooperation<\/a> (24. KW)<\/li>\n<li><a href=\"https:\/\/blogs.uni-bremen.de\/hafenblog\/2020\/06\/17\/lerneinheit-9-hafenarbeit\/\">Hafenarbeit &amp; Arbeitsbeziehungen im Hafen<\/a> (25. KW)<\/li>\n<li><a href=\"https:\/\/blogs.uni-bremen.de\/hafenblog\/2020\/06\/24\/lerneinheit-10-bremerhaven-gestern-heute-morgen\/\">Bremerhaven: Containerumschlag, Fischerei &amp; Stadtentwicklung<\/a> (26. KW)<\/li>\n<li><a href=\"https:\/\/blogs.uni-bremen.de\/hafenblog\/2020\/07\/01\/lerneinheit-11-kolonialismus-postkoloniale-perspektiven\/\">Kolonialismus &amp; postkoloniale Perspektiven<\/a> (27.KW)<\/li>\n<li><a href=\"https:\/\/blogs.uni-bremen.de\/hafenblog\/2020\/07\/08\/lerneinheit-12-hafenseminar-so-what\/\">Seminarabschluss<\/a> (28. KW)<\/li>\n<\/ol>\n<p align=\"justify\"><span style=\"color: #ff0000\"><strong>In den Kommentaren stellen sich die Seminarteilnehmer*innen kurz vor.<\/strong><\/span><\/p>\n","protected":false},"excerpt":{"rendered":"<p>Das Seminar &#8222;Schl\u00fcssel zur Welt: Die Bremischen H\u00e4fen in der Globalen Politischen \u00d6konomie&#8220;, das im Sommersemester 2020 an der Universit\u00e4t Bremen stattfindet, nimmt die Metapher des Stadtwappens auf und begreift die Bremischen H\u00e4fen in mehrfach hinsicht als Schl\u00fcssel zur Welt. &hellip; <a href=\"https:\/\/blogs.uni-bremen.de\/hafenblog\/seminar\/\">Weiterlesen <span class=\"meta-nav\">&rarr;<\/span><\/a><\/p>\n","protected":false},"author":11673,"featured_media":0,"parent":0,"menu_order":1,"comment_status":"open","ping_status":"closed","template":"sidebar-page.php","meta":{"_bbp_topic_count":0,"_bbp_reply_count":0,"_bbp_total_topic_count":0,"_bbp_total_reply_count":0,"_bbp_voice_count":0,"_bbp_anonymous_reply_count":0,"_bbp_topic_count_hidden":0,"_bbp_reply_count_hidden":0,"_bbp_forum_subforum_count":0,"footnotes":""},"coauthors":[749682],"class_list":["post-2","page","type-page","status-publish","hentry"],"_links":{"self":[{"href":"https:\/\/blogs.uni-bremen.de\/hafenblog\/wp-json\/wp\/v2\/pages\/2","targetHints":{"allow":["GET"]}}],"collection":[{"href":"https:\/\/blogs.uni-bremen.de\/hafenblog\/wp-json\/wp\/v2\/pages"}],"about":[{"href":"https:\/\/blogs.uni-bremen.de\/hafenblog\/wp-json\/wp\/v2\/types\/page"}],"author":[{"embeddable":true,"href":"https:\/\/blogs.uni-bremen.de\/hafenblog\/wp-json\/wp\/v2\/users\/11673"}],"replies":[{"embeddable":true,"href":"https:\/\/blogs.uni-bremen.de\/hafenblog\/wp-json\/wp\/v2\/comments?post=2"}],"version-history":[{"count":11,"href":"https:\/\/blogs.uni-bremen.de\/hafenblog\/wp-json\/wp\/v2\/pages\/2\/revisions"}],"predecessor-version":[{"id":1983,"href":"https:\/\/blogs.uni-bremen.de\/hafenblog\/wp-json\/wp\/v2\/pages\/2\/revisions\/1983"}],"wp:attachment":[{"href":"https:\/\/blogs.uni-bremen.de\/hafenblog\/wp-json\/wp\/v2\/media?parent=2"}],"wp:term":[{"taxonomy":"author","embeddable":true,"href":"https:\/\/blogs.uni-bremen.de\/hafenblog\/wp-json\/wp\/v2\/coauthors?post=2"}],"curies":[{"name":"wp","href":"https:\/\/api.w.org\/{rel}","templated":true}]}}