{"id":50,"date":"2022-11-15T12:08:02","date_gmt":"2022-11-15T11:08:02","guid":{"rendered":"https:\/\/blogs.uni-bremen.de\/geschichtendeslebens\/?page_id=50"},"modified":"2023-01-10T10:32:54","modified_gmt":"2023-01-10T09:32:54","slug":"willkommen","status":"publish","type":"page","link":"https:\/\/blogs.uni-bremen.de\/geschichtendeslebens\/","title":{"rendered":"Hallo Du!"},"content":{"rendered":"\n<blockquote class=\"wp-block-quote is-layout-flow wp-block-quote-is-layout-flow\">\n<p class=\"has-small-font-size\" id=\"block-725f2d0d-fe64-46bb-996c-d9524959abae\">&#8222;B\u00fccher lesen hei\u00dft wandern gehen in ferne Welten, aus den Stuben, \u00fcber die Sterne.&#8220;<\/p>\n<cite>Jean Paul<\/cite><\/blockquote>\n\n\n\n<p class=\"has-dark-gray-color has-text-color\">Hey, du Buchliebhaber oder Buchliebhaberin da drau\u00dfen! :)<\/p>\n\n\n\n<p class=\"has-dark-gray-color has-text-color\">Ich bin Franzi, lese unglaublich gerne \u2013 egal welches Genre \u2013 und bin irgendwie zur Zeit bei den Biografien h\u00e4ngengeblieben. <\/p>\n\n\n\n<p class=\"has-black-color has-text-color\">Warum? In unserer Welt gibt es so viele bekannte sowie auch unbekannte Personen, die alle eine interessante Geschichte zu erz\u00e4hlen haben. <\/p>\n\n\n\n<p class=\"has-black-color has-text-color\">Einige davon wirst Du vielleicht kennenlernen, denn in meinem Blog findest Du eine Auswahl an Biografien, die Du meiner Meinung nach unbedingt mal gelesen haben solltest. <\/p>\n\n\n\n<p class=\"has-black-color has-text-color\">Mein Blog soll Dir ein wenig helfen, dich f\u00fcr eine interessante und lesenswerte Biografie zu entscheiden, die das Kennenlernen von einer tollen Person erm\u00f6glicht. <\/p>\n\n\n\n<p class=\"has-black-color has-text-color\">Schwelge mit ihnen in <strong>Momenten<\/strong>, <strong>Erinnerungen<\/strong>, <strong>Emotionen <\/strong>sowie <strong>Gedanken <\/strong>und tauche ab in eine andere Welt!<\/p>\n\n\n\n<p>Viel Spa\u00df beim <strong>St\u00f6bern <\/strong>&amp; <strong>Lesen<\/strong>!<\/p>\n\n\n\n<div class=\"wp-block-columns alignwide has-small-font-size is-layout-flex wp-container-core-columns-is-layout-9d6595d7 wp-block-columns-is-layout-flex\">\n<div class=\"wp-block-column is-layout-flow wp-block-column-is-layout-flow\">\n<figure class=\"wp-block-image size-large\"><img loading=\"lazy\" decoding=\"async\" width=\"768\" height=\"1024\" src=\"https:\/\/blogs.uni-bremen.de\/geschichtendeslebens\/files\/IMG_20220822_180233-768x1024.jpg\" alt=\"viele Regale voller B\u00fccher\" class=\"wp-image-178\" srcset=\"https:\/\/blogs.uni-bremen.de\/geschichtendeslebens\/files\/IMG_20220822_180233-768x1024.jpg 768w, https:\/\/blogs.uni-bremen.de\/geschichtendeslebens\/files\/IMG_20220822_180233-225x300.jpg 225w, https:\/\/blogs.uni-bremen.de\/geschichtendeslebens\/files\/IMG_20220822_180233-1152x1536.jpg 1152w, https:\/\/blogs.uni-bremen.de\/geschichtendeslebens\/files\/IMG_20220822_180233-1536x2048.jpg 1536w, https:\/\/blogs.uni-bremen.de\/geschichtendeslebens\/files\/IMG_20220822_180233-676x901.jpg 676w, https:\/\/blogs.uni-bremen.de\/geschichtendeslebens\/files\/IMG_20220822_180233-scaled.jpg 1920w\" sizes=\"auto, (max-width: 768px) 100vw, 768px\" \/><\/figure>\n<\/div>\n\n\n\n<div class=\"wp-block-column is-layout-flow wp-block-column-is-layout-flow\">\n<figure class=\"wp-block-image size-large\"><img loading=\"lazy\" decoding=\"async\" width=\"768\" height=\"1024\" src=\"https:\/\/blogs.uni-bremen.de\/geschichtendeslebens\/files\/IMG_20220822_180117-768x1024.jpg\" alt=\"Viele Regale voller B\u00fccher\" class=\"wp-image-274\" srcset=\"https:\/\/blogs.uni-bremen.de\/geschichtendeslebens\/files\/IMG_20220822_180117-768x1024.jpg 768w, https:\/\/blogs.uni-bremen.de\/geschichtendeslebens\/files\/IMG_20220822_180117-225x300.jpg 225w, https:\/\/blogs.uni-bremen.de\/geschichtendeslebens\/files\/IMG_20220822_180117-1152x1536.jpg 1152w, https:\/\/blogs.uni-bremen.de\/geschichtendeslebens\/files\/IMG_20220822_180117-1536x2048.jpg 1536w, https:\/\/blogs.uni-bremen.de\/geschichtendeslebens\/files\/IMG_20220822_180117-676x901.jpg 676w, https:\/\/blogs.uni-bremen.de\/geschichtendeslebens\/files\/IMG_20220822_180117-scaled.jpg 1920w\" sizes=\"auto, (max-width: 768px) 100vw, 768px\" \/><\/figure>\n<\/div>\n<\/div>\n\n\n\n<p>Du hast ebenfalls eine besondere Lebensgeschichte gelesen und m\u00f6chtest die gerne teilen? Du hast sonstige Anregungen, W\u00fcnsche oder Feedback?<\/p>\n\n\n\n<p>Dann melde dich einfach bei mir, indem Du einen Kommentar hinterl\u00e4sst oder mir eine Mail schreibst!<\/p>\n\n\n\n<div class=\"wp-block-buttons is-content-justification-center is-layout-flex wp-container-core-buttons-is-layout-16018d1d wp-block-buttons-is-layout-flex\">\n<div class=\"wp-block-button has-custom-font-size is-style-fill has-regular-font-size\"><a class=\"wp-block-button__link wp-element-button\" href=\"&#x6d;&#x61;&#105;&#108;t&#x6f;&#x3a;&#x66;&#98;ue&#x63;&#x6b;&#101;&#114;&#64;&#x75;&#x6e;&#x69;&#45;br&#x65;&#x6d;&#101;&#110;&#46;&#x64;&#x65;\" style=\"border-radius:29px\" target=\"_blank\" rel=\"noreferrer noopener\">Schreib mir!<\/a><\/div>\n<\/div>\n","protected":false},"excerpt":{"rendered":"<p>&#8222;B\u00fccher lesen hei\u00dft wandern gehen in ferne Welten, aus den Stuben, \u00fcber die Sterne.&#8220; Jean Paul Hey, du Buchliebhaber oder Buchliebhaberin da drau\u00dfen! :) Ich bin Franzi, lese unglaublich gerne \u2013 egal welches Genre \u2013 und bin irgendwie zur Zeit bei den Biografien h\u00e4ngengeblieben. Warum? In unserer Welt gibt es so viele bekannte sowie auch [&hellip;]<\/p>\n","protected":false},"author":14325,"featured_media":0,"parent":0,"menu_order":1,"comment_status":"closed","ping_status":"closed","template":"","meta":{"_bbp_topic_count":0,"_bbp_reply_count":0,"_bbp_total_topic_count":0,"_bbp_total_reply_count":0,"_bbp_voice_count":0,"_bbp_anonymous_reply_count":0,"_bbp_topic_count_hidden":0,"_bbp_reply_count_hidden":0,"_bbp_forum_subforum_count":0,"footnotes":""},"class_list":["post-50","page","type-page","status-publish","hentry","post-preview"],"_links":{"self":[{"href":"https:\/\/blogs.uni-bremen.de\/geschichtendeslebens\/wp-json\/wp\/v2\/pages\/50","targetHints":{"allow":["GET"]}}],"collection":[{"href":"https:\/\/blogs.uni-bremen.de\/geschichtendeslebens\/wp-json\/wp\/v2\/pages"}],"about":[{"href":"https:\/\/blogs.uni-bremen.de\/geschichtendeslebens\/wp-json\/wp\/v2\/types\/page"}],"author":[{"embeddable":true,"href":"https:\/\/blogs.uni-bremen.de\/geschichtendeslebens\/wp-json\/wp\/v2\/users\/14325"}],"replies":[{"embeddable":true,"href":"https:\/\/blogs.uni-bremen.de\/geschichtendeslebens\/wp-json\/wp\/v2\/comments?post=50"}],"version-history":[{"count":10,"href":"https:\/\/blogs.uni-bremen.de\/geschichtendeslebens\/wp-json\/wp\/v2\/pages\/50\/revisions"}],"predecessor-version":[{"id":356,"href":"https:\/\/blogs.uni-bremen.de\/geschichtendeslebens\/wp-json\/wp\/v2\/pages\/50\/revisions\/356"}],"wp:attachment":[{"href":"https:\/\/blogs.uni-bremen.de\/geschichtendeslebens\/wp-json\/wp\/v2\/media?parent=50"}],"curies":[{"name":"wp","href":"https:\/\/api.w.org\/{rel}","templated":true}]}}