{"id":65,"date":"2021-12-16T13:12:35","date_gmt":"2021-12-16T12:12:35","guid":{"rendered":"https:\/\/blogs.uni-bremen.de\/freiheit0950\/?page_id=65"},"modified":"2021-12-16T13:13:55","modified_gmt":"2021-12-16T12:13:55","slug":"startseite","status":"publish","type":"page","link":"https:\/\/blogs.uni-bremen.de\/freiheit0950\/startseite\/","title":{"rendered":"Startseite"},"content":{"rendered":"<p><span style=\"font-weight: 400\">Amazon-Bestellungen, Fast-Food-Eskapaden und <span class='hurraki_tooltip' data-title='SUV' style='border-bottom:2px dotted #888;'>SUV<\/span>-Fahrten, die <span class='hurraki_tooltip' data-title='Industrie' style='border-bottom:2px dotted #888;'>Industrie<\/span>, Wohnen und der Tourismus. Das <span class='hurraki_tooltip' data-title='Klima' style='border-bottom:2px dotted #888;'>Klima<\/span> wird von vielen Komponenten belastet. Doch was ist, wenn die <span class='hurraki_tooltip' data-title='Politik' style='border-bottom:2px dotted #888;'>Politik<\/span> mit Verboten mehr Druck <span class='hurraki_tooltip' data-title='macht' style='border-bottom:2px dotted #888;'>macht<\/span>, um ihr Klimaziel zu erreichen? Inwieweit wird die Freiheit der Menschen eingeschr\u00e4nkt und in wie weit sind wir Menschen bereit unsere Freiheit selbst einzuschr\u00e4nken? Steht Klimaschutz kontr\u00e4r zum Freiheitsbegriff?<\/span><\/p>\n<p><span style=\"font-weight: 400\">Mit diesem <span class='hurraki_tooltip' data-title='Blog' style='border-bottom:2px dotted #888;'>Blog<\/span> m\u00f6chten wir versuchen, unterschiedliche Sichtweisen zu beleuchten und den Begriff Freiheit im Sinne von Klima- und <span class='hurraki_tooltip' data-title='Umweltschutz' style='border-bottom:2px dotted #888;'>Umweltschutz<\/span> zu definieren.<\/span><\/p>\n","protected":false},"excerpt":{"rendered":"<p>Amazon-Bestellungen, Fast-Food-Eskapaden und SUV-Fahrten, die Industrie, Wohnen und der Tourismus. Das Klima wird von vielen Komponenten belastet. Doch was ist, wenn die Politik mit Verboten mehr Druck macht, um ihr Klimaziel zu erreichen? Inwieweit wird die Freiheit der Menschen eingeschr\u00e4nkt und in wie weit sind wir Menschen bereit unsere Freiheit selbst einzuschr\u00e4nken? Steht Klimaschutz kontr\u00e4r [&hellip;]<\/p>\n","protected":false},"author":11401,"featured_media":0,"parent":0,"menu_order":0,"comment_status":"closed","ping_status":"closed","template":"","meta":{"_bbp_topic_count":0,"_bbp_reply_count":0,"_bbp_total_topic_count":0,"_bbp_total_reply_count":0,"_bbp_voice_count":0,"_bbp_anonymous_reply_count":0,"_bbp_topic_count_hidden":0,"_bbp_reply_count_hidden":0,"_bbp_forum_subforum_count":0,"_et_pb_use_builder":"","_et_pb_old_content":"","_et_gb_content_width":"","footnotes":""},"coauthors":[],"class_list":["post-65","page","type-page","status-publish","hentry"],"_links":{"self":[{"href":"https:\/\/blogs.uni-bremen.de\/freiheit0950\/wp-json\/wp\/v2\/pages\/65","targetHints":{"allow":["GET"]}}],"collection":[{"href":"https:\/\/blogs.uni-bremen.de\/freiheit0950\/wp-json\/wp\/v2\/pages"}],"about":[{"href":"https:\/\/blogs.uni-bremen.de\/freiheit0950\/wp-json\/wp\/v2\/types\/page"}],"author":[{"embeddable":true,"href":"https:\/\/blogs.uni-bremen.de\/freiheit0950\/wp-json\/wp\/v2\/users\/11401"}],"replies":[{"embeddable":true,"href":"https:\/\/blogs.uni-bremen.de\/freiheit0950\/wp-json\/wp\/v2\/comments?post=65"}],"version-history":[{"count":3,"href":"https:\/\/blogs.uni-bremen.de\/freiheit0950\/wp-json\/wp\/v2\/pages\/65\/revisions"}],"predecessor-version":[{"id":68,"href":"https:\/\/blogs.uni-bremen.de\/freiheit0950\/wp-json\/wp\/v2\/pages\/65\/revisions\/68"}],"wp:attachment":[{"href":"https:\/\/blogs.uni-bremen.de\/freiheit0950\/wp-json\/wp\/v2\/media?parent=65"}],"wp:term":[{"taxonomy":"author","embeddable":true,"href":"https:\/\/blogs.uni-bremen.de\/freiheit0950\/wp-json\/wp\/v2\/coauthors?post=65"}],"curies":[{"name":"wp","href":"https:\/\/api.w.org\/{rel}","templated":true}]}}