{"id":28,"date":"2021-12-16T12:48:18","date_gmt":"2021-12-16T11:48:18","guid":{"rendered":"https:\/\/blogs.uni-bremen.de\/freiheit0950\/?page_id=28"},"modified":"2021-12-22T15:59:55","modified_gmt":"2021-12-22T14:59:55","slug":"wohnen","status":"publish","type":"page","link":"https:\/\/blogs.uni-bremen.de\/freiheit0950\/wohnen\/","title":{"rendered":"Wohnen"},"content":{"rendered":"<p>Unsere Art zu wohnen belastet die Umwelt mit am st\u00e4rksten. Zun\u00e4chst ben\u00f6tigen wir gen\u00fcgend Fl\u00e4chen, dazu kommen ein enormer Wasser- sowie Energieverbrauch. Und auch unser t\u00e4glicher Schadstoffaussto\u00df sowie der private <span class='hurraki_tooltip' data-title='Abfall' style='border-bottom:2px dotted #888;'>Abfall<\/span> schaden dem <span class='hurraki_tooltip' data-title='Klima' style='border-bottom:2px dotted #888;'>Klima<\/span>. Doch auch die Privathaushalte haben M\u00f6glichkeiten, derartige Belastungen durch bewusste Konsumentscheidungen zu reduzieren.<\/p>\n<p>Inwieweit wird die Freiheit der Menschen zum Wohle des Klimaschutzes eingeschr\u00e4nkt und wie weit gehen Menschen, um ihren CO2-Fu\u00dfabdruck zu verringern?<\/p>\n<p>&nbsp;<\/p>\n","protected":false},"excerpt":{"rendered":"<p>Unsere Art zu wohnen belastet die Umwelt mit am st\u00e4rksten. Zun\u00e4chst ben\u00f6tigen wir gen\u00fcgend Fl\u00e4chen, dazu kommen ein enormer Wasser- sowie Energieverbrauch. Und auch unser t\u00e4glicher Schadstoffaussto\u00df sowie der private Abfall schaden dem Klima. Doch auch die Privathaushalte haben M\u00f6glichkeiten, derartige Belastungen durch bewusste Konsumentscheidungen zu reduzieren. Inwieweit wird die Freiheit der Menschen zum Wohle [&hellip;]<\/p>\n","protected":false},"author":11401,"featured_media":0,"parent":0,"menu_order":0,"comment_status":"closed","ping_status":"closed","template":"","meta":{"_bbp_topic_count":0,"_bbp_reply_count":0,"_bbp_total_topic_count":0,"_bbp_total_reply_count":0,"_bbp_voice_count":0,"_bbp_anonymous_reply_count":0,"_bbp_topic_count_hidden":0,"_bbp_reply_count_hidden":0,"_bbp_forum_subforum_count":0,"_et_pb_use_builder":"","_et_pb_old_content":"","_et_gb_content_width":"","footnotes":""},"coauthors":[],"class_list":["post-28","page","type-page","status-publish","hentry"],"_links":{"self":[{"href":"https:\/\/blogs.uni-bremen.de\/freiheit0950\/wp-json\/wp\/v2\/pages\/28","targetHints":{"allow":["GET"]}}],"collection":[{"href":"https:\/\/blogs.uni-bremen.de\/freiheit0950\/wp-json\/wp\/v2\/pages"}],"about":[{"href":"https:\/\/blogs.uni-bremen.de\/freiheit0950\/wp-json\/wp\/v2\/types\/page"}],"author":[{"embeddable":true,"href":"https:\/\/blogs.uni-bremen.de\/freiheit0950\/wp-json\/wp\/v2\/users\/11401"}],"replies":[{"embeddable":true,"href":"https:\/\/blogs.uni-bremen.de\/freiheit0950\/wp-json\/wp\/v2\/comments?post=28"}],"version-history":[{"count":3,"href":"https:\/\/blogs.uni-bremen.de\/freiheit0950\/wp-json\/wp\/v2\/pages\/28\/revisions"}],"predecessor-version":[{"id":108,"href":"https:\/\/blogs.uni-bremen.de\/freiheit0950\/wp-json\/wp\/v2\/pages\/28\/revisions\/108"}],"wp:attachment":[{"href":"https:\/\/blogs.uni-bremen.de\/freiheit0950\/wp-json\/wp\/v2\/media?parent=28"}],"wp:term":[{"taxonomy":"author","embeddable":true,"href":"https:\/\/blogs.uni-bremen.de\/freiheit0950\/wp-json\/wp\/v2\/coauthors?post=28"}],"curies":[{"name":"wp","href":"https:\/\/api.w.org\/{rel}","templated":true}]}}