{"id":109,"date":"2022-01-13T19:05:51","date_gmt":"2022-01-13T18:05:51","guid":{"rendered":"https:\/\/blogs.uni-bremen.de\/freiheit0950\/titelseite\/"},"modified":"2022-01-13T19:05:51","modified_gmt":"2022-01-13T18:05:51","slug":"titelseite","status":"publish","type":"page","link":"https:\/\/blogs.uni-bremen.de\/freiheit0950\/","title":{"rendered":"Titelseite"},"content":{"rendered":"<p>Willkommen in Ihrem neuen CommentPress Website, die Ihre Leser erm\u00f6glicht Absatz-by-Absatz zu kommentieren oder Zeile-f\u00fcr-Zeile am Rande eines Textes. Anmerken, Glanz, Werkstatt, <span class='hurraki_tooltip' data-title='Debatte' style='border-bottom:2px dotted #888;'>Debatte<\/span>: mit CommentPress k\u00f6nnen Sie all diese Dinge auf eine feinere Ebene tun, um ein <span class='hurraki_tooltip' data-title='Dokument' style='border-bottom:2px dotted #888;'>Dokument<\/span> in ein Gespr\u00e4ch einschalten.<\/p>\n<p>Dies ist Ihre Titelseite. Bearbeiten Sie es an Ihre Bed\u00fcrfnisse anpassen. Es wurde als Ihre Homepage automatisch eingestellt, aber wenn Sie eine andere Seite als Startseite wollen, setzen Sie ihn in <em>WordPress<\/em> &#8594; <em>Einstellungen<\/em> &#8594; <em><span class='hurraki_tooltip' data-title='Lesen' style='border-bottom:2px dotted #888;'>Lesen<\/span><\/em>.<\/p>\n<p>Sie k\u00f6nnen auch eine Reihe von Optionen in <em>WordPress<\/em> &#8594; festgelegt; <em>Einstellungen<\/em> &#8594; <em>CommentPress<\/em> auf der Seite machen die Art und Weise arbeiten Sie es wollen. Verwenden Sie das Theme Customizer, um die Art und Weise \u00e4ndern, um Ihre Website sieht in <em>WordPress<\/em> &#8594; <em>Aussehen<\/em> &#8594; <em>Anpassen<\/em>. F\u00fcr Hilfe bei der Strukturierung, Formatierung und das Lesen von Text in CommentPress, finden Sie in der <a href=\"http:\/\/www.futureofthebook.org\/commentpress\/\">CommentPress Website<\/a>.<\/p>\n","protected":false},"excerpt":{"rendered":"<p>Willkommen in Ihrem neuen CommentPress Website, die Ihre Leser erm\u00f6glicht Absatz-by-Absatz zu kommentieren oder Zeile-f\u00fcr-Zeile am Rande eines Textes. Anmerken, Glanz, Werkstatt, Debatte: mit CommentPress k\u00f6nnen Sie all diese Dinge auf eine feinere Ebene tun, um ein Dokument in ein Gespr\u00e4ch einschalten. Dies ist Ihre Titelseite. Bearbeiten Sie es an Ihre Bed\u00fcrfnisse anpassen. Es wurde [&hellip;]<\/p>\n","protected":false},"author":12235,"featured_media":0,"parent":0,"menu_order":0,"comment_status":"open","ping_status":"closed","template":"welcome.php","meta":{"_bbp_topic_count":0,"_bbp_reply_count":0,"_bbp_total_topic_count":0,"_bbp_total_reply_count":0,"_bbp_voice_count":0,"_bbp_anonymous_reply_count":0,"_bbp_topic_count_hidden":0,"_bbp_reply_count_hidden":0,"_bbp_forum_subforum_count":0,"_et_pb_use_builder":"","_et_pb_old_content":"","_et_gb_content_width":"","footnotes":""},"coauthors":[],"class_list":["post-109","page","type-page","status-publish","hentry"],"_links":{"self":[{"href":"https:\/\/blogs.uni-bremen.de\/freiheit0950\/wp-json\/wp\/v2\/pages\/109","targetHints":{"allow":["GET"]}}],"collection":[{"href":"https:\/\/blogs.uni-bremen.de\/freiheit0950\/wp-json\/wp\/v2\/pages"}],"about":[{"href":"https:\/\/blogs.uni-bremen.de\/freiheit0950\/wp-json\/wp\/v2\/types\/page"}],"author":[{"embeddable":true,"href":"https:\/\/blogs.uni-bremen.de\/freiheit0950\/wp-json\/wp\/v2\/users\/12235"}],"replies":[{"embeddable":true,"href":"https:\/\/blogs.uni-bremen.de\/freiheit0950\/wp-json\/wp\/v2\/comments?post=109"}],"version-history":[{"count":0,"href":"https:\/\/blogs.uni-bremen.de\/freiheit0950\/wp-json\/wp\/v2\/pages\/109\/revisions"}],"wp:attachment":[{"href":"https:\/\/blogs.uni-bremen.de\/freiheit0950\/wp-json\/wp\/v2\/media?parent=109"}],"wp:term":[{"taxonomy":"author","embeddable":true,"href":"https:\/\/blogs.uni-bremen.de\/freiheit0950\/wp-json\/wp\/v2\/coauthors?post=109"}],"curies":[{"name":"wp","href":"https:\/\/api.w.org\/{rel}","templated":true}]}}